{"id":243281,"date":"2026-01-28T17:29:22","date_gmt":"2026-01-28T16:29:22","guid":{"rendered":"https:\/\/royalwell.demannenachterdeschermen.nl\/product\/porte-pots-noirs-ral9005-lot-de-4-pieces\/"},"modified":"2026-01-28T17:29:22","modified_gmt":"2026-01-28T16:29:22","slug":"porte-pots-noirs-ral9005-lot-de-4-pieces","status":"publish","type":"product","link":"https:\/\/royalwell.demannenachterdeschermen.nl\/fr\/produit\/porte-pots-noirs-ral9005-lot-de-4-pieces\/","title":{"rendered":"Porte-pots noirs (RAL9005) &#8211; lot de 4 pi\u00e8ces"},"content":{"rendered":"<p>Gr\u00e2ce aux porte-pots universels Royal Well noirs, vous pouvez facilement suspendre vos plantes dans votre serre, votre auvent ou votre abri de jardin.<\/p>\n<p>Le kit comprend quatre porte-pots adapt\u00e9s \u00e0 des pots d&rsquo;environ 15 cm. Les porte-pots sont disponibles en <a href=\"https:\/\/royalwell.demannenachterdeschermen.nl\/fr\/produit\/porte-pots-noirs-ral9005-lot-de-4-pieces\/\">noir (RAL9005)<\/a>, <a href=\"https:\/\/royalwell.demannenachterdeschermen.nl\/fr\/produit\/porte-pots-vert-gris-ral-7009-lot-de-4-pieces\/\">vert-gris (RAL7009) <\/a>et <a href=\"https:\/\/royalwell.demannenachterdeschermen.nl\/produit\/set-pothouders-wit-4-stuks\/\">blanc (RAL9010).<\/a> Gr\u00e2ce au mat\u00e9riel de fixation fourni, vous pouvez les installer facilement sur les montants des serres murales et de jardin ou des abris de jardin. Aucun outil suppl\u00e9mentaire n&rsquo;est n\u00e9cessaire, ce qui rend l&rsquo;installation rapide et pratique.   <\/p>\n<p>Ces porte-pots sont fabriqu\u00e9s dans un mat\u00e9riau solide, ce qui permet de maintenir vos plantes bien en place. Vous pouvez ainsi les mettre en valeur et exploiter au mieux l&rsquo;espace disponible. Que vous suspendiez des herbes aromatiques, des fleurs ou d&rsquo;autres plantes, ces porte-pots vous permettent de leur offrir un emplacement \u00e0 la fois pratique et \u00e9l\u00e9gant.  <\/p>\n<p>Ces supports pour pots Royal Well peuvent \u00eatre utilis\u00e9s dans toutes les serres Royal Well <a href=\"https:\/\/royalwell.demannenachterdeschermen.nl\/fr\/produit\/serre-kate-iii-vert-gris\/\">Kate<\/a>, <a href=\"https:\/\/royalwell.demannenachterdeschermen.nl\/fr\/produit\/serre-royal-well-anne-ii-couleur-noir-ral-9005-avec-verre-de-securite-de-3-mm-fondations-comprises\/\">Anne <\/a>et <a href=\"https:\/\/royalwell.demannenachterdeschermen.nl\/fr\/produit\/serre-mary-iv-blanche\/\">Mary<\/a>, mais aussi dans les serres murales Emma et les abris Douglas, les abris de jardin ou encore dans votre grenier ou votre d\u00e9barras.<\/p>\n<p>Compl\u00e9tez votre serre ou votre jardin avec ces porte-pots pratiques !<\/p>\n","protected":false},"excerpt":{"rendered":"<p>Vous cherchez un moyen simple de suspendre vos plantes ? D\u00e9couvrez les porte-pots universels Royal Well ! <\/p>\n<ul>\n<li>Montage facile sur les profil\u00e9s de la serre ou sur un mur fixe<\/li>\n<li>Lot de 4 pi\u00e8ces dans la couleur de votre serre<\/li>\n<li>Convient aux pots d&rsquo;environ 15 cm de diam\u00e8tre<\/li>\n<li>Mat\u00e9riel de montage inclus<\/li>\n<li>Une qualit\u00e9 robuste : maintient vos plantes en place en toute s\u00e9curit\u00e9 et stabilit\u00e9<\/li>\n<\/ul>\n<div class=\"et_pb_button_module_wrapper et_pb_button_0_tb_body_wrapper et_pb_module \"><a class=\"et_pb_button et_pb_button_0_tb_body et_pb_bg_layout_light\" href=\"\/manuals\/\" target=\"_blank\" rel=\"noopener\">Instruction de montage<\/a><\/div>\n","protected":false},"featured_media":235351,"template":"","meta":{"_et_pb_use_builder":"","_et_pb_old_content":"","_et_gb_content_width":""},"product_brand":[],"product_cat":[1000,1081],"product_tag":[],"class_list":{"0":"post-243281","1":"product","2":"type-product","3":"status-publish","4":"has-post-thumbnail","6":"product_cat-accessoires","7":"product_cat-ophangmogelijkheden","8":"pa_kleur-noire","9":"pa_merk-royal-well","10":"pa_productlijn-universel","11":"pa_productsoort-porte-pots","13":"first","14":"instock","15":"taxable","16":"shipping-taxable","17":"purchasable","18":"product-type-simple"},"yoast_head":"<!-- This site is optimized with the Yoast SEO plugin v27.4 - https:\/\/yoast.com\/product\/yoast-seo-wordpress\/ -->\n<title>Porte-pots noirs (RAL9005) - lot de 4 pi\u00e8ces - Royal Well<\/title>\n<meta name=\"description\" content=\"Gr\u00e2ce aux porte-pots universels Royal Well, vous pouvez facilement suspendre vos plantes dans votre serre ou votre abri de jardin. Pour des pots d&#039;environ 15 cm de diam\u00e8tre, disponibles en 3 couleurs.\" \/>\n<meta name=\"robots\" content=\"noindex, follow, max-snippet:-1, max-image-preview:large, max-video-preview:-1\" \/>\n<meta property=\"og:locale\" content=\"fr_FR\" \/>\n<meta property=\"og:type\" content=\"article\" \/>\n<meta property=\"og:title\" content=\"Porte-pots noirs (RAL9005) - lot de 4 pi\u00e8ces - Royal Well\" \/>\n<meta property=\"og:description\" content=\"Gr\u00e2ce aux porte-pots universels Royal Well, vous pouvez facilement suspendre vos plantes dans votre serre ou votre abri de jardin. Pour des pots d&#039;environ 15 cm de diam\u00e8tre, disponibles en 3 couleurs.\" \/>\n<meta property=\"og:url\" content=\"https:\/\/royalwell.demannenachterdeschermen.nl\/fr\/produit\/porte-pots-noirs-ral9005-lot-de-4-pieces\/\" \/>\n<meta property=\"og:site_name\" content=\"Royal Well\" \/>\n<meta property=\"og:image\" content=\"https:\/\/royalwell.demannenachterdeschermen.nl\/wp-content\/uploads\/2025\/01\/08718215762423_A1N0-scaled.jpg\" \/>\n\t<meta property=\"og:image:width\" content=\"1707\" \/>\n\t<meta property=\"og:image:height\" content=\"2560\" \/>\n\t<meta property=\"og:image:type\" content=\"image\/jpeg\" \/>\n<meta name=\"twitter:card\" content=\"summary_large_image\" \/>\n<meta name=\"twitter:label1\" content=\"Dur\u00e9e de lecture estim\u00e9e\" \/>\n\t<meta name=\"twitter:data1\" content=\"1 minute\" \/>\n<script type=\"application\/ld+json\" class=\"yoast-schema-graph\">{\"@context\":\"https:\\\/\\\/schema.org\",\"@graph\":[{\"@type\":\"WebPage\",\"@id\":\"https:\\\/\\\/royalwell.demannenachterdeschermen.nl\\\/fr\\\/produit\\\/porte-pots-noirs-ral9005-lot-de-4-pieces\\\/\",\"url\":\"https:\\\/\\\/royalwell.demannenachterdeschermen.nl\\\/fr\\\/produit\\\/porte-pots-noirs-ral9005-lot-de-4-pieces\\\/\",\"name\":\"Porte-pots noirs (RAL9005) - lot de 4 pi\u00e8ces - Royal Well\",\"isPartOf\":{\"@id\":\"https:\\\/\\\/royalwell.demannenachterdeschermen.nl\\\/fr\\\/#website\"},\"primaryImageOfPage\":{\"@id\":\"https:\\\/\\\/royalwell.demannenachterdeschermen.nl\\\/fr\\\/produit\\\/porte-pots-noirs-ral9005-lot-de-4-pieces\\\/#primaryimage\"},\"image\":{\"@id\":\"https:\\\/\\\/royalwell.demannenachterdeschermen.nl\\\/fr\\\/produit\\\/porte-pots-noirs-ral9005-lot-de-4-pieces\\\/#primaryimage\"},\"thumbnailUrl\":\"https:\\\/\\\/royalwell.demannenachterdeschermen.nl\\\/wp-content\\\/uploads\\\/2025\\\/01\\\/08718215762423_A1N0-scaled.jpg\",\"datePublished\":\"2026-01-28T16:29:22+00:00\",\"description\":\"Gr\u00e2ce aux porte-pots universels Royal Well, vous pouvez facilement suspendre vos plantes dans votre serre ou votre abri de jardin. Pour des pots d'environ 15 cm de diam\u00e8tre, disponibles en 3 couleurs.\",\"breadcrumb\":{\"@id\":\"https:\\\/\\\/royalwell.demannenachterdeschermen.nl\\\/fr\\\/produit\\\/porte-pots-noirs-ral9005-lot-de-4-pieces\\\/#breadcrumb\"},\"inLanguage\":\"fr-FR\",\"potentialAction\":[{\"@type\":\"ReadAction\",\"target\":[\"https:\\\/\\\/royalwell.demannenachterdeschermen.nl\\\/fr\\\/produit\\\/porte-pots-noirs-ral9005-lot-de-4-pieces\\\/\"]}]},{\"@type\":\"ImageObject\",\"inLanguage\":\"fr-FR\",\"@id\":\"https:\\\/\\\/royalwell.demannenachterdeschermen.nl\\\/fr\\\/produit\\\/porte-pots-noirs-ral9005-lot-de-4-pieces\\\/#primaryimage\",\"url\":\"https:\\\/\\\/royalwell.demannenachterdeschermen.nl\\\/wp-content\\\/uploads\\\/2025\\\/01\\\/08718215762423_A1N0-scaled.jpg\",\"contentUrl\":\"https:\\\/\\\/royalwell.demannenachterdeschermen.nl\\\/wp-content\\\/uploads\\\/2025\\\/01\\\/08718215762423_A1N0-scaled.jpg\",\"width\":1707,\"height\":2560},{\"@type\":\"BreadcrumbList\",\"@id\":\"https:\\\/\\\/royalwell.demannenachterdeschermen.nl\\\/fr\\\/produit\\\/porte-pots-noirs-ral9005-lot-de-4-pieces\\\/#breadcrumb\",\"itemListElement\":[{\"@type\":\"ListItem\",\"position\":1,\"name\":\"Home\",\"item\":\"https:\\\/\\\/royalwell.demannenachterdeschermen.nl\\\/fr\\\/accueil\\\/\"},{\"@type\":\"ListItem\",\"position\":2,\"name\":\"Gamme de produits\",\"item\":\"https:\\\/\\\/royalwell.demannenachterdeschermen.nl\\\/fr\\\/gamme-de-produits\\\/\"},{\"@type\":\"ListItem\",\"position\":3,\"name\":\"Porte-pots noirs (RAL9005) &#8211; lot de 4 pi\u00e8ces\"}]},{\"@type\":\"WebSite\",\"@id\":\"https:\\\/\\\/royalwell.demannenachterdeschermen.nl\\\/fr\\\/#website\",\"url\":\"https:\\\/\\\/royalwell.demannenachterdeschermen.nl\\\/fr\\\/\",\"name\":\"Royal Well\",\"description\":\"Tuinkassen, kweekkassen, hobbykassen\",\"potentialAction\":[{\"@type\":\"SearchAction\",\"target\":{\"@type\":\"EntryPoint\",\"urlTemplate\":\"https:\\\/\\\/royalwell.demannenachterdeschermen.nl\\\/fr\\\/?s={search_term_string}\"},\"query-input\":{\"@type\":\"PropertyValueSpecification\",\"valueRequired\":true,\"valueName\":\"search_term_string\"}}],\"inLanguage\":\"fr-FR\"}]}<\/script>\n<!-- \/ Yoast SEO plugin. -->","yoast_head_json":{"title":"Porte-pots noirs (RAL9005) - lot de 4 pi\u00e8ces - Royal Well","description":"Gr\u00e2ce aux porte-pots universels Royal Well, vous pouvez facilement suspendre vos plantes dans votre serre ou votre abri de jardin. Pour des pots d'environ 15 cm de diam\u00e8tre, disponibles en 3 couleurs.","robots":{"index":"noindex","follow":"follow","max-snippet":"max-snippet:-1","max-image-preview":"max-image-preview:large","max-video-preview":"max-video-preview:-1"},"og_locale":"fr_FR","og_type":"article","og_title":"Porte-pots noirs (RAL9005) - lot de 4 pi\u00e8ces - Royal Well","og_description":"Gr\u00e2ce aux porte-pots universels Royal Well, vous pouvez facilement suspendre vos plantes dans votre serre ou votre abri de jardin. Pour des pots d'environ 15 cm de diam\u00e8tre, disponibles en 3 couleurs.","og_url":"https:\/\/royalwell.demannenachterdeschermen.nl\/fr\/produit\/porte-pots-noirs-ral9005-lot-de-4-pieces\/","og_site_name":"Royal Well","og_image":[{"width":1707,"height":2560,"url":"https:\/\/royalwell.demannenachterdeschermen.nl\/wp-content\/uploads\/2025\/01\/08718215762423_A1N0-scaled.jpg","type":"image\/jpeg"}],"twitter_card":"summary_large_image","twitter_misc":{"Dur\u00e9e de lecture estim\u00e9e":"1 minute"},"schema":{"@context":"https:\/\/schema.org","@graph":[{"@type":"WebPage","@id":"https:\/\/royalwell.demannenachterdeschermen.nl\/fr\/produit\/porte-pots-noirs-ral9005-lot-de-4-pieces\/","url":"https:\/\/royalwell.demannenachterdeschermen.nl\/fr\/produit\/porte-pots-noirs-ral9005-lot-de-4-pieces\/","name":"Porte-pots noirs (RAL9005) - lot de 4 pi\u00e8ces - Royal Well","isPartOf":{"@id":"https:\/\/royalwell.demannenachterdeschermen.nl\/fr\/#website"},"primaryImageOfPage":{"@id":"https:\/\/royalwell.demannenachterdeschermen.nl\/fr\/produit\/porte-pots-noirs-ral9005-lot-de-4-pieces\/#primaryimage"},"image":{"@id":"https:\/\/royalwell.demannenachterdeschermen.nl\/fr\/produit\/porte-pots-noirs-ral9005-lot-de-4-pieces\/#primaryimage"},"thumbnailUrl":"https:\/\/royalwell.demannenachterdeschermen.nl\/wp-content\/uploads\/2025\/01\/08718215762423_A1N0-scaled.jpg","datePublished":"2026-01-28T16:29:22+00:00","description":"Gr\u00e2ce aux porte-pots universels Royal Well, vous pouvez facilement suspendre vos plantes dans votre serre ou votre abri de jardin. Pour des pots d'environ 15 cm de diam\u00e8tre, disponibles en 3 couleurs.","breadcrumb":{"@id":"https:\/\/royalwell.demannenachterdeschermen.nl\/fr\/produit\/porte-pots-noirs-ral9005-lot-de-4-pieces\/#breadcrumb"},"inLanguage":"fr-FR","potentialAction":[{"@type":"ReadAction","target":["https:\/\/royalwell.demannenachterdeschermen.nl\/fr\/produit\/porte-pots-noirs-ral9005-lot-de-4-pieces\/"]}]},{"@type":"ImageObject","inLanguage":"fr-FR","@id":"https:\/\/royalwell.demannenachterdeschermen.nl\/fr\/produit\/porte-pots-noirs-ral9005-lot-de-4-pieces\/#primaryimage","url":"https:\/\/royalwell.demannenachterdeschermen.nl\/wp-content\/uploads\/2025\/01\/08718215762423_A1N0-scaled.jpg","contentUrl":"https:\/\/royalwell.demannenachterdeschermen.nl\/wp-content\/uploads\/2025\/01\/08718215762423_A1N0-scaled.jpg","width":1707,"height":2560},{"@type":"BreadcrumbList","@id":"https:\/\/royalwell.demannenachterdeschermen.nl\/fr\/produit\/porte-pots-noirs-ral9005-lot-de-4-pieces\/#breadcrumb","itemListElement":[{"@type":"ListItem","position":1,"name":"Home","item":"https:\/\/royalwell.demannenachterdeschermen.nl\/fr\/accueil\/"},{"@type":"ListItem","position":2,"name":"Gamme de produits","item":"https:\/\/royalwell.demannenachterdeschermen.nl\/fr\/gamme-de-produits\/"},{"@type":"ListItem","position":3,"name":"Porte-pots noirs (RAL9005) &#8211; lot de 4 pi\u00e8ces"}]},{"@type":"WebSite","@id":"https:\/\/royalwell.demannenachterdeschermen.nl\/fr\/#website","url":"https:\/\/royalwell.demannenachterdeschermen.nl\/fr\/","name":"Royal Well","description":"Tuinkassen, kweekkassen, hobbykassen","potentialAction":[{"@type":"SearchAction","target":{"@type":"EntryPoint","urlTemplate":"https:\/\/royalwell.demannenachterdeschermen.nl\/fr\/?s={search_term_string}"},"query-input":{"@type":"PropertyValueSpecification","valueRequired":true,"valueName":"search_term_string"}}],"inLanguage":"fr-FR"}]}},"_links":{"self":[{"href":"https:\/\/royalwell.demannenachterdeschermen.nl\/fr\/wp-json\/wp\/v2\/product\/243281","targetHints":{"allow":["GET"]}}],"collection":[{"href":"https:\/\/royalwell.demannenachterdeschermen.nl\/fr\/wp-json\/wp\/v2\/product"}],"about":[{"href":"https:\/\/royalwell.demannenachterdeschermen.nl\/fr\/wp-json\/wp\/v2\/types\/product"}],"wp:featuredmedia":[{"embeddable":true,"href":"https:\/\/royalwell.demannenachterdeschermen.nl\/fr\/wp-json\/wp\/v2\/media\/235351"}],"wp:attachment":[{"href":"https:\/\/royalwell.demannenachterdeschermen.nl\/fr\/wp-json\/wp\/v2\/media?parent=243281"}],"wp:term":[{"taxonomy":"product_brand","embeddable":true,"href":"https:\/\/royalwell.demannenachterdeschermen.nl\/fr\/wp-json\/wp\/v2\/product_brand?post=243281"},{"taxonomy":"product_cat","embeddable":true,"href":"https:\/\/royalwell.demannenachterdeschermen.nl\/fr\/wp-json\/wp\/v2\/product_cat?post=243281"},{"taxonomy":"product_tag","embeddable":true,"href":"https:\/\/royalwell.demannenachterdeschermen.nl\/fr\/wp-json\/wp\/v2\/product_tag?post=243281"}],"curies":[{"name":"wp","href":"https:\/\/api.w.org\/{rel}","templated":true}]}}