{"id":243277,"date":"2026-01-28T17:29:22","date_gmt":"2026-01-28T16:29:22","guid":{"rendered":"https:\/\/royalwell.demannenachterdeschermen.nl\/product\/attaches-pour-tomates-lot-de-20-pieces\/"},"modified":"2026-01-28T17:29:22","modified_gmt":"2026-01-28T16:29:22","slug":"attaches-pour-tomates-lot-de-20-pieces","status":"publish","type":"product","link":"https:\/\/royalwell.demannenachterdeschermen.nl\/fr\/produit\/attaches-pour-tomates-lot-de-20-pieces\/","title":{"rendered":"Attaches pour tomates &#8211; lot de 20 pi\u00e8ces"},"content":{"rendered":"<p>Offrez \u00e0 vos plants de tomates, concombres et autres l\u00e9gumes grimpants le soutien qu&rsquo;ils m\u00e9ritent gr\u00e2ce \u00e0 ces attaches pour tomates ultra-solides d&rsquo;un diam\u00e8tre de 21 mm. Fabriqu\u00e9es en plastique durable et r\u00e9sistant aux intemp\u00e9ries, ces attaches sont con\u00e7ues pour une utilisation \u00e0 long terme, saison apr\u00e8s saison. <\/p>\n<p>Ces pinces pour plantes s&rsquo;enclenchent facilement en un seul geste autour de la tige et d&rsquo;un fil ou d&rsquo;une ficelle de soutien. La fermeture est suffisamment solide pour maintenir la plante bien en place, tout en laissant suffisamment d&rsquo;espace pour une croissance naturelle. Finis les tiges \u00e9trangl\u00e9es ou les feuilles froiss\u00e9es. Gr\u00e2ce \u00e0 leur m\u00e9canisme \u00e0 charni\u00e8re pratique, elles sont \u00e9galement faciles \u00e0 ouvrir et \u00e0 r\u00e9utiliser.   <\/p>\n<p>Un indispensable pour tout jardinier amateur ou passionn\u00e9 de serre qui souhaite voir ses plantes pousser bien droites et en bonne sant\u00e9. Que vous cultiviez des tomates, des concombres, des poivrons ou m\u00eame des plantes grimpantes comme les cl\u00e9matites ou les haricots, ces pinces font leur travail de mani\u00e8re fiable et rapide. Conditionn\u00e9es dans un emballage blister pratique. Couleur : marron. Contenu : 20 pi\u00e8ces.    <\/p>\n","protected":false},"excerpt":{"rendered":"<p>Offrez \u00e0 vos plants de tomates, concombres et autres l\u00e9gumes grimpants le soutien qu&rsquo;ils m\u00e9ritent gr\u00e2ce \u00e0 ces tuteurs pour tomates ultra-solides d&rsquo;un diam\u00e8tre de 21 mm.<\/p>\n<ul>\n<li>Des attaches solides soutiennent les plantes sans endommager leur tige<\/li>\n<li>R\u00e9utilisable, saison apr\u00e8s saison<\/li>\n<li>Facile \u00e0 ouvrir et \u00e0 fermer, pour une fixation rapide et sans souci<\/li>\n<li>Conditionn\u00e9 par 20 pi\u00e8ces dans un blister<\/li>\n<\/ul>\n<p>&nbsp;<\/p>\n<div class=\"et_pb_button_module_wrapper et_pb_button_0_tb_body_wrapper et_pb_module \"><a class=\"et_pb_button et_pb_button_0_tb_body et_pb_bg_layout_light\" href=\"\/manuals\/\" target=\"_blank\" rel=\"noopener\">Instruction de montage<\/a><\/div>\n","protected":false},"featured_media":236672,"template":"","meta":{"_et_pb_use_builder":"","_et_pb_old_content":"","_et_gb_content_width":""},"product_brand":[],"product_cat":[1000,1079],"product_tag":[],"class_list":{"0":"post-243277","1":"product","2":"type-product","3":"status-publish","4":"has-post-thumbnail","6":"product_cat-accessoires","7":"product_cat-autres-accessoires-de-culture","8":"pa_kleur-brun","9":"pa_merk-royal-well","10":"pa_productlijn-universel","11":"pa_productsoort-attaches-pour-tomates","13":"first","14":"instock","15":"taxable","16":"shipping-taxable","17":"purchasable","18":"product-type-simple"},"yoast_head":"<!-- This site is optimized with the Yoast SEO plugin v27.4 - https:\/\/yoast.com\/product\/yoast-seo-wordpress\/ -->\n<title>Attaches pour tomates - lot de 20 pi\u00e8ces - Royal Well<\/title>\n<meta name=\"description\" content=\"Offrez \u00e0 vos plants de tomates, concombres et autres l\u00e9gumes grimpants le soutien qu&#039;ils m\u00e9ritent gr\u00e2ce \u00e0 ces tuteurs pour tomates ultra-solides d&#039;un diam\u00e8tre de 21 mm.\" \/>\n<meta name=\"robots\" content=\"noindex, follow, max-snippet:-1, max-image-preview:large, max-video-preview:-1\" \/>\n<meta property=\"og:locale\" content=\"fr_FR\" \/>\n<meta property=\"og:type\" content=\"article\" \/>\n<meta property=\"og:title\" content=\"Attaches pour tomates - lot de 20 pi\u00e8ces - Royal Well\" \/>\n<meta property=\"og:description\" content=\"Offrez \u00e0 vos plants de tomates, concombres et autres l\u00e9gumes grimpants le soutien qu&#039;ils m\u00e9ritent gr\u00e2ce \u00e0 ces tuteurs pour tomates ultra-solides d&#039;un diam\u00e8tre de 21 mm.\" \/>\n<meta property=\"og:url\" content=\"https:\/\/royalwell.demannenachterdeschermen.nl\/fr\/produit\/attaches-pour-tomates-lot-de-20-pieces\/\" \/>\n<meta property=\"og:site_name\" content=\"Royal Well\" \/>\n<meta property=\"og:image\" content=\"https:\/\/royalwell.demannenachterdeschermen.nl\/wp-content\/uploads\/2025\/01\/08718226338426_A1R0-scaled.jpg\" \/>\n\t<meta property=\"og:image:width\" content=\"2560\" \/>\n\t<meta property=\"og:image:height\" content=\"1700\" \/>\n\t<meta property=\"og:image:type\" content=\"image\/jpeg\" \/>\n<meta name=\"twitter:card\" content=\"summary_large_image\" \/>\n<meta name=\"twitter:label1\" content=\"Dur\u00e9e de lecture estim\u00e9e\" \/>\n\t<meta name=\"twitter:data1\" content=\"1 minute\" \/>\n<script type=\"application\/ld+json\" class=\"yoast-schema-graph\">{\"@context\":\"https:\\\/\\\/schema.org\",\"@graph\":[{\"@type\":\"WebPage\",\"@id\":\"https:\\\/\\\/royalwell.demannenachterdeschermen.nl\\\/fr\\\/produit\\\/attaches-pour-tomates-lot-de-20-pieces\\\/\",\"url\":\"https:\\\/\\\/royalwell.demannenachterdeschermen.nl\\\/fr\\\/produit\\\/attaches-pour-tomates-lot-de-20-pieces\\\/\",\"name\":\"Attaches pour tomates - lot de 20 pi\u00e8ces - Royal Well\",\"isPartOf\":{\"@id\":\"https:\\\/\\\/royalwell.demannenachterdeschermen.nl\\\/fr\\\/#website\"},\"primaryImageOfPage\":{\"@id\":\"https:\\\/\\\/royalwell.demannenachterdeschermen.nl\\\/fr\\\/produit\\\/attaches-pour-tomates-lot-de-20-pieces\\\/#primaryimage\"},\"image\":{\"@id\":\"https:\\\/\\\/royalwell.demannenachterdeschermen.nl\\\/fr\\\/produit\\\/attaches-pour-tomates-lot-de-20-pieces\\\/#primaryimage\"},\"thumbnailUrl\":\"https:\\\/\\\/royalwell.demannenachterdeschermen.nl\\\/wp-content\\\/uploads\\\/2025\\\/01\\\/08718226338426_A1R0-scaled.jpg\",\"datePublished\":\"2026-01-28T16:29:22+00:00\",\"description\":\"Offrez \u00e0 vos plants de tomates, concombres et autres l\u00e9gumes grimpants le soutien qu'ils m\u00e9ritent gr\u00e2ce \u00e0 ces tuteurs pour tomates ultra-solides d'un diam\u00e8tre de 21 mm.\",\"breadcrumb\":{\"@id\":\"https:\\\/\\\/royalwell.demannenachterdeschermen.nl\\\/fr\\\/produit\\\/attaches-pour-tomates-lot-de-20-pieces\\\/#breadcrumb\"},\"inLanguage\":\"fr-FR\",\"potentialAction\":[{\"@type\":\"ReadAction\",\"target\":[\"https:\\\/\\\/royalwell.demannenachterdeschermen.nl\\\/fr\\\/produit\\\/attaches-pour-tomates-lot-de-20-pieces\\\/\"]}]},{\"@type\":\"ImageObject\",\"inLanguage\":\"fr-FR\",\"@id\":\"https:\\\/\\\/royalwell.demannenachterdeschermen.nl\\\/fr\\\/produit\\\/attaches-pour-tomates-lot-de-20-pieces\\\/#primaryimage\",\"url\":\"https:\\\/\\\/royalwell.demannenachterdeschermen.nl\\\/wp-content\\\/uploads\\\/2025\\\/01\\\/08718226338426_A1R0-scaled.jpg\",\"contentUrl\":\"https:\\\/\\\/royalwell.demannenachterdeschermen.nl\\\/wp-content\\\/uploads\\\/2025\\\/01\\\/08718226338426_A1R0-scaled.jpg\",\"width\":2560,\"height\":1700},{\"@type\":\"BreadcrumbList\",\"@id\":\"https:\\\/\\\/royalwell.demannenachterdeschermen.nl\\\/fr\\\/produit\\\/attaches-pour-tomates-lot-de-20-pieces\\\/#breadcrumb\",\"itemListElement\":[{\"@type\":\"ListItem\",\"position\":1,\"name\":\"Home\",\"item\":\"https:\\\/\\\/royalwell.demannenachterdeschermen.nl\\\/fr\\\/accueil\\\/\"},{\"@type\":\"ListItem\",\"position\":2,\"name\":\"Gamme de produits\",\"item\":\"https:\\\/\\\/royalwell.demannenachterdeschermen.nl\\\/fr\\\/gamme-de-produits\\\/\"},{\"@type\":\"ListItem\",\"position\":3,\"name\":\"Attaches pour tomates &#8211; lot de 20 pi\u00e8ces\"}]},{\"@type\":\"WebSite\",\"@id\":\"https:\\\/\\\/royalwell.demannenachterdeschermen.nl\\\/fr\\\/#website\",\"url\":\"https:\\\/\\\/royalwell.demannenachterdeschermen.nl\\\/fr\\\/\",\"name\":\"Royal Well\",\"description\":\"Tuinkassen, kweekkassen, hobbykassen\",\"potentialAction\":[{\"@type\":\"SearchAction\",\"target\":{\"@type\":\"EntryPoint\",\"urlTemplate\":\"https:\\\/\\\/royalwell.demannenachterdeschermen.nl\\\/fr\\\/?s={search_term_string}\"},\"query-input\":{\"@type\":\"PropertyValueSpecification\",\"valueRequired\":true,\"valueName\":\"search_term_string\"}}],\"inLanguage\":\"fr-FR\"}]}<\/script>\n<!-- \/ Yoast SEO plugin. -->","yoast_head_json":{"title":"Attaches pour tomates - lot de 20 pi\u00e8ces - Royal Well","description":"Offrez \u00e0 vos plants de tomates, concombres et autres l\u00e9gumes grimpants le soutien qu'ils m\u00e9ritent gr\u00e2ce \u00e0 ces tuteurs pour tomates ultra-solides d'un diam\u00e8tre de 21 mm.","robots":{"index":"noindex","follow":"follow","max-snippet":"max-snippet:-1","max-image-preview":"max-image-preview:large","max-video-preview":"max-video-preview:-1"},"og_locale":"fr_FR","og_type":"article","og_title":"Attaches pour tomates - lot de 20 pi\u00e8ces - Royal Well","og_description":"Offrez \u00e0 vos plants de tomates, concombres et autres l\u00e9gumes grimpants le soutien qu'ils m\u00e9ritent gr\u00e2ce \u00e0 ces tuteurs pour tomates ultra-solides d'un diam\u00e8tre de 21 mm.","og_url":"https:\/\/royalwell.demannenachterdeschermen.nl\/fr\/produit\/attaches-pour-tomates-lot-de-20-pieces\/","og_site_name":"Royal Well","og_image":[{"width":2560,"height":1700,"url":"https:\/\/royalwell.demannenachterdeschermen.nl\/wp-content\/uploads\/2025\/01\/08718226338426_A1R0-scaled.jpg","type":"image\/jpeg"}],"twitter_card":"summary_large_image","twitter_misc":{"Dur\u00e9e de lecture estim\u00e9e":"1 minute"},"schema":{"@context":"https:\/\/schema.org","@graph":[{"@type":"WebPage","@id":"https:\/\/royalwell.demannenachterdeschermen.nl\/fr\/produit\/attaches-pour-tomates-lot-de-20-pieces\/","url":"https:\/\/royalwell.demannenachterdeschermen.nl\/fr\/produit\/attaches-pour-tomates-lot-de-20-pieces\/","name":"Attaches pour tomates - lot de 20 pi\u00e8ces - Royal Well","isPartOf":{"@id":"https:\/\/royalwell.demannenachterdeschermen.nl\/fr\/#website"},"primaryImageOfPage":{"@id":"https:\/\/royalwell.demannenachterdeschermen.nl\/fr\/produit\/attaches-pour-tomates-lot-de-20-pieces\/#primaryimage"},"image":{"@id":"https:\/\/royalwell.demannenachterdeschermen.nl\/fr\/produit\/attaches-pour-tomates-lot-de-20-pieces\/#primaryimage"},"thumbnailUrl":"https:\/\/royalwell.demannenachterdeschermen.nl\/wp-content\/uploads\/2025\/01\/08718226338426_A1R0-scaled.jpg","datePublished":"2026-01-28T16:29:22+00:00","description":"Offrez \u00e0 vos plants de tomates, concombres et autres l\u00e9gumes grimpants le soutien qu'ils m\u00e9ritent gr\u00e2ce \u00e0 ces tuteurs pour tomates ultra-solides d'un diam\u00e8tre de 21 mm.","breadcrumb":{"@id":"https:\/\/royalwell.demannenachterdeschermen.nl\/fr\/produit\/attaches-pour-tomates-lot-de-20-pieces\/#breadcrumb"},"inLanguage":"fr-FR","potentialAction":[{"@type":"ReadAction","target":["https:\/\/royalwell.demannenachterdeschermen.nl\/fr\/produit\/attaches-pour-tomates-lot-de-20-pieces\/"]}]},{"@type":"ImageObject","inLanguage":"fr-FR","@id":"https:\/\/royalwell.demannenachterdeschermen.nl\/fr\/produit\/attaches-pour-tomates-lot-de-20-pieces\/#primaryimage","url":"https:\/\/royalwell.demannenachterdeschermen.nl\/wp-content\/uploads\/2025\/01\/08718226338426_A1R0-scaled.jpg","contentUrl":"https:\/\/royalwell.demannenachterdeschermen.nl\/wp-content\/uploads\/2025\/01\/08718226338426_A1R0-scaled.jpg","width":2560,"height":1700},{"@type":"BreadcrumbList","@id":"https:\/\/royalwell.demannenachterdeschermen.nl\/fr\/produit\/attaches-pour-tomates-lot-de-20-pieces\/#breadcrumb","itemListElement":[{"@type":"ListItem","position":1,"name":"Home","item":"https:\/\/royalwell.demannenachterdeschermen.nl\/fr\/accueil\/"},{"@type":"ListItem","position":2,"name":"Gamme de produits","item":"https:\/\/royalwell.demannenachterdeschermen.nl\/fr\/gamme-de-produits\/"},{"@type":"ListItem","position":3,"name":"Attaches pour tomates &#8211; lot de 20 pi\u00e8ces"}]},{"@type":"WebSite","@id":"https:\/\/royalwell.demannenachterdeschermen.nl\/fr\/#website","url":"https:\/\/royalwell.demannenachterdeschermen.nl\/fr\/","name":"Royal Well","description":"Tuinkassen, kweekkassen, hobbykassen","potentialAction":[{"@type":"SearchAction","target":{"@type":"EntryPoint","urlTemplate":"https:\/\/royalwell.demannenachterdeschermen.nl\/fr\/?s={search_term_string}"},"query-input":{"@type":"PropertyValueSpecification","valueRequired":true,"valueName":"search_term_string"}}],"inLanguage":"fr-FR"}]}},"_links":{"self":[{"href":"https:\/\/royalwell.demannenachterdeschermen.nl\/fr\/wp-json\/wp\/v2\/product\/243277","targetHints":{"allow":["GET"]}}],"collection":[{"href":"https:\/\/royalwell.demannenachterdeschermen.nl\/fr\/wp-json\/wp\/v2\/product"}],"about":[{"href":"https:\/\/royalwell.demannenachterdeschermen.nl\/fr\/wp-json\/wp\/v2\/types\/product"}],"wp:featuredmedia":[{"embeddable":true,"href":"https:\/\/royalwell.demannenachterdeschermen.nl\/fr\/wp-json\/wp\/v2\/media\/236672"}],"wp:attachment":[{"href":"https:\/\/royalwell.demannenachterdeschermen.nl\/fr\/wp-json\/wp\/v2\/media?parent=243277"}],"wp:term":[{"taxonomy":"product_brand","embeddable":true,"href":"https:\/\/royalwell.demannenachterdeschermen.nl\/fr\/wp-json\/wp\/v2\/product_brand?post=243277"},{"taxonomy":"product_cat","embeddable":true,"href":"https:\/\/royalwell.demannenachterdeschermen.nl\/fr\/wp-json\/wp\/v2\/product_cat?post=243277"},{"taxonomy":"product_tag","embeddable":true,"href":"https:\/\/royalwell.demannenachterdeschermen.nl\/fr\/wp-json\/wp\/v2\/product_tag?post=243277"}],"curies":[{"name":"wp","href":"https:\/\/api.w.org\/{rel}","templated":true}]}}