{"id":243274,"date":"2026-01-28T17:29:22","date_gmt":"2026-01-28T16:29:22","guid":{"rendered":"https:\/\/royalwell.demannenachterdeschermen.nl\/product\/lot-de-spirales-pour-plantes-noir\/"},"modified":"2026-01-28T17:29:22","modified_gmt":"2026-01-28T16:29:22","slug":"lot-de-spirales-pour-plantes-noir","status":"publish","type":"product","link":"https:\/\/royalwell.demannenachterdeschermen.nl\/fr\/produit\/lot-de-spirales-pour-plantes-noir\/","title":{"rendered":"Lot de spirales pour plantes, noir"},"content":{"rendered":"<p>Vous aimez les plantes hautes comme les concombres et les tomates ? Alors ces spirales pour plantes tr\u00e8s pratiques sont exactement ce qu&rsquo;il vous faut. Les spirales pour plantes Royal Well mesurent 170 cm de long et soutiennent les plantes tout au long de leur croissance. Ils sont \u00e9quip\u00e9s d&rsquo;un \u0153illet de fixation \u00e0 leur extr\u00e9mit\u00e9 sup\u00e9rieure. Fixez la spirale pour plantes \u00e0 la serre \u00e0 l&rsquo;aide <a href=\"https:\/\/royalwell.demannenachterdeschermen.nl\/produit\/planthanger-set-10\/\">des suspensions pour plantes<\/a> et d&rsquo;un morceau de ficelle ou de fil.    <\/p>\n<p>La spirale pour plantes Royal Well est livr\u00e9e dans un emballage en carton par lot de 4, de couleur noire. Dans la combinaison avec les suspensions pour plantes, ces spirales peuvent \u00eatre utilis\u00e9es dans toutes les serres de jardin et serres murales Royal Well. <\/p>\n","protected":false},"excerpt":{"rendered":"<p>Offrez \u00e0 vos plants de tomates, concombres et autres l\u00e9gumes grimpants le soutien qu&rsquo;ils m\u00e9ritent gr\u00e2ce \u00e0 la spirale pour plantes Royal Well. Cette spirale universelle s&rsquo;adapte \u00e0 toutes les serres de jardin et serres murales Royal Well. <\/p>\n<ul>\n<li>Lengte 170 cm<\/li>\n<li>M\u00e9tal noir robuste<\/li>\n<li>Avec un \u0153illet de fixation pratique<\/li>\n<li>Vendues par lot de 4<\/li>\n<li>En combinaison avec les suspensions pour plantes<\/li>\n<\/ul>\n<p>&nbsp;<\/p>\n<div class=\"et_pb_button_module_wrapper et_pb_button_0_tb_body_wrapper et_pb_module \"><a class=\"et_pb_button et_pb_button_0_tb_body et_pb_bg_layout_light\" href=\"\/manuals\/\" target=\"_blank\" rel=\"noopener\">Instruction de montage<\/a><\/div>\n","protected":false},"featured_media":235285,"template":"","meta":{"_et_pb_use_builder":"","_et_pb_old_content":"","_et_gb_content_width":""},"product_brand":[],"product_cat":[1000,1079],"product_tag":[],"class_list":{"0":"post-243274","1":"product","2":"type-product","3":"status-publish","4":"has-post-thumbnail","6":"product_cat-accessoires","7":"product_cat-autres-accessoires-de-culture","8":"pa_kleur-noire","9":"pa_merk-royal-well","10":"pa_productlijn-universel","11":"pa_productsoort-spirales-pour-plantes","13":"first","14":"instock","15":"taxable","16":"shipping-taxable","17":"purchasable","18":"product-type-simple"},"yoast_head":"<!-- This site is optimized with the Yoast SEO plugin v27.4 - https:\/\/yoast.com\/product\/yoast-seo-wordpress\/ -->\n<title>Lot de spirales pour plantes, noir - Royal Well<\/title>\n<meta name=\"description\" content=\"Soutenez vos plantes hautes, comme les concombres et les tomates, pendant leur croissance gr\u00e2ce aux spirales pour plantes Royal Well, tr\u00e8s pratiques. Faciles \u00e0 installer dans n&#039;importe quelle serre.\" \/>\n<meta name=\"robots\" content=\"noindex, follow, max-snippet:-1, max-image-preview:large, max-video-preview:-1\" \/>\n<meta property=\"og:locale\" content=\"fr_FR\" \/>\n<meta property=\"og:type\" content=\"article\" \/>\n<meta property=\"og:title\" content=\"Lot de spirales pour plantes, noir - Royal Well\" \/>\n<meta property=\"og:description\" content=\"Soutenez vos plantes hautes, comme les concombres et les tomates, pendant leur croissance gr\u00e2ce aux spirales pour plantes Royal Well, tr\u00e8s pratiques. Faciles \u00e0 installer dans n&#039;importe quelle serre.\" \/>\n<meta property=\"og:url\" content=\"https:\/\/royalwell.demannenachterdeschermen.nl\/fr\/produit\/lot-de-spirales-pour-plantes-noir\/\" \/>\n<meta property=\"og:site_name\" content=\"Royal Well\" \/>\n<meta property=\"og:image\" content=\"https:\/\/royalwell.demannenachterdeschermen.nl\/wp-content\/uploads\/2025\/01\/08718215762201_A1N0-scaled.jpg\" \/>\n\t<meta property=\"og:image:width\" content=\"1707\" \/>\n\t<meta property=\"og:image:height\" content=\"2560\" \/>\n\t<meta property=\"og:image:type\" content=\"image\/jpeg\" \/>\n<meta name=\"twitter:card\" content=\"summary_large_image\" \/>\n<meta name=\"twitter:label1\" content=\"Dur\u00e9e de lecture estim\u00e9e\" \/>\n\t<meta name=\"twitter:data1\" content=\"1 minute\" \/>\n<script type=\"application\/ld+json\" class=\"yoast-schema-graph\">{\"@context\":\"https:\\\/\\\/schema.org\",\"@graph\":[{\"@type\":\"WebPage\",\"@id\":\"https:\\\/\\\/royalwell.demannenachterdeschermen.nl\\\/fr\\\/produit\\\/lot-de-spirales-pour-plantes-noir\\\/\",\"url\":\"https:\\\/\\\/royalwell.demannenachterdeschermen.nl\\\/fr\\\/produit\\\/lot-de-spirales-pour-plantes-noir\\\/\",\"name\":\"Lot de spirales pour plantes, noir - Royal Well\",\"isPartOf\":{\"@id\":\"https:\\\/\\\/royalwell.demannenachterdeschermen.nl\\\/fr\\\/#website\"},\"primaryImageOfPage\":{\"@id\":\"https:\\\/\\\/royalwell.demannenachterdeschermen.nl\\\/fr\\\/produit\\\/lot-de-spirales-pour-plantes-noir\\\/#primaryimage\"},\"image\":{\"@id\":\"https:\\\/\\\/royalwell.demannenachterdeschermen.nl\\\/fr\\\/produit\\\/lot-de-spirales-pour-plantes-noir\\\/#primaryimage\"},\"thumbnailUrl\":\"https:\\\/\\\/royalwell.demannenachterdeschermen.nl\\\/wp-content\\\/uploads\\\/2025\\\/01\\\/08718215762201_A1N0-scaled.jpg\",\"datePublished\":\"2026-01-28T16:29:22+00:00\",\"description\":\"Soutenez vos plantes hautes, comme les concombres et les tomates, pendant leur croissance gr\u00e2ce aux spirales pour plantes Royal Well, tr\u00e8s pratiques. Faciles \u00e0 installer dans n'importe quelle serre.\",\"breadcrumb\":{\"@id\":\"https:\\\/\\\/royalwell.demannenachterdeschermen.nl\\\/fr\\\/produit\\\/lot-de-spirales-pour-plantes-noir\\\/#breadcrumb\"},\"inLanguage\":\"fr-FR\",\"potentialAction\":[{\"@type\":\"ReadAction\",\"target\":[\"https:\\\/\\\/royalwell.demannenachterdeschermen.nl\\\/fr\\\/produit\\\/lot-de-spirales-pour-plantes-noir\\\/\"]}]},{\"@type\":\"ImageObject\",\"inLanguage\":\"fr-FR\",\"@id\":\"https:\\\/\\\/royalwell.demannenachterdeschermen.nl\\\/fr\\\/produit\\\/lot-de-spirales-pour-plantes-noir\\\/#primaryimage\",\"url\":\"https:\\\/\\\/royalwell.demannenachterdeschermen.nl\\\/wp-content\\\/uploads\\\/2025\\\/01\\\/08718215762201_A1N0-scaled.jpg\",\"contentUrl\":\"https:\\\/\\\/royalwell.demannenachterdeschermen.nl\\\/wp-content\\\/uploads\\\/2025\\\/01\\\/08718215762201_A1N0-scaled.jpg\",\"width\":1707,\"height\":2560},{\"@type\":\"BreadcrumbList\",\"@id\":\"https:\\\/\\\/royalwell.demannenachterdeschermen.nl\\\/fr\\\/produit\\\/lot-de-spirales-pour-plantes-noir\\\/#breadcrumb\",\"itemListElement\":[{\"@type\":\"ListItem\",\"position\":1,\"name\":\"Home\",\"item\":\"https:\\\/\\\/royalwell.demannenachterdeschermen.nl\\\/fr\\\/accueil\\\/\"},{\"@type\":\"ListItem\",\"position\":2,\"name\":\"Gamme de produits\",\"item\":\"https:\\\/\\\/royalwell.demannenachterdeschermen.nl\\\/fr\\\/gamme-de-produits\\\/\"},{\"@type\":\"ListItem\",\"position\":3,\"name\":\"Lot de spirales pour plantes, noir\"}]},{\"@type\":\"WebSite\",\"@id\":\"https:\\\/\\\/royalwell.demannenachterdeschermen.nl\\\/fr\\\/#website\",\"url\":\"https:\\\/\\\/royalwell.demannenachterdeschermen.nl\\\/fr\\\/\",\"name\":\"Royal Well\",\"description\":\"Tuinkassen, kweekkassen, hobbykassen\",\"potentialAction\":[{\"@type\":\"SearchAction\",\"target\":{\"@type\":\"EntryPoint\",\"urlTemplate\":\"https:\\\/\\\/royalwell.demannenachterdeschermen.nl\\\/fr\\\/?s={search_term_string}\"},\"query-input\":{\"@type\":\"PropertyValueSpecification\",\"valueRequired\":true,\"valueName\":\"search_term_string\"}}],\"inLanguage\":\"fr-FR\"}]}<\/script>\n<!-- \/ Yoast SEO plugin. -->","yoast_head_json":{"title":"Lot de spirales pour plantes, noir - Royal Well","description":"Soutenez vos plantes hautes, comme les concombres et les tomates, pendant leur croissance gr\u00e2ce aux spirales pour plantes Royal Well, tr\u00e8s pratiques. Faciles \u00e0 installer dans n'importe quelle serre.","robots":{"index":"noindex","follow":"follow","max-snippet":"max-snippet:-1","max-image-preview":"max-image-preview:large","max-video-preview":"max-video-preview:-1"},"og_locale":"fr_FR","og_type":"article","og_title":"Lot de spirales pour plantes, noir - Royal Well","og_description":"Soutenez vos plantes hautes, comme les concombres et les tomates, pendant leur croissance gr\u00e2ce aux spirales pour plantes Royal Well, tr\u00e8s pratiques. Faciles \u00e0 installer dans n'importe quelle serre.","og_url":"https:\/\/royalwell.demannenachterdeschermen.nl\/fr\/produit\/lot-de-spirales-pour-plantes-noir\/","og_site_name":"Royal Well","og_image":[{"width":1707,"height":2560,"url":"https:\/\/royalwell.demannenachterdeschermen.nl\/wp-content\/uploads\/2025\/01\/08718215762201_A1N0-scaled.jpg","type":"image\/jpeg"}],"twitter_card":"summary_large_image","twitter_misc":{"Dur\u00e9e de lecture estim\u00e9e":"1 minute"},"schema":{"@context":"https:\/\/schema.org","@graph":[{"@type":"WebPage","@id":"https:\/\/royalwell.demannenachterdeschermen.nl\/fr\/produit\/lot-de-spirales-pour-plantes-noir\/","url":"https:\/\/royalwell.demannenachterdeschermen.nl\/fr\/produit\/lot-de-spirales-pour-plantes-noir\/","name":"Lot de spirales pour plantes, noir - Royal Well","isPartOf":{"@id":"https:\/\/royalwell.demannenachterdeschermen.nl\/fr\/#website"},"primaryImageOfPage":{"@id":"https:\/\/royalwell.demannenachterdeschermen.nl\/fr\/produit\/lot-de-spirales-pour-plantes-noir\/#primaryimage"},"image":{"@id":"https:\/\/royalwell.demannenachterdeschermen.nl\/fr\/produit\/lot-de-spirales-pour-plantes-noir\/#primaryimage"},"thumbnailUrl":"https:\/\/royalwell.demannenachterdeschermen.nl\/wp-content\/uploads\/2025\/01\/08718215762201_A1N0-scaled.jpg","datePublished":"2026-01-28T16:29:22+00:00","description":"Soutenez vos plantes hautes, comme les concombres et les tomates, pendant leur croissance gr\u00e2ce aux spirales pour plantes Royal Well, tr\u00e8s pratiques. Faciles \u00e0 installer dans n'importe quelle serre.","breadcrumb":{"@id":"https:\/\/royalwell.demannenachterdeschermen.nl\/fr\/produit\/lot-de-spirales-pour-plantes-noir\/#breadcrumb"},"inLanguage":"fr-FR","potentialAction":[{"@type":"ReadAction","target":["https:\/\/royalwell.demannenachterdeschermen.nl\/fr\/produit\/lot-de-spirales-pour-plantes-noir\/"]}]},{"@type":"ImageObject","inLanguage":"fr-FR","@id":"https:\/\/royalwell.demannenachterdeschermen.nl\/fr\/produit\/lot-de-spirales-pour-plantes-noir\/#primaryimage","url":"https:\/\/royalwell.demannenachterdeschermen.nl\/wp-content\/uploads\/2025\/01\/08718215762201_A1N0-scaled.jpg","contentUrl":"https:\/\/royalwell.demannenachterdeschermen.nl\/wp-content\/uploads\/2025\/01\/08718215762201_A1N0-scaled.jpg","width":1707,"height":2560},{"@type":"BreadcrumbList","@id":"https:\/\/royalwell.demannenachterdeschermen.nl\/fr\/produit\/lot-de-spirales-pour-plantes-noir\/#breadcrumb","itemListElement":[{"@type":"ListItem","position":1,"name":"Home","item":"https:\/\/royalwell.demannenachterdeschermen.nl\/fr\/accueil\/"},{"@type":"ListItem","position":2,"name":"Gamme de produits","item":"https:\/\/royalwell.demannenachterdeschermen.nl\/fr\/gamme-de-produits\/"},{"@type":"ListItem","position":3,"name":"Lot de spirales pour plantes, noir"}]},{"@type":"WebSite","@id":"https:\/\/royalwell.demannenachterdeschermen.nl\/fr\/#website","url":"https:\/\/royalwell.demannenachterdeschermen.nl\/fr\/","name":"Royal Well","description":"Tuinkassen, kweekkassen, hobbykassen","potentialAction":[{"@type":"SearchAction","target":{"@type":"EntryPoint","urlTemplate":"https:\/\/royalwell.demannenachterdeschermen.nl\/fr\/?s={search_term_string}"},"query-input":{"@type":"PropertyValueSpecification","valueRequired":true,"valueName":"search_term_string"}}],"inLanguage":"fr-FR"}]}},"_links":{"self":[{"href":"https:\/\/royalwell.demannenachterdeschermen.nl\/fr\/wp-json\/wp\/v2\/product\/243274","targetHints":{"allow":["GET"]}}],"collection":[{"href":"https:\/\/royalwell.demannenachterdeschermen.nl\/fr\/wp-json\/wp\/v2\/product"}],"about":[{"href":"https:\/\/royalwell.demannenachterdeschermen.nl\/fr\/wp-json\/wp\/v2\/types\/product"}],"wp:featuredmedia":[{"embeddable":true,"href":"https:\/\/royalwell.demannenachterdeschermen.nl\/fr\/wp-json\/wp\/v2\/media\/235285"}],"wp:attachment":[{"href":"https:\/\/royalwell.demannenachterdeschermen.nl\/fr\/wp-json\/wp\/v2\/media?parent=243274"}],"wp:term":[{"taxonomy":"product_brand","embeddable":true,"href":"https:\/\/royalwell.demannenachterdeschermen.nl\/fr\/wp-json\/wp\/v2\/product_brand?post=243274"},{"taxonomy":"product_cat","embeddable":true,"href":"https:\/\/royalwell.demannenachterdeschermen.nl\/fr\/wp-json\/wp\/v2\/product_cat?post=243274"},{"taxonomy":"product_tag","embeddable":true,"href":"https:\/\/royalwell.demannenachterdeschermen.nl\/fr\/wp-json\/wp\/v2\/product_tag?post=243274"}],"curies":[{"name":"wp","href":"https:\/\/api.w.org\/{rel}","templated":true}]}}