{"id":243273,"date":"2026-01-28T17:29:23","date_gmt":"2026-01-28T16:29:23","guid":{"rendered":"https:\/\/royalwell.demannenachterdeschermen.nl\/product\/ouverture-automatique-de-fenetre-noir\/"},"modified":"2026-01-28T17:29:23","modified_gmt":"2026-01-28T16:29:23","slug":"ouverture-automatique-de-fenetre-noir","status":"publish","type":"product","link":"https:\/\/royalwell.demannenachterdeschermen.nl\/fr\/produit\/ouverture-automatique-de-fenetre-noir\/","title":{"rendered":"Ouverture automatique de fen\u00eatre, noir"},"content":{"rendered":"<p>Il est tr\u00e8s important d&rsquo;a\u00e9rer la serre. L&rsquo;ouverture automatique de fen\u00eatre automatique Royal Well noir s&rsquo;en charge, m\u00eame lorsque vous n&rsquo;\u00eates pas l\u00e0. <\/p>\n<p>En fonction de la temp\u00e9rature dans la serre, la fen\u00eatre s&rsquo;ouvre automatiquement et se referme lorsque cela est n\u00e9cessaire. Le cylindre fourni peut \u00eatre r\u00e9gl\u00e9, conform\u00e9ment au mode d&#8217;emploi, de mani\u00e8re \u00e0 ce que la serre s&rsquo;ouvre plus t\u00f4t (d\u00e8s une temp\u00e9rature plus basse) ou, au contraire, plus tard, \u00e0 une temp\u00e9rature plus \u00e9lev\u00e9e. Le r\u00e9glage de la temp\u00e9rature s&rsquo;effectue par paliers d&rsquo;environ 0,5 \u00b0C.  <\/p>\n<p>Si la temp\u00e9rature baisse au point qu&rsquo;il n&rsquo;est plus n\u00e9cessaire d&rsquo;ouvrir la fen\u00eatre (en hiver) ou si un po\u00eale ou une autre source de chaleur est utilis\u00e9 dans la serre, le v\u00e9rin peut \u00eatre facilement d\u00e9mont\u00e9 (\u00e0 titre temporaire). Afin de pr\u00e9server le bon fonctionnement du v\u00e9rin, il est recommand\u00e9 de l&rsquo;isoler pendant la p\u00e9riode de gel ou de le conserver \u00e0 l&rsquo;int\u00e9rieur. Le v\u00e9rin fourni assure le fonctionnement de l&rsquo;ouverture de fen\u00eatre et a une dur\u00e9e de vie de plusieurs ann\u00e9es. Pass\u00e9 ce d\u00e9lai, le v\u00e9rin peut \u00eatre remplac\u00e9 s\u00e9par\u00e9ment.   <\/p>\n<p>L&rsquo;ouverture de fen\u00eatre automatique Royal Well noir dispose d&rsquo;une force de pouss\u00e9e de 6 kg et convient donc aux fen\u00eatres de toit \u00e0 simple battant. Celles-ci ont un poids moyen d&rsquo;environ 5 kg. Le cadre de l&rsquo;ouvre-fen\u00eatre est noir.  <\/p>\n","protected":false},"excerpt":{"rendered":"<p>L&rsquo;a\u00e9ration de la serre est tr\u00e8s importante. L&rsquo;ouverture de fen\u00eatre automatique Royal Well noir s&rsquo;en charge, m\u00eame lorsque vous n&rsquo;\u00eates pas l\u00e0. En fonction de la temp\u00e9rature dans la serre, la fen\u00eatre s&rsquo;ouvre automatiquement et se referme lorsque cela est n\u00e9cessaire.  <\/p>\n<ul>\n<li>Convient aux fen\u00eatres simples<\/li>\n<li>R\u00e9glage pr\u00e9cis de la temp\u00e9rature : r\u00e9glable par paliers de 0,5 \u00b0C.<\/li>\n<li>Compatible avec toutes les serres Royal Well<\/li>\n<li>Une dur\u00e9e de vie de plusieurs ann\u00e9es<\/li>\n<li>Nouveaux cylindres disponibles s\u00e9par\u00e9ment<\/li>\n<\/ul>\n<p>&nbsp;<\/p>\n<div class=\"et_pb_button_module_wrapper et_pb_button_0_tb_body_wrapper et_pb_module \"><a class=\"et_pb_button et_pb_button_0_tb_body et_pb_bg_layout_light\" href=\"\/manuals\/\" target=\"_blank\" rel=\"noopener\">Instruction de montage<\/a><\/div>\n","protected":false},"featured_media":237113,"template":"","meta":{"_et_pb_use_builder":"","_et_pb_old_content":"","_et_gb_content_width":""},"product_brand":[],"product_cat":[1000,1077],"product_tag":[],"class_list":{"0":"post-243273","1":"product","2":"type-product","3":"status-publish","4":"has-post-thumbnail","6":"product_cat-accessoires","7":"product_cat-ouvre-fenetres-automatiques","8":"pa_kleur-noire","9":"pa_merk-royal-well","10":"pa_productlijn-universel","11":"pa_productsoort-ouverture-automatique-des-fenetres","13":"first","14":"instock","15":"taxable","16":"shipping-taxable","17":"purchasable","18":"product-type-simple"},"yoast_head":"<!-- This site is optimized with the Yoast SEO plugin v27.4 - https:\/\/yoast.com\/product\/yoast-seo-wordpress\/ -->\n<title>Ouverture automatique de fen\u00eatre, noir - Royal Well<\/title>\n<meta name=\"description\" content=\"L&#039;ouverture de fen\u00eatre automatique Royal Well noir assure une ventilation automatique de votre serre en s&#039;adaptant \u00e0 la temp\u00e9rature int\u00e9rieure de celle-ci.\" \/>\n<meta name=\"robots\" content=\"noindex, follow, max-snippet:-1, max-image-preview:large, max-video-preview:-1\" \/>\n<meta property=\"og:locale\" content=\"fr_FR\" \/>\n<meta property=\"og:type\" content=\"article\" \/>\n<meta property=\"og:title\" content=\"Ouverture automatique de fen\u00eatre, noir - Royal Well\" \/>\n<meta property=\"og:description\" content=\"L&#039;ouverture de fen\u00eatre automatique Royal Well noir assure une ventilation automatique de votre serre en s&#039;adaptant \u00e0 la temp\u00e9rature int\u00e9rieure de celle-ci.\" \/>\n<meta property=\"og:url\" content=\"https:\/\/royalwell.demannenachterdeschermen.nl\/fr\/produit\/ouverture-automatique-de-fenetre-noir\/\" \/>\n<meta property=\"og:site_name\" content=\"Royal Well\" \/>\n<meta property=\"og:image\" content=\"https:\/\/royalwell.demannenachterdeschermen.nl\/wp-content\/uploads\/2025\/01\/08719214381257_A1N0-scaled.jpeg\" \/>\n\t<meta property=\"og:image:width\" content=\"2560\" \/>\n\t<meta property=\"og:image:height\" content=\"1702\" \/>\n\t<meta property=\"og:image:type\" content=\"image\/jpeg\" \/>\n<meta name=\"twitter:card\" content=\"summary_large_image\" \/>\n<meta name=\"twitter:label1\" content=\"Dur\u00e9e de lecture estim\u00e9e\" \/>\n\t<meta name=\"twitter:data1\" content=\"1 minute\" \/>\n<script type=\"application\/ld+json\" class=\"yoast-schema-graph\">{\"@context\":\"https:\\\/\\\/schema.org\",\"@graph\":[{\"@type\":\"WebPage\",\"@id\":\"https:\\\/\\\/royalwell.demannenachterdeschermen.nl\\\/fr\\\/produit\\\/ouverture-automatique-de-fenetre-noir\\\/\",\"url\":\"https:\\\/\\\/royalwell.demannenachterdeschermen.nl\\\/fr\\\/produit\\\/ouverture-automatique-de-fenetre-noir\\\/\",\"name\":\"Ouverture automatique de fen\u00eatre, noir - Royal Well\",\"isPartOf\":{\"@id\":\"https:\\\/\\\/royalwell.demannenachterdeschermen.nl\\\/fr\\\/#website\"},\"primaryImageOfPage\":{\"@id\":\"https:\\\/\\\/royalwell.demannenachterdeschermen.nl\\\/fr\\\/produit\\\/ouverture-automatique-de-fenetre-noir\\\/#primaryimage\"},\"image\":{\"@id\":\"https:\\\/\\\/royalwell.demannenachterdeschermen.nl\\\/fr\\\/produit\\\/ouverture-automatique-de-fenetre-noir\\\/#primaryimage\"},\"thumbnailUrl\":\"https:\\\/\\\/royalwell.demannenachterdeschermen.nl\\\/wp-content\\\/uploads\\\/2025\\\/01\\\/08719214381257_A1N0-scaled.jpeg\",\"datePublished\":\"2026-01-28T16:29:23+00:00\",\"description\":\"L'ouverture de fen\u00eatre automatique Royal Well noir assure une ventilation automatique de votre serre en s'adaptant \u00e0 la temp\u00e9rature int\u00e9rieure de celle-ci.\",\"breadcrumb\":{\"@id\":\"https:\\\/\\\/royalwell.demannenachterdeschermen.nl\\\/fr\\\/produit\\\/ouverture-automatique-de-fenetre-noir\\\/#breadcrumb\"},\"inLanguage\":\"fr-FR\",\"potentialAction\":[{\"@type\":\"ReadAction\",\"target\":[\"https:\\\/\\\/royalwell.demannenachterdeschermen.nl\\\/fr\\\/produit\\\/ouverture-automatique-de-fenetre-noir\\\/\"]}]},{\"@type\":\"ImageObject\",\"inLanguage\":\"fr-FR\",\"@id\":\"https:\\\/\\\/royalwell.demannenachterdeschermen.nl\\\/fr\\\/produit\\\/ouverture-automatique-de-fenetre-noir\\\/#primaryimage\",\"url\":\"https:\\\/\\\/royalwell.demannenachterdeschermen.nl\\\/wp-content\\\/uploads\\\/2025\\\/01\\\/08719214381257_A1N0-scaled.jpeg\",\"contentUrl\":\"https:\\\/\\\/royalwell.demannenachterdeschermen.nl\\\/wp-content\\\/uploads\\\/2025\\\/01\\\/08719214381257_A1N0-scaled.jpeg\",\"width\":2560,\"height\":1702},{\"@type\":\"BreadcrumbList\",\"@id\":\"https:\\\/\\\/royalwell.demannenachterdeschermen.nl\\\/fr\\\/produit\\\/ouverture-automatique-de-fenetre-noir\\\/#breadcrumb\",\"itemListElement\":[{\"@type\":\"ListItem\",\"position\":1,\"name\":\"Home\",\"item\":\"https:\\\/\\\/royalwell.demannenachterdeschermen.nl\\\/fr\\\/accueil\\\/\"},{\"@type\":\"ListItem\",\"position\":2,\"name\":\"Gamme de produits\",\"item\":\"https:\\\/\\\/royalwell.demannenachterdeschermen.nl\\\/fr\\\/gamme-de-produits\\\/\"},{\"@type\":\"ListItem\",\"position\":3,\"name\":\"Ouverture automatique de fen\u00eatre, noir\"}]},{\"@type\":\"WebSite\",\"@id\":\"https:\\\/\\\/royalwell.demannenachterdeschermen.nl\\\/fr\\\/#website\",\"url\":\"https:\\\/\\\/royalwell.demannenachterdeschermen.nl\\\/fr\\\/\",\"name\":\"Royal Well\",\"description\":\"Tuinkassen, kweekkassen, hobbykassen\",\"potentialAction\":[{\"@type\":\"SearchAction\",\"target\":{\"@type\":\"EntryPoint\",\"urlTemplate\":\"https:\\\/\\\/royalwell.demannenachterdeschermen.nl\\\/fr\\\/?s={search_term_string}\"},\"query-input\":{\"@type\":\"PropertyValueSpecification\",\"valueRequired\":true,\"valueName\":\"search_term_string\"}}],\"inLanguage\":\"fr-FR\"}]}<\/script>\n<!-- \/ Yoast SEO plugin. -->","yoast_head_json":{"title":"Ouverture automatique de fen\u00eatre, noir - Royal Well","description":"L'ouverture de fen\u00eatre automatique Royal Well noir assure une ventilation automatique de votre serre en s'adaptant \u00e0 la temp\u00e9rature int\u00e9rieure de celle-ci.","robots":{"index":"noindex","follow":"follow","max-snippet":"max-snippet:-1","max-image-preview":"max-image-preview:large","max-video-preview":"max-video-preview:-1"},"og_locale":"fr_FR","og_type":"article","og_title":"Ouverture automatique de fen\u00eatre, noir - Royal Well","og_description":"L'ouverture de fen\u00eatre automatique Royal Well noir assure une ventilation automatique de votre serre en s'adaptant \u00e0 la temp\u00e9rature int\u00e9rieure de celle-ci.","og_url":"https:\/\/royalwell.demannenachterdeschermen.nl\/fr\/produit\/ouverture-automatique-de-fenetre-noir\/","og_site_name":"Royal Well","og_image":[{"width":2560,"height":1702,"url":"https:\/\/royalwell.demannenachterdeschermen.nl\/wp-content\/uploads\/2025\/01\/08719214381257_A1N0-scaled.jpeg","type":"image\/jpeg"}],"twitter_card":"summary_large_image","twitter_misc":{"Dur\u00e9e de lecture estim\u00e9e":"1 minute"},"schema":{"@context":"https:\/\/schema.org","@graph":[{"@type":"WebPage","@id":"https:\/\/royalwell.demannenachterdeschermen.nl\/fr\/produit\/ouverture-automatique-de-fenetre-noir\/","url":"https:\/\/royalwell.demannenachterdeschermen.nl\/fr\/produit\/ouverture-automatique-de-fenetre-noir\/","name":"Ouverture automatique de fen\u00eatre, noir - Royal Well","isPartOf":{"@id":"https:\/\/royalwell.demannenachterdeschermen.nl\/fr\/#website"},"primaryImageOfPage":{"@id":"https:\/\/royalwell.demannenachterdeschermen.nl\/fr\/produit\/ouverture-automatique-de-fenetre-noir\/#primaryimage"},"image":{"@id":"https:\/\/royalwell.demannenachterdeschermen.nl\/fr\/produit\/ouverture-automatique-de-fenetre-noir\/#primaryimage"},"thumbnailUrl":"https:\/\/royalwell.demannenachterdeschermen.nl\/wp-content\/uploads\/2025\/01\/08719214381257_A1N0-scaled.jpeg","datePublished":"2026-01-28T16:29:23+00:00","description":"L'ouverture de fen\u00eatre automatique Royal Well noir assure une ventilation automatique de votre serre en s'adaptant \u00e0 la temp\u00e9rature int\u00e9rieure de celle-ci.","breadcrumb":{"@id":"https:\/\/royalwell.demannenachterdeschermen.nl\/fr\/produit\/ouverture-automatique-de-fenetre-noir\/#breadcrumb"},"inLanguage":"fr-FR","potentialAction":[{"@type":"ReadAction","target":["https:\/\/royalwell.demannenachterdeschermen.nl\/fr\/produit\/ouverture-automatique-de-fenetre-noir\/"]}]},{"@type":"ImageObject","inLanguage":"fr-FR","@id":"https:\/\/royalwell.demannenachterdeschermen.nl\/fr\/produit\/ouverture-automatique-de-fenetre-noir\/#primaryimage","url":"https:\/\/royalwell.demannenachterdeschermen.nl\/wp-content\/uploads\/2025\/01\/08719214381257_A1N0-scaled.jpeg","contentUrl":"https:\/\/royalwell.demannenachterdeschermen.nl\/wp-content\/uploads\/2025\/01\/08719214381257_A1N0-scaled.jpeg","width":2560,"height":1702},{"@type":"BreadcrumbList","@id":"https:\/\/royalwell.demannenachterdeschermen.nl\/fr\/produit\/ouverture-automatique-de-fenetre-noir\/#breadcrumb","itemListElement":[{"@type":"ListItem","position":1,"name":"Home","item":"https:\/\/royalwell.demannenachterdeschermen.nl\/fr\/accueil\/"},{"@type":"ListItem","position":2,"name":"Gamme de produits","item":"https:\/\/royalwell.demannenachterdeschermen.nl\/fr\/gamme-de-produits\/"},{"@type":"ListItem","position":3,"name":"Ouverture automatique de fen\u00eatre, noir"}]},{"@type":"WebSite","@id":"https:\/\/royalwell.demannenachterdeschermen.nl\/fr\/#website","url":"https:\/\/royalwell.demannenachterdeschermen.nl\/fr\/","name":"Royal Well","description":"Tuinkassen, kweekkassen, hobbykassen","potentialAction":[{"@type":"SearchAction","target":{"@type":"EntryPoint","urlTemplate":"https:\/\/royalwell.demannenachterdeschermen.nl\/fr\/?s={search_term_string}"},"query-input":{"@type":"PropertyValueSpecification","valueRequired":true,"valueName":"search_term_string"}}],"inLanguage":"fr-FR"}]}},"_links":{"self":[{"href":"https:\/\/royalwell.demannenachterdeschermen.nl\/fr\/wp-json\/wp\/v2\/product\/243273","targetHints":{"allow":["GET"]}}],"collection":[{"href":"https:\/\/royalwell.demannenachterdeschermen.nl\/fr\/wp-json\/wp\/v2\/product"}],"about":[{"href":"https:\/\/royalwell.demannenachterdeschermen.nl\/fr\/wp-json\/wp\/v2\/types\/product"}],"wp:featuredmedia":[{"embeddable":true,"href":"https:\/\/royalwell.demannenachterdeschermen.nl\/fr\/wp-json\/wp\/v2\/media\/237113"}],"wp:attachment":[{"href":"https:\/\/royalwell.demannenachterdeschermen.nl\/fr\/wp-json\/wp\/v2\/media?parent=243273"}],"wp:term":[{"taxonomy":"product_brand","embeddable":true,"href":"https:\/\/royalwell.demannenachterdeschermen.nl\/fr\/wp-json\/wp\/v2\/product_brand?post=243273"},{"taxonomy":"product_cat","embeddable":true,"href":"https:\/\/royalwell.demannenachterdeschermen.nl\/fr\/wp-json\/wp\/v2\/product_cat?post=243273"},{"taxonomy":"product_tag","embeddable":true,"href":"https:\/\/royalwell.demannenachterdeschermen.nl\/fr\/wp-json\/wp\/v2\/product_tag?post=243273"}],"curies":[{"name":"wp","href":"https:\/\/api.w.org\/{rel}","templated":true}]}}