{"id":242926,"date":"2026-01-28T17:29:24","date_gmt":"2026-01-28T16:29:24","guid":{"rendered":"https:\/\/royalwell.demannenachterdeschermen.nl\/product\/boulon-a-tete-marteau-et-ecrou-en-inox\/"},"modified":"2026-01-28T17:29:24","modified_gmt":"2026-01-28T16:29:24","slug":"boulon-a-tete-marteau-et-ecrou-en-inox","status":"publish","type":"product","link":"https:\/\/royalwell.demannenachterdeschermen.nl\/fr\/produit\/boulon-a-tete-marteau-et-ecrou-en-inox\/","title":{"rendered":"Boulon \u00e0 t\u00eate marteau et \u00e9crou en inox"},"content":{"rendered":"<p>Les boulons et \u00e9crous en acier inoxydable (Inox) sont utilis\u00e9s pour le montage d&rsquo;une serre ou de ses composants.<\/p>\n<p>Les vis M6 x 10 mm ont une t\u00eate carr\u00e9e et s&rsquo;adaptent parfaitement \u00e0 la \u00ab rainure de vis \u00bb du profil\u00e9 en aluminium de la serre. Ces vis peuvent \u00eatre utilis\u00e9es dans toutes les serres <a href=\"https:\/\/royalwell.demannenachterdeschermen.nl\/fr\/produit\/serre-kate-i-noire\/\">Kate<\/a>, <a href=\"https:\/\/royalwell.demannenachterdeschermen.nl\/fr\/produit\/serre-royal-well-anne-i-couleur-vert-gris-ral-7009-avec-verre-de-securite-de-3-mm-fondations-comprises\/\">Anne<\/a> et <a href=\"https:\/\/royalwell.demannenachterdeschermen.nl\/fr\/produit\/serre-mary-i-vert-gris\/\">Mary <\/a>et servent notamment \u00e0 la fixation des tables de travail int\u00e9gr\u00e9es, <a href=\"https:\/\/royalwell.demannenachterdeschermen.nl\/fr\/produit\/etagere-de-culture-pour-kate-i-noir\/\">des \u00e9tag\u00e8res<\/a> et\/ou <a href=\"https:\/\/royalwell.demannenachterdeschermen.nl\/produit\/opklapbare-steun-groengrijs\/\">des supports de planches rabattables<\/a> correspondants. <\/p>\n<p>Un blister contient 10 vis en acier inoxydable M6 x 10 mm et 10 \u00e9crous en acier inoxydable M6.<\/p>\n","protected":false},"excerpt":{"rendered":"<p>Blister contenant 10 vis \u00e0 t\u00eate marteau en acier inoxydable (Inox) et \u00e9crous M6 pour le montage d&rsquo;une serre Royal Well ou de ses composants.<\/p>\n<ul>\n<li>Vis en acier inoxydable (inox) de taille M6 x 10 mm et \u00e9crous correspondants<\/li>\n<li>S&rsquo;adaptent parfaitement \u00e0 la \u00ab rainure de fixation \u00bb des serres Royal Well<\/li>\n<li>Emballage sous blister pratique<\/li>\n<\/ul>\n<p>&nbsp;<\/p>\n<div class=\"et_pb_button_module_wrapper et_pb_button_0_tb_body_wrapper et_pb_module \"><a class=\"et_pb_button et_pb_button_0_tb_body et_pb_bg_layout_light\" href=\"\/manuals\/\" target=\"_blank\" rel=\"noopener\">Instruction de montage<\/a><\/div>\n","protected":false},"featured_media":235267,"template":"","meta":{"_et_pb_use_builder":"","_et_pb_old_content":"","_et_gb_content_width":""},"product_brand":[],"product_cat":[1000,1034],"product_tag":[],"class_list":{"0":"post-242926","1":"product","2":"type-product","3":"status-publish","4":"has-post-thumbnail","6":"product_cat-accessoires","7":"product_cat-pieces-de-montage-pour-la-culture","8":"pa_kleur-aluminium-brut","9":"pa_merk-royal-well","10":"pa_productlijn-universel","11":"pa_productsoort-boulon-et-ecrou-en-acier-inoxydable","13":"first","14":"instock","15":"taxable","16":"shipping-taxable","17":"purchasable","18":"product-type-simple"},"yoast_head":"<!-- This site is optimized with the Yoast SEO plugin v27.4 - https:\/\/yoast.com\/product\/yoast-seo-wordpress\/ -->\n<title>Boulon \u00e0 t\u00eate marteau et \u00e9crou en inox - Royal Well<\/title>\n<meta name=\"description\" content=\"Blister contenant 10 vis \u00e0 t\u00eate marteau en acier inoxydable (Inox) et \u00e9crous M6 pour le montage d&#039;une serre Royal Well ou de ses composants.\" \/>\n<meta name=\"robots\" content=\"noindex, follow, max-snippet:-1, max-image-preview:large, max-video-preview:-1\" \/>\n<meta property=\"og:locale\" content=\"fr_FR\" \/>\n<meta property=\"og:type\" content=\"article\" \/>\n<meta property=\"og:title\" content=\"Boulon \u00e0 t\u00eate marteau et \u00e9crou en inox - Royal Well\" \/>\n<meta property=\"og:description\" content=\"Blister contenant 10 vis \u00e0 t\u00eate marteau en acier inoxydable (Inox) et \u00e9crous M6 pour le montage d&#039;une serre Royal Well ou de ses composants.\" \/>\n<meta property=\"og:url\" content=\"https:\/\/royalwell.demannenachterdeschermen.nl\/fr\/produit\/boulon-a-tete-marteau-et-ecrou-en-inox\/\" \/>\n<meta property=\"og:site_name\" content=\"Royal Well\" \/>\n<meta property=\"og:image\" content=\"https:\/\/royalwell.demannenachterdeschermen.nl\/wp-content\/uploads\/2025\/01\/08718215762003_A1R0-scaled.jpg\" \/>\n\t<meta property=\"og:image:width\" content=\"2560\" \/>\n\t<meta property=\"og:image:height\" content=\"1700\" \/>\n\t<meta property=\"og:image:type\" content=\"image\/jpeg\" \/>\n<meta name=\"twitter:card\" content=\"summary_large_image\" \/>\n<script type=\"application\/ld+json\" class=\"yoast-schema-graph\">{\"@context\":\"https:\\\/\\\/schema.org\",\"@graph\":[{\"@type\":\"WebPage\",\"@id\":\"https:\\\/\\\/royalwell.demannenachterdeschermen.nl\\\/fr\\\/produit\\\/boulon-a-tete-marteau-et-ecrou-en-inox\\\/\",\"url\":\"https:\\\/\\\/royalwell.demannenachterdeschermen.nl\\\/fr\\\/produit\\\/boulon-a-tete-marteau-et-ecrou-en-inox\\\/\",\"name\":\"Boulon \u00e0 t\u00eate marteau et \u00e9crou en inox - Royal Well\",\"isPartOf\":{\"@id\":\"https:\\\/\\\/royalwell.demannenachterdeschermen.nl\\\/fr\\\/#website\"},\"primaryImageOfPage\":{\"@id\":\"https:\\\/\\\/royalwell.demannenachterdeschermen.nl\\\/fr\\\/produit\\\/boulon-a-tete-marteau-et-ecrou-en-inox\\\/#primaryimage\"},\"image\":{\"@id\":\"https:\\\/\\\/royalwell.demannenachterdeschermen.nl\\\/fr\\\/produit\\\/boulon-a-tete-marteau-et-ecrou-en-inox\\\/#primaryimage\"},\"thumbnailUrl\":\"https:\\\/\\\/royalwell.demannenachterdeschermen.nl\\\/wp-content\\\/uploads\\\/2025\\\/01\\\/08718215762003_A1R0-scaled.jpg\",\"datePublished\":\"2026-01-28T16:29:24+00:00\",\"description\":\"Blister contenant 10 vis \u00e0 t\u00eate marteau en acier inoxydable (Inox) et \u00e9crous M6 pour le montage d'une serre Royal Well ou de ses composants.\",\"breadcrumb\":{\"@id\":\"https:\\\/\\\/royalwell.demannenachterdeschermen.nl\\\/fr\\\/produit\\\/boulon-a-tete-marteau-et-ecrou-en-inox\\\/#breadcrumb\"},\"inLanguage\":\"fr-FR\",\"potentialAction\":[{\"@type\":\"ReadAction\",\"target\":[\"https:\\\/\\\/royalwell.demannenachterdeschermen.nl\\\/fr\\\/produit\\\/boulon-a-tete-marteau-et-ecrou-en-inox\\\/\"]}]},{\"@type\":\"ImageObject\",\"inLanguage\":\"fr-FR\",\"@id\":\"https:\\\/\\\/royalwell.demannenachterdeschermen.nl\\\/fr\\\/produit\\\/boulon-a-tete-marteau-et-ecrou-en-inox\\\/#primaryimage\",\"url\":\"https:\\\/\\\/royalwell.demannenachterdeschermen.nl\\\/wp-content\\\/uploads\\\/2025\\\/01\\\/08718215762003_A1R0-scaled.jpg\",\"contentUrl\":\"https:\\\/\\\/royalwell.demannenachterdeschermen.nl\\\/wp-content\\\/uploads\\\/2025\\\/01\\\/08718215762003_A1R0-scaled.jpg\",\"width\":2560,\"height\":1700},{\"@type\":\"BreadcrumbList\",\"@id\":\"https:\\\/\\\/royalwell.demannenachterdeschermen.nl\\\/fr\\\/produit\\\/boulon-a-tete-marteau-et-ecrou-en-inox\\\/#breadcrumb\",\"itemListElement\":[{\"@type\":\"ListItem\",\"position\":1,\"name\":\"Home\",\"item\":\"https:\\\/\\\/royalwell.demannenachterdeschermen.nl\\\/fr\\\/accueil\\\/\"},{\"@type\":\"ListItem\",\"position\":2,\"name\":\"Gamme de produits\",\"item\":\"https:\\\/\\\/royalwell.demannenachterdeschermen.nl\\\/fr\\\/gamme-de-produits\\\/\"},{\"@type\":\"ListItem\",\"position\":3,\"name\":\"Boulon \u00e0 t\u00eate marteau et \u00e9crou en inox\"}]},{\"@type\":\"WebSite\",\"@id\":\"https:\\\/\\\/royalwell.demannenachterdeschermen.nl\\\/fr\\\/#website\",\"url\":\"https:\\\/\\\/royalwell.demannenachterdeschermen.nl\\\/fr\\\/\",\"name\":\"Royal Well\",\"description\":\"Tuinkassen, kweekkassen, hobbykassen\",\"potentialAction\":[{\"@type\":\"SearchAction\",\"target\":{\"@type\":\"EntryPoint\",\"urlTemplate\":\"https:\\\/\\\/royalwell.demannenachterdeschermen.nl\\\/fr\\\/?s={search_term_string}\"},\"query-input\":{\"@type\":\"PropertyValueSpecification\",\"valueRequired\":true,\"valueName\":\"search_term_string\"}}],\"inLanguage\":\"fr-FR\"}]}<\/script>\n<!-- \/ Yoast SEO plugin. -->","yoast_head_json":{"title":"Boulon \u00e0 t\u00eate marteau et \u00e9crou en inox - Royal Well","description":"Blister contenant 10 vis \u00e0 t\u00eate marteau en acier inoxydable (Inox) et \u00e9crous M6 pour le montage d'une serre Royal Well ou de ses composants.","robots":{"index":"noindex","follow":"follow","max-snippet":"max-snippet:-1","max-image-preview":"max-image-preview:large","max-video-preview":"max-video-preview:-1"},"og_locale":"fr_FR","og_type":"article","og_title":"Boulon \u00e0 t\u00eate marteau et \u00e9crou en inox - Royal Well","og_description":"Blister contenant 10 vis \u00e0 t\u00eate marteau en acier inoxydable (Inox) et \u00e9crous M6 pour le montage d'une serre Royal Well ou de ses composants.","og_url":"https:\/\/royalwell.demannenachterdeschermen.nl\/fr\/produit\/boulon-a-tete-marteau-et-ecrou-en-inox\/","og_site_name":"Royal Well","og_image":[{"width":2560,"height":1700,"url":"https:\/\/royalwell.demannenachterdeschermen.nl\/wp-content\/uploads\/2025\/01\/08718215762003_A1R0-scaled.jpg","type":"image\/jpeg"}],"twitter_card":"summary_large_image","schema":{"@context":"https:\/\/schema.org","@graph":[{"@type":"WebPage","@id":"https:\/\/royalwell.demannenachterdeschermen.nl\/fr\/produit\/boulon-a-tete-marteau-et-ecrou-en-inox\/","url":"https:\/\/royalwell.demannenachterdeschermen.nl\/fr\/produit\/boulon-a-tete-marteau-et-ecrou-en-inox\/","name":"Boulon \u00e0 t\u00eate marteau et \u00e9crou en inox - Royal Well","isPartOf":{"@id":"https:\/\/royalwell.demannenachterdeschermen.nl\/fr\/#website"},"primaryImageOfPage":{"@id":"https:\/\/royalwell.demannenachterdeschermen.nl\/fr\/produit\/boulon-a-tete-marteau-et-ecrou-en-inox\/#primaryimage"},"image":{"@id":"https:\/\/royalwell.demannenachterdeschermen.nl\/fr\/produit\/boulon-a-tete-marteau-et-ecrou-en-inox\/#primaryimage"},"thumbnailUrl":"https:\/\/royalwell.demannenachterdeschermen.nl\/wp-content\/uploads\/2025\/01\/08718215762003_A1R0-scaled.jpg","datePublished":"2026-01-28T16:29:24+00:00","description":"Blister contenant 10 vis \u00e0 t\u00eate marteau en acier inoxydable (Inox) et \u00e9crous M6 pour le montage d'une serre Royal Well ou de ses composants.","breadcrumb":{"@id":"https:\/\/royalwell.demannenachterdeschermen.nl\/fr\/produit\/boulon-a-tete-marteau-et-ecrou-en-inox\/#breadcrumb"},"inLanguage":"fr-FR","potentialAction":[{"@type":"ReadAction","target":["https:\/\/royalwell.demannenachterdeschermen.nl\/fr\/produit\/boulon-a-tete-marteau-et-ecrou-en-inox\/"]}]},{"@type":"ImageObject","inLanguage":"fr-FR","@id":"https:\/\/royalwell.demannenachterdeschermen.nl\/fr\/produit\/boulon-a-tete-marteau-et-ecrou-en-inox\/#primaryimage","url":"https:\/\/royalwell.demannenachterdeschermen.nl\/wp-content\/uploads\/2025\/01\/08718215762003_A1R0-scaled.jpg","contentUrl":"https:\/\/royalwell.demannenachterdeschermen.nl\/wp-content\/uploads\/2025\/01\/08718215762003_A1R0-scaled.jpg","width":2560,"height":1700},{"@type":"BreadcrumbList","@id":"https:\/\/royalwell.demannenachterdeschermen.nl\/fr\/produit\/boulon-a-tete-marteau-et-ecrou-en-inox\/#breadcrumb","itemListElement":[{"@type":"ListItem","position":1,"name":"Home","item":"https:\/\/royalwell.demannenachterdeschermen.nl\/fr\/accueil\/"},{"@type":"ListItem","position":2,"name":"Gamme de produits","item":"https:\/\/royalwell.demannenachterdeschermen.nl\/fr\/gamme-de-produits\/"},{"@type":"ListItem","position":3,"name":"Boulon \u00e0 t\u00eate marteau et \u00e9crou en inox"}]},{"@type":"WebSite","@id":"https:\/\/royalwell.demannenachterdeschermen.nl\/fr\/#website","url":"https:\/\/royalwell.demannenachterdeschermen.nl\/fr\/","name":"Royal Well","description":"Tuinkassen, kweekkassen, hobbykassen","potentialAction":[{"@type":"SearchAction","target":{"@type":"EntryPoint","urlTemplate":"https:\/\/royalwell.demannenachterdeschermen.nl\/fr\/?s={search_term_string}"},"query-input":{"@type":"PropertyValueSpecification","valueRequired":true,"valueName":"search_term_string"}}],"inLanguage":"fr-FR"}]}},"_links":{"self":[{"href":"https:\/\/royalwell.demannenachterdeschermen.nl\/fr\/wp-json\/wp\/v2\/product\/242926","targetHints":{"allow":["GET"]}}],"collection":[{"href":"https:\/\/royalwell.demannenachterdeschermen.nl\/fr\/wp-json\/wp\/v2\/product"}],"about":[{"href":"https:\/\/royalwell.demannenachterdeschermen.nl\/fr\/wp-json\/wp\/v2\/types\/product"}],"wp:featuredmedia":[{"embeddable":true,"href":"https:\/\/royalwell.demannenachterdeschermen.nl\/fr\/wp-json\/wp\/v2\/media\/235267"}],"wp:attachment":[{"href":"https:\/\/royalwell.demannenachterdeschermen.nl\/fr\/wp-json\/wp\/v2\/media?parent=242926"}],"wp:term":[{"taxonomy":"product_brand","embeddable":true,"href":"https:\/\/royalwell.demannenachterdeschermen.nl\/fr\/wp-json\/wp\/v2\/product_brand?post=242926"},{"taxonomy":"product_cat","embeddable":true,"href":"https:\/\/royalwell.demannenachterdeschermen.nl\/fr\/wp-json\/wp\/v2\/product_cat?post=242926"},{"taxonomy":"product_tag","embeddable":true,"href":"https:\/\/royalwell.demannenachterdeschermen.nl\/fr\/wp-json\/wp\/v2\/product_tag?post=242926"}],"curies":[{"name":"wp","href":"https:\/\/api.w.org\/{rel}","templated":true}]}}