{"id":242862,"date":"2026-01-28T17:29:24","date_gmt":"2026-01-28T16:29:24","guid":{"rendered":"https:\/\/royalwell.demannenachterdeschermen.nl\/product\/support-de-planche-rabattable-noir\/"},"modified":"2026-01-28T17:29:24","modified_gmt":"2026-01-28T16:29:24","slug":"support-de-planche-rabattable-noir","status":"publish","type":"product","link":"https:\/\/royalwell.demannenachterdeschermen.nl\/fr\/produit\/support-de-planche-rabattable-noir\/","title":{"rendered":"Support de planche rabattable noir"},"content":{"rendered":"<p>Cr\u00e9ez votre propre table de travail sur mesure. Associez le bois et l&rsquo;aluminium dans votre serre gr\u00e2ce aux supports rabattables de Royal Well. Personnalisez v\u00e9ritablement votre espace de travail avec des planches de douglas, des planches de pin ou, par exemple, un panneau de menuiserie en sapin. Gr\u00e2ce aux supports rabattables robustes de Royal Well, c&rsquo;est tout \u00e0 fait possible et vous disposerez d&rsquo;un espace de travail agr\u00e9able dans votre serre qui durera des ann\u00e9es. Et si vous n&rsquo;avez pas besoin de cet espace de travail pour le moment ? Il vous suffit alors de rabattre votre table de travail contre la paroi de la serre.     <\/p>\n<p>Ces supports mesurent 40 x 17 x 2,5 cm et conviennent donc \u00e0 une table de travail d&rsquo;une profondeur de 40 cm. Ce support rabattable se fixe \u00e0 l&rsquo;aide de <a href=\"https:\/\/royalwell.demannenachterdeschermen.nl\/produit\/rvs-hamerkop-bout-en-moer-set-10\/\">vis \u00e0 t\u00eate marteau<\/a> sur les profil\u00e9s de la serre. Ces vis sont fournies. Fixez simplement les planches \u00e0 l&rsquo;aide de vis dans les trous pr\u00e9-perc\u00e9s du support (vis non fournies). Le mat\u00e9riel de fixation n\u00e9cessaire au montage du support dans la serre est toutefois fourni.    <\/p>\n<p>Les supports rabattables sont disponibles en <a href=\"https:\/\/royalwell.demannenachterdeschermen.nl\/produit\/opklapbare-steun-wit\/\">blanc<\/a>, <a href=\"https:\/\/royalwell.demannenachterdeschermen.nl\/fr\/produit\/support-de-planche-rabattable-noir\/\">noir <\/a>ou <a href=\"https:\/\/royalwell.demannenachterdeschermen.nl\/produit\/opklapbare-steun-groengrijs\/\">vert-gris<\/a>. Ils peuvent \u00e9galement \u00eatre utilis\u00e9s, par exemple, dans une remise, un d\u00e9barras ou un garage. <\/p>\n","protected":false},"excerpt":{"rendered":"<p>Cr\u00e9ez votre propre table de travail sur mesure. Associez le bois et l&rsquo;aluminium dans votre serre gr\u00e2ce aux supports rabattables de Royal Well. Personnalisez votre espace de travail \u00e0 votre go\u00fbt avec des \u00e9tag\u00e8res amovibles ou un panneau de menuiserie. Gr\u00e2ce aux supports rabattables robustes de Royal Well, vous y parviendrez \u00e0 coup s\u00fbr et vous disposerez d&rsquo;un espace de travail agr\u00e9able dans votre serre, qui durera des ann\u00e9es.   <\/p>\n<ul>\n<li>Offre un espace de travail robuste pouvant atteindre 40 cm de profondeur<\/li>\n<li>Facilement repliable lorsque l&rsquo;espace de travail n&rsquo;est pas n\u00e9cessaire<\/li>\n<li>Disponible dans les couleurs de votre serre : blanc, noir et vert-gris<\/li>\n<li>Mat\u00e9riel de fixation pour l&rsquo;installation dans la serre inclus<\/li>\n<\/ul>\n<p>&nbsp;<\/p>\n<div class=\"et_pb_button_module_wrapper et_pb_button_0_tb_body_wrapper et_pb_module \"><a class=\"et_pb_button et_pb_button_0_tb_body et_pb_bg_layout_light\" href=\"\/manuals\/\" target=\"_blank\" rel=\"noopener\">Instruction de montage<\/a><\/div>\n","protected":false},"featured_media":235896,"template":"","meta":{"_et_pb_use_builder":"","_et_pb_old_content":"","_et_gb_content_width":""},"product_brand":[],"product_cat":[1000,1001],"product_tag":[],"class_list":{"0":"post-242862","1":"product","2":"type-product","3":"status-publish","4":"has-post-thumbnail","6":"product_cat-accessoires","7":"product_cat-tables-et-etageres-de-culture","8":"pa_kleur-noire","9":"pa_merk-royal-well","10":"pa_productlijn-universel","11":"pa_productsoort-support-rabattable","13":"first","14":"instock","15":"taxable","16":"shipping-taxable","17":"purchasable","18":"product-type-simple"},"yoast_head":"<!-- This site is optimized with the Yoast SEO plugin v27.4 - https:\/\/yoast.com\/product\/yoast-seo-wordpress\/ -->\n<title>Support de planche rabattable noir - Royal Well<\/title>\n<meta name=\"description\" content=\"Associez le bois et l&#039;aluminium dans votre serre gr\u00e2ce aux supports de planches rabattables de Royal Well. Personnalisez votre espace de travail \u00e0 votre go\u00fbt avec des planches individuelles et un panneau de menuiserie.\" \/>\n<meta name=\"robots\" content=\"noindex, follow, max-snippet:-1, max-image-preview:large, max-video-preview:-1\" \/>\n<meta property=\"og:locale\" content=\"fr_FR\" \/>\n<meta property=\"og:type\" content=\"article\" \/>\n<meta property=\"og:title\" content=\"Support de planche rabattable noir - Royal Well\" \/>\n<meta property=\"og:description\" content=\"Associez le bois et l&#039;aluminium dans votre serre gr\u00e2ce aux supports de planches rabattables de Royal Well. Personnalisez votre espace de travail \u00e0 votre go\u00fbt avec des planches individuelles et un panneau de menuiserie.\" \/>\n<meta property=\"og:url\" content=\"https:\/\/royalwell.demannenachterdeschermen.nl\/fr\/produit\/support-de-planche-rabattable-noir\/\" \/>\n<meta property=\"og:site_name\" content=\"Royal Well\" \/>\n<meta property=\"og:image\" content=\"https:\/\/royalwell.demannenachterdeschermen.nl\/wp-content\/uploads\/2025\/01\/08718215762706_A1L0-scaled.jpg\" \/>\n\t<meta property=\"og:image:width\" content=\"1707\" \/>\n\t<meta property=\"og:image:height\" content=\"2560\" \/>\n\t<meta property=\"og:image:type\" content=\"image\/jpeg\" \/>\n<meta name=\"twitter:card\" content=\"summary_large_image\" \/>\n<meta name=\"twitter:label1\" content=\"Dur\u00e9e de lecture estim\u00e9e\" \/>\n\t<meta name=\"twitter:data1\" content=\"1 minute\" \/>\n<script type=\"application\/ld+json\" class=\"yoast-schema-graph\">{\"@context\":\"https:\\\/\\\/schema.org\",\"@graph\":[{\"@type\":\"WebPage\",\"@id\":\"https:\\\/\\\/royalwell.demannenachterdeschermen.nl\\\/fr\\\/produit\\\/support-de-planche-rabattable-noir\\\/\",\"url\":\"https:\\\/\\\/royalwell.demannenachterdeschermen.nl\\\/fr\\\/produit\\\/support-de-planche-rabattable-noir\\\/\",\"name\":\"Support de planche rabattable noir - Royal Well\",\"isPartOf\":{\"@id\":\"https:\\\/\\\/royalwell.demannenachterdeschermen.nl\\\/fr\\\/#website\"},\"primaryImageOfPage\":{\"@id\":\"https:\\\/\\\/royalwell.demannenachterdeschermen.nl\\\/fr\\\/produit\\\/support-de-planche-rabattable-noir\\\/#primaryimage\"},\"image\":{\"@id\":\"https:\\\/\\\/royalwell.demannenachterdeschermen.nl\\\/fr\\\/produit\\\/support-de-planche-rabattable-noir\\\/#primaryimage\"},\"thumbnailUrl\":\"https:\\\/\\\/royalwell.demannenachterdeschermen.nl\\\/wp-content\\\/uploads\\\/2025\\\/01\\\/08718215762706_A1L0-scaled.jpg\",\"datePublished\":\"2026-01-28T16:29:24+00:00\",\"description\":\"Associez le bois et l'aluminium dans votre serre gr\u00e2ce aux supports de planches rabattables de Royal Well. Personnalisez votre espace de travail \u00e0 votre go\u00fbt avec des planches individuelles et un panneau de menuiserie.\",\"breadcrumb\":{\"@id\":\"https:\\\/\\\/royalwell.demannenachterdeschermen.nl\\\/fr\\\/produit\\\/support-de-planche-rabattable-noir\\\/#breadcrumb\"},\"inLanguage\":\"fr-FR\",\"potentialAction\":[{\"@type\":\"ReadAction\",\"target\":[\"https:\\\/\\\/royalwell.demannenachterdeschermen.nl\\\/fr\\\/produit\\\/support-de-planche-rabattable-noir\\\/\"]}]},{\"@type\":\"ImageObject\",\"inLanguage\":\"fr-FR\",\"@id\":\"https:\\\/\\\/royalwell.demannenachterdeschermen.nl\\\/fr\\\/produit\\\/support-de-planche-rabattable-noir\\\/#primaryimage\",\"url\":\"https:\\\/\\\/royalwell.demannenachterdeschermen.nl\\\/wp-content\\\/uploads\\\/2025\\\/01\\\/08718215762706_A1L0-scaled.jpg\",\"contentUrl\":\"https:\\\/\\\/royalwell.demannenachterdeschermen.nl\\\/wp-content\\\/uploads\\\/2025\\\/01\\\/08718215762706_A1L0-scaled.jpg\",\"width\":1707,\"height\":2560},{\"@type\":\"BreadcrumbList\",\"@id\":\"https:\\\/\\\/royalwell.demannenachterdeschermen.nl\\\/fr\\\/produit\\\/support-de-planche-rabattable-noir\\\/#breadcrumb\",\"itemListElement\":[{\"@type\":\"ListItem\",\"position\":1,\"name\":\"Home\",\"item\":\"https:\\\/\\\/royalwell.demannenachterdeschermen.nl\\\/fr\\\/accueil\\\/\"},{\"@type\":\"ListItem\",\"position\":2,\"name\":\"Gamme de produits\",\"item\":\"https:\\\/\\\/royalwell.demannenachterdeschermen.nl\\\/fr\\\/gamme-de-produits\\\/\"},{\"@type\":\"ListItem\",\"position\":3,\"name\":\"Support de planche rabattable noir\"}]},{\"@type\":\"WebSite\",\"@id\":\"https:\\\/\\\/royalwell.demannenachterdeschermen.nl\\\/fr\\\/#website\",\"url\":\"https:\\\/\\\/royalwell.demannenachterdeschermen.nl\\\/fr\\\/\",\"name\":\"Royal Well\",\"description\":\"Tuinkassen, kweekkassen, hobbykassen\",\"potentialAction\":[{\"@type\":\"SearchAction\",\"target\":{\"@type\":\"EntryPoint\",\"urlTemplate\":\"https:\\\/\\\/royalwell.demannenachterdeschermen.nl\\\/fr\\\/?s={search_term_string}\"},\"query-input\":{\"@type\":\"PropertyValueSpecification\",\"valueRequired\":true,\"valueName\":\"search_term_string\"}}],\"inLanguage\":\"fr-FR\"}]}<\/script>\n<!-- \/ Yoast SEO plugin. -->","yoast_head_json":{"title":"Support de planche rabattable noir - Royal Well","description":"Associez le bois et l'aluminium dans votre serre gr\u00e2ce aux supports de planches rabattables de Royal Well. Personnalisez votre espace de travail \u00e0 votre go\u00fbt avec des planches individuelles et un panneau de menuiserie.","robots":{"index":"noindex","follow":"follow","max-snippet":"max-snippet:-1","max-image-preview":"max-image-preview:large","max-video-preview":"max-video-preview:-1"},"og_locale":"fr_FR","og_type":"article","og_title":"Support de planche rabattable noir - Royal Well","og_description":"Associez le bois et l'aluminium dans votre serre gr\u00e2ce aux supports de planches rabattables de Royal Well. Personnalisez votre espace de travail \u00e0 votre go\u00fbt avec des planches individuelles et un panneau de menuiserie.","og_url":"https:\/\/royalwell.demannenachterdeschermen.nl\/fr\/produit\/support-de-planche-rabattable-noir\/","og_site_name":"Royal Well","og_image":[{"width":1707,"height":2560,"url":"https:\/\/royalwell.demannenachterdeschermen.nl\/wp-content\/uploads\/2025\/01\/08718215762706_A1L0-scaled.jpg","type":"image\/jpeg"}],"twitter_card":"summary_large_image","twitter_misc":{"Dur\u00e9e de lecture estim\u00e9e":"1 minute"},"schema":{"@context":"https:\/\/schema.org","@graph":[{"@type":"WebPage","@id":"https:\/\/royalwell.demannenachterdeschermen.nl\/fr\/produit\/support-de-planche-rabattable-noir\/","url":"https:\/\/royalwell.demannenachterdeschermen.nl\/fr\/produit\/support-de-planche-rabattable-noir\/","name":"Support de planche rabattable noir - Royal Well","isPartOf":{"@id":"https:\/\/royalwell.demannenachterdeschermen.nl\/fr\/#website"},"primaryImageOfPage":{"@id":"https:\/\/royalwell.demannenachterdeschermen.nl\/fr\/produit\/support-de-planche-rabattable-noir\/#primaryimage"},"image":{"@id":"https:\/\/royalwell.demannenachterdeschermen.nl\/fr\/produit\/support-de-planche-rabattable-noir\/#primaryimage"},"thumbnailUrl":"https:\/\/royalwell.demannenachterdeschermen.nl\/wp-content\/uploads\/2025\/01\/08718215762706_A1L0-scaled.jpg","datePublished":"2026-01-28T16:29:24+00:00","description":"Associez le bois et l'aluminium dans votre serre gr\u00e2ce aux supports de planches rabattables de Royal Well. Personnalisez votre espace de travail \u00e0 votre go\u00fbt avec des planches individuelles et un panneau de menuiserie.","breadcrumb":{"@id":"https:\/\/royalwell.demannenachterdeschermen.nl\/fr\/produit\/support-de-planche-rabattable-noir\/#breadcrumb"},"inLanguage":"fr-FR","potentialAction":[{"@type":"ReadAction","target":["https:\/\/royalwell.demannenachterdeschermen.nl\/fr\/produit\/support-de-planche-rabattable-noir\/"]}]},{"@type":"ImageObject","inLanguage":"fr-FR","@id":"https:\/\/royalwell.demannenachterdeschermen.nl\/fr\/produit\/support-de-planche-rabattable-noir\/#primaryimage","url":"https:\/\/royalwell.demannenachterdeschermen.nl\/wp-content\/uploads\/2025\/01\/08718215762706_A1L0-scaled.jpg","contentUrl":"https:\/\/royalwell.demannenachterdeschermen.nl\/wp-content\/uploads\/2025\/01\/08718215762706_A1L0-scaled.jpg","width":1707,"height":2560},{"@type":"BreadcrumbList","@id":"https:\/\/royalwell.demannenachterdeschermen.nl\/fr\/produit\/support-de-planche-rabattable-noir\/#breadcrumb","itemListElement":[{"@type":"ListItem","position":1,"name":"Home","item":"https:\/\/royalwell.demannenachterdeschermen.nl\/fr\/accueil\/"},{"@type":"ListItem","position":2,"name":"Gamme de produits","item":"https:\/\/royalwell.demannenachterdeschermen.nl\/fr\/gamme-de-produits\/"},{"@type":"ListItem","position":3,"name":"Support de planche rabattable noir"}]},{"@type":"WebSite","@id":"https:\/\/royalwell.demannenachterdeschermen.nl\/fr\/#website","url":"https:\/\/royalwell.demannenachterdeschermen.nl\/fr\/","name":"Royal Well","description":"Tuinkassen, kweekkassen, hobbykassen","potentialAction":[{"@type":"SearchAction","target":{"@type":"EntryPoint","urlTemplate":"https:\/\/royalwell.demannenachterdeschermen.nl\/fr\/?s={search_term_string}"},"query-input":{"@type":"PropertyValueSpecification","valueRequired":true,"valueName":"search_term_string"}}],"inLanguage":"fr-FR"}]}},"_links":{"self":[{"href":"https:\/\/royalwell.demannenachterdeschermen.nl\/fr\/wp-json\/wp\/v2\/product\/242862","targetHints":{"allow":["GET"]}}],"collection":[{"href":"https:\/\/royalwell.demannenachterdeschermen.nl\/fr\/wp-json\/wp\/v2\/product"}],"about":[{"href":"https:\/\/royalwell.demannenachterdeschermen.nl\/fr\/wp-json\/wp\/v2\/types\/product"}],"wp:featuredmedia":[{"embeddable":true,"href":"https:\/\/royalwell.demannenachterdeschermen.nl\/fr\/wp-json\/wp\/v2\/media\/235896"}],"wp:attachment":[{"href":"https:\/\/royalwell.demannenachterdeschermen.nl\/fr\/wp-json\/wp\/v2\/media?parent=242862"}],"wp:term":[{"taxonomy":"product_brand","embeddable":true,"href":"https:\/\/royalwell.demannenachterdeschermen.nl\/fr\/wp-json\/wp\/v2\/product_brand?post=242862"},{"taxonomy":"product_cat","embeddable":true,"href":"https:\/\/royalwell.demannenachterdeschermen.nl\/fr\/wp-json\/wp\/v2\/product_cat?post=242862"},{"taxonomy":"product_tag","embeddable":true,"href":"https:\/\/royalwell.demannenachterdeschermen.nl\/fr\/wp-json\/wp\/v2\/product_tag?post=242862"}],"curies":[{"name":"wp","href":"https:\/\/api.w.org\/{rel}","templated":true}]}}