{"id":242755,"date":"2026-01-28T17:29:25","date_gmt":"2026-01-28T16:29:25","guid":{"rendered":"https:\/\/royalwell.demannenachterdeschermen.nl\/product\/table-de-culture-pour-mary-i-blanche\/"},"modified":"2026-01-28T17:29:25","modified_gmt":"2026-01-28T16:29:25","slug":"table-de-culture-pour-mary-i-blanche","status":"publish","type":"product","link":"https:\/\/royalwell.demannenachterdeschermen.nl\/fr\/produit\/table-de-culture-pour-mary-i-blanche\/","title":{"rendered":"Table de culture pour Mary I blanche"},"content":{"rendered":"<p>Optimisez l&rsquo;espace dans votre <a href=\"https:\/\/royalwell.demannenachterdeschermen.nl\/fr\/produit\/serre-mary-i-blanche\/\">serre Mary I<\/a> gr\u00e2ce \u00e0 une table de culture int\u00e9gr\u00e9e de Royal Well. Une table de culture vous offre un espace dans votre serre pour semer, rempoter ou arroser vos plantes \u00e0 la hauteur id\u00e9ale. Vous pouvez y faire germer des graines ou y faire pousser de jeunes plants. Cette table de travail vous permet \u00e9galement de gagner de la place dans votre serre pour ranger vos outils, vos pots de culture, vos sachets de graines et tous vos autres petits accessoires de jardinage.  <\/p>\n<p>La structure se compose de 4 poutres, de poteaux et de contreventements. La table est solidement fix\u00e9e \u00e0 la structure de la serre \u00e0 l&rsquo;aide de boulons (\u00e0 t\u00eate marteau) et d&rsquo;\u00e9crous de calibre standard M6. Vous pouvez r\u00e9gler vous-m\u00eame la hauteur, car la table est r\u00e9glable en hauteur lors du montage. La table de culture mesure 42,5 cm de profondeur et s&rsquo;adapte \u00e0 toutes les dimensions de serre, de sorte qu&rsquo;elle occupe parfaitement l&rsquo;espace int\u00e9rieur (profondeur) de la serre. Bien entendu, la table de culture Royal Well est disponible dans la couleur de votre serre.   <\/p>\n<p>Les tables de travail sont disponibles en deux ou trois sections de largeur. Chaque fen\u00eatre lat\u00e9rale correspond \u00e0 une section. Dans le cas de <a href=\"https:\/\/royalwell.demannenachterdeschermen.nl\/fr\/produit\/serre-mary-i-blanche\/\">la serre Mary I blanche<\/a>, un ensemble de tables de travail comprend une table de culture de trois sections de large.  <\/p>\n","protected":false},"excerpt":{"rendered":"<p>Une table de culture vous offre un espace dans votre serre pour semer, rempoter ou arroser vos plantes \u00e0 la hauteur id\u00e9ale. Les tables de culture Royal Well sont parfaitement adapt\u00e9es \u00e0 votre serre. <\/p>\n<ul>\n<li>La structure se compose de 4 poutres, de poteaux et de contreventements.<\/li>\n<li>Une fixation solide au cadre de la serre est r\u00e9alis\u00e9e \u00e0 l&rsquo;aide de boulons (\u00e0 t\u00eate marteau) et d&rsquo;\u00e9crous, de calibre standard M6.<\/li>\n<li>R\u00e9glable en hauteur selon vos besoins<\/li>\n<li>Profondeur : 42,5 cm<\/li>\n<li>S&rsquo;associe parfaitement aux tables de travail assorties<\/li>\n<\/ul>\n<p>&nbsp;<\/p>\n<div class=\"et_pb_button_module_wrapper et_pb_button_0_tb_body_wrapper et_pb_module \"><a class=\"et_pb_button et_pb_button_0_tb_body et_pb_bg_layout_light\" href=\"\/manuals\/08718215762591_F_S01.pdf\" target=\"_blank\" rel=\"noopener\">Instruction de montage<\/a><\/div>\n","protected":false},"featured_media":235657,"template":"","meta":{"_et_pb_use_builder":"","_et_pb_old_content":"","_et_gb_content_width":""},"product_brand":[],"product_cat":[1000,1001],"product_tag":[],"class_list":{"0":"post-242755","1":"product","2":"type-product","3":"status-publish","4":"has-post-thumbnail","6":"product_cat-accessoires","7":"product_cat-tables-et-etageres-de-culture","8":"pa_kleur-blanc","9":"pa_merk-royal-well","10":"pa_productlijn-mary","11":"pa_productsoort-table-de-culture","13":"first","14":"instock","15":"taxable","16":"shipping-taxable","17":"purchasable","18":"product-type-simple"},"yoast_head":"<!-- This site is optimized with the Yoast SEO plugin v27.4 - https:\/\/yoast.com\/product\/yoast-seo-wordpress\/ -->\n<title>Table de culture pour Mary I blanche - Royal Well<\/title>\n<meta name=\"description\" content=\"Optimisez l&#039;espace dans votre serre gr\u00e2ce \u00e0 une table de culture int\u00e9gr\u00e9e de Royal Well, id\u00e9ale pour vos semis, vos cultures jeunes et vos outils.\" \/>\n<meta name=\"robots\" content=\"noindex, follow, max-snippet:-1, max-image-preview:large, max-video-preview:-1\" \/>\n<meta property=\"og:locale\" content=\"fr_FR\" \/>\n<meta property=\"og:type\" content=\"article\" \/>\n<meta property=\"og:title\" content=\"Table de culture pour Mary I blanche - Royal Well\" \/>\n<meta property=\"og:description\" content=\"Optimisez l&#039;espace dans votre serre gr\u00e2ce \u00e0 une table de culture int\u00e9gr\u00e9e de Royal Well, id\u00e9ale pour vos semis, vos cultures jeunes et vos outils.\" \/>\n<meta property=\"og:url\" content=\"https:\/\/royalwell.demannenachterdeschermen.nl\/fr\/produit\/table-de-culture-pour-mary-i-blanche\/\" \/>\n<meta property=\"og:site_name\" content=\"Royal Well\" \/>\n<meta property=\"og:image\" content=\"https:\/\/royalwell.demannenachterdeschermen.nl\/wp-content\/uploads\/2025\/01\/08718215762591_A1L0-scaled.jpg\" \/>\n\t<meta property=\"og:image:width\" content=\"1707\" \/>\n\t<meta property=\"og:image:height\" content=\"2560\" \/>\n\t<meta property=\"og:image:type\" content=\"image\/jpeg\" \/>\n<meta name=\"twitter:card\" content=\"summary_large_image\" \/>\n<meta name=\"twitter:label1\" content=\"Dur\u00e9e de lecture estim\u00e9e\" \/>\n\t<meta name=\"twitter:data1\" content=\"1 minute\" \/>\n<script type=\"application\/ld+json\" class=\"yoast-schema-graph\">{\"@context\":\"https:\\\/\\\/schema.org\",\"@graph\":[{\"@type\":\"WebPage\",\"@id\":\"https:\\\/\\\/royalwell.demannenachterdeschermen.nl\\\/fr\\\/produit\\\/table-de-culture-pour-mary-i-blanche\\\/\",\"url\":\"https:\\\/\\\/royalwell.demannenachterdeschermen.nl\\\/fr\\\/produit\\\/table-de-culture-pour-mary-i-blanche\\\/\",\"name\":\"Table de culture pour Mary I blanche - Royal Well\",\"isPartOf\":{\"@id\":\"https:\\\/\\\/royalwell.demannenachterdeschermen.nl\\\/fr\\\/#website\"},\"primaryImageOfPage\":{\"@id\":\"https:\\\/\\\/royalwell.demannenachterdeschermen.nl\\\/fr\\\/produit\\\/table-de-culture-pour-mary-i-blanche\\\/#primaryimage\"},\"image\":{\"@id\":\"https:\\\/\\\/royalwell.demannenachterdeschermen.nl\\\/fr\\\/produit\\\/table-de-culture-pour-mary-i-blanche\\\/#primaryimage\"},\"thumbnailUrl\":\"https:\\\/\\\/royalwell.demannenachterdeschermen.nl\\\/wp-content\\\/uploads\\\/2025\\\/01\\\/08718215762591_A1L0-scaled.jpg\",\"datePublished\":\"2026-01-28T16:29:25+00:00\",\"description\":\"Optimisez l'espace dans votre serre gr\u00e2ce \u00e0 une table de culture int\u00e9gr\u00e9e de Royal Well, id\u00e9ale pour vos semis, vos cultures jeunes et vos outils.\",\"breadcrumb\":{\"@id\":\"https:\\\/\\\/royalwell.demannenachterdeschermen.nl\\\/fr\\\/produit\\\/table-de-culture-pour-mary-i-blanche\\\/#breadcrumb\"},\"inLanguage\":\"fr-FR\",\"potentialAction\":[{\"@type\":\"ReadAction\",\"target\":[\"https:\\\/\\\/royalwell.demannenachterdeschermen.nl\\\/fr\\\/produit\\\/table-de-culture-pour-mary-i-blanche\\\/\"]}]},{\"@type\":\"ImageObject\",\"inLanguage\":\"fr-FR\",\"@id\":\"https:\\\/\\\/royalwell.demannenachterdeschermen.nl\\\/fr\\\/produit\\\/table-de-culture-pour-mary-i-blanche\\\/#primaryimage\",\"url\":\"https:\\\/\\\/royalwell.demannenachterdeschermen.nl\\\/wp-content\\\/uploads\\\/2025\\\/01\\\/08718215762591_A1L0-scaled.jpg\",\"contentUrl\":\"https:\\\/\\\/royalwell.demannenachterdeschermen.nl\\\/wp-content\\\/uploads\\\/2025\\\/01\\\/08718215762591_A1L0-scaled.jpg\",\"width\":1707,\"height\":2560},{\"@type\":\"BreadcrumbList\",\"@id\":\"https:\\\/\\\/royalwell.demannenachterdeschermen.nl\\\/fr\\\/produit\\\/table-de-culture-pour-mary-i-blanche\\\/#breadcrumb\",\"itemListElement\":[{\"@type\":\"ListItem\",\"position\":1,\"name\":\"Home\",\"item\":\"https:\\\/\\\/royalwell.demannenachterdeschermen.nl\\\/fr\\\/accueil\\\/\"},{\"@type\":\"ListItem\",\"position\":2,\"name\":\"Gamme de produits\",\"item\":\"https:\\\/\\\/royalwell.demannenachterdeschermen.nl\\\/fr\\\/gamme-de-produits\\\/\"},{\"@type\":\"ListItem\",\"position\":3,\"name\":\"Table de culture pour Mary I blanche\"}]},{\"@type\":\"WebSite\",\"@id\":\"https:\\\/\\\/royalwell.demannenachterdeschermen.nl\\\/fr\\\/#website\",\"url\":\"https:\\\/\\\/royalwell.demannenachterdeschermen.nl\\\/fr\\\/\",\"name\":\"Royal Well\",\"description\":\"Tuinkassen, kweekkassen, hobbykassen\",\"potentialAction\":[{\"@type\":\"SearchAction\",\"target\":{\"@type\":\"EntryPoint\",\"urlTemplate\":\"https:\\\/\\\/royalwell.demannenachterdeschermen.nl\\\/fr\\\/?s={search_term_string}\"},\"query-input\":{\"@type\":\"PropertyValueSpecification\",\"valueRequired\":true,\"valueName\":\"search_term_string\"}}],\"inLanguage\":\"fr-FR\"}]}<\/script>\n<!-- \/ Yoast SEO plugin. -->","yoast_head_json":{"title":"Table de culture pour Mary I blanche - Royal Well","description":"Optimisez l'espace dans votre serre gr\u00e2ce \u00e0 une table de culture int\u00e9gr\u00e9e de Royal Well, id\u00e9ale pour vos semis, vos cultures jeunes et vos outils.","robots":{"index":"noindex","follow":"follow","max-snippet":"max-snippet:-1","max-image-preview":"max-image-preview:large","max-video-preview":"max-video-preview:-1"},"og_locale":"fr_FR","og_type":"article","og_title":"Table de culture pour Mary I blanche - Royal Well","og_description":"Optimisez l'espace dans votre serre gr\u00e2ce \u00e0 une table de culture int\u00e9gr\u00e9e de Royal Well, id\u00e9ale pour vos semis, vos cultures jeunes et vos outils.","og_url":"https:\/\/royalwell.demannenachterdeschermen.nl\/fr\/produit\/table-de-culture-pour-mary-i-blanche\/","og_site_name":"Royal Well","og_image":[{"width":1707,"height":2560,"url":"https:\/\/royalwell.demannenachterdeschermen.nl\/wp-content\/uploads\/2025\/01\/08718215762591_A1L0-scaled.jpg","type":"image\/jpeg"}],"twitter_card":"summary_large_image","twitter_misc":{"Dur\u00e9e de lecture estim\u00e9e":"1 minute"},"schema":{"@context":"https:\/\/schema.org","@graph":[{"@type":"WebPage","@id":"https:\/\/royalwell.demannenachterdeschermen.nl\/fr\/produit\/table-de-culture-pour-mary-i-blanche\/","url":"https:\/\/royalwell.demannenachterdeschermen.nl\/fr\/produit\/table-de-culture-pour-mary-i-blanche\/","name":"Table de culture pour Mary I blanche - Royal Well","isPartOf":{"@id":"https:\/\/royalwell.demannenachterdeschermen.nl\/fr\/#website"},"primaryImageOfPage":{"@id":"https:\/\/royalwell.demannenachterdeschermen.nl\/fr\/produit\/table-de-culture-pour-mary-i-blanche\/#primaryimage"},"image":{"@id":"https:\/\/royalwell.demannenachterdeschermen.nl\/fr\/produit\/table-de-culture-pour-mary-i-blanche\/#primaryimage"},"thumbnailUrl":"https:\/\/royalwell.demannenachterdeschermen.nl\/wp-content\/uploads\/2025\/01\/08718215762591_A1L0-scaled.jpg","datePublished":"2026-01-28T16:29:25+00:00","description":"Optimisez l'espace dans votre serre gr\u00e2ce \u00e0 une table de culture int\u00e9gr\u00e9e de Royal Well, id\u00e9ale pour vos semis, vos cultures jeunes et vos outils.","breadcrumb":{"@id":"https:\/\/royalwell.demannenachterdeschermen.nl\/fr\/produit\/table-de-culture-pour-mary-i-blanche\/#breadcrumb"},"inLanguage":"fr-FR","potentialAction":[{"@type":"ReadAction","target":["https:\/\/royalwell.demannenachterdeschermen.nl\/fr\/produit\/table-de-culture-pour-mary-i-blanche\/"]}]},{"@type":"ImageObject","inLanguage":"fr-FR","@id":"https:\/\/royalwell.demannenachterdeschermen.nl\/fr\/produit\/table-de-culture-pour-mary-i-blanche\/#primaryimage","url":"https:\/\/royalwell.demannenachterdeschermen.nl\/wp-content\/uploads\/2025\/01\/08718215762591_A1L0-scaled.jpg","contentUrl":"https:\/\/royalwell.demannenachterdeschermen.nl\/wp-content\/uploads\/2025\/01\/08718215762591_A1L0-scaled.jpg","width":1707,"height":2560},{"@type":"BreadcrumbList","@id":"https:\/\/royalwell.demannenachterdeschermen.nl\/fr\/produit\/table-de-culture-pour-mary-i-blanche\/#breadcrumb","itemListElement":[{"@type":"ListItem","position":1,"name":"Home","item":"https:\/\/royalwell.demannenachterdeschermen.nl\/fr\/accueil\/"},{"@type":"ListItem","position":2,"name":"Gamme de produits","item":"https:\/\/royalwell.demannenachterdeschermen.nl\/fr\/gamme-de-produits\/"},{"@type":"ListItem","position":3,"name":"Table de culture pour Mary I blanche"}]},{"@type":"WebSite","@id":"https:\/\/royalwell.demannenachterdeschermen.nl\/fr\/#website","url":"https:\/\/royalwell.demannenachterdeschermen.nl\/fr\/","name":"Royal Well","description":"Tuinkassen, kweekkassen, hobbykassen","potentialAction":[{"@type":"SearchAction","target":{"@type":"EntryPoint","urlTemplate":"https:\/\/royalwell.demannenachterdeschermen.nl\/fr\/?s={search_term_string}"},"query-input":{"@type":"PropertyValueSpecification","valueRequired":true,"valueName":"search_term_string"}}],"inLanguage":"fr-FR"}]}},"_links":{"self":[{"href":"https:\/\/royalwell.demannenachterdeschermen.nl\/fr\/wp-json\/wp\/v2\/product\/242755","targetHints":{"allow":["GET"]}}],"collection":[{"href":"https:\/\/royalwell.demannenachterdeschermen.nl\/fr\/wp-json\/wp\/v2\/product"}],"about":[{"href":"https:\/\/royalwell.demannenachterdeschermen.nl\/fr\/wp-json\/wp\/v2\/types\/product"}],"wp:featuredmedia":[{"embeddable":true,"href":"https:\/\/royalwell.demannenachterdeschermen.nl\/fr\/wp-json\/wp\/v2\/media\/235657"}],"wp:attachment":[{"href":"https:\/\/royalwell.demannenachterdeschermen.nl\/fr\/wp-json\/wp\/v2\/media?parent=242755"}],"wp:term":[{"taxonomy":"product_brand","embeddable":true,"href":"https:\/\/royalwell.demannenachterdeschermen.nl\/fr\/wp-json\/wp\/v2\/product_brand?post=242755"},{"taxonomy":"product_cat","embeddable":true,"href":"https:\/\/royalwell.demannenachterdeschermen.nl\/fr\/wp-json\/wp\/v2\/product_cat?post=242755"},{"taxonomy":"product_tag","embeddable":true,"href":"https:\/\/royalwell.demannenachterdeschermen.nl\/fr\/wp-json\/wp\/v2\/product_tag?post=242755"}],"curies":[{"name":"wp","href":"https:\/\/api.w.org\/{rel}","templated":true}]}}