{"id":242560,"date":"2026-01-28T17:29:27","date_gmt":"2026-01-28T16:29:27","guid":{"rendered":"https:\/\/royalwell.demannenachterdeschermen.nl\/product\/kweekschap-voor-kate-iv-zwart\/"},"modified":"2026-01-28T17:29:27","modified_gmt":"2026-01-28T16:29:27","slug":"kweekschap-voor-kate-iv-zwart","status":"publish","type":"product","link":"https:\/\/royalwell.demannenachterdeschermen.nl\/fr\/produit\/kweekschap-voor-kate-iv-zwart\/","title":{"rendered":"Kweekschap voor Kate IV zwart"},"content":{"rendered":"<p>Tirez le meilleur parti de l&rsquo;espace dans votre serre. Une \u00e9tag\u00e8re de culture vous permet de gagner de la place dans votre serre pour ranger vos petits pots, vos s\u00e9cateurs, vos bobines de ficelle, vos sachets de graines et tous vos autres petits accessoires de jardinage. Vous pouvez y faire germer des graines ou y faire pousser de jeunes plants.   La structure se compose de deux poutres, de poutrelles et de contreventements. Une fixation solide au cadre de la serre est r\u00e9alis\u00e9e \u00e0 l&rsquo;aide de boulons (\u00e0 t\u00eate marteau) et d&rsquo;\u00e9crous, de calibre standard M6. Vous pouvez r\u00e9gler la hauteur vous-m\u00eame, car l&rsquo;\u00e9tag\u00e8re est r\u00e9glable. L&rsquo;\u00e9tag\u00e8re de culture mesure 22,5 cm de profondeur et s&rsquo;adapte \u00e0 toutes les dimensions de serre, de sorte qu&rsquo;elle comble parfaitement l&rsquo;espace int\u00e9rieur (en profondeur) de la serre. <\/p>\n","protected":false},"excerpt":{"rendered":"<p>Tirez le meilleur parti de l&rsquo;espace dans votre serre. Une \u00e9tag\u00e8re de culture vous permet de gagner de la place dans votre serre pour ranger vos petits pots, vos s\u00e9cateurs, vos bobines de ficelle, vos sachets de graines et tous vos autres petits accessoires de jardinage. Vous pouvez y faire germer des graines ou y faire pousser de jeunes plants.   La structure se compose de deux poutres, de poutrelles et de contreventements. Une fixation solide au cadre de la serre est r\u00e9alis\u00e9e \u00e0 l&rsquo;aide de boulons (\u00e0 t\u00eate marteau) et d&rsquo;\u00e9crous, de calibre standard M6. Vous pouvez r\u00e9gler la hauteur vous-m\u00eame, car l&rsquo;\u00e9tag\u00e8re est r\u00e9glable. L&rsquo;\u00e9tag\u00e8re de culture mesure 22,5 cm de profondeur et s&rsquo;adapte \u00e0 toutes les dimensions de serre, de sorte qu&rsquo;elle comble parfaitement l&rsquo;espace int\u00e9rieur (en profondeur) de la serre. <\/p>\n<div class=\"et_pb_button_module_wrapper et_pb_button_0_tb_body_wrapper et_pb_module \"><a class=\"et_pb_button et_pb_button_0_tb_body et_pb_bg_layout_light\" href=\"\/manuals\/08718215761686_F_S01.pdf\" target=\"_blank\" rel=\"noopener\">Instruction de montage<\/a><\/div>\n","protected":false},"featured_media":234823,"template":"","meta":{"_et_pb_use_builder":"","_et_pb_old_content":"","_et_gb_content_width":""},"product_brand":[],"product_cat":[1000,1001],"product_tag":[],"class_list":{"0":"post-242560","1":"product","2":"type-product","3":"status-publish","4":"has-post-thumbnail","6":"product_cat-accessoires","7":"product_cat-tables-et-etageres-de-culture","8":"pa_kleur-noire","9":"pa_merk-royal-well","10":"pa_productlijn-kate","11":"pa_productsoort-kweekschap","13":"first","14":"instock","15":"taxable","16":"shipping-taxable","17":"purchasable","18":"product-type-simple"},"yoast_head":"<!-- This site is optimized with the Yoast SEO plugin v27.4 - https:\/\/yoast.com\/product\/yoast-seo-wordpress\/ -->\n<title>Kweekschap voor Kate IV zwart - Royal Well<\/title>\n<meta name=\"robots\" content=\"noindex, follow, max-snippet:-1, max-image-preview:large, max-video-preview:-1\" \/>\n<meta property=\"og:locale\" content=\"fr_FR\" \/>\n<meta property=\"og:type\" content=\"article\" \/>\n<meta property=\"og:title\" content=\"Kweekschap voor Kate IV zwart - Royal Well\" \/>\n<meta property=\"og:description\" content=\"Tirez le meilleur parti de l&#039;espace dans votre serre. Une \u00e9tag\u00e8re de culture vous permet de gagner de la place dans votre serre pour ranger vos petits pots, vos s\u00e9cateurs, vos bobines de ficelle, vos sachets de graines et tous vos autres petits accessoires de jardinage. Vous pouvez y faire germer des graines ou y faire pousser de jeunes plants.  La structure se compose de deux poutres, de poutrelles et de contreventements. Une fixation solide au cadre de la serre est r\u00e9alis\u00e9e \u00e0 l&#039;aide de boulons (\u00e0 t\u00eate marteau) et d&#039;\u00e9crous, de calibre standard M6. Vous pouvez r\u00e9gler la hauteur vous-m\u00eame, car l&#039;\u00e9tag\u00e8re est r\u00e9glable. L&#039;\u00e9tag\u00e8re de culture mesure 22,5 cm de profondeur et s&#039;adapte \u00e0 toutes les dimensions de serre, de sorte qu&#039;elle comble parfaitement l&#039;espace int\u00e9rieur (en profondeur) de la serre. Instruction de montage\" \/>\n<meta property=\"og:url\" content=\"https:\/\/royalwell.demannenachterdeschermen.nl\/fr\/produit\/kweekschap-voor-kate-iv-zwart\/\" \/>\n<meta property=\"og:site_name\" content=\"Royal Well\" \/>\n<meta property=\"og:image\" content=\"https:\/\/royalwell.demannenachterdeschermen.nl\/wp-content\/uploads\/2025\/01\/08718215761686_A1L0-scaled.jpg\" \/>\n\t<meta property=\"og:image:width\" content=\"1707\" \/>\n\t<meta property=\"og:image:height\" content=\"2560\" \/>\n\t<meta property=\"og:image:type\" content=\"image\/jpeg\" \/>\n<meta name=\"twitter:card\" content=\"summary_large_image\" \/>\n<meta name=\"twitter:label1\" content=\"Dur\u00e9e de lecture estim\u00e9e\" \/>\n\t<meta name=\"twitter:data1\" content=\"1 minute\" \/>\n<script type=\"application\/ld+json\" class=\"yoast-schema-graph\">{\"@context\":\"https:\\\/\\\/schema.org\",\"@graph\":[{\"@type\":\"WebPage\",\"@id\":\"https:\\\/\\\/royalwell.demannenachterdeschermen.nl\\\/fr\\\/produit\\\/kweekschap-voor-kate-iv-zwart\\\/\",\"url\":\"https:\\\/\\\/royalwell.demannenachterdeschermen.nl\\\/fr\\\/produit\\\/kweekschap-voor-kate-iv-zwart\\\/\",\"name\":\"Kweekschap voor Kate IV zwart - Royal Well\",\"isPartOf\":{\"@id\":\"https:\\\/\\\/royalwell.demannenachterdeschermen.nl\\\/fr\\\/#website\"},\"primaryImageOfPage\":{\"@id\":\"https:\\\/\\\/royalwell.demannenachterdeschermen.nl\\\/fr\\\/produit\\\/kweekschap-voor-kate-iv-zwart\\\/#primaryimage\"},\"image\":{\"@id\":\"https:\\\/\\\/royalwell.demannenachterdeschermen.nl\\\/fr\\\/produit\\\/kweekschap-voor-kate-iv-zwart\\\/#primaryimage\"},\"thumbnailUrl\":\"https:\\\/\\\/royalwell.demannenachterdeschermen.nl\\\/wp-content\\\/uploads\\\/2025\\\/01\\\/08718215761686_A1L0-scaled.jpg\",\"datePublished\":\"2026-01-28T16:29:27+00:00\",\"breadcrumb\":{\"@id\":\"https:\\\/\\\/royalwell.demannenachterdeschermen.nl\\\/fr\\\/produit\\\/kweekschap-voor-kate-iv-zwart\\\/#breadcrumb\"},\"inLanguage\":\"fr-FR\",\"potentialAction\":[{\"@type\":\"ReadAction\",\"target\":[\"https:\\\/\\\/royalwell.demannenachterdeschermen.nl\\\/fr\\\/produit\\\/kweekschap-voor-kate-iv-zwart\\\/\"]}]},{\"@type\":\"ImageObject\",\"inLanguage\":\"fr-FR\",\"@id\":\"https:\\\/\\\/royalwell.demannenachterdeschermen.nl\\\/fr\\\/produit\\\/kweekschap-voor-kate-iv-zwart\\\/#primaryimage\",\"url\":\"https:\\\/\\\/royalwell.demannenachterdeschermen.nl\\\/wp-content\\\/uploads\\\/2025\\\/01\\\/08718215761686_A1L0-scaled.jpg\",\"contentUrl\":\"https:\\\/\\\/royalwell.demannenachterdeschermen.nl\\\/wp-content\\\/uploads\\\/2025\\\/01\\\/08718215761686_A1L0-scaled.jpg\",\"width\":1707,\"height\":2560},{\"@type\":\"BreadcrumbList\",\"@id\":\"https:\\\/\\\/royalwell.demannenachterdeschermen.nl\\\/fr\\\/produit\\\/kweekschap-voor-kate-iv-zwart\\\/#breadcrumb\",\"itemListElement\":[{\"@type\":\"ListItem\",\"position\":1,\"name\":\"Home\",\"item\":\"https:\\\/\\\/royalwell.demannenachterdeschermen.nl\\\/fr\\\/accueil\\\/\"},{\"@type\":\"ListItem\",\"position\":2,\"name\":\"Gamme de produits\",\"item\":\"https:\\\/\\\/royalwell.demannenachterdeschermen.nl\\\/fr\\\/gamme-de-produits\\\/\"},{\"@type\":\"ListItem\",\"position\":3,\"name\":\"Kweekschap voor Kate IV zwart\"}]},{\"@type\":\"WebSite\",\"@id\":\"https:\\\/\\\/royalwell.demannenachterdeschermen.nl\\\/fr\\\/#website\",\"url\":\"https:\\\/\\\/royalwell.demannenachterdeschermen.nl\\\/fr\\\/\",\"name\":\"Royal Well\",\"description\":\"Tuinkassen, kweekkassen, hobbykassen\",\"potentialAction\":[{\"@type\":\"SearchAction\",\"target\":{\"@type\":\"EntryPoint\",\"urlTemplate\":\"https:\\\/\\\/royalwell.demannenachterdeschermen.nl\\\/fr\\\/?s={search_term_string}\"},\"query-input\":{\"@type\":\"PropertyValueSpecification\",\"valueRequired\":true,\"valueName\":\"search_term_string\"}}],\"inLanguage\":\"fr-FR\"}]}<\/script>\n<!-- \/ Yoast SEO plugin. -->","yoast_head_json":{"title":"Kweekschap voor Kate IV zwart - Royal Well","robots":{"index":"noindex","follow":"follow","max-snippet":"max-snippet:-1","max-image-preview":"max-image-preview:large","max-video-preview":"max-video-preview:-1"},"og_locale":"fr_FR","og_type":"article","og_title":"Kweekschap voor Kate IV zwart - Royal Well","og_description":"Tirez le meilleur parti de l'espace dans votre serre. Une \u00e9tag\u00e8re de culture vous permet de gagner de la place dans votre serre pour ranger vos petits pots, vos s\u00e9cateurs, vos bobines de ficelle, vos sachets de graines et tous vos autres petits accessoires de jardinage. Vous pouvez y faire germer des graines ou y faire pousser de jeunes plants.  La structure se compose de deux poutres, de poutrelles et de contreventements. Une fixation solide au cadre de la serre est r\u00e9alis\u00e9e \u00e0 l'aide de boulons (\u00e0 t\u00eate marteau) et d'\u00e9crous, de calibre standard M6. Vous pouvez r\u00e9gler la hauteur vous-m\u00eame, car l'\u00e9tag\u00e8re est r\u00e9glable. L'\u00e9tag\u00e8re de culture mesure 22,5 cm de profondeur et s'adapte \u00e0 toutes les dimensions de serre, de sorte qu'elle comble parfaitement l'espace int\u00e9rieur (en profondeur) de la serre. Instruction de montage","og_url":"https:\/\/royalwell.demannenachterdeschermen.nl\/fr\/produit\/kweekschap-voor-kate-iv-zwart\/","og_site_name":"Royal Well","og_image":[{"width":1707,"height":2560,"url":"https:\/\/royalwell.demannenachterdeschermen.nl\/wp-content\/uploads\/2025\/01\/08718215761686_A1L0-scaled.jpg","type":"image\/jpeg"}],"twitter_card":"summary_large_image","twitter_misc":{"Dur\u00e9e de lecture estim\u00e9e":"1 minute"},"schema":{"@context":"https:\/\/schema.org","@graph":[{"@type":"WebPage","@id":"https:\/\/royalwell.demannenachterdeschermen.nl\/fr\/produit\/kweekschap-voor-kate-iv-zwart\/","url":"https:\/\/royalwell.demannenachterdeschermen.nl\/fr\/produit\/kweekschap-voor-kate-iv-zwart\/","name":"Kweekschap voor Kate IV zwart - Royal Well","isPartOf":{"@id":"https:\/\/royalwell.demannenachterdeschermen.nl\/fr\/#website"},"primaryImageOfPage":{"@id":"https:\/\/royalwell.demannenachterdeschermen.nl\/fr\/produit\/kweekschap-voor-kate-iv-zwart\/#primaryimage"},"image":{"@id":"https:\/\/royalwell.demannenachterdeschermen.nl\/fr\/produit\/kweekschap-voor-kate-iv-zwart\/#primaryimage"},"thumbnailUrl":"https:\/\/royalwell.demannenachterdeschermen.nl\/wp-content\/uploads\/2025\/01\/08718215761686_A1L0-scaled.jpg","datePublished":"2026-01-28T16:29:27+00:00","breadcrumb":{"@id":"https:\/\/royalwell.demannenachterdeschermen.nl\/fr\/produit\/kweekschap-voor-kate-iv-zwart\/#breadcrumb"},"inLanguage":"fr-FR","potentialAction":[{"@type":"ReadAction","target":["https:\/\/royalwell.demannenachterdeschermen.nl\/fr\/produit\/kweekschap-voor-kate-iv-zwart\/"]}]},{"@type":"ImageObject","inLanguage":"fr-FR","@id":"https:\/\/royalwell.demannenachterdeschermen.nl\/fr\/produit\/kweekschap-voor-kate-iv-zwart\/#primaryimage","url":"https:\/\/royalwell.demannenachterdeschermen.nl\/wp-content\/uploads\/2025\/01\/08718215761686_A1L0-scaled.jpg","contentUrl":"https:\/\/royalwell.demannenachterdeschermen.nl\/wp-content\/uploads\/2025\/01\/08718215761686_A1L0-scaled.jpg","width":1707,"height":2560},{"@type":"BreadcrumbList","@id":"https:\/\/royalwell.demannenachterdeschermen.nl\/fr\/produit\/kweekschap-voor-kate-iv-zwart\/#breadcrumb","itemListElement":[{"@type":"ListItem","position":1,"name":"Home","item":"https:\/\/royalwell.demannenachterdeschermen.nl\/fr\/accueil\/"},{"@type":"ListItem","position":2,"name":"Gamme de produits","item":"https:\/\/royalwell.demannenachterdeschermen.nl\/fr\/gamme-de-produits\/"},{"@type":"ListItem","position":3,"name":"Kweekschap voor Kate IV zwart"}]},{"@type":"WebSite","@id":"https:\/\/royalwell.demannenachterdeschermen.nl\/fr\/#website","url":"https:\/\/royalwell.demannenachterdeschermen.nl\/fr\/","name":"Royal Well","description":"Tuinkassen, kweekkassen, hobbykassen","potentialAction":[{"@type":"SearchAction","target":{"@type":"EntryPoint","urlTemplate":"https:\/\/royalwell.demannenachterdeschermen.nl\/fr\/?s={search_term_string}"},"query-input":{"@type":"PropertyValueSpecification","valueRequired":true,"valueName":"search_term_string"}}],"inLanguage":"fr-FR"}]}},"_links":{"self":[{"href":"https:\/\/royalwell.demannenachterdeschermen.nl\/fr\/wp-json\/wp\/v2\/product\/242560","targetHints":{"allow":["GET"]}}],"collection":[{"href":"https:\/\/royalwell.demannenachterdeschermen.nl\/fr\/wp-json\/wp\/v2\/product"}],"about":[{"href":"https:\/\/royalwell.demannenachterdeschermen.nl\/fr\/wp-json\/wp\/v2\/types\/product"}],"wp:featuredmedia":[{"embeddable":true,"href":"https:\/\/royalwell.demannenachterdeschermen.nl\/fr\/wp-json\/wp\/v2\/media\/234823"}],"wp:attachment":[{"href":"https:\/\/royalwell.demannenachterdeschermen.nl\/fr\/wp-json\/wp\/v2\/media?parent=242560"}],"wp:term":[{"taxonomy":"product_brand","embeddable":true,"href":"https:\/\/royalwell.demannenachterdeschermen.nl\/fr\/wp-json\/wp\/v2\/product_brand?post=242560"},{"taxonomy":"product_cat","embeddable":true,"href":"https:\/\/royalwell.demannenachterdeschermen.nl\/fr\/wp-json\/wp\/v2\/product_cat?post=242560"},{"taxonomy":"product_tag","embeddable":true,"href":"https:\/\/royalwell.demannenachterdeschermen.nl\/fr\/wp-json\/wp\/v2\/product_tag?post=242560"}],"curies":[{"name":"wp","href":"https:\/\/api.w.org\/{rel}","templated":true}]}}