{"id":241581,"date":"2026-02-27T17:29:30","date_gmt":"2026-02-27T16:29:30","guid":{"rendered":"https:\/\/royalwell.demannenachterdeschermen.nl\/product\/serre-kate-v-vert-gris\/"},"modified":"2026-04-16T16:56:19","modified_gmt":"2026-04-16T14:56:19","slug":"serre-kate-v-vert-gris","status":"publish","type":"product","link":"https:\/\/royalwell.demannenachterdeschermen.nl\/fr\/produit\/serre-kate-v-vert-gris\/","title":{"rendered":"Serre Kate V Vert-gris"},"content":{"rendered":"<p>La serre Kate V vert-gris de Royal Well est le choix id\u00e9al pour les jardiniers d\u00e9butants comme exp\u00e9riment\u00e9s \u00e0 la recherche d&rsquo;une serre pratique et polyvalente. Ce mod\u00e8le d&rsquo;entr\u00e9e de gamme, dot\u00e9 d&rsquo;un toit en pente et d&rsquo;une porte coulissante simple, offre tout ce dont vous avez besoin pour une culture r\u00e9ussie.<\/p>\n<p>Cette serre est disponible en gris-vert (RAL 7009) et offre une surface d&rsquo;environ 8,3 m\u00b2. Le verre de s\u00e9curit\u00e9 de 3 mm d&rsquo;\u00e9paisseur est solidement fix\u00e9 \u00e0 l&rsquo;int\u00e9rieur \u00e0 l&rsquo;aide d&rsquo;un ruban en mousse amortissant. \u00c0 l&rsquo;ext\u00e9rieur, le verre est habill\u00e9 de bandes de vitrage en PVC. Celles-ci sont faciles \u00e0 installer et assorties \u00e0 la couleur des profil\u00e9s. Les profil\u00e9s pr\u00e9sentent une \u00e9l\u00e9gante finition mate. La serre Kate V est \u00e9galement disponible en <a href=\"https:\/\/royalwell.demannenachterdeschermen.nl\/fr\/produit\/serre-kate-v-blanche\/\">blanc (RAL 9010)<\/a> et en <a href=\"https:\/\/royalwell.demannenachterdeschermen.nl\/fr\/produit\/serre-kate-v-vert-gris\/\">noir (RAL 9005)<\/a>.     <\/p>\n<p>Cette serre est livr\u00e9e avec une fondation enti\u00e8rement int\u00e9gr\u00e9e (ancrages au sol compris). Des mat\u00e9riaux de fixation sont fournis de s\u00e9rie pour fixer la fondation \u00e0 un sol stable (par exemple, un sol carrel\u00e9). Pour installer la serre sur un sol non stabilis\u00e9, utilisez les ancrages de fondation fournis, de la m\u00eame couleur que le cadre. La fondation int\u00e9gr\u00e9e de la serre Kate permet un acc\u00e8s ais\u00e9.   <\/p>\n<p>La plus value, la serre est \u00e9quip\u00e9e de goutti\u00e8res, avec deux tuyaux de descente, qui vous permettent de r\u00e9cup\u00e9rer facilement l&rsquo;eau de pluie. La Kate V vert-gris a une hauteur de fa\u00eetage de 217 cm (fondations comprises) et offre ainsi une hauteur de travail confortable, pour que vous puissiez cultiver en toute simplicit\u00e9. La serre Kate est disponible en cinq profondeurs diff\u00e9rentes, avec des surfaces allant de 3,7 \u00e0 8,3 m\u00b2.  <\/p>\n<p>La serre Kate V vert-gris est \u00e9quip\u00e9e de 3 fen\u00eatres de toit dot\u00e9es d&rsquo;une poign\u00e9e d&rsquo;ouverture. Un <a href=\"https:\/\/royalwell.demannenachterdeschermen.nl\/produit\/automatic-opener-zwart\/\">syst\u00e8me d&rsquo;ouverture automatique des fen\u00eatres <\/a>est \u00e9galement disponible en option. Celui-ci ouvre automatiquement la fen\u00eatre en fonction du thermostat r\u00e9glable en continu. Ainsi, vos cultures sont ventil\u00e9es m\u00eame lorsque vous n&rsquo;\u00eates pas l\u00e0. Avec une hauteur de fa\u00eetage de 211 cm, cette serre offre une hauteur de travail confortable, vous permettant de cultiver en toute aisance. Des accessoires pratiques sont \u00e9galement disponibles, tels que <a href=\"https:\/\/royalwell.demannenachterdeschermen.nl\/produit\/set-plantspiralen-zwart\/\">des supports en spirale pour plantes<\/a>, <a href=\"https:\/\/royalwell.demannenachterdeschermen.nl\/produit\/pothouders-groengrijs-set-4\/\">des porte-pots<\/a> et <a href=\"https:\/\/royalwell.demannenachterdeschermen.nl\/produit\/kweekbak-container-15-l\/\">des bacs de culture<\/a>.     <\/p>\n<p>Que vous souhaitiez cultiver \u00e0 petite ou \u00e0 grande \u00e9chelle, la serre Kate offre l&rsquo;espace id\u00e9al pour permettre \u00e0 vos plantes de s&rsquo;\u00e9panouir pleinement.<\/p>\n","protected":false},"excerpt":{"rendered":"<p>Tuinkas Kate V groengrijs van Royal Well is de ideale keuze voor zowel beginnende als ervaren kwekers die op zoek zijn naar een praktische en veelzijdige kas. Dit instapmodel met puntdak en schuifdeur biedt alles wat je nodig hebt voor een succesvolle kweekervaring. Deze kas is uitgevoerd in het groengrijs (RAL 7009) en heeft een oppervlakte van ca. 8,3 m2.  <\/p>\n<ul>\n<li>Enti\u00e8rement r\u00e9alis\u00e9 en couleur, avec du verre de s\u00e9curit\u00e9 de 3 mm, des goutti\u00e8res et des fondations<\/li>\n<li>Fondations comprises, enti\u00e8rement int\u00e9gr\u00e9 avec un acc\u00e8s bas<\/li>\n<li>Tr\u00e8s spacieux gr\u00e2ce \u00e0 sa porte haute, \u00e0 la hauteur confortable de la goutti\u00e8re et \u00e0 la hauteur g\u00e9n\u00e9reuse de fa\u00eetage<\/li>\n<li>Fixation du verre \u00e0 l&rsquo;aide de baguettes de vitrage assorties<\/li>\n<li>Une large gamme d&rsquo;accessoires \u00e9l\u00e9gants et pratiques est disponible<\/li>\n<\/ul>\n<div><\/div>\n<div class=\"et_pb_button_module_wrapper et_pb_button_0_tb_body_wrapper et_pb_module \"><a class=\"et_pb_button et_pb_button_0_tb_body et_pb_bg_layout_light\" href=\"\/manuals\/Handleiding_Kate_final.pdf\" target=\"_blank\" rel=\"noopener\">Instruction de montage<\/a><\/div>\n","protected":false},"featured_media":240582,"template":"","meta":{"_et_pb_use_builder":"","_et_pb_old_content":"","_et_gb_content_width":""},"product_brand":[],"product_cat":[910],"product_tag":[],"class_list":{"0":"post-241581","1":"product","2":"type-product","3":"status-publish","4":"has-post-thumbnail","6":"product_cat-serres-de-jardin","7":"pa_kleur-vert-gris","8":"pa_materiaal-glas-verre-de-securite","9":"pa_merk-royal-well","10":"pa_productlijn-kate","11":"pa_productsoort-serre-de-jardin","13":"first","14":"instock","15":"taxable","16":"shipping-taxable","17":"purchasable","18":"product-type-simple"},"yoast_head":"<!-- This site is optimized with the Yoast SEO plugin v27.4 - https:\/\/yoast.com\/product\/yoast-seo-wordpress\/ -->\n<title>Serre Kate V Vert-gris - Royal Well<\/title>\n<meta name=\"description\" content=\"La serre Kate V vert-gris de Royal Well est le choix id\u00e9al pour les jardiniers \u00e0 la recherche d&#039;une serre pratique et polyvalente.\" \/>\n<meta name=\"robots\" content=\"noindex, follow, max-snippet:-1, max-image-preview:large, max-video-preview:-1\" \/>\n<meta property=\"og:locale\" content=\"fr_FR\" \/>\n<meta property=\"og:type\" content=\"article\" \/>\n<meta property=\"og:title\" content=\"Serre Kate V Vert-gris - Royal Well\" \/>\n<meta property=\"og:description\" content=\"La serre Kate V vert-gris de Royal Well est le choix id\u00e9al pour les jardiniers \u00e0 la recherche d&#039;une serre pratique et polyvalente.\" \/>\n<meta property=\"og:url\" content=\"https:\/\/royalwell.demannenachterdeschermen.nl\/fr\/produit\/serre-kate-v-vert-gris\/\" \/>\n<meta property=\"og:site_name\" content=\"Royal Well\" \/>\n<meta property=\"article:modified_time\" content=\"2026-04-16T14:56:19+00:00\" \/>\n<meta property=\"og:image\" content=\"https:\/\/royalwell.demannenachterdeschermen.nl\/wp-content\/uploads\/2026\/01\/1063710-Kate-V-Groengrijs-Product_image_0.jpg\" \/>\n\t<meta property=\"og:image:width\" content=\"2500\" \/>\n\t<meta property=\"og:image:height\" content=\"2500\" \/>\n\t<meta property=\"og:image:type\" content=\"image\/jpeg\" \/>\n<meta name=\"twitter:card\" content=\"summary_large_image\" \/>\n<meta name=\"twitter:label1\" content=\"Dur\u00e9e de lecture estim\u00e9e\" \/>\n\t<meta name=\"twitter:data1\" content=\"2 minutes\" \/>\n<script type=\"application\/ld+json\" class=\"yoast-schema-graph\">{\"@context\":\"https:\\\/\\\/schema.org\",\"@graph\":[{\"@type\":\"WebPage\",\"@id\":\"https:\\\/\\\/royalwell.demannenachterdeschermen.nl\\\/fr\\\/produit\\\/serre-kate-v-vert-gris\\\/\",\"url\":\"https:\\\/\\\/royalwell.demannenachterdeschermen.nl\\\/fr\\\/produit\\\/serre-kate-v-vert-gris\\\/\",\"name\":\"Serre Kate V Vert-gris - Royal Well\",\"isPartOf\":{\"@id\":\"https:\\\/\\\/royalwell.demannenachterdeschermen.nl\\\/fr\\\/#website\"},\"primaryImageOfPage\":{\"@id\":\"https:\\\/\\\/royalwell.demannenachterdeschermen.nl\\\/fr\\\/produit\\\/serre-kate-v-vert-gris\\\/#primaryimage\"},\"image\":{\"@id\":\"https:\\\/\\\/royalwell.demannenachterdeschermen.nl\\\/fr\\\/produit\\\/serre-kate-v-vert-gris\\\/#primaryimage\"},\"thumbnailUrl\":\"https:\\\/\\\/royalwell.demannenachterdeschermen.nl\\\/wp-content\\\/uploads\\\/2026\\\/01\\\/1063710-Kate-V-Groengrijs-Product_image_0.jpg\",\"datePublished\":\"2026-02-27T16:29:30+00:00\",\"dateModified\":\"2026-04-16T14:56:19+00:00\",\"description\":\"La serre Kate V vert-gris de Royal Well est le choix id\u00e9al pour les jardiniers \u00e0 la recherche d'une serre pratique et polyvalente.\",\"breadcrumb\":{\"@id\":\"https:\\\/\\\/royalwell.demannenachterdeschermen.nl\\\/fr\\\/produit\\\/serre-kate-v-vert-gris\\\/#breadcrumb\"},\"inLanguage\":\"fr-FR\",\"potentialAction\":[{\"@type\":\"ReadAction\",\"target\":[\"https:\\\/\\\/royalwell.demannenachterdeschermen.nl\\\/fr\\\/produit\\\/serre-kate-v-vert-gris\\\/\"]}]},{\"@type\":\"ImageObject\",\"inLanguage\":\"fr-FR\",\"@id\":\"https:\\\/\\\/royalwell.demannenachterdeschermen.nl\\\/fr\\\/produit\\\/serre-kate-v-vert-gris\\\/#primaryimage\",\"url\":\"https:\\\/\\\/royalwell.demannenachterdeschermen.nl\\\/wp-content\\\/uploads\\\/2026\\\/01\\\/1063710-Kate-V-Groengrijs-Product_image_0.jpg\",\"contentUrl\":\"https:\\\/\\\/royalwell.demannenachterdeschermen.nl\\\/wp-content\\\/uploads\\\/2026\\\/01\\\/1063710-Kate-V-Groengrijs-Product_image_0.jpg\",\"width\":2500,\"height\":2500,\"caption\":\"Kate V\"},{\"@type\":\"BreadcrumbList\",\"@id\":\"https:\\\/\\\/royalwell.demannenachterdeschermen.nl\\\/fr\\\/produit\\\/serre-kate-v-vert-gris\\\/#breadcrumb\",\"itemListElement\":[{\"@type\":\"ListItem\",\"position\":1,\"name\":\"Home\",\"item\":\"https:\\\/\\\/royalwell.demannenachterdeschermen.nl\\\/fr\\\/accueil\\\/\"},{\"@type\":\"ListItem\",\"position\":2,\"name\":\"Gamme de produits\",\"item\":\"https:\\\/\\\/royalwell.demannenachterdeschermen.nl\\\/fr\\\/gamme-de-produits\\\/\"},{\"@type\":\"ListItem\",\"position\":3,\"name\":\"Serre Kate V Vert-gris\"}]},{\"@type\":\"WebSite\",\"@id\":\"https:\\\/\\\/royalwell.demannenachterdeschermen.nl\\\/fr\\\/#website\",\"url\":\"https:\\\/\\\/royalwell.demannenachterdeschermen.nl\\\/fr\\\/\",\"name\":\"Royal Well\",\"description\":\"Tuinkassen, kweekkassen, hobbykassen\",\"potentialAction\":[{\"@type\":\"SearchAction\",\"target\":{\"@type\":\"EntryPoint\",\"urlTemplate\":\"https:\\\/\\\/royalwell.demannenachterdeschermen.nl\\\/fr\\\/?s={search_term_string}\"},\"query-input\":{\"@type\":\"PropertyValueSpecification\",\"valueRequired\":true,\"valueName\":\"search_term_string\"}}],\"inLanguage\":\"fr-FR\"}]}<\/script>\n<!-- \/ Yoast SEO plugin. -->","yoast_head_json":{"title":"Serre Kate V Vert-gris - Royal Well","description":"La serre Kate V vert-gris de Royal Well est le choix id\u00e9al pour les jardiniers \u00e0 la recherche d'une serre pratique et polyvalente.","robots":{"index":"noindex","follow":"follow","max-snippet":"max-snippet:-1","max-image-preview":"max-image-preview:large","max-video-preview":"max-video-preview:-1"},"og_locale":"fr_FR","og_type":"article","og_title":"Serre Kate V Vert-gris - Royal Well","og_description":"La serre Kate V vert-gris de Royal Well est le choix id\u00e9al pour les jardiniers \u00e0 la recherche d'une serre pratique et polyvalente.","og_url":"https:\/\/royalwell.demannenachterdeschermen.nl\/fr\/produit\/serre-kate-v-vert-gris\/","og_site_name":"Royal Well","article_modified_time":"2026-04-16T14:56:19+00:00","og_image":[{"width":2500,"height":2500,"url":"https:\/\/royalwell.demannenachterdeschermen.nl\/wp-content\/uploads\/2026\/01\/1063710-Kate-V-Groengrijs-Product_image_0.jpg","type":"image\/jpeg"}],"twitter_card":"summary_large_image","twitter_misc":{"Dur\u00e9e de lecture estim\u00e9e":"2 minutes"},"schema":{"@context":"https:\/\/schema.org","@graph":[{"@type":"WebPage","@id":"https:\/\/royalwell.demannenachterdeschermen.nl\/fr\/produit\/serre-kate-v-vert-gris\/","url":"https:\/\/royalwell.demannenachterdeschermen.nl\/fr\/produit\/serre-kate-v-vert-gris\/","name":"Serre Kate V Vert-gris - Royal Well","isPartOf":{"@id":"https:\/\/royalwell.demannenachterdeschermen.nl\/fr\/#website"},"primaryImageOfPage":{"@id":"https:\/\/royalwell.demannenachterdeschermen.nl\/fr\/produit\/serre-kate-v-vert-gris\/#primaryimage"},"image":{"@id":"https:\/\/royalwell.demannenachterdeschermen.nl\/fr\/produit\/serre-kate-v-vert-gris\/#primaryimage"},"thumbnailUrl":"https:\/\/royalwell.demannenachterdeschermen.nl\/wp-content\/uploads\/2026\/01\/1063710-Kate-V-Groengrijs-Product_image_0.jpg","datePublished":"2026-02-27T16:29:30+00:00","dateModified":"2026-04-16T14:56:19+00:00","description":"La serre Kate V vert-gris de Royal Well est le choix id\u00e9al pour les jardiniers \u00e0 la recherche d'une serre pratique et polyvalente.","breadcrumb":{"@id":"https:\/\/royalwell.demannenachterdeschermen.nl\/fr\/produit\/serre-kate-v-vert-gris\/#breadcrumb"},"inLanguage":"fr-FR","potentialAction":[{"@type":"ReadAction","target":["https:\/\/royalwell.demannenachterdeschermen.nl\/fr\/produit\/serre-kate-v-vert-gris\/"]}]},{"@type":"ImageObject","inLanguage":"fr-FR","@id":"https:\/\/royalwell.demannenachterdeschermen.nl\/fr\/produit\/serre-kate-v-vert-gris\/#primaryimage","url":"https:\/\/royalwell.demannenachterdeschermen.nl\/wp-content\/uploads\/2026\/01\/1063710-Kate-V-Groengrijs-Product_image_0.jpg","contentUrl":"https:\/\/royalwell.demannenachterdeschermen.nl\/wp-content\/uploads\/2026\/01\/1063710-Kate-V-Groengrijs-Product_image_0.jpg","width":2500,"height":2500,"caption":"Kate V"},{"@type":"BreadcrumbList","@id":"https:\/\/royalwell.demannenachterdeschermen.nl\/fr\/produit\/serre-kate-v-vert-gris\/#breadcrumb","itemListElement":[{"@type":"ListItem","position":1,"name":"Home","item":"https:\/\/royalwell.demannenachterdeschermen.nl\/fr\/accueil\/"},{"@type":"ListItem","position":2,"name":"Gamme de produits","item":"https:\/\/royalwell.demannenachterdeschermen.nl\/fr\/gamme-de-produits\/"},{"@type":"ListItem","position":3,"name":"Serre Kate V Vert-gris"}]},{"@type":"WebSite","@id":"https:\/\/royalwell.demannenachterdeschermen.nl\/fr\/#website","url":"https:\/\/royalwell.demannenachterdeschermen.nl\/fr\/","name":"Royal Well","description":"Tuinkassen, kweekkassen, hobbykassen","potentialAction":[{"@type":"SearchAction","target":{"@type":"EntryPoint","urlTemplate":"https:\/\/royalwell.demannenachterdeschermen.nl\/fr\/?s={search_term_string}"},"query-input":{"@type":"PropertyValueSpecification","valueRequired":true,"valueName":"search_term_string"}}],"inLanguage":"fr-FR"}]}},"_links":{"self":[{"href":"https:\/\/royalwell.demannenachterdeschermen.nl\/fr\/wp-json\/wp\/v2\/product\/241581","targetHints":{"allow":["GET"]}}],"collection":[{"href":"https:\/\/royalwell.demannenachterdeschermen.nl\/fr\/wp-json\/wp\/v2\/product"}],"about":[{"href":"https:\/\/royalwell.demannenachterdeschermen.nl\/fr\/wp-json\/wp\/v2\/types\/product"}],"wp:featuredmedia":[{"embeddable":true,"href":"https:\/\/royalwell.demannenachterdeschermen.nl\/fr\/wp-json\/wp\/v2\/media\/240582"}],"wp:attachment":[{"href":"https:\/\/royalwell.demannenachterdeschermen.nl\/fr\/wp-json\/wp\/v2\/media?parent=241581"}],"wp:term":[{"taxonomy":"product_brand","embeddable":true,"href":"https:\/\/royalwell.demannenachterdeschermen.nl\/fr\/wp-json\/wp\/v2\/product_brand?post=241581"},{"taxonomy":"product_cat","embeddable":true,"href":"https:\/\/royalwell.demannenachterdeschermen.nl\/fr\/wp-json\/wp\/v2\/product_cat?post=241581"},{"taxonomy":"product_tag","embeddable":true,"href":"https:\/\/royalwell.demannenachterdeschermen.nl\/fr\/wp-json\/wp\/v2\/product_tag?post=241581"}],"curies":[{"name":"wp","href":"https:\/\/api.w.org\/{rel}","templated":true}]}}