{"id":241533,"date":"2026-01-28T17:29:32","date_gmt":"2026-01-28T16:29:32","guid":{"rendered":"https:\/\/royalwell.demannenachterdeschermen.nl\/product\/chassis-de-couche-parsley-planter-large-noire-4-mm-verre-de-securite\/"},"modified":"2026-03-31T17:13:29","modified_gmt":"2026-03-31T15:13:29","slug":"chassis-de-couche-parsley-planter-large-noire-4-mm-verre-de-securite","status":"publish","type":"product","link":"https:\/\/royalwell.demannenachterdeschermen.nl\/fr\/produit\/chassis-de-couche-parsley-planter-large-noire-4-mm-verre-de-securite\/","title":{"rendered":"Ch\u00e2ssis de couche Parsley Planter Large noire 4 mm verre de s\u00e9curit\u00e9"},"content":{"rendered":"<p>Pour obtenir un r\u00e9sultat optimal, il est essentiel de commencer t\u00f4t au printemps, et cela se fait bien s\u00fbr dans un ch\u00e2ssis de couche. Avec le ch\u00e2ssis de couche Parsley Planter Large de Royal Well, de couleur noire, un ch\u00e2ssis de couche en verre, vous b\u00e9n\u00e9ficiez d&rsquo;une excellente visibilit\u00e9 sur vos plantes en pleine croissance tout en les prot\u00e9geant du gel, de la pluie, du vent et des d\u00e9g\u00e2ts caus\u00e9s par les insectes et les lapins. Que vous souhaitiez cultiver des plantes, des l\u00e9gumes ou des herbes aromatiques, le Parsley Planter vous offre tout ce dont vous avez besoin pour une r\u00e9colte exceptionnelle. Parsley Planter Large noire mesure 80 x 120 x 46 cm (l x p x h), pr\u00e9sente un design innovant et est \u00e9quip\u00e9e de verre de s\u00e9curit\u00e9 de 4 mm d&rsquo;\u00e9paisseur pour plus de solidit\u00e9 et de s\u00e9curit\u00e9. Le ch\u00e2ssis de couche est dot\u00e9 de fen\u00eatres \u00e0 battants r\u00e9glables en hauteur, ce qui vous permet d&rsquo;ajuster facilement le climat de culture pour des conditions de croissance optimales. Les fen\u00eatres \u00e0 battants sont \u00e9quip\u00e9es de fermetures \u00e0 charni\u00e8res, qui vous permettent de les bloquer pour \u00e9viter qu&rsquo;elles ne s&rsquo;ouvrent sous l&rsquo;effet d&rsquo;un vent violent. Ce ch\u00e2ssis de couche est livr\u00e9 en kit et s&rsquo;assemble facilement \u00e0 l&rsquo;aide du manuel d&rsquo;instructions clair fourni. Pour une installation encore plus solide, vous pouvez placer le Parsley Planter sur un cadre sur\u00e9lev\u00e9 (en bois) de votre fabrication, ce qui offre \u00e9galement plus de hauteur et un ancrage solide au sol. Des supports de montage sont fournis de s\u00e9rie \u00e0 cet effet. Vous pouvez \u00e9galement placer le Parsley Planter sur l&rsquo;un des bacs de culture en bois de Royal Well. Avec le Parsley Planter Large noire de Royal Well, vous tirerez le meilleur parti de votre saison de culture.          <\/p>\n","protected":false},"excerpt":{"rendered":"<p>Le ch\u00e2ssis de couche Parsley Planter est id\u00e9ale pour une utilisation au d\u00e9but du printemps et transforme les premiers rayons de soleil en \u00e9nergie pour les jeunes plants. Dot\u00e9e de 4 fen\u00eatres \u00e0 battant, ce ch\u00e2ssis de couche est tr\u00e8s facile d&rsquo;acc\u00e8s. De plus, ces fen\u00eatres peuvent \u00eatre ouvertes \u00e0 n&rsquo;importe quelle position, ce qui vous permet de choisir vous-m\u00eame la quantit\u00e9 d&rsquo;air frais dont les plantes ont besoin. Associez ce ch\u00e2ssis de couche \u00e0 la Parsley Grow Box Large de Royal Well pour cultiver en hauteur.   <\/p>\n<div class=\"et_pb_button_module_wrapper et_pb_button_0_tb_body_wrapper et_pb_module \"><a class=\"et_pb_button et_pb_button_0_tb_body et_pb_bg_layout_light\" href=\"\/manuals\/Handleiding_Parsley_Planter_L.pdf\" target=\"_blank\" rel=\"noopener\">Mode d&#8217;emploi<\/a><\/div>\n","protected":false},"featured_media":232914,"template":"","meta":{"_et_pb_use_builder":"","_et_pb_old_content":"","_et_gb_content_width":""},"product_brand":[],"product_cat":[895,889],"product_tag":[],"class_list":{"0":"post-241533","1":"product","2":"type-product","3":"status-publish","4":"has-post-thumbnail","6":"product_cat-chassis-de-couche","7":"product_cat-cultiver-a-petite-echelle","8":"pa_kleur-noire","9":"pa_materiaal-glas-verre-de-securite","10":"pa_merk-royal-well","11":"pa_productlijn-parsley-planter","12":"pa_productsoort-chassis-de-couche","14":"first","15":"instock","16":"taxable","17":"shipping-taxable","18":"purchasable","19":"product-type-simple"},"yoast_head":"<!-- This site is optimized with the Yoast SEO plugin v27.4 - https:\/\/yoast.com\/product\/yoast-seo-wordpress\/ -->\n<title>Ch\u00e2ssis de couche Parsley Planter Large noire 4 mm verre de s\u00e9curit\u00e9 - Royal Well<\/title>\n<meta name=\"robots\" content=\"noindex, follow, max-snippet:-1, max-image-preview:large, max-video-preview:-1\" \/>\n<meta property=\"og:locale\" content=\"fr_FR\" \/>\n<meta property=\"og:type\" content=\"article\" \/>\n<meta property=\"og:title\" content=\"Ch\u00e2ssis de couche Parsley Planter Large noire 4 mm verre de s\u00e9curit\u00e9 - Royal Well\" \/>\n<meta property=\"og:description\" content=\"Le ch\u00e2ssis de couche Parsley Planter est id\u00e9ale pour une utilisation au d\u00e9but du printemps et transforme les premiers rayons de soleil en \u00e9nergie pour les jeunes plants. Dot\u00e9e de 4 fen\u00eatres \u00e0 battant, ce ch\u00e2ssis de couche est tr\u00e8s facile d&#039;acc\u00e8s. De plus, ces fen\u00eatres peuvent \u00eatre ouvertes \u00e0 n&#039;importe quelle position, ce qui vous permet de choisir vous-m\u00eame la quantit\u00e9 d&#039;air frais dont les plantes ont besoin. Associez ce ch\u00e2ssis de couche \u00e0 la Parsley Grow Box Large de Royal Well pour cultiver en hauteur.  Mode d&#039;emploi\" \/>\n<meta property=\"og:url\" content=\"https:\/\/royalwell.demannenachterdeschermen.nl\/fr\/produit\/chassis-de-couche-parsley-planter-large-noire-4-mm-verre-de-securite\/\" \/>\n<meta property=\"og:site_name\" content=\"Royal Well\" \/>\n<meta property=\"article:modified_time\" content=\"2026-03-31T15:13:29+00:00\" \/>\n<meta property=\"og:image\" content=\"https:\/\/royalwell.demannenachterdeschermen.nl\/wp-content\/uploads\/2025\/01\/08718215761426_A2N0-scaled.jpg\" \/>\n\t<meta property=\"og:image:width\" content=\"1707\" \/>\n\t<meta property=\"og:image:height\" content=\"2560\" \/>\n\t<meta property=\"og:image:type\" content=\"image\/jpeg\" \/>\n<meta name=\"twitter:card\" content=\"summary_large_image\" \/>\n<meta name=\"twitter:label1\" content=\"Dur\u00e9e de lecture estim\u00e9e\" \/>\n\t<meta name=\"twitter:data1\" content=\"2 minutes\" \/>\n<script type=\"application\/ld+json\" class=\"yoast-schema-graph\">{\"@context\":\"https:\\\/\\\/schema.org\",\"@graph\":[{\"@type\":\"WebPage\",\"@id\":\"https:\\\/\\\/royalwell.demannenachterdeschermen.nl\\\/fr\\\/produit\\\/chassis-de-couche-parsley-planter-large-noire-4-mm-verre-de-securite\\\/\",\"url\":\"https:\\\/\\\/royalwell.demannenachterdeschermen.nl\\\/fr\\\/produit\\\/chassis-de-couche-parsley-planter-large-noire-4-mm-verre-de-securite\\\/\",\"name\":\"Ch\u00e2ssis de couche Parsley Planter Large noire 4 mm verre de s\u00e9curit\u00e9 - Royal Well\",\"isPartOf\":{\"@id\":\"https:\\\/\\\/royalwell.demannenachterdeschermen.nl\\\/fr\\\/#website\"},\"primaryImageOfPage\":{\"@id\":\"https:\\\/\\\/royalwell.demannenachterdeschermen.nl\\\/fr\\\/produit\\\/chassis-de-couche-parsley-planter-large-noire-4-mm-verre-de-securite\\\/#primaryimage\"},\"image\":{\"@id\":\"https:\\\/\\\/royalwell.demannenachterdeschermen.nl\\\/fr\\\/produit\\\/chassis-de-couche-parsley-planter-large-noire-4-mm-verre-de-securite\\\/#primaryimage\"},\"thumbnailUrl\":\"https:\\\/\\\/royalwell.demannenachterdeschermen.nl\\\/wp-content\\\/uploads\\\/2025\\\/01\\\/08718215761426_A2N0-scaled.jpg\",\"datePublished\":\"2026-01-28T16:29:32+00:00\",\"dateModified\":\"2026-03-31T15:13:29+00:00\",\"breadcrumb\":{\"@id\":\"https:\\\/\\\/royalwell.demannenachterdeschermen.nl\\\/fr\\\/produit\\\/chassis-de-couche-parsley-planter-large-noire-4-mm-verre-de-securite\\\/#breadcrumb\"},\"inLanguage\":\"fr-FR\",\"potentialAction\":[{\"@type\":\"ReadAction\",\"target\":[\"https:\\\/\\\/royalwell.demannenachterdeschermen.nl\\\/fr\\\/produit\\\/chassis-de-couche-parsley-planter-large-noire-4-mm-verre-de-securite\\\/\"]}]},{\"@type\":\"ImageObject\",\"inLanguage\":\"fr-FR\",\"@id\":\"https:\\\/\\\/royalwell.demannenachterdeschermen.nl\\\/fr\\\/produit\\\/chassis-de-couche-parsley-planter-large-noire-4-mm-verre-de-securite\\\/#primaryimage\",\"url\":\"https:\\\/\\\/royalwell.demannenachterdeschermen.nl\\\/wp-content\\\/uploads\\\/2025\\\/01\\\/08718215761426_A2N0-scaled.jpg\",\"contentUrl\":\"https:\\\/\\\/royalwell.demannenachterdeschermen.nl\\\/wp-content\\\/uploads\\\/2025\\\/01\\\/08718215761426_A2N0-scaled.jpg\",\"width\":1707,\"height\":2560},{\"@type\":\"BreadcrumbList\",\"@id\":\"https:\\\/\\\/royalwell.demannenachterdeschermen.nl\\\/fr\\\/produit\\\/chassis-de-couche-parsley-planter-large-noire-4-mm-verre-de-securite\\\/#breadcrumb\",\"itemListElement\":[{\"@type\":\"ListItem\",\"position\":1,\"name\":\"Home\",\"item\":\"https:\\\/\\\/royalwell.demannenachterdeschermen.nl\\\/fr\\\/accueil\\\/\"},{\"@type\":\"ListItem\",\"position\":2,\"name\":\"Gamme de produits\",\"item\":\"https:\\\/\\\/royalwell.demannenachterdeschermen.nl\\\/fr\\\/gamme-de-produits\\\/\"},{\"@type\":\"ListItem\",\"position\":3,\"name\":\"Ch\u00e2ssis de couche Parsley Planter Large noire 4 mm verre de s\u00e9curit\u00e9\"}]},{\"@type\":\"WebSite\",\"@id\":\"https:\\\/\\\/royalwell.demannenachterdeschermen.nl\\\/fr\\\/#website\",\"url\":\"https:\\\/\\\/royalwell.demannenachterdeschermen.nl\\\/fr\\\/\",\"name\":\"Royal Well\",\"description\":\"Tuinkassen, kweekkassen, hobbykassen\",\"potentialAction\":[{\"@type\":\"SearchAction\",\"target\":{\"@type\":\"EntryPoint\",\"urlTemplate\":\"https:\\\/\\\/royalwell.demannenachterdeschermen.nl\\\/fr\\\/?s={search_term_string}\"},\"query-input\":{\"@type\":\"PropertyValueSpecification\",\"valueRequired\":true,\"valueName\":\"search_term_string\"}}],\"inLanguage\":\"fr-FR\"}]}<\/script>\n<!-- \/ Yoast SEO plugin. -->","yoast_head_json":{"title":"Ch\u00e2ssis de couche Parsley Planter Large noire 4 mm verre de s\u00e9curit\u00e9 - Royal Well","robots":{"index":"noindex","follow":"follow","max-snippet":"max-snippet:-1","max-image-preview":"max-image-preview:large","max-video-preview":"max-video-preview:-1"},"og_locale":"fr_FR","og_type":"article","og_title":"Ch\u00e2ssis de couche Parsley Planter Large noire 4 mm verre de s\u00e9curit\u00e9 - Royal Well","og_description":"Le ch\u00e2ssis de couche Parsley Planter est id\u00e9ale pour une utilisation au d\u00e9but du printemps et transforme les premiers rayons de soleil en \u00e9nergie pour les jeunes plants. Dot\u00e9e de 4 fen\u00eatres \u00e0 battant, ce ch\u00e2ssis de couche est tr\u00e8s facile d'acc\u00e8s. De plus, ces fen\u00eatres peuvent \u00eatre ouvertes \u00e0 n'importe quelle position, ce qui vous permet de choisir vous-m\u00eame la quantit\u00e9 d'air frais dont les plantes ont besoin. Associez ce ch\u00e2ssis de couche \u00e0 la Parsley Grow Box Large de Royal Well pour cultiver en hauteur.  Mode d'emploi","og_url":"https:\/\/royalwell.demannenachterdeschermen.nl\/fr\/produit\/chassis-de-couche-parsley-planter-large-noire-4-mm-verre-de-securite\/","og_site_name":"Royal Well","article_modified_time":"2026-03-31T15:13:29+00:00","og_image":[{"width":1707,"height":2560,"url":"https:\/\/royalwell.demannenachterdeschermen.nl\/wp-content\/uploads\/2025\/01\/08718215761426_A2N0-scaled.jpg","type":"image\/jpeg"}],"twitter_card":"summary_large_image","twitter_misc":{"Dur\u00e9e de lecture estim\u00e9e":"2 minutes"},"schema":{"@context":"https:\/\/schema.org","@graph":[{"@type":"WebPage","@id":"https:\/\/royalwell.demannenachterdeschermen.nl\/fr\/produit\/chassis-de-couche-parsley-planter-large-noire-4-mm-verre-de-securite\/","url":"https:\/\/royalwell.demannenachterdeschermen.nl\/fr\/produit\/chassis-de-couche-parsley-planter-large-noire-4-mm-verre-de-securite\/","name":"Ch\u00e2ssis de couche Parsley Planter Large noire 4 mm verre de s\u00e9curit\u00e9 - Royal Well","isPartOf":{"@id":"https:\/\/royalwell.demannenachterdeschermen.nl\/fr\/#website"},"primaryImageOfPage":{"@id":"https:\/\/royalwell.demannenachterdeschermen.nl\/fr\/produit\/chassis-de-couche-parsley-planter-large-noire-4-mm-verre-de-securite\/#primaryimage"},"image":{"@id":"https:\/\/royalwell.demannenachterdeschermen.nl\/fr\/produit\/chassis-de-couche-parsley-planter-large-noire-4-mm-verre-de-securite\/#primaryimage"},"thumbnailUrl":"https:\/\/royalwell.demannenachterdeschermen.nl\/wp-content\/uploads\/2025\/01\/08718215761426_A2N0-scaled.jpg","datePublished":"2026-01-28T16:29:32+00:00","dateModified":"2026-03-31T15:13:29+00:00","breadcrumb":{"@id":"https:\/\/royalwell.demannenachterdeschermen.nl\/fr\/produit\/chassis-de-couche-parsley-planter-large-noire-4-mm-verre-de-securite\/#breadcrumb"},"inLanguage":"fr-FR","potentialAction":[{"@type":"ReadAction","target":["https:\/\/royalwell.demannenachterdeschermen.nl\/fr\/produit\/chassis-de-couche-parsley-planter-large-noire-4-mm-verre-de-securite\/"]}]},{"@type":"ImageObject","inLanguage":"fr-FR","@id":"https:\/\/royalwell.demannenachterdeschermen.nl\/fr\/produit\/chassis-de-couche-parsley-planter-large-noire-4-mm-verre-de-securite\/#primaryimage","url":"https:\/\/royalwell.demannenachterdeschermen.nl\/wp-content\/uploads\/2025\/01\/08718215761426_A2N0-scaled.jpg","contentUrl":"https:\/\/royalwell.demannenachterdeschermen.nl\/wp-content\/uploads\/2025\/01\/08718215761426_A2N0-scaled.jpg","width":1707,"height":2560},{"@type":"BreadcrumbList","@id":"https:\/\/royalwell.demannenachterdeschermen.nl\/fr\/produit\/chassis-de-couche-parsley-planter-large-noire-4-mm-verre-de-securite\/#breadcrumb","itemListElement":[{"@type":"ListItem","position":1,"name":"Home","item":"https:\/\/royalwell.demannenachterdeschermen.nl\/fr\/accueil\/"},{"@type":"ListItem","position":2,"name":"Gamme de produits","item":"https:\/\/royalwell.demannenachterdeschermen.nl\/fr\/gamme-de-produits\/"},{"@type":"ListItem","position":3,"name":"Ch\u00e2ssis de couche Parsley Planter Large noire 4 mm verre de s\u00e9curit\u00e9"}]},{"@type":"WebSite","@id":"https:\/\/royalwell.demannenachterdeschermen.nl\/fr\/#website","url":"https:\/\/royalwell.demannenachterdeschermen.nl\/fr\/","name":"Royal Well","description":"Tuinkassen, kweekkassen, hobbykassen","potentialAction":[{"@type":"SearchAction","target":{"@type":"EntryPoint","urlTemplate":"https:\/\/royalwell.demannenachterdeschermen.nl\/fr\/?s={search_term_string}"},"query-input":{"@type":"PropertyValueSpecification","valueRequired":true,"valueName":"search_term_string"}}],"inLanguage":"fr-FR"}]}},"_links":{"self":[{"href":"https:\/\/royalwell.demannenachterdeschermen.nl\/fr\/wp-json\/wp\/v2\/product\/241533","targetHints":{"allow":["GET"]}}],"collection":[{"href":"https:\/\/royalwell.demannenachterdeschermen.nl\/fr\/wp-json\/wp\/v2\/product"}],"about":[{"href":"https:\/\/royalwell.demannenachterdeschermen.nl\/fr\/wp-json\/wp\/v2\/types\/product"}],"wp:featuredmedia":[{"embeddable":true,"href":"https:\/\/royalwell.demannenachterdeschermen.nl\/fr\/wp-json\/wp\/v2\/media\/232914"}],"wp:attachment":[{"href":"https:\/\/royalwell.demannenachterdeschermen.nl\/fr\/wp-json\/wp\/v2\/media?parent=241533"}],"wp:term":[{"taxonomy":"product_brand","embeddable":true,"href":"https:\/\/royalwell.demannenachterdeschermen.nl\/fr\/wp-json\/wp\/v2\/product_brand?post=241533"},{"taxonomy":"product_cat","embeddable":true,"href":"https:\/\/royalwell.demannenachterdeschermen.nl\/fr\/wp-json\/wp\/v2\/product_cat?post=241533"},{"taxonomy":"product_tag","embeddable":true,"href":"https:\/\/royalwell.demannenachterdeschermen.nl\/fr\/wp-json\/wp\/v2\/product_tag?post=241533"}],"curies":[{"name":"wp","href":"https:\/\/api.w.org\/{rel}","templated":true}]}}