{"id":241519,"date":"2026-03-26T12:06:42","date_gmt":"2026-03-26T11:06:42","guid":{"rendered":"https:\/\/royalwell.demannenachterdeschermen.nl\/product\/chassis-de-couche-en-bois-de-sapin-basilicum-sur-table-de-culture\/"},"modified":"2026-03-31T13:58:56","modified_gmt":"2026-03-31T11:58:56","slug":"chassis-de-couche-en-bois-de-sapin-basilicum-sur-table-de-culture","status":"publish","type":"product","link":"https:\/\/royalwell.demannenachterdeschermen.nl\/fr\/produit\/chassis-de-couche-en-bois-de-sapin-basilicum-sur-table-de-culture\/","title":{"rendered":"Ch\u00e2ssis de couche en bois de sapin \u00ab Basilicum \u00bb sur table de culture"},"content":{"rendered":"<p>Le ch\u00e2ssis de couche en bois de sapin \u00ab Basilicum \u00bb de Royal Well, mont\u00e9 sur une table de culture, est id\u00e9al pour commencer les semis d\u00e8s le d\u00e9but du printemps.<\/p>\n<p>Ce ch\u00e2ssis de couche peut \u00eatre utilis\u00e9 aussi bien en pleine terre qu&rsquo;avec le bac de culture fourni. Les deux produits peuvent donc tr\u00e8s bien \u00eatre utilis\u00e9s s\u00e9par\u00e9ment ! <\/p>\n<p>Le ch\u00e2ssis de couche est \u00e9quip\u00e9 d&rsquo;un couvercle en polycarbonate semi-transparent. Cela vous permet de prot\u00e9ger vos cultures du froid, des intemp\u00e9ries, des insectes, etc.  <\/p>\n<p>Le couvercle est verrouillable et est muni d&rsquo;une cha\u00eene, ce qui vous permet \u00e9galement d&rsquo;ouvrir le ch\u00e2ssis de couche pour l&rsquo;a\u00e9rer.<\/p>\n<p>Le bac de culture assorti est \u00e9quip\u00e9 d&rsquo;une toile de paillage. De plus, le mod\u00e8le \u00ab Basilicum \u00bb dispose d&rsquo;une \u00e9tag\u00e8re suppl\u00e9mentaire sous le bac. Vous pouvez y ranger proprement vos outils, votre terreau ou d&rsquo;autres produits.  <\/p>\n","protected":false},"excerpt":{"rendered":"<p>Le ch\u00e2ssis de couche en bois de sapin \u00ab Basilicum \u00bb de Royal Well, mont\u00e9 sur une table de culture, est id\u00e9al pour commencer les semis d\u00e8s le d\u00e9but du printemps.<\/p>\n<p>Ce ch\u00e2ssis de couche peut \u00eatre utilis\u00e9 aussi bien en pleine terre qu&rsquo;avec le bac de culture fourni. Les deux produits peuvent donc tr\u00e8s bien \u00eatre utilis\u00e9s s\u00e9par\u00e9ment ! <\/p>\n<p>Le ch\u00e2ssis de couche est \u00e9quip\u00e9 d&rsquo;un couvercle en polycarbonate semi-transparent. Cela vous permet de prot\u00e9ger vos cultures du froid, des intemp\u00e9ries, des insectes, etc.  <\/p>\n<p>Le couvercle est verrouillable et est muni d&rsquo;une cha\u00eene, ce qui vous permet \u00e9galement d&rsquo;ouvrir le ch\u00e2ssis de couche pour l&rsquo;a\u00e9rer.<\/p>\n<p>Le bac de culture assorti est \u00e9quip\u00e9 d&rsquo;une toile de paillage. Le mod\u00e8le \u00ab Basilicum \u00bb dispose \u00e9galement d&rsquo;une \u00e9tag\u00e8re suppl\u00e9mentaire sous le bac. Vous pouvez y ranger proprement vos outils, votre terreau ou d&rsquo;autres produits. Ch\u00e2ssis de couche et table de culture tout-en-un. Bois de sapin teint\u00e9. Pr\u00eate \u00e0 l&#8217;emploi. Le ch\u00e2ssis de couche et la table de culture peuvent \u00eatre utilis\u00e9s ensemble ou s\u00e9par\u00e9ment. Le verre en polycarbonate assure une diffusion plus homog\u00e8ne de la lumi\u00e8re. Verrouillable et dot\u00e9e de possibilit\u00e9s de ventilation.     <\/p>\n<div class=\"et_pb_button_module_wrapper et_pb_button_0_tb_body_wrapper et_pb_module \"><a class=\"et_pb_button et_pb_button_0_tb_body et_pb_bg_layout_light\" href=\"\/manuals\/\" target=\"_blank\">Mode d&#8217;emploi<\/a><\/div>\n","protected":false},"featured_media":240387,"template":"","meta":{"_et_pb_use_builder":"","_et_pb_old_content":"","_et_gb_content_width":""},"product_brand":[],"product_cat":[895,889],"product_tag":[],"class_list":{"0":"post-241519","1":"product","2":"type-product","3":"status-publish","4":"has-post-thumbnail","6":"product_cat-chassis-de-couche","7":"product_cat-cultiver-a-petite-echelle","8":"pa_kleur-brun","9":"pa_merk-royal-well","10":"pa_productlijn-basilicum","11":"pa_productsoort-chassis-de-couche","13":"first","14":"instock","15":"purchasable","16":"product-type-simple"},"yoast_head":"<!-- This site is optimized with the Yoast SEO plugin v27.4 - https:\/\/yoast.com\/product\/yoast-seo-wordpress\/ -->\n<title>Ch\u00e2ssis de couche en bois de sapin \u00ab Basilicum \u00bb sur table de culture - Royal Well<\/title>\n<meta name=\"robots\" content=\"noindex, follow, max-snippet:-1, max-image-preview:large, max-video-preview:-1\" \/>\n<meta property=\"og:locale\" content=\"fr_FR\" \/>\n<meta property=\"og:type\" content=\"article\" \/>\n<meta property=\"og:title\" content=\"Ch\u00e2ssis de couche en bois de sapin \u00ab Basilicum \u00bb sur table de culture - Royal Well\" \/>\n<meta property=\"og:description\" content=\"Le ch\u00e2ssis de couche en bois de sapin \u00ab Basilicum \u00bb de Royal Well, mont\u00e9 sur une table de culture, est id\u00e9al pour commencer les semis d\u00e8s le d\u00e9but du printemps. Ce ch\u00e2ssis de couche peut \u00eatre utilis\u00e9 aussi bien en pleine terre qu&#039;avec le bac de culture fourni. Les deux produits peuvent donc tr\u00e8s bien \u00eatre utilis\u00e9s s\u00e9par\u00e9ment !  Le ch\u00e2ssis de couche est \u00e9quip\u00e9 d&#039;un couvercle en polycarbonate semi-transparent. Cela vous permet de prot\u00e9ger vos cultures du froid, des intemp\u00e9ries, des insectes, etc.  Le couvercle est verrouillable et est muni d&#039;une cha\u00eene, ce qui vous permet \u00e9galement d&#039;ouvrir le ch\u00e2ssis de couche pour l&#039;a\u00e9rer. Le bac de culture assorti est \u00e9quip\u00e9 d&#039;une toile de paillage. Le mod\u00e8le \u00ab Basilicum \u00bb dispose \u00e9galement d&#039;une \u00e9tag\u00e8re suppl\u00e9mentaire sous le bac. Vous pouvez y ranger proprement vos outils, votre terreau ou d&#039;autres produits. Ch\u00e2ssis de couche et table de culture tout-en-un. Bois de sapin teint\u00e9. Pr\u00eate \u00e0 l&#039;emploi. Le ch\u00e2ssis de couche et la table de culture peuvent \u00eatre utilis\u00e9s ensemble ou s\u00e9par\u00e9ment. Le verre en polycarbonate assure une diffusion plus homog\u00e8ne de la lumi\u00e8re. Verrouillable et dot\u00e9e de possibilit\u00e9s de ventilation.   Mode d&#039;emploi\" \/>\n<meta property=\"og:url\" content=\"https:\/\/royalwell.demannenachterdeschermen.nl\/fr\/produit\/chassis-de-couche-en-bois-de-sapin-basilicum-sur-table-de-culture\/\" \/>\n<meta property=\"og:site_name\" content=\"Royal Well\" \/>\n<meta property=\"article:modified_time\" content=\"2026-03-31T11:58:56+00:00\" \/>\n<meta property=\"og:image\" content=\"https:\/\/royalwell.demannenachterdeschermen.nl\/wp-content\/uploads\/2026\/03\/1071631-Broeikas-Basilicum-Product_image_0.jpg\" \/>\n\t<meta property=\"og:image:width\" content=\"2500\" \/>\n\t<meta property=\"og:image:height\" content=\"2500\" \/>\n\t<meta property=\"og:image:type\" content=\"image\/jpeg\" \/>\n<meta name=\"twitter:card\" content=\"summary_large_image\" \/>\n<meta name=\"twitter:label1\" content=\"Dur\u00e9e de lecture estim\u00e9e\" \/>\n\t<meta name=\"twitter:data1\" content=\"1 minute\" \/>\n<script type=\"application\/ld+json\" class=\"yoast-schema-graph\">{\"@context\":\"https:\\\/\\\/schema.org\",\"@graph\":[{\"@type\":\"WebPage\",\"@id\":\"https:\\\/\\\/royalwell.demannenachterdeschermen.nl\\\/fr\\\/produit\\\/chassis-de-couche-en-bois-de-sapin-basilicum-sur-table-de-culture\\\/\",\"url\":\"https:\\\/\\\/royalwell.demannenachterdeschermen.nl\\\/fr\\\/produit\\\/chassis-de-couche-en-bois-de-sapin-basilicum-sur-table-de-culture\\\/\",\"name\":\"Ch\u00e2ssis de couche en bois de sapin \u00ab Basilicum \u00bb sur table de culture - Royal Well\",\"isPartOf\":{\"@id\":\"https:\\\/\\\/royalwell.demannenachterdeschermen.nl\\\/fr\\\/#website\"},\"primaryImageOfPage\":{\"@id\":\"https:\\\/\\\/royalwell.demannenachterdeschermen.nl\\\/fr\\\/produit\\\/chassis-de-couche-en-bois-de-sapin-basilicum-sur-table-de-culture\\\/#primaryimage\"},\"image\":{\"@id\":\"https:\\\/\\\/royalwell.demannenachterdeschermen.nl\\\/fr\\\/produit\\\/chassis-de-couche-en-bois-de-sapin-basilicum-sur-table-de-culture\\\/#primaryimage\"},\"thumbnailUrl\":\"https:\\\/\\\/royalwell.demannenachterdeschermen.nl\\\/wp-content\\\/uploads\\\/2026\\\/03\\\/1071631-Broeikas-Basilicum-Product_image_0.jpg\",\"datePublished\":\"2026-03-26T11:06:42+00:00\",\"dateModified\":\"2026-03-31T11:58:56+00:00\",\"breadcrumb\":{\"@id\":\"https:\\\/\\\/royalwell.demannenachterdeschermen.nl\\\/fr\\\/produit\\\/chassis-de-couche-en-bois-de-sapin-basilicum-sur-table-de-culture\\\/#breadcrumb\"},\"inLanguage\":\"fr-FR\",\"potentialAction\":[{\"@type\":\"ReadAction\",\"target\":[\"https:\\\/\\\/royalwell.demannenachterdeschermen.nl\\\/fr\\\/produit\\\/chassis-de-couche-en-bois-de-sapin-basilicum-sur-table-de-culture\\\/\"]}]},{\"@type\":\"ImageObject\",\"inLanguage\":\"fr-FR\",\"@id\":\"https:\\\/\\\/royalwell.demannenachterdeschermen.nl\\\/fr\\\/produit\\\/chassis-de-couche-en-bois-de-sapin-basilicum-sur-table-de-culture\\\/#primaryimage\",\"url\":\"https:\\\/\\\/royalwell.demannenachterdeschermen.nl\\\/wp-content\\\/uploads\\\/2026\\\/03\\\/1071631-Broeikas-Basilicum-Product_image_0.jpg\",\"contentUrl\":\"https:\\\/\\\/royalwell.demannenachterdeschermen.nl\\\/wp-content\\\/uploads\\\/2026\\\/03\\\/1071631-Broeikas-Basilicum-Product_image_0.jpg\",\"width\":2500,\"height\":2500},{\"@type\":\"BreadcrumbList\",\"@id\":\"https:\\\/\\\/royalwell.demannenachterdeschermen.nl\\\/fr\\\/produit\\\/chassis-de-couche-en-bois-de-sapin-basilicum-sur-table-de-culture\\\/#breadcrumb\",\"itemListElement\":[{\"@type\":\"ListItem\",\"position\":1,\"name\":\"Home\",\"item\":\"https:\\\/\\\/royalwell.demannenachterdeschermen.nl\\\/fr\\\/accueil\\\/\"},{\"@type\":\"ListItem\",\"position\":2,\"name\":\"Gamme de produits\",\"item\":\"https:\\\/\\\/royalwell.demannenachterdeschermen.nl\\\/fr\\\/gamme-de-produits\\\/\"},{\"@type\":\"ListItem\",\"position\":3,\"name\":\"Ch\u00e2ssis de couche en bois de sapin \u00ab Basilicum \u00bb sur table de culture\"}]},{\"@type\":\"WebSite\",\"@id\":\"https:\\\/\\\/royalwell.demannenachterdeschermen.nl\\\/fr\\\/#website\",\"url\":\"https:\\\/\\\/royalwell.demannenachterdeschermen.nl\\\/fr\\\/\",\"name\":\"Royal Well\",\"description\":\"Tuinkassen, kweekkassen, hobbykassen\",\"potentialAction\":[{\"@type\":\"SearchAction\",\"target\":{\"@type\":\"EntryPoint\",\"urlTemplate\":\"https:\\\/\\\/royalwell.demannenachterdeschermen.nl\\\/fr\\\/?s={search_term_string}\"},\"query-input\":{\"@type\":\"PropertyValueSpecification\",\"valueRequired\":true,\"valueName\":\"search_term_string\"}}],\"inLanguage\":\"fr-FR\"}]}<\/script>\n<!-- \/ Yoast SEO plugin. -->","yoast_head_json":{"title":"Ch\u00e2ssis de couche en bois de sapin \u00ab Basilicum \u00bb sur table de culture - Royal Well","robots":{"index":"noindex","follow":"follow","max-snippet":"max-snippet:-1","max-image-preview":"max-image-preview:large","max-video-preview":"max-video-preview:-1"},"og_locale":"fr_FR","og_type":"article","og_title":"Ch\u00e2ssis de couche en bois de sapin \u00ab Basilicum \u00bb sur table de culture - Royal Well","og_description":"Le ch\u00e2ssis de couche en bois de sapin \u00ab Basilicum \u00bb de Royal Well, mont\u00e9 sur une table de culture, est id\u00e9al pour commencer les semis d\u00e8s le d\u00e9but du printemps. Ce ch\u00e2ssis de couche peut \u00eatre utilis\u00e9 aussi bien en pleine terre qu'avec le bac de culture fourni. Les deux produits peuvent donc tr\u00e8s bien \u00eatre utilis\u00e9s s\u00e9par\u00e9ment !  Le ch\u00e2ssis de couche est \u00e9quip\u00e9 d'un couvercle en polycarbonate semi-transparent. Cela vous permet de prot\u00e9ger vos cultures du froid, des intemp\u00e9ries, des insectes, etc.  Le couvercle est verrouillable et est muni d'une cha\u00eene, ce qui vous permet \u00e9galement d'ouvrir le ch\u00e2ssis de couche pour l'a\u00e9rer. Le bac de culture assorti est \u00e9quip\u00e9 d'une toile de paillage. Le mod\u00e8le \u00ab Basilicum \u00bb dispose \u00e9galement d'une \u00e9tag\u00e8re suppl\u00e9mentaire sous le bac. Vous pouvez y ranger proprement vos outils, votre terreau ou d'autres produits. Ch\u00e2ssis de couche et table de culture tout-en-un. Bois de sapin teint\u00e9. Pr\u00eate \u00e0 l'emploi. Le ch\u00e2ssis de couche et la table de culture peuvent \u00eatre utilis\u00e9s ensemble ou s\u00e9par\u00e9ment. Le verre en polycarbonate assure une diffusion plus homog\u00e8ne de la lumi\u00e8re. Verrouillable et dot\u00e9e de possibilit\u00e9s de ventilation.   Mode d'emploi","og_url":"https:\/\/royalwell.demannenachterdeschermen.nl\/fr\/produit\/chassis-de-couche-en-bois-de-sapin-basilicum-sur-table-de-culture\/","og_site_name":"Royal Well","article_modified_time":"2026-03-31T11:58:56+00:00","og_image":[{"width":2500,"height":2500,"url":"https:\/\/royalwell.demannenachterdeschermen.nl\/wp-content\/uploads\/2026\/03\/1071631-Broeikas-Basilicum-Product_image_0.jpg","type":"image\/jpeg"}],"twitter_card":"summary_large_image","twitter_misc":{"Dur\u00e9e de lecture estim\u00e9e":"1 minute"},"schema":{"@context":"https:\/\/schema.org","@graph":[{"@type":"WebPage","@id":"https:\/\/royalwell.demannenachterdeschermen.nl\/fr\/produit\/chassis-de-couche-en-bois-de-sapin-basilicum-sur-table-de-culture\/","url":"https:\/\/royalwell.demannenachterdeschermen.nl\/fr\/produit\/chassis-de-couche-en-bois-de-sapin-basilicum-sur-table-de-culture\/","name":"Ch\u00e2ssis de couche en bois de sapin \u00ab Basilicum \u00bb sur table de culture - Royal Well","isPartOf":{"@id":"https:\/\/royalwell.demannenachterdeschermen.nl\/fr\/#website"},"primaryImageOfPage":{"@id":"https:\/\/royalwell.demannenachterdeschermen.nl\/fr\/produit\/chassis-de-couche-en-bois-de-sapin-basilicum-sur-table-de-culture\/#primaryimage"},"image":{"@id":"https:\/\/royalwell.demannenachterdeschermen.nl\/fr\/produit\/chassis-de-couche-en-bois-de-sapin-basilicum-sur-table-de-culture\/#primaryimage"},"thumbnailUrl":"https:\/\/royalwell.demannenachterdeschermen.nl\/wp-content\/uploads\/2026\/03\/1071631-Broeikas-Basilicum-Product_image_0.jpg","datePublished":"2026-03-26T11:06:42+00:00","dateModified":"2026-03-31T11:58:56+00:00","breadcrumb":{"@id":"https:\/\/royalwell.demannenachterdeschermen.nl\/fr\/produit\/chassis-de-couche-en-bois-de-sapin-basilicum-sur-table-de-culture\/#breadcrumb"},"inLanguage":"fr-FR","potentialAction":[{"@type":"ReadAction","target":["https:\/\/royalwell.demannenachterdeschermen.nl\/fr\/produit\/chassis-de-couche-en-bois-de-sapin-basilicum-sur-table-de-culture\/"]}]},{"@type":"ImageObject","inLanguage":"fr-FR","@id":"https:\/\/royalwell.demannenachterdeschermen.nl\/fr\/produit\/chassis-de-couche-en-bois-de-sapin-basilicum-sur-table-de-culture\/#primaryimage","url":"https:\/\/royalwell.demannenachterdeschermen.nl\/wp-content\/uploads\/2026\/03\/1071631-Broeikas-Basilicum-Product_image_0.jpg","contentUrl":"https:\/\/royalwell.demannenachterdeschermen.nl\/wp-content\/uploads\/2026\/03\/1071631-Broeikas-Basilicum-Product_image_0.jpg","width":2500,"height":2500},{"@type":"BreadcrumbList","@id":"https:\/\/royalwell.demannenachterdeschermen.nl\/fr\/produit\/chassis-de-couche-en-bois-de-sapin-basilicum-sur-table-de-culture\/#breadcrumb","itemListElement":[{"@type":"ListItem","position":1,"name":"Home","item":"https:\/\/royalwell.demannenachterdeschermen.nl\/fr\/accueil\/"},{"@type":"ListItem","position":2,"name":"Gamme de produits","item":"https:\/\/royalwell.demannenachterdeschermen.nl\/fr\/gamme-de-produits\/"},{"@type":"ListItem","position":3,"name":"Ch\u00e2ssis de couche en bois de sapin \u00ab Basilicum \u00bb sur table de culture"}]},{"@type":"WebSite","@id":"https:\/\/royalwell.demannenachterdeschermen.nl\/fr\/#website","url":"https:\/\/royalwell.demannenachterdeschermen.nl\/fr\/","name":"Royal Well","description":"Tuinkassen, kweekkassen, hobbykassen","potentialAction":[{"@type":"SearchAction","target":{"@type":"EntryPoint","urlTemplate":"https:\/\/royalwell.demannenachterdeschermen.nl\/fr\/?s={search_term_string}"},"query-input":{"@type":"PropertyValueSpecification","valueRequired":true,"valueName":"search_term_string"}}],"inLanguage":"fr-FR"}]}},"_links":{"self":[{"href":"https:\/\/royalwell.demannenachterdeschermen.nl\/fr\/wp-json\/wp\/v2\/product\/241519","targetHints":{"allow":["GET"]}}],"collection":[{"href":"https:\/\/royalwell.demannenachterdeschermen.nl\/fr\/wp-json\/wp\/v2\/product"}],"about":[{"href":"https:\/\/royalwell.demannenachterdeschermen.nl\/fr\/wp-json\/wp\/v2\/types\/product"}],"wp:featuredmedia":[{"embeddable":true,"href":"https:\/\/royalwell.demannenachterdeschermen.nl\/fr\/wp-json\/wp\/v2\/media\/240387"}],"wp:attachment":[{"href":"https:\/\/royalwell.demannenachterdeschermen.nl\/fr\/wp-json\/wp\/v2\/media?parent=241519"}],"wp:term":[{"taxonomy":"product_brand","embeddable":true,"href":"https:\/\/royalwell.demannenachterdeschermen.nl\/fr\/wp-json\/wp\/v2\/product_brand?post=241519"},{"taxonomy":"product_cat","embeddable":true,"href":"https:\/\/royalwell.demannenachterdeschermen.nl\/fr\/wp-json\/wp\/v2\/product_cat?post=241519"},{"taxonomy":"product_tag","embeddable":true,"href":"https:\/\/royalwell.demannenachterdeschermen.nl\/fr\/wp-json\/wp\/v2\/product_tag?post=241519"}],"curies":[{"name":"wp","href":"https:\/\/api.w.org\/{rel}","templated":true}]}}