{"id":243193,"date":"2026-01-27T17:28:30","date_gmt":"2026-01-27T16:28:30","guid":{"rendered":"https:\/\/royalwell.demannenachterdeschermen.nl\/product\/gewaechshaus-kate-iv-gruen-grau\/"},"modified":"2026-01-27T17:28:30","modified_gmt":"2026-01-27T16:28:30","slug":"gewaechshaus-kate-iv-gruen-grau","status":"publish","type":"product","link":"https:\/\/royalwell.demannenachterdeschermen.nl\/de\/produkt\/gewaechshaus-kate-iv-gruen-grau\/","title":{"rendered":"Gew\u00e4chshaus Kate IV, gr\u00fcn-grau"},"content":{"rendered":"<p>Das Gew\u00e4chshaus Kate IV in Gr\u00fcn-Grau von Royal Well ist die ideale Wahl f\u00fcr Anf\u00e4nger und erfahrene G\u00e4rtner, die ein praktisches und vielseitiges Gew\u00e4chshaus suchen. Dieses Einsteigermodell mit Spitzdach und einer Schiebet\u00fcr bietet alles, was du f\u00fcr eine erfolgreiche Anzucht ben\u00f6tigst.<\/p>\n<p>Dieses Gew\u00e4chshaus ist in Graugr\u00fcn (RAL 7009) gehalten und hat eine Fl\u00e4che von ca. 7,2 m\u00b2. Das 3 mm dicke Sicherheitsglas wird auf der Innenseite mit d\u00e4mpfendem Schaumstoffband fest befestigt. Auf der Au\u00dfenseite wird das Glas mit PVC-Verglasungsleisten versehen. Diese lassen sich einfach anbringen und sind in der Farbe der Profile gehalten. Die Profile haben eine elegante, matte Oberfl\u00e4che. Das Gew\u00e4chshaus Kate IV ist auch in den Farben <a href=\"https:\/\/royalwell.demannenachterdeschermen.nl\/de\/produkt\/gewaechshaus-kate-iv-in-weiss\/\">Wei\u00df (RAL 9010)<\/a> und <a href=\"https:\/\/royalwell.demannenachterdeschermen.nl\/de\/produkt\/gewaechshaus-kate-iv-schwarz\/\">Schwarz (RAL 9005)<\/a> erh\u00e4ltlich.     <\/p>\n<p>Dieses Gew\u00e4chshaus wird inklusive eines vollst\u00e4ndig integrierten Fundaments (einschlie\u00dflich Bodenanker) geliefert. Zur Befestigung des Fundaments auf einem stabilen Untergrund (z. B. einem Fliesenboden) sind Befestigungsmaterialien standardm\u00e4\u00dfig im Lieferumfang enthalten. F\u00fcr die Aufstellung des Gew\u00e4chshauses auf unbefestigtem Boden verwenden Sie die mitgelieferten Fundamentanker in der Farbe des Rahmens. Das integrierte Fundament des Gew\u00e4chshauses Kate sorgt f\u00fcr einen bequemen Einstieg.   <\/p>\n<p>Au\u00dferdem ist das Gew\u00e4chshaus mit Dachrinnen ausgestattet, komplett mit zwei Fallrohren, mit denen du ganz einfach Regenwasser auffangen kannst. Kate IV in Gr\u00fcn-Grau hat eine Firsth\u00f6he von 217 cm (inkl. Fundament) und bietet damit eine komfortable Arbeitsh\u00f6he, sodass du ganz bequem g\u00e4rtnern kannst. Das Gew\u00e4chshaus Kate ist in f\u00fcnf verschiedenen Tiefen erh\u00e4ltlich, mit Fl\u00e4chen von 3,7 bis 8,3 m\u00b2.  <\/p>\n<p>Das Gew\u00e4chshaus Kate IV in Gr\u00fcn-Grau ist mit 2 Dachfenstern ausgestattet, die \u00fcber einen Fensterhebel verf\u00fcgen. Optional ist auch ein <a href=\"https:\/\/royalwell.demannenachterdeschermen.nl\/de\/produkt\/automatischer-fensterheber-schwarz\/\">automatischer Fenster\u00f6ffne<\/a>r erh\u00e4ltlich. Dieser \u00f6ffnet das Fenster automatisch auf Basis des stufenlos einstellbaren Temperaturreglers. So werden deine Pflanzen auch bel\u00fcftet, wenn du nicht in der N\u00e4he bist. Mit einer Firsth\u00f6he von 217 cm bietet dieses Gew\u00e4chshaus eine komfortable Arbeitsh\u00f6he, sodass du bequem g\u00e4rtnern kannst. Au\u00dferdem sind praktische Zubeh\u00f6rteile erh\u00e4ltlich, wie <a href=\"https:\/\/royalwell.demannenachterdeschermen.nl\/de\/produkt\/set-pflanzspiralen-schwarz\/\">Pflanzspiralen<\/a>, <a href=\"https:\/\/royalwell.demannenachterdeschermen.nl\/de\/produkt\/blumentopfhalter-gruen-grau-ral-7009-4er-set\/\">Topfhalter <\/a>und <a href=\"https:\/\/royalwell.demannenachterdeschermen.nl\/de\/produkt\/anzuchtkasten-container-15-l\/\">Anzuchtbeh\u00e4lter<\/a>.     <\/p>\n","protected":false},"excerpt":{"rendered":"<p>Das Gew\u00e4chshaus Kate IV in Gr\u00fcn-Grau von Royal Well ist die ideale Wahl f\u00fcr Anf\u00e4nger und erfahrene G\u00e4rtner, die ein praktisches und vielseitiges Gew\u00e4chshaus suchen. Dieses Einsteigermodell mit Satteldach und Schiebet\u00fcr bietet alles, was du f\u00fcr eine erfolgreiche G\u00e4rtnererfahrung brauchst. <\/p>\n<ul>\n<li>Fundament inklusive, vollst\u00e4ndig integriert mit niedrigem Einstieg<\/li>\n<li>Besonders ger\u00e4umig dank hoher T\u00fcr, komfortabler Durchfahrtsh\u00f6he und gro\u00dfz\u00fcgiger Firsth\u00f6he<\/li>\n<li>Befestigung des Glases mit passenden Verglasungsleisten<\/li>\n<li>Ein umfangreiches Sortiment an sch\u00f6nen und praktischen Accessoires ist erh\u00e4ltlich<\/li>\n<\/ul>\n<div class=\"et_pb_button_module_wrapper et_pb_button_0_tb_body_wrapper et_pb_module \"><a class=\"et_pb_button et_pb_button_0_tb_body et_pb_bg_layout_light\" href=\"\/manuals\/Handleiding_Kate_final.pdf\" target=\"_blank\" rel=\"noopener\">ANLEITUNG<\/a><\/div>\n","protected":false},"featured_media":243183,"template":"","meta":{"_et_pb_use_builder":"","_et_pb_old_content":"","_et_gb_content_width":""},"product_brand":[],"product_cat":[962],"product_tag":[],"class_list":{"0":"post-243193","1":"product","2":"type-product","3":"status-publish","4":"has-post-thumbnail","6":"product_cat-gewachshauser","7":"pa_kleur-groengrijs","8":"pa_materiaal-glas-veiligheidsglas","9":"pa_merk-royal-well","10":"pa_productlijn-kate","11":"pa_productsoort-gewachshaus","13":"first","14":"instock","15":"taxable","16":"shipping-taxable","17":"purchasable","18":"product-type-simple"},"yoast_head":"<!-- This site is optimized with the Yoast SEO plugin v27.4 - https:\/\/yoast.com\/product\/yoast-seo-wordpress\/ -->\n<title>Gew\u00e4chshaus Kate IV, gr\u00fcn-grau - Royal Well<\/title>\n<meta name=\"description\" content=\"Das Gew\u00e4chshaus Kate IV in Gr\u00fcn-Grau (RAL 7009) von Royal Well ist die ideale Wahl f\u00fcr G\u00e4rtner, die ein praktisches und vielseitiges Gew\u00e4chshaus suchen.\" \/>\n<meta name=\"robots\" content=\"noindex, follow, max-snippet:-1, max-image-preview:large, max-video-preview:-1\" \/>\n<meta property=\"og:locale\" content=\"de_DE\" \/>\n<meta property=\"og:type\" content=\"article\" \/>\n<meta property=\"og:title\" content=\"Gew\u00e4chshaus Kate IV, gr\u00fcn-grau - Royal Well\" \/>\n<meta property=\"og:description\" content=\"Das Gew\u00e4chshaus Kate IV in Gr\u00fcn-Grau (RAL 7009) von Royal Well ist die ideale Wahl f\u00fcr G\u00e4rtner, die ein praktisches und vielseitiges Gew\u00e4chshaus suchen.\" \/>\n<meta property=\"og:url\" content=\"https:\/\/royalwell.demannenachterdeschermen.nl\/de\/produkt\/gewaechshaus-kate-iv-gruen-grau\/\" \/>\n<meta property=\"og:site_name\" content=\"Royal Well\" \/>\n<meta property=\"og:image\" content=\"https:\/\/royalwell.demannenachterdeschermen.nl\/wp-content\/uploads\/2026\/01\/1063709-Kate-IV-Groengrijs-Product_image_0.jpg\" \/>\n\t<meta property=\"og:image:width\" content=\"2500\" \/>\n\t<meta property=\"og:image:height\" content=\"2500\" \/>\n\t<meta property=\"og:image:type\" content=\"image\/jpeg\" \/>\n<meta name=\"twitter:card\" content=\"summary_large_image\" \/>\n<meta name=\"twitter:label1\" content=\"Gesch\u00e4tzte Lesezeit\" \/>\n\t<meta name=\"twitter:data1\" content=\"2\u00a0Minuten\" \/>\n<script type=\"application\/ld+json\" class=\"yoast-schema-graph\">{\"@context\":\"https:\\\/\\\/schema.org\",\"@graph\":[{\"@type\":\"WebPage\",\"@id\":\"https:\\\/\\\/royalwell.demannenachterdeschermen.nl\\\/de\\\/produkt\\\/gewaechshaus-kate-iv-gruen-grau\\\/\",\"url\":\"https:\\\/\\\/royalwell.demannenachterdeschermen.nl\\\/de\\\/produkt\\\/gewaechshaus-kate-iv-gruen-grau\\\/\",\"name\":\"Gew\u00e4chshaus Kate IV, gr\u00fcn-grau - Royal Well\",\"isPartOf\":{\"@id\":\"https:\\\/\\\/royalwell.demannenachterdeschermen.nl\\\/de\\\/#website\"},\"primaryImageOfPage\":{\"@id\":\"https:\\\/\\\/royalwell.demannenachterdeschermen.nl\\\/de\\\/produkt\\\/gewaechshaus-kate-iv-gruen-grau\\\/#primaryimage\"},\"image\":{\"@id\":\"https:\\\/\\\/royalwell.demannenachterdeschermen.nl\\\/de\\\/produkt\\\/gewaechshaus-kate-iv-gruen-grau\\\/#primaryimage\"},\"thumbnailUrl\":\"https:\\\/\\\/royalwell.demannenachterdeschermen.nl\\\/wp-content\\\/uploads\\\/2026\\\/01\\\/1063709-Kate-IV-Groengrijs-Product_image_0.jpg\",\"datePublished\":\"2026-01-27T16:28:30+00:00\",\"description\":\"Das Gew\u00e4chshaus Kate IV in Gr\u00fcn-Grau (RAL 7009) von Royal Well ist die ideale Wahl f\u00fcr G\u00e4rtner, die ein praktisches und vielseitiges Gew\u00e4chshaus suchen.\",\"breadcrumb\":{\"@id\":\"https:\\\/\\\/royalwell.demannenachterdeschermen.nl\\\/de\\\/produkt\\\/gewaechshaus-kate-iv-gruen-grau\\\/#breadcrumb\"},\"inLanguage\":\"de\",\"potentialAction\":[{\"@type\":\"ReadAction\",\"target\":[\"https:\\\/\\\/royalwell.demannenachterdeschermen.nl\\\/de\\\/produkt\\\/gewaechshaus-kate-iv-gruen-grau\\\/\"]}]},{\"@type\":\"ImageObject\",\"inLanguage\":\"de\",\"@id\":\"https:\\\/\\\/royalwell.demannenachterdeschermen.nl\\\/de\\\/produkt\\\/gewaechshaus-kate-iv-gruen-grau\\\/#primaryimage\",\"url\":\"https:\\\/\\\/royalwell.demannenachterdeschermen.nl\\\/wp-content\\\/uploads\\\/2026\\\/01\\\/1063709-Kate-IV-Groengrijs-Product_image_0.jpg\",\"contentUrl\":\"https:\\\/\\\/royalwell.demannenachterdeschermen.nl\\\/wp-content\\\/uploads\\\/2026\\\/01\\\/1063709-Kate-IV-Groengrijs-Product_image_0.jpg\",\"width\":2500,\"height\":2500,\"caption\":\"Kate IV - Groengrijs\"},{\"@type\":\"BreadcrumbList\",\"@id\":\"https:\\\/\\\/royalwell.demannenachterdeschermen.nl\\\/de\\\/produkt\\\/gewaechshaus-kate-iv-gruen-grau\\\/#breadcrumb\",\"itemListElement\":[{\"@type\":\"ListItem\",\"position\":1,\"name\":\"Home\",\"item\":\"https:\\\/\\\/royalwell.demannenachterdeschermen.nl\\\/de\\\/\"},{\"@type\":\"ListItem\",\"position\":2,\"name\":\"Assortiment\",\"item\":\"https:\\\/\\\/royalwell.demannenachterdeschermen.nl\\\/assortiment\\\/\"},{\"@type\":\"ListItem\",\"position\":3,\"name\":\"Gew\u00e4chshaus Kate IV, gr\u00fcn-grau\"}]},{\"@type\":\"WebSite\",\"@id\":\"https:\\\/\\\/royalwell.demannenachterdeschermen.nl\\\/de\\\/#website\",\"url\":\"https:\\\/\\\/royalwell.demannenachterdeschermen.nl\\\/de\\\/\",\"name\":\"Royal Well\",\"description\":\"Tuinkassen, kweekkassen, hobbykassen\",\"potentialAction\":[{\"@type\":\"SearchAction\",\"target\":{\"@type\":\"EntryPoint\",\"urlTemplate\":\"https:\\\/\\\/royalwell.demannenachterdeschermen.nl\\\/de\\\/?s={search_term_string}\"},\"query-input\":{\"@type\":\"PropertyValueSpecification\",\"valueRequired\":true,\"valueName\":\"search_term_string\"}}],\"inLanguage\":\"de\"}]}<\/script>\n<!-- \/ Yoast SEO plugin. -->","yoast_head_json":{"title":"Gew\u00e4chshaus Kate IV, gr\u00fcn-grau - Royal Well","description":"Das Gew\u00e4chshaus Kate IV in Gr\u00fcn-Grau (RAL 7009) von Royal Well ist die ideale Wahl f\u00fcr G\u00e4rtner, die ein praktisches und vielseitiges Gew\u00e4chshaus suchen.","robots":{"index":"noindex","follow":"follow","max-snippet":"max-snippet:-1","max-image-preview":"max-image-preview:large","max-video-preview":"max-video-preview:-1"},"og_locale":"de_DE","og_type":"article","og_title":"Gew\u00e4chshaus Kate IV, gr\u00fcn-grau - Royal Well","og_description":"Das Gew\u00e4chshaus Kate IV in Gr\u00fcn-Grau (RAL 7009) von Royal Well ist die ideale Wahl f\u00fcr G\u00e4rtner, die ein praktisches und vielseitiges Gew\u00e4chshaus suchen.","og_url":"https:\/\/royalwell.demannenachterdeschermen.nl\/de\/produkt\/gewaechshaus-kate-iv-gruen-grau\/","og_site_name":"Royal Well","og_image":[{"width":2500,"height":2500,"url":"https:\/\/royalwell.demannenachterdeschermen.nl\/wp-content\/uploads\/2026\/01\/1063709-Kate-IV-Groengrijs-Product_image_0.jpg","type":"image\/jpeg"}],"twitter_card":"summary_large_image","twitter_misc":{"Gesch\u00e4tzte Lesezeit":"2\u00a0Minuten"},"schema":{"@context":"https:\/\/schema.org","@graph":[{"@type":"WebPage","@id":"https:\/\/royalwell.demannenachterdeschermen.nl\/de\/produkt\/gewaechshaus-kate-iv-gruen-grau\/","url":"https:\/\/royalwell.demannenachterdeschermen.nl\/de\/produkt\/gewaechshaus-kate-iv-gruen-grau\/","name":"Gew\u00e4chshaus Kate IV, gr\u00fcn-grau - Royal Well","isPartOf":{"@id":"https:\/\/royalwell.demannenachterdeschermen.nl\/de\/#website"},"primaryImageOfPage":{"@id":"https:\/\/royalwell.demannenachterdeschermen.nl\/de\/produkt\/gewaechshaus-kate-iv-gruen-grau\/#primaryimage"},"image":{"@id":"https:\/\/royalwell.demannenachterdeschermen.nl\/de\/produkt\/gewaechshaus-kate-iv-gruen-grau\/#primaryimage"},"thumbnailUrl":"https:\/\/royalwell.demannenachterdeschermen.nl\/wp-content\/uploads\/2026\/01\/1063709-Kate-IV-Groengrijs-Product_image_0.jpg","datePublished":"2026-01-27T16:28:30+00:00","description":"Das Gew\u00e4chshaus Kate IV in Gr\u00fcn-Grau (RAL 7009) von Royal Well ist die ideale Wahl f\u00fcr G\u00e4rtner, die ein praktisches und vielseitiges Gew\u00e4chshaus suchen.","breadcrumb":{"@id":"https:\/\/royalwell.demannenachterdeschermen.nl\/de\/produkt\/gewaechshaus-kate-iv-gruen-grau\/#breadcrumb"},"inLanguage":"de","potentialAction":[{"@type":"ReadAction","target":["https:\/\/royalwell.demannenachterdeschermen.nl\/de\/produkt\/gewaechshaus-kate-iv-gruen-grau\/"]}]},{"@type":"ImageObject","inLanguage":"de","@id":"https:\/\/royalwell.demannenachterdeschermen.nl\/de\/produkt\/gewaechshaus-kate-iv-gruen-grau\/#primaryimage","url":"https:\/\/royalwell.demannenachterdeschermen.nl\/wp-content\/uploads\/2026\/01\/1063709-Kate-IV-Groengrijs-Product_image_0.jpg","contentUrl":"https:\/\/royalwell.demannenachterdeschermen.nl\/wp-content\/uploads\/2026\/01\/1063709-Kate-IV-Groengrijs-Product_image_0.jpg","width":2500,"height":2500,"caption":"Kate IV - Groengrijs"},{"@type":"BreadcrumbList","@id":"https:\/\/royalwell.demannenachterdeschermen.nl\/de\/produkt\/gewaechshaus-kate-iv-gruen-grau\/#breadcrumb","itemListElement":[{"@type":"ListItem","position":1,"name":"Home","item":"https:\/\/royalwell.demannenachterdeschermen.nl\/de\/"},{"@type":"ListItem","position":2,"name":"Assortiment","item":"https:\/\/royalwell.demannenachterdeschermen.nl\/assortiment\/"},{"@type":"ListItem","position":3,"name":"Gew\u00e4chshaus Kate IV, gr\u00fcn-grau"}]},{"@type":"WebSite","@id":"https:\/\/royalwell.demannenachterdeschermen.nl\/de\/#website","url":"https:\/\/royalwell.demannenachterdeschermen.nl\/de\/","name":"Royal Well","description":"Tuinkassen, kweekkassen, hobbykassen","potentialAction":[{"@type":"SearchAction","target":{"@type":"EntryPoint","urlTemplate":"https:\/\/royalwell.demannenachterdeschermen.nl\/de\/?s={search_term_string}"},"query-input":{"@type":"PropertyValueSpecification","valueRequired":true,"valueName":"search_term_string"}}],"inLanguage":"de"}]}},"_links":{"self":[{"href":"https:\/\/royalwell.demannenachterdeschermen.nl\/de\/wp-json\/wp\/v2\/product\/243193","targetHints":{"allow":["GET"]}}],"collection":[{"href":"https:\/\/royalwell.demannenachterdeschermen.nl\/de\/wp-json\/wp\/v2\/product"}],"about":[{"href":"https:\/\/royalwell.demannenachterdeschermen.nl\/de\/wp-json\/wp\/v2\/types\/product"}],"wp:featuredmedia":[{"embeddable":true,"href":"https:\/\/royalwell.demannenachterdeschermen.nl\/de\/wp-json\/wp\/v2\/media\/243183"}],"wp:attachment":[{"href":"https:\/\/royalwell.demannenachterdeschermen.nl\/de\/wp-json\/wp\/v2\/media?parent=243193"}],"wp:term":[{"taxonomy":"product_brand","embeddable":true,"href":"https:\/\/royalwell.demannenachterdeschermen.nl\/de\/wp-json\/wp\/v2\/product_brand?post=243193"},{"taxonomy":"product_cat","embeddable":true,"href":"https:\/\/royalwell.demannenachterdeschermen.nl\/de\/wp-json\/wp\/v2\/product_cat?post=243193"},{"taxonomy":"product_tag","embeddable":true,"href":"https:\/\/royalwell.demannenachterdeschermen.nl\/de\/wp-json\/wp\/v2\/product_tag?post=243193"}],"curies":[{"name":"wp","href":"https:\/\/api.w.org\/{rel}","templated":true}]}}