{"id":243167,"date":"2026-01-28T17:29:21","date_gmt":"2026-01-28T16:29:21","guid":{"rendered":"https:\/\/royalwell.demannenachterdeschermen.nl\/product\/zylinder-fuer-automatischen-fensterheber\/"},"modified":"2026-01-28T17:29:21","modified_gmt":"2026-01-28T16:29:21","slug":"zylinder-fuer-automatischen-fensterheber","status":"publish","type":"product","link":"https:\/\/royalwell.demannenachterdeschermen.nl\/de\/produkt\/zylinder-fuer-automatischen-fensterheber\/","title":{"rendered":"Zylinder f\u00fcr automatischen Fensterheber"},"content":{"rendered":"<p>Das L\u00fcften des Gew\u00e4chshauses ist sehr wichtig. Der <a href=\"https:\/\/royalwell.demannenachterdeschermen.nl\/de\/produkt\/automatischer-fensterheber-schwarz\/\">Royal Well Automatische Fenster\u00f6ffner<\/a> sorgt daf\u00fcr, auch wenn du gerade nicht in der N\u00e4he bist. Nach einigen Jahren muss der Zylinder ausgetauscht werden.  <\/p>\n<p>Je nach Temperatur im Gew\u00e4chshaus \u00f6ffnet sich das Fenster automatisch und schlie\u00dft sich, wenn es n\u00f6tig ist. Der mitgelieferte Zylinder l\u00e4sst sich laut Anleitung so einstellen, dass sich das Gew\u00e4chshaus fr\u00fcher (schon bei einer niedrigeren Temperatur) oder erst sp\u00e4ter, bei einer h\u00f6heren Temperatur, \u00f6ffnet. Die Temperaturregelung erfolgt in Schritten von etwa 0,5 Grad Celsius.  <\/p>\n<p>Wenn die Temperatur so stark sinkt, dass das Fenster nicht mehr ge\u00f6ffnet werden muss (im Winter), oder wenn im Gew\u00e4chshaus eine Heizung oder eine andere W\u00e4rmequelle genutzt wird, kann der Zylinder einfach (vor\u00fcbergehend) entfernt werden. Um die Funktionsf\u00e4higkeit des Zylinders zu erhalten, wird empfohlen, ihn w\u00e4hrend der Frostperiode zu isolieren oder im Haus aufzubewahren. Der mitgelieferte Zylinder ist f\u00fcr die Funktion des Fenster\u00f6ffners verantwortlich und hat eine Lebensdauer von mehreren Jahren. Danach kann der Zylinder separat ausgetauscht werden.   <\/p>\n<p>Dieser Zylinder f\u00fcr den automatischen \u00d6ffner ist einzeln erh\u00e4ltlich.<\/p>\n","protected":false},"excerpt":{"rendered":"<p>Das L\u00fcften des Gew\u00e4chshauses ist sehr wichtig. Dieser Ersatzzylinder f\u00fcr den automatischen Fenster\u00f6ffner von Royal Well sorgt daf\u00fcr, dass das auch dann passiert, wenn du gerade nicht in der N\u00e4he bist. Je nach Temperatur im Gew\u00e4chshaus \u00f6ffnet sich das Fenster automatisch und schlie\u00dft sich, wenn es n\u00f6tig ist.  <\/p>\n<ul>\n<li>Als Ersatz f\u00fcr den Originalzylinder<\/li>\n<li>Geeignet f\u00fcr Einzelfenster<\/li>\n<li>Pr\u00e4zise Temperaturregelung: einstellbar in Schritten von 0,5 Grad Celsius.<\/li>\n<li>Geeignet f\u00fcr alle Royal Well-Gartenh\u00e4user<\/li>\n<li>H\u00e4lt jahrelang<\/li>\n<\/ul>\n<p>&nbsp;<\/p>\n<div class=\"et_pb_button_module_wrapper et_pb_button_0_tb_body_wrapper et_pb_module \"><a class=\"et_pb_button et_pb_button_0_tb_body et_pb_bg_layout_light\" href=\"\/manuals\/\" target=\"_blank\" rel=\"noopener\">ANLEITUNG<\/a><\/div>\n","protected":false},"featured_media":243166,"template":"","meta":{"_et_pb_use_builder":"","_et_pb_old_content":"","_et_gb_content_width":""},"product_brand":[],"product_cat":[1043,997],"product_tag":[],"class_list":{"0":"post-243167","1":"product","2":"type-product","3":"status-publish","4":"has-post-thumbnail","6":"product_cat-automatische-fensterheber","7":"product_cat-zubehor","8":"pa_kleur-aluminium","9":"pa_merk-royal-well","10":"pa_productlijn-universeel","11":"pa_productsoort-automatischer-fensterheber","13":"first","14":"instock","15":"taxable","16":"shipping-taxable","17":"purchasable","18":"product-type-simple"},"yoast_head":"<!-- This site is optimized with the Yoast SEO plugin v27.4 - https:\/\/yoast.com\/product\/yoast-seo-wordpress\/ -->\n<title>Zylinder f\u00fcr automatischen Fensterheber - Royal Well<\/title>\n<meta name=\"description\" content=\"Dieser Ersatzzylinder f\u00fcr den automatischen Fensterheber von Royal Well hat eine Druckkraft von 6 kg und eignet sich daher f\u00fcr Dachfenster in der Einfachausf\u00fchrung.\" \/>\n<meta name=\"robots\" content=\"noindex, follow, max-snippet:-1, max-image-preview:large, max-video-preview:-1\" \/>\n<meta property=\"og:locale\" content=\"de_DE\" \/>\n<meta property=\"og:type\" content=\"article\" \/>\n<meta property=\"og:title\" content=\"Zylinder f\u00fcr automatischen Fensterheber - Royal Well\" \/>\n<meta property=\"og:description\" content=\"Dieser Ersatzzylinder f\u00fcr den automatischen Fensterheber von Royal Well hat eine Druckkraft von 6 kg und eignet sich daher f\u00fcr Dachfenster in der Einfachausf\u00fchrung.\" \/>\n<meta property=\"og:url\" content=\"https:\/\/royalwell.demannenachterdeschermen.nl\/de\/produkt\/zylinder-fuer-automatischen-fensterheber\/\" \/>\n<meta property=\"og:site_name\" content=\"Royal Well\" \/>\n<meta property=\"og:image\" content=\"https:\/\/royalwell.demannenachterdeschermen.nl\/wp-content\/uploads\/2025\/06\/1049053-Cilinder-voor-automatische-raamopener.jpg\" \/>\n\t<meta property=\"og:image:width\" content=\"1616\" \/>\n\t<meta property=\"og:image:height\" content=\"1616\" \/>\n\t<meta property=\"og:image:type\" content=\"image\/jpeg\" \/>\n<meta name=\"twitter:card\" content=\"summary_large_image\" \/>\n<meta name=\"twitter:label1\" content=\"Gesch\u00e4tzte Lesezeit\" \/>\n\t<meta name=\"twitter:data1\" content=\"1\u00a0Minute\" \/>\n<script type=\"application\/ld+json\" class=\"yoast-schema-graph\">{\"@context\":\"https:\\\/\\\/schema.org\",\"@graph\":[{\"@type\":\"WebPage\",\"@id\":\"https:\\\/\\\/royalwell.demannenachterdeschermen.nl\\\/de\\\/produkt\\\/zylinder-fuer-automatischen-fensterheber\\\/\",\"url\":\"https:\\\/\\\/royalwell.demannenachterdeschermen.nl\\\/de\\\/produkt\\\/zylinder-fuer-automatischen-fensterheber\\\/\",\"name\":\"Zylinder f\u00fcr automatischen Fensterheber - Royal Well\",\"isPartOf\":{\"@id\":\"https:\\\/\\\/royalwell.demannenachterdeschermen.nl\\\/de\\\/#website\"},\"primaryImageOfPage\":{\"@id\":\"https:\\\/\\\/royalwell.demannenachterdeschermen.nl\\\/de\\\/produkt\\\/zylinder-fuer-automatischen-fensterheber\\\/#primaryimage\"},\"image\":{\"@id\":\"https:\\\/\\\/royalwell.demannenachterdeschermen.nl\\\/de\\\/produkt\\\/zylinder-fuer-automatischen-fensterheber\\\/#primaryimage\"},\"thumbnailUrl\":\"https:\\\/\\\/royalwell.demannenachterdeschermen.nl\\\/wp-content\\\/uploads\\\/2025\\\/06\\\/1049053-Cilinder-voor-automatische-raamopener.jpg\",\"datePublished\":\"2026-01-28T16:29:21+00:00\",\"description\":\"Dieser Ersatzzylinder f\u00fcr den automatischen Fensterheber von Royal Well hat eine Druckkraft von 6 kg und eignet sich daher f\u00fcr Dachfenster in der Einfachausf\u00fchrung.\",\"breadcrumb\":{\"@id\":\"https:\\\/\\\/royalwell.demannenachterdeschermen.nl\\\/de\\\/produkt\\\/zylinder-fuer-automatischen-fensterheber\\\/#breadcrumb\"},\"inLanguage\":\"de\",\"potentialAction\":[{\"@type\":\"ReadAction\",\"target\":[\"https:\\\/\\\/royalwell.demannenachterdeschermen.nl\\\/de\\\/produkt\\\/zylinder-fuer-automatischen-fensterheber\\\/\"]}]},{\"@type\":\"ImageObject\",\"inLanguage\":\"de\",\"@id\":\"https:\\\/\\\/royalwell.demannenachterdeschermen.nl\\\/de\\\/produkt\\\/zylinder-fuer-automatischen-fensterheber\\\/#primaryimage\",\"url\":\"https:\\\/\\\/royalwell.demannenachterdeschermen.nl\\\/wp-content\\\/uploads\\\/2025\\\/06\\\/1049053-Cilinder-voor-automatische-raamopener.jpg\",\"contentUrl\":\"https:\\\/\\\/royalwell.demannenachterdeschermen.nl\\\/wp-content\\\/uploads\\\/2025\\\/06\\\/1049053-Cilinder-voor-automatische-raamopener.jpg\",\"width\":1616,\"height\":1616},{\"@type\":\"BreadcrumbList\",\"@id\":\"https:\\\/\\\/royalwell.demannenachterdeschermen.nl\\\/de\\\/produkt\\\/zylinder-fuer-automatischen-fensterheber\\\/#breadcrumb\",\"itemListElement\":[{\"@type\":\"ListItem\",\"position\":1,\"name\":\"Home\",\"item\":\"https:\\\/\\\/royalwell.demannenachterdeschermen.nl\\\/de\\\/\"},{\"@type\":\"ListItem\",\"position\":2,\"name\":\"Assortiment\",\"item\":\"https:\\\/\\\/royalwell.demannenachterdeschermen.nl\\\/assortiment\\\/\"},{\"@type\":\"ListItem\",\"position\":3,\"name\":\"Zylinder f\u00fcr automatischen Fensterheber\"}]},{\"@type\":\"WebSite\",\"@id\":\"https:\\\/\\\/royalwell.demannenachterdeschermen.nl\\\/de\\\/#website\",\"url\":\"https:\\\/\\\/royalwell.demannenachterdeschermen.nl\\\/de\\\/\",\"name\":\"Royal Well\",\"description\":\"Tuinkassen, kweekkassen, hobbykassen\",\"potentialAction\":[{\"@type\":\"SearchAction\",\"target\":{\"@type\":\"EntryPoint\",\"urlTemplate\":\"https:\\\/\\\/royalwell.demannenachterdeschermen.nl\\\/de\\\/?s={search_term_string}\"},\"query-input\":{\"@type\":\"PropertyValueSpecification\",\"valueRequired\":true,\"valueName\":\"search_term_string\"}}],\"inLanguage\":\"de\"}]}<\/script>\n<!-- \/ Yoast SEO plugin. -->","yoast_head_json":{"title":"Zylinder f\u00fcr automatischen Fensterheber - Royal Well","description":"Dieser Ersatzzylinder f\u00fcr den automatischen Fensterheber von Royal Well hat eine Druckkraft von 6 kg und eignet sich daher f\u00fcr Dachfenster in der Einfachausf\u00fchrung.","robots":{"index":"noindex","follow":"follow","max-snippet":"max-snippet:-1","max-image-preview":"max-image-preview:large","max-video-preview":"max-video-preview:-1"},"og_locale":"de_DE","og_type":"article","og_title":"Zylinder f\u00fcr automatischen Fensterheber - Royal Well","og_description":"Dieser Ersatzzylinder f\u00fcr den automatischen Fensterheber von Royal Well hat eine Druckkraft von 6 kg und eignet sich daher f\u00fcr Dachfenster in der Einfachausf\u00fchrung.","og_url":"https:\/\/royalwell.demannenachterdeschermen.nl\/de\/produkt\/zylinder-fuer-automatischen-fensterheber\/","og_site_name":"Royal Well","og_image":[{"width":1616,"height":1616,"url":"https:\/\/royalwell.demannenachterdeschermen.nl\/wp-content\/uploads\/2025\/06\/1049053-Cilinder-voor-automatische-raamopener.jpg","type":"image\/jpeg"}],"twitter_card":"summary_large_image","twitter_misc":{"Gesch\u00e4tzte Lesezeit":"1\u00a0Minute"},"schema":{"@context":"https:\/\/schema.org","@graph":[{"@type":"WebPage","@id":"https:\/\/royalwell.demannenachterdeschermen.nl\/de\/produkt\/zylinder-fuer-automatischen-fensterheber\/","url":"https:\/\/royalwell.demannenachterdeschermen.nl\/de\/produkt\/zylinder-fuer-automatischen-fensterheber\/","name":"Zylinder f\u00fcr automatischen Fensterheber - Royal Well","isPartOf":{"@id":"https:\/\/royalwell.demannenachterdeschermen.nl\/de\/#website"},"primaryImageOfPage":{"@id":"https:\/\/royalwell.demannenachterdeschermen.nl\/de\/produkt\/zylinder-fuer-automatischen-fensterheber\/#primaryimage"},"image":{"@id":"https:\/\/royalwell.demannenachterdeschermen.nl\/de\/produkt\/zylinder-fuer-automatischen-fensterheber\/#primaryimage"},"thumbnailUrl":"https:\/\/royalwell.demannenachterdeschermen.nl\/wp-content\/uploads\/2025\/06\/1049053-Cilinder-voor-automatische-raamopener.jpg","datePublished":"2026-01-28T16:29:21+00:00","description":"Dieser Ersatzzylinder f\u00fcr den automatischen Fensterheber von Royal Well hat eine Druckkraft von 6 kg und eignet sich daher f\u00fcr Dachfenster in der Einfachausf\u00fchrung.","breadcrumb":{"@id":"https:\/\/royalwell.demannenachterdeschermen.nl\/de\/produkt\/zylinder-fuer-automatischen-fensterheber\/#breadcrumb"},"inLanguage":"de","potentialAction":[{"@type":"ReadAction","target":["https:\/\/royalwell.demannenachterdeschermen.nl\/de\/produkt\/zylinder-fuer-automatischen-fensterheber\/"]}]},{"@type":"ImageObject","inLanguage":"de","@id":"https:\/\/royalwell.demannenachterdeschermen.nl\/de\/produkt\/zylinder-fuer-automatischen-fensterheber\/#primaryimage","url":"https:\/\/royalwell.demannenachterdeschermen.nl\/wp-content\/uploads\/2025\/06\/1049053-Cilinder-voor-automatische-raamopener.jpg","contentUrl":"https:\/\/royalwell.demannenachterdeschermen.nl\/wp-content\/uploads\/2025\/06\/1049053-Cilinder-voor-automatische-raamopener.jpg","width":1616,"height":1616},{"@type":"BreadcrumbList","@id":"https:\/\/royalwell.demannenachterdeschermen.nl\/de\/produkt\/zylinder-fuer-automatischen-fensterheber\/#breadcrumb","itemListElement":[{"@type":"ListItem","position":1,"name":"Home","item":"https:\/\/royalwell.demannenachterdeschermen.nl\/de\/"},{"@type":"ListItem","position":2,"name":"Assortiment","item":"https:\/\/royalwell.demannenachterdeschermen.nl\/assortiment\/"},{"@type":"ListItem","position":3,"name":"Zylinder f\u00fcr automatischen Fensterheber"}]},{"@type":"WebSite","@id":"https:\/\/royalwell.demannenachterdeschermen.nl\/de\/#website","url":"https:\/\/royalwell.demannenachterdeschermen.nl\/de\/","name":"Royal Well","description":"Tuinkassen, kweekkassen, hobbykassen","potentialAction":[{"@type":"SearchAction","target":{"@type":"EntryPoint","urlTemplate":"https:\/\/royalwell.demannenachterdeschermen.nl\/de\/?s={search_term_string}"},"query-input":{"@type":"PropertyValueSpecification","valueRequired":true,"valueName":"search_term_string"}}],"inLanguage":"de"}]}},"_links":{"self":[{"href":"https:\/\/royalwell.demannenachterdeschermen.nl\/de\/wp-json\/wp\/v2\/product\/243167","targetHints":{"allow":["GET"]}}],"collection":[{"href":"https:\/\/royalwell.demannenachterdeschermen.nl\/de\/wp-json\/wp\/v2\/product"}],"about":[{"href":"https:\/\/royalwell.demannenachterdeschermen.nl\/de\/wp-json\/wp\/v2\/types\/product"}],"wp:featuredmedia":[{"embeddable":true,"href":"https:\/\/royalwell.demannenachterdeschermen.nl\/de\/wp-json\/wp\/v2\/media\/243166"}],"wp:attachment":[{"href":"https:\/\/royalwell.demannenachterdeschermen.nl\/de\/wp-json\/wp\/v2\/media?parent=243167"}],"wp:term":[{"taxonomy":"product_brand","embeddable":true,"href":"https:\/\/royalwell.demannenachterdeschermen.nl\/de\/wp-json\/wp\/v2\/product_brand?post=243167"},{"taxonomy":"product_cat","embeddable":true,"href":"https:\/\/royalwell.demannenachterdeschermen.nl\/de\/wp-json\/wp\/v2\/product_cat?post=243167"},{"taxonomy":"product_tag","embeddable":true,"href":"https:\/\/royalwell.demannenachterdeschermen.nl\/de\/wp-json\/wp\/v2\/product_tag?post=243167"}],"curies":[{"name":"wp","href":"https:\/\/api.w.org\/{rel}","templated":true}]}}