{"id":243122,"date":"2026-01-28T17:29:22","date_gmt":"2026-01-28T16:29:22","guid":{"rendered":"https:\/\/royalwell.demannenachterdeschermen.nl\/product\/tomatenklammern-20er-set\/"},"modified":"2026-01-28T17:29:22","modified_gmt":"2026-01-28T16:29:22","slug":"tomatenklammern-20er-set","status":"publish","type":"product","link":"https:\/\/royalwell.demannenachterdeschermen.nl\/de\/produkt\/tomatenklammern-20er-set\/","title":{"rendered":"Tomatenklammern \u2013 20er-Set"},"content":{"rendered":"<p>Gib deinen Tomatenpflanzen, Gurken und anderen Klettergem\u00fcsen die Unterst\u00fctzung, die sie verdienen \u2013 mit diesen besonders stabilen Tomatenklammern mit 21 mm Durchmesser. Die Klammern bestehen aus strapazierf\u00e4higem, witterungsbest\u00e4ndigem Kunststoff und sind f\u00fcr den langfristigen Einsatz konzipiert \u2013 Saison f\u00fcr Saison. <\/p>\n<p>Diese Pflanzenklammern l\u00e4sst du ganz einfach mit einer einzigen Bewegung um den Stiel und eine St\u00fctzschnur oder einen Draht klicken. Der Verschluss ist stark genug, um die Pflanze sicher an ihrem Platz zu halten, l\u00e4sst aber gleichzeitig genug Platz f\u00fcr nat\u00fcrliches Wachstum. Also keine eingeschn\u00fcrten Stiele oder zerknitterten Bl\u00e4tter. Dank des praktischen Scharniermechanismus lassen sie sich auch leicht \u00f6ffnen und wiederverwenden.   <\/p>\n<p>Ein Must-have f\u00fcr jeden Hobbyg\u00e4rtner oder Gew\u00e4chshausliebhaber, der seine Pflanzen gerne gerade und gesund wachsen sieht. Egal, ob du Tomaten, Gurken, Paprika oder sogar Kletterpflanzen wie Clematis oder Bohnen anbaust: Diese Klammern erledigen ihre Aufgabe zuverl\u00e4ssig und schnell. Verpackt in einer praktischen Blisterverpackung. Farbe: braun. Inhalt: 20 St\u00fcck.    <\/p>\n","protected":false},"excerpt":{"rendered":"<p>Gib deinen Tomatenpflanzen, Gurken und anderen Klettergem\u00fcsen die Unterst\u00fctzung, die sie verdienen \u2013 mit diesen besonders stabilen Tomatenklammern mit einem Durchmesser von 21 mm.<\/p>\n<ul>\n<li>Stabile Klammern st\u00fctzen die Pflanzen, ohne den Stiel zu besch\u00e4digen<\/li>\n<li>Wiederverwendbar, Saison f\u00fcr Saison<\/li>\n<li>Einfach zu \u00f6ffnen und zu schlie\u00dfen, f\u00fcr eine schnelle und unkomplizierte Befestigung<\/li>\n<li>Verpackt zu je 20 St\u00fcck in einer Blisterverpackung<\/li>\n<\/ul>\n<p>&nbsp;<\/p>\n<div class=\"et_pb_button_module_wrapper et_pb_button_0_tb_body_wrapper et_pb_module \"><a class=\"et_pb_button et_pb_button_0_tb_body et_pb_bg_layout_light\" href=\"\/manuals\/\" target=\"_blank\" rel=\"noopener\">ANLEITUNG<\/a><\/div>\n","protected":false},"featured_media":236672,"template":"","meta":{"_et_pb_use_builder":"","_et_pb_old_content":"","_et_gb_content_width":""},"product_brand":[],"product_cat":[1054,997],"product_tag":[],"class_list":{"0":"post-243122","1":"product","2":"type-product","3":"status-publish","4":"has-post-thumbnail","6":"product_cat-sonstiges-zubehor-fur-die-pflanzenzucht","7":"product_cat-zubehor","8":"pa_kleur-braun","9":"pa_merk-royal-well","10":"pa_productlijn-universeel","11":"pa_productsoort-tomatenklammern","13":"first","14":"instock","15":"taxable","16":"shipping-taxable","17":"purchasable","18":"product-type-simple"},"yoast_head":"<!-- This site is optimized with the Yoast SEO plugin v27.4 - https:\/\/yoast.com\/product\/yoast-seo-wordpress\/ -->\n<title>Tomatenklammern \u2013 20er-Set - Royal Well<\/title>\n<meta name=\"description\" content=\"Geef je tomatenplanten, komkommers en andere klimmende groenten de ondersteuning die ze verdienen met deze extra stevige tomatenclips van 21 mm doorsnede.\" \/>\n<meta name=\"robots\" content=\"noindex, follow, max-snippet:-1, max-image-preview:large, max-video-preview:-1\" \/>\n<meta property=\"og:locale\" content=\"de_DE\" \/>\n<meta property=\"og:type\" content=\"article\" \/>\n<meta property=\"og:title\" content=\"Tomatenklammern \u2013 20er-Set - Royal Well\" \/>\n<meta property=\"og:description\" content=\"Geef je tomatenplanten, komkommers en andere klimmende groenten de ondersteuning die ze verdienen met deze extra stevige tomatenclips van 21 mm doorsnede.\" \/>\n<meta property=\"og:url\" content=\"https:\/\/royalwell.demannenachterdeschermen.nl\/de\/produkt\/tomatenklammern-20er-set\/\" \/>\n<meta property=\"og:site_name\" content=\"Royal Well\" \/>\n<meta property=\"og:image\" content=\"https:\/\/royalwell.demannenachterdeschermen.nl\/wp-content\/uploads\/2025\/01\/08718226338426_A1R0-scaled.jpg\" \/>\n\t<meta property=\"og:image:width\" content=\"2560\" \/>\n\t<meta property=\"og:image:height\" content=\"1700\" \/>\n\t<meta property=\"og:image:type\" content=\"image\/jpeg\" \/>\n<meta name=\"twitter:card\" content=\"summary_large_image\" \/>\n<meta name=\"twitter:label1\" content=\"Gesch\u00e4tzte Lesezeit\" \/>\n\t<meta name=\"twitter:data1\" content=\"1\u00a0Minute\" \/>\n<script type=\"application\/ld+json\" class=\"yoast-schema-graph\">{\"@context\":\"https:\\\/\\\/schema.org\",\"@graph\":[{\"@type\":\"WebPage\",\"@id\":\"https:\\\/\\\/royalwell.demannenachterdeschermen.nl\\\/de\\\/produkt\\\/tomatenklammern-20er-set\\\/\",\"url\":\"https:\\\/\\\/royalwell.demannenachterdeschermen.nl\\\/de\\\/produkt\\\/tomatenklammern-20er-set\\\/\",\"name\":\"Tomatenklammern \u2013 20er-Set - Royal Well\",\"isPartOf\":{\"@id\":\"https:\\\/\\\/royalwell.demannenachterdeschermen.nl\\\/de\\\/#website\"},\"primaryImageOfPage\":{\"@id\":\"https:\\\/\\\/royalwell.demannenachterdeschermen.nl\\\/de\\\/produkt\\\/tomatenklammern-20er-set\\\/#primaryimage\"},\"image\":{\"@id\":\"https:\\\/\\\/royalwell.demannenachterdeschermen.nl\\\/de\\\/produkt\\\/tomatenklammern-20er-set\\\/#primaryimage\"},\"thumbnailUrl\":\"https:\\\/\\\/royalwell.demannenachterdeschermen.nl\\\/wp-content\\\/uploads\\\/2025\\\/01\\\/08718226338426_A1R0-scaled.jpg\",\"datePublished\":\"2026-01-28T16:29:22+00:00\",\"description\":\"Geef je tomatenplanten, komkommers en andere klimmende groenten de ondersteuning die ze verdienen met deze extra stevige tomatenclips van 21 mm doorsnede.\",\"breadcrumb\":{\"@id\":\"https:\\\/\\\/royalwell.demannenachterdeschermen.nl\\\/de\\\/produkt\\\/tomatenklammern-20er-set\\\/#breadcrumb\"},\"inLanguage\":\"de\",\"potentialAction\":[{\"@type\":\"ReadAction\",\"target\":[\"https:\\\/\\\/royalwell.demannenachterdeschermen.nl\\\/de\\\/produkt\\\/tomatenklammern-20er-set\\\/\"]}]},{\"@type\":\"ImageObject\",\"inLanguage\":\"de\",\"@id\":\"https:\\\/\\\/royalwell.demannenachterdeschermen.nl\\\/de\\\/produkt\\\/tomatenklammern-20er-set\\\/#primaryimage\",\"url\":\"https:\\\/\\\/royalwell.demannenachterdeschermen.nl\\\/wp-content\\\/uploads\\\/2025\\\/01\\\/08718226338426_A1R0-scaled.jpg\",\"contentUrl\":\"https:\\\/\\\/royalwell.demannenachterdeschermen.nl\\\/wp-content\\\/uploads\\\/2025\\\/01\\\/08718226338426_A1R0-scaled.jpg\",\"width\":2560,\"height\":1700},{\"@type\":\"BreadcrumbList\",\"@id\":\"https:\\\/\\\/royalwell.demannenachterdeschermen.nl\\\/de\\\/produkt\\\/tomatenklammern-20er-set\\\/#breadcrumb\",\"itemListElement\":[{\"@type\":\"ListItem\",\"position\":1,\"name\":\"Home\",\"item\":\"https:\\\/\\\/royalwell.demannenachterdeschermen.nl\\\/de\\\/\"},{\"@type\":\"ListItem\",\"position\":2,\"name\":\"Assortiment\",\"item\":\"https:\\\/\\\/royalwell.demannenachterdeschermen.nl\\\/assortiment\\\/\"},{\"@type\":\"ListItem\",\"position\":3,\"name\":\"Tomatenklammern \u2013 20er-Set\"}]},{\"@type\":\"WebSite\",\"@id\":\"https:\\\/\\\/royalwell.demannenachterdeschermen.nl\\\/de\\\/#website\",\"url\":\"https:\\\/\\\/royalwell.demannenachterdeschermen.nl\\\/de\\\/\",\"name\":\"Royal Well\",\"description\":\"Tuinkassen, kweekkassen, hobbykassen\",\"potentialAction\":[{\"@type\":\"SearchAction\",\"target\":{\"@type\":\"EntryPoint\",\"urlTemplate\":\"https:\\\/\\\/royalwell.demannenachterdeschermen.nl\\\/de\\\/?s={search_term_string}\"},\"query-input\":{\"@type\":\"PropertyValueSpecification\",\"valueRequired\":true,\"valueName\":\"search_term_string\"}}],\"inLanguage\":\"de\"}]}<\/script>\n<!-- \/ Yoast SEO plugin. -->","yoast_head_json":{"title":"Tomatenklammern \u2013 20er-Set - Royal Well","description":"Geef je tomatenplanten, komkommers en andere klimmende groenten de ondersteuning die ze verdienen met deze extra stevige tomatenclips van 21 mm doorsnede.","robots":{"index":"noindex","follow":"follow","max-snippet":"max-snippet:-1","max-image-preview":"max-image-preview:large","max-video-preview":"max-video-preview:-1"},"og_locale":"de_DE","og_type":"article","og_title":"Tomatenklammern \u2013 20er-Set - Royal Well","og_description":"Geef je tomatenplanten, komkommers en andere klimmende groenten de ondersteuning die ze verdienen met deze extra stevige tomatenclips van 21 mm doorsnede.","og_url":"https:\/\/royalwell.demannenachterdeschermen.nl\/de\/produkt\/tomatenklammern-20er-set\/","og_site_name":"Royal Well","og_image":[{"width":2560,"height":1700,"url":"https:\/\/royalwell.demannenachterdeschermen.nl\/wp-content\/uploads\/2025\/01\/08718226338426_A1R0-scaled.jpg","type":"image\/jpeg"}],"twitter_card":"summary_large_image","twitter_misc":{"Gesch\u00e4tzte Lesezeit":"1\u00a0Minute"},"schema":{"@context":"https:\/\/schema.org","@graph":[{"@type":"WebPage","@id":"https:\/\/royalwell.demannenachterdeschermen.nl\/de\/produkt\/tomatenklammern-20er-set\/","url":"https:\/\/royalwell.demannenachterdeschermen.nl\/de\/produkt\/tomatenklammern-20er-set\/","name":"Tomatenklammern \u2013 20er-Set - Royal Well","isPartOf":{"@id":"https:\/\/royalwell.demannenachterdeschermen.nl\/de\/#website"},"primaryImageOfPage":{"@id":"https:\/\/royalwell.demannenachterdeschermen.nl\/de\/produkt\/tomatenklammern-20er-set\/#primaryimage"},"image":{"@id":"https:\/\/royalwell.demannenachterdeschermen.nl\/de\/produkt\/tomatenklammern-20er-set\/#primaryimage"},"thumbnailUrl":"https:\/\/royalwell.demannenachterdeschermen.nl\/wp-content\/uploads\/2025\/01\/08718226338426_A1R0-scaled.jpg","datePublished":"2026-01-28T16:29:22+00:00","description":"Geef je tomatenplanten, komkommers en andere klimmende groenten de ondersteuning die ze verdienen met deze extra stevige tomatenclips van 21 mm doorsnede.","breadcrumb":{"@id":"https:\/\/royalwell.demannenachterdeschermen.nl\/de\/produkt\/tomatenklammern-20er-set\/#breadcrumb"},"inLanguage":"de","potentialAction":[{"@type":"ReadAction","target":["https:\/\/royalwell.demannenachterdeschermen.nl\/de\/produkt\/tomatenklammern-20er-set\/"]}]},{"@type":"ImageObject","inLanguage":"de","@id":"https:\/\/royalwell.demannenachterdeschermen.nl\/de\/produkt\/tomatenklammern-20er-set\/#primaryimage","url":"https:\/\/royalwell.demannenachterdeschermen.nl\/wp-content\/uploads\/2025\/01\/08718226338426_A1R0-scaled.jpg","contentUrl":"https:\/\/royalwell.demannenachterdeschermen.nl\/wp-content\/uploads\/2025\/01\/08718226338426_A1R0-scaled.jpg","width":2560,"height":1700},{"@type":"BreadcrumbList","@id":"https:\/\/royalwell.demannenachterdeschermen.nl\/de\/produkt\/tomatenklammern-20er-set\/#breadcrumb","itemListElement":[{"@type":"ListItem","position":1,"name":"Home","item":"https:\/\/royalwell.demannenachterdeschermen.nl\/de\/"},{"@type":"ListItem","position":2,"name":"Assortiment","item":"https:\/\/royalwell.demannenachterdeschermen.nl\/assortiment\/"},{"@type":"ListItem","position":3,"name":"Tomatenklammern \u2013 20er-Set"}]},{"@type":"WebSite","@id":"https:\/\/royalwell.demannenachterdeschermen.nl\/de\/#website","url":"https:\/\/royalwell.demannenachterdeschermen.nl\/de\/","name":"Royal Well","description":"Tuinkassen, kweekkassen, hobbykassen","potentialAction":[{"@type":"SearchAction","target":{"@type":"EntryPoint","urlTemplate":"https:\/\/royalwell.demannenachterdeschermen.nl\/de\/?s={search_term_string}"},"query-input":{"@type":"PropertyValueSpecification","valueRequired":true,"valueName":"search_term_string"}}],"inLanguage":"de"}]}},"_links":{"self":[{"href":"https:\/\/royalwell.demannenachterdeschermen.nl\/de\/wp-json\/wp\/v2\/product\/243122","targetHints":{"allow":["GET"]}}],"collection":[{"href":"https:\/\/royalwell.demannenachterdeschermen.nl\/de\/wp-json\/wp\/v2\/product"}],"about":[{"href":"https:\/\/royalwell.demannenachterdeschermen.nl\/de\/wp-json\/wp\/v2\/types\/product"}],"wp:featuredmedia":[{"embeddable":true,"href":"https:\/\/royalwell.demannenachterdeschermen.nl\/de\/wp-json\/wp\/v2\/media\/236672"}],"wp:attachment":[{"href":"https:\/\/royalwell.demannenachterdeschermen.nl\/de\/wp-json\/wp\/v2\/media?parent=243122"}],"wp:term":[{"taxonomy":"product_brand","embeddable":true,"href":"https:\/\/royalwell.demannenachterdeschermen.nl\/de\/wp-json\/wp\/v2\/product_brand?post=243122"},{"taxonomy":"product_cat","embeddable":true,"href":"https:\/\/royalwell.demannenachterdeschermen.nl\/de\/wp-json\/wp\/v2\/product_cat?post=243122"},{"taxonomy":"product_tag","embeddable":true,"href":"https:\/\/royalwell.demannenachterdeschermen.nl\/de\/wp-json\/wp\/v2\/product_tag?post=243122"}],"curies":[{"name":"wp","href":"https:\/\/api.w.org\/{rel}","templated":true}]}}