{"id":243111,"date":"2026-01-28T17:29:22","date_gmt":"2026-01-28T16:29:22","guid":{"rendered":"https:\/\/royalwell.demannenachterdeschermen.nl\/product\/topfhalter-schwarz-ral-9005-4er-set\/"},"modified":"2026-04-28T14:36:58","modified_gmt":"2026-04-28T12:36:58","slug":"topfhalter-schwarz-ral-9005-4er-set","status":"publish","type":"product","link":"https:\/\/royalwell.demannenachterdeschermen.nl\/de\/produkt\/topfhalter-schwarz-ral-9005-4er-set\/","title":{"rendered":"Blumentopfhalter schwarz (RAL 9005) \u2013 4er-Set"},"content":{"rendered":"<p>Mit den universellen schwarzen Royal Well-Pflanzent\u00f6pfen kannst du deine Pflanzen ganz einfach in deinem Gew\u00e4chshaus, unter deiner \u00dcberdachung oder in deinem Gartenhaus aufh\u00e4ngen.<\/p>\n<p>Das Set enth\u00e4lt vier Halterungen, die f\u00fcr T\u00f6pfe von ca. 15 cm geeignet sind. Die Topfhalter sind in den Farben <a href=\"https:\/\/royalwell.demannenachterdeschermen.nl\/de\/produkt\/topfhalter-schwarz-ral-9005-4er-set\/\">Schwarz (RAL9005)<\/a>, <a href=\"https:\/\/royalwell.demannenachterdeschermen.nl\/produkt\/pothouders-groengrijs-set-4\/\">Graugr\u00fcn (RAL7009)<\/a> und <a href=\"https:\/\/royalwell.demannenachterdeschermen.nl\/de\/produkt\/blumentopfhalter-weiss-ral-9010-4er-set\/\">Wei\u00df (RAL9010)<\/a> erh\u00e4ltlich. Dank des mitgelieferten Befestigungsmaterials kannst du sie ganz einfach an den Pfosten von Wand- und Gartengew\u00e4chsh\u00e4usern oder Gartenh\u00e4usern anbringen. Du brauchst kein zus\u00e4tzliches Werkzeug, was das Aufh\u00e4ngen schnell und einfach macht.   <\/p>\n<p>Die Pflanzenhalter sind aus robustem Material gefertigt, sodass deine Pflanzen sicher an ihrem Platz bleiben. So kannst du deine Pflanzen sch\u00f6n in Szene setzen und den Platz optimal nutzen. Egal, ob du Kr\u00e4uter, Blumen oder andere Pflanzen aufh\u00e4ngst \u2013 mit diesen Haltern gibst du ihnen einen praktischen und stilvollen Platz.  <\/p>\n<p>Diese Royal Well-Pflanztopfhalter eignen sich f\u00fcr alle Royal Well <a href=\"https:\/\/royalwell.demannenachterdeschermen.nl\/produkt\/tuinkas-kate-3-groengrijs-3-mm-veiligheidsglas\/\">Kate<\/a>-, <a href=\"https:\/\/royalwell.demannenachterdeschermen.nl\/de\/produkt\/gewaechshaus-anne-ii-schwarz\/\">Anne<\/a>&#8211; und <a href=\"https:\/\/royalwell.demannenachterdeschermen.nl\/de\/produkt\/gewaechshaus-mary-iv-in-weiss\/\">Mary<\/a>-Gew\u00e4chsh\u00e4user, aber auch f\u00fcr Emma-Wandgew\u00e4chsh\u00e4user und Douglas-\u00dcberdachungen, Gartenh\u00e4user oder in deinem Keller oder Abstellraum.<\/p>\n<p>Vervollst\u00e4ndige dein Gew\u00e4chshaus oder deinen Garten mit diesen praktischen Topfhaltern!<\/p>\n","protected":false},"excerpt":{"rendered":"<p>Suchst du nach einer einfachen M\u00f6glichkeit, deine Pflanzen aufzuh\u00e4ngen? Dann entdecke die universellen Royal Well-Pflanzhalter! <\/p>\n<ul>\n<li>Einfache Montage an Gew\u00e4chshausprofilen oder einer festen Wand<\/li>\n<li>4er-Set in der Farbe deines Gew\u00e4chshauses<\/li>\n<li>Geeignet f\u00fcr T\u00f6pfe mit einem Durchmesser von ca. 15 cm<\/li>\n<li>Inklusive Montagematerial<\/li>\n<li>Solide Qualit\u00e4t: H\u00e4lt deine Pflanzen sicher und stabil an ihrem Platz<\/li>\n<\/ul>\n<div class=\"et_pb_button_module_wrapper et_pb_button_0_tb_body_wrapper et_pb_module \"><a class=\"et_pb_button et_pb_button_0_tb_body et_pb_bg_layout_light\" href=\"\/manuals\/\" target=\"_blank\" rel=\"noopener\">ANLEITUNG<\/a><\/div>\n","protected":false},"featured_media":243105,"template":"","meta":{"_et_pb_use_builder":"","_et_pb_old_content":"","_et_gb_content_width":""},"product_brand":[],"product_cat":[1052,997],"product_tag":[],"class_list":{"0":"post-243111","1":"product","2":"type-product","3":"status-publish","4":"has-post-thumbnail","6":"product_cat-befestigungsmoglichkeiten","7":"product_cat-zubehor","8":"pa_kleur-schwarz","9":"pa_merk-royal-well","10":"pa_productlijn-universeel","11":"pa_productsoort-pflanztopfe","13":"first","14":"instock","15":"taxable","16":"shipping-taxable","17":"purchasable","18":"product-type-simple"},"yoast_head":"<!-- This site is optimized with the Yoast SEO plugin v27.4 - https:\/\/yoast.com\/product\/yoast-seo-wordpress\/ -->\n<title>Blumentopfhalter schwarz (RAL 9005) \u2013 4er-Set - Royal Well<\/title>\n<meta name=\"description\" content=\"Mit den universellen Royal Well-Topfhaltern kannst du Pflanzen ganz einfach in deinem Gew\u00e4chshaus oder Gartenhaus aufh\u00e4ngen. F\u00fcr T\u00f6pfe mit einem Durchmesser von ca. 15 cm, in 3 Farben erh\u00e4ltlich.\" \/>\n<meta name=\"robots\" content=\"noindex, follow, max-snippet:-1, max-image-preview:large, max-video-preview:-1\" \/>\n<meta property=\"og:locale\" content=\"de_DE\" \/>\n<meta property=\"og:type\" content=\"article\" \/>\n<meta property=\"og:title\" content=\"Blumentopfhalter schwarz (RAL 9005) \u2013 4er-Set - Royal Well\" \/>\n<meta property=\"og:description\" content=\"Mit den universellen Royal Well-Topfhaltern kannst du Pflanzen ganz einfach in deinem Gew\u00e4chshaus oder Gartenhaus aufh\u00e4ngen. F\u00fcr T\u00f6pfe mit einem Durchmesser von ca. 15 cm, in 3 Farben erh\u00e4ltlich.\" \/>\n<meta property=\"og:url\" content=\"https:\/\/royalwell.demannenachterdeschermen.nl\/de\/produkt\/topfhalter-schwarz-ral-9005-4er-set\/\" \/>\n<meta property=\"og:site_name\" content=\"Royal Well\" \/>\n<meta property=\"article:modified_time\" content=\"2026-04-28T12:36:58+00:00\" \/>\n<meta property=\"og:image\" content=\"https:\/\/royalwell.demannenachterdeschermen.nl\/wp-content\/uploads\/2025\/01\/08718215762423_A1N0-scaled.jpg\" \/>\n\t<meta property=\"og:image:width\" content=\"1707\" \/>\n\t<meta property=\"og:image:height\" content=\"2560\" \/>\n\t<meta property=\"og:image:type\" content=\"image\/jpeg\" \/>\n<meta name=\"twitter:card\" content=\"summary_large_image\" \/>\n<meta name=\"twitter:label1\" content=\"Gesch\u00e4tzte Lesezeit\" \/>\n\t<meta name=\"twitter:data1\" content=\"1\u00a0Minute\" \/>\n<script type=\"application\/ld+json\" class=\"yoast-schema-graph\">{\"@context\":\"https:\\\/\\\/schema.org\",\"@graph\":[{\"@type\":\"WebPage\",\"@id\":\"https:\\\/\\\/royalwell.demannenachterdeschermen.nl\\\/de\\\/produkt\\\/topfhalter-schwarz-ral-9005-4er-set\\\/\",\"url\":\"https:\\\/\\\/royalwell.demannenachterdeschermen.nl\\\/de\\\/produkt\\\/topfhalter-schwarz-ral-9005-4er-set\\\/\",\"name\":\"Blumentopfhalter schwarz (RAL 9005) \u2013 4er-Set - Royal Well\",\"isPartOf\":{\"@id\":\"https:\\\/\\\/royalwell.demannenachterdeschermen.nl\\\/de\\\/#website\"},\"primaryImageOfPage\":{\"@id\":\"https:\\\/\\\/royalwell.demannenachterdeschermen.nl\\\/de\\\/produkt\\\/topfhalter-schwarz-ral-9005-4er-set\\\/#primaryimage\"},\"image\":{\"@id\":\"https:\\\/\\\/royalwell.demannenachterdeschermen.nl\\\/de\\\/produkt\\\/topfhalter-schwarz-ral-9005-4er-set\\\/#primaryimage\"},\"thumbnailUrl\":\"https:\\\/\\\/royalwell.demannenachterdeschermen.nl\\\/wp-content\\\/uploads\\\/2025\\\/01\\\/08718215762423_A1N0-scaled.jpg\",\"datePublished\":\"2026-01-28T16:29:22+00:00\",\"dateModified\":\"2026-04-28T12:36:58+00:00\",\"description\":\"Mit den universellen Royal Well-Topfhaltern kannst du Pflanzen ganz einfach in deinem Gew\u00e4chshaus oder Gartenhaus aufh\u00e4ngen. F\u00fcr T\u00f6pfe mit einem Durchmesser von ca. 15 cm, in 3 Farben erh\u00e4ltlich.\",\"breadcrumb\":{\"@id\":\"https:\\\/\\\/royalwell.demannenachterdeschermen.nl\\\/de\\\/produkt\\\/topfhalter-schwarz-ral-9005-4er-set\\\/#breadcrumb\"},\"inLanguage\":\"de\",\"potentialAction\":[{\"@type\":\"ReadAction\",\"target\":[\"https:\\\/\\\/royalwell.demannenachterdeschermen.nl\\\/de\\\/produkt\\\/topfhalter-schwarz-ral-9005-4er-set\\\/\"]}]},{\"@type\":\"ImageObject\",\"inLanguage\":\"de\",\"@id\":\"https:\\\/\\\/royalwell.demannenachterdeschermen.nl\\\/de\\\/produkt\\\/topfhalter-schwarz-ral-9005-4er-set\\\/#primaryimage\",\"url\":\"https:\\\/\\\/royalwell.demannenachterdeschermen.nl\\\/wp-content\\\/uploads\\\/2025\\\/01\\\/08718215762423_A1N0-scaled.jpg\",\"contentUrl\":\"https:\\\/\\\/royalwell.demannenachterdeschermen.nl\\\/wp-content\\\/uploads\\\/2025\\\/01\\\/08718215762423_A1N0-scaled.jpg\",\"width\":1707,\"height\":2560},{\"@type\":\"BreadcrumbList\",\"@id\":\"https:\\\/\\\/royalwell.demannenachterdeschermen.nl\\\/de\\\/produkt\\\/topfhalter-schwarz-ral-9005-4er-set\\\/#breadcrumb\",\"itemListElement\":[{\"@type\":\"ListItem\",\"position\":1,\"name\":\"Home\",\"item\":\"https:\\\/\\\/royalwell.demannenachterdeschermen.nl\\\/de\\\/\"},{\"@type\":\"ListItem\",\"position\":2,\"name\":\"Assortiment\",\"item\":\"https:\\\/\\\/royalwell.demannenachterdeschermen.nl\\\/assortiment\\\/\"},{\"@type\":\"ListItem\",\"position\":3,\"name\":\"Blumentopfhalter schwarz (RAL 9005) \u2013 4er-Set\"}]},{\"@type\":\"WebSite\",\"@id\":\"https:\\\/\\\/royalwell.demannenachterdeschermen.nl\\\/de\\\/#website\",\"url\":\"https:\\\/\\\/royalwell.demannenachterdeschermen.nl\\\/de\\\/\",\"name\":\"Royal Well\",\"description\":\"Tuinkassen, kweekkassen, hobbykassen\",\"potentialAction\":[{\"@type\":\"SearchAction\",\"target\":{\"@type\":\"EntryPoint\",\"urlTemplate\":\"https:\\\/\\\/royalwell.demannenachterdeschermen.nl\\\/de\\\/?s={search_term_string}\"},\"query-input\":{\"@type\":\"PropertyValueSpecification\",\"valueRequired\":true,\"valueName\":\"search_term_string\"}}],\"inLanguage\":\"de\"}]}<\/script>\n<!-- \/ Yoast SEO plugin. -->","yoast_head_json":{"title":"Blumentopfhalter schwarz (RAL 9005) \u2013 4er-Set - Royal Well","description":"Mit den universellen Royal Well-Topfhaltern kannst du Pflanzen ganz einfach in deinem Gew\u00e4chshaus oder Gartenhaus aufh\u00e4ngen. F\u00fcr T\u00f6pfe mit einem Durchmesser von ca. 15 cm, in 3 Farben erh\u00e4ltlich.","robots":{"index":"noindex","follow":"follow","max-snippet":"max-snippet:-1","max-image-preview":"max-image-preview:large","max-video-preview":"max-video-preview:-1"},"og_locale":"de_DE","og_type":"article","og_title":"Blumentopfhalter schwarz (RAL 9005) \u2013 4er-Set - Royal Well","og_description":"Mit den universellen Royal Well-Topfhaltern kannst du Pflanzen ganz einfach in deinem Gew\u00e4chshaus oder Gartenhaus aufh\u00e4ngen. F\u00fcr T\u00f6pfe mit einem Durchmesser von ca. 15 cm, in 3 Farben erh\u00e4ltlich.","og_url":"https:\/\/royalwell.demannenachterdeschermen.nl\/de\/produkt\/topfhalter-schwarz-ral-9005-4er-set\/","og_site_name":"Royal Well","article_modified_time":"2026-04-28T12:36:58+00:00","og_image":[{"width":1707,"height":2560,"url":"https:\/\/royalwell.demannenachterdeschermen.nl\/wp-content\/uploads\/2025\/01\/08718215762423_A1N0-scaled.jpg","type":"image\/jpeg"}],"twitter_card":"summary_large_image","twitter_misc":{"Gesch\u00e4tzte Lesezeit":"1\u00a0Minute"},"schema":{"@context":"https:\/\/schema.org","@graph":[{"@type":"WebPage","@id":"https:\/\/royalwell.demannenachterdeschermen.nl\/de\/produkt\/topfhalter-schwarz-ral-9005-4er-set\/","url":"https:\/\/royalwell.demannenachterdeschermen.nl\/de\/produkt\/topfhalter-schwarz-ral-9005-4er-set\/","name":"Blumentopfhalter schwarz (RAL 9005) \u2013 4er-Set - Royal Well","isPartOf":{"@id":"https:\/\/royalwell.demannenachterdeschermen.nl\/de\/#website"},"primaryImageOfPage":{"@id":"https:\/\/royalwell.demannenachterdeschermen.nl\/de\/produkt\/topfhalter-schwarz-ral-9005-4er-set\/#primaryimage"},"image":{"@id":"https:\/\/royalwell.demannenachterdeschermen.nl\/de\/produkt\/topfhalter-schwarz-ral-9005-4er-set\/#primaryimage"},"thumbnailUrl":"https:\/\/royalwell.demannenachterdeschermen.nl\/wp-content\/uploads\/2025\/01\/08718215762423_A1N0-scaled.jpg","datePublished":"2026-01-28T16:29:22+00:00","dateModified":"2026-04-28T12:36:58+00:00","description":"Mit den universellen Royal Well-Topfhaltern kannst du Pflanzen ganz einfach in deinem Gew\u00e4chshaus oder Gartenhaus aufh\u00e4ngen. F\u00fcr T\u00f6pfe mit einem Durchmesser von ca. 15 cm, in 3 Farben erh\u00e4ltlich.","breadcrumb":{"@id":"https:\/\/royalwell.demannenachterdeschermen.nl\/de\/produkt\/topfhalter-schwarz-ral-9005-4er-set\/#breadcrumb"},"inLanguage":"de","potentialAction":[{"@type":"ReadAction","target":["https:\/\/royalwell.demannenachterdeschermen.nl\/de\/produkt\/topfhalter-schwarz-ral-9005-4er-set\/"]}]},{"@type":"ImageObject","inLanguage":"de","@id":"https:\/\/royalwell.demannenachterdeschermen.nl\/de\/produkt\/topfhalter-schwarz-ral-9005-4er-set\/#primaryimage","url":"https:\/\/royalwell.demannenachterdeschermen.nl\/wp-content\/uploads\/2025\/01\/08718215762423_A1N0-scaled.jpg","contentUrl":"https:\/\/royalwell.demannenachterdeschermen.nl\/wp-content\/uploads\/2025\/01\/08718215762423_A1N0-scaled.jpg","width":1707,"height":2560},{"@type":"BreadcrumbList","@id":"https:\/\/royalwell.demannenachterdeschermen.nl\/de\/produkt\/topfhalter-schwarz-ral-9005-4er-set\/#breadcrumb","itemListElement":[{"@type":"ListItem","position":1,"name":"Home","item":"https:\/\/royalwell.demannenachterdeschermen.nl\/de\/"},{"@type":"ListItem","position":2,"name":"Assortiment","item":"https:\/\/royalwell.demannenachterdeschermen.nl\/assortiment\/"},{"@type":"ListItem","position":3,"name":"Blumentopfhalter schwarz (RAL 9005) \u2013 4er-Set"}]},{"@type":"WebSite","@id":"https:\/\/royalwell.demannenachterdeschermen.nl\/de\/#website","url":"https:\/\/royalwell.demannenachterdeschermen.nl\/de\/","name":"Royal Well","description":"Tuinkassen, kweekkassen, hobbykassen","potentialAction":[{"@type":"SearchAction","target":{"@type":"EntryPoint","urlTemplate":"https:\/\/royalwell.demannenachterdeschermen.nl\/de\/?s={search_term_string}"},"query-input":{"@type":"PropertyValueSpecification","valueRequired":true,"valueName":"search_term_string"}}],"inLanguage":"de"}]}},"_links":{"self":[{"href":"https:\/\/royalwell.demannenachterdeschermen.nl\/de\/wp-json\/wp\/v2\/product\/243111","targetHints":{"allow":["GET"]}}],"collection":[{"href":"https:\/\/royalwell.demannenachterdeschermen.nl\/de\/wp-json\/wp\/v2\/product"}],"about":[{"href":"https:\/\/royalwell.demannenachterdeschermen.nl\/de\/wp-json\/wp\/v2\/types\/product"}],"wp:featuredmedia":[{"embeddable":true,"href":"https:\/\/royalwell.demannenachterdeschermen.nl\/de\/wp-json\/wp\/v2\/media\/243105"}],"wp:attachment":[{"href":"https:\/\/royalwell.demannenachterdeschermen.nl\/de\/wp-json\/wp\/v2\/media?parent=243111"}],"wp:term":[{"taxonomy":"product_brand","embeddable":true,"href":"https:\/\/royalwell.demannenachterdeschermen.nl\/de\/wp-json\/wp\/v2\/product_brand?post=243111"},{"taxonomy":"product_cat","embeddable":true,"href":"https:\/\/royalwell.demannenachterdeschermen.nl\/de\/wp-json\/wp\/v2\/product_cat?post=243111"},{"taxonomy":"product_tag","embeddable":true,"href":"https:\/\/royalwell.demannenachterdeschermen.nl\/de\/wp-json\/wp\/v2\/product_tag?post=243111"}],"curies":[{"name":"wp","href":"https:\/\/api.w.org\/{rel}","templated":true}]}}