{"id":243060,"date":"2026-01-28T17:29:24","date_gmt":"2026-01-28T16:29:24","guid":{"rendered":"https:\/\/royalwell.demannenachterdeschermen.nl\/product\/klappbare-brettstuetze-weiss\/"},"modified":"2026-01-28T17:29:24","modified_gmt":"2026-01-28T16:29:24","slug":"klappbare-brettstuetze-weiss","status":"publish","type":"product","link":"https:\/\/royalwell.demannenachterdeschermen.nl\/de\/produkt\/klappbare-brettstuetze-weiss\/","title":{"rendered":"Klappbare Brettst\u00fctze, wei\u00df"},"content":{"rendered":"<p>Gestalte deinen eigenen ma\u00dfgeschneiderten Arbeitstisch. Kombiniere Holz mit Aluminium in deinem Gew\u00e4chshaus \u2013 mit den klappbaren Regalauflagen von Royal Well. Gestalte deinen Arbeitsplatz ganz nach deinem Geschmack mit einzelnen Douglasienbrettern, Kiefernbrettern oder zum Beispiel einer Tischlerplatte aus Fichtenholz. Mit den robusten, klappbaren Halterungen von Royal Well klappt das ganz sicher und du hast einen tollen Arbeitsbereich in deinem Gew\u00e4chshaus, der jahrelang h\u00e4lt. Und wenn du den Arbeitsbereich gerade nicht brauchst? Dann klappst du deinen Arbeitstisch einfach an die Wand des Gew\u00e4chshauses.     <\/p>\n<p>Diese St\u00fctzen haben die Ma\u00dfe 40 x 17 x 2,5 cm und eignen sich daher f\u00fcr einen Arbeitstisch mit einer Tiefe von 40 cm. Diese klappbare St\u00fctze befestigst du mit Hilfe von <a href=\"https:\/\/royalwell.demannenachterdeschermen.nl\/produkt\/rvs-hamerkop-bout-en-moer-set-10\/\">Hammerbolzen <\/a>an den Profilen des Gew\u00e4chshauses. Diese Bolzen sind im Lieferumfang enthalten. Befestige die Bretter einfach mit Schrauben in den vorgebohrten L\u00f6chern der St\u00fctze (Schrauben sind nicht im Lieferumfang enthalten). Das Befestigungsmaterial zur Montage der St\u00fctze im Gew\u00e4chshaus ist jedoch im Lieferumfang enthalten.    <\/p>\n<p>Die klappbaren St\u00fctzen sind in den Farben <a href=\"https:\/\/royalwell.demannenachterdeschermen.nl\/de\/produkt\/klappbare-brettstuetze-weiss\/\">Wei\u00df<\/a>, <a href=\"https:\/\/royalwell.demannenachterdeschermen.nl\/de\/produkt\/klappbare-brettstuetze-gruen-grau\/\">Schwarz <\/a>oder <g id=\"gid_2\">Graugr\u00fcn <\/g>erh\u00e4ltlich. Sie eignen sich auch f\u00fcr den Einsatz beispielsweise im Schuppen, Abstellraum oder in der Garage. <\/p>\n","protected":false},"excerpt":{"rendered":"<p>Gestalte deinen eigenen ma\u00dfgeschneiderten Arbeitstisch. Kombiniere Holz mit Aluminium in deinem Gew\u00e4chshaus \u2013 mit den klappbaren St\u00fctzen von Royal Well. Mach deinen Arbeitsplatz ganz zu deinem eigenen \u2013 mit einzelnen Brettern oder einer Holzverkleidung. Mit den robusten, klappbaren St\u00fctzen von Royal Well klappt das ganz sicher, und du hast einen wunderbaren Arbeitsbereich in deinem Gew\u00e4chshaus, der jahrelang h\u00e4lt.   <\/p>\n<ul>\n<li>Bietet einen robusten Arbeitsbereich mit einer Tiefe von bis zu 40 cm<\/li>\n<li>L\u00e4sst sich einfach zusammenklappen, wenn der Arbeitsbereich nicht gebraucht wird<\/li>\n<li>Erh\u00e4ltlich in den Farben deines Gew\u00e4chshauses: Wei\u00df, Schwarz und Graugr\u00fcn<\/li>\n<li>Befestigungsmaterial f\u00fcr die Montage im Gew\u00e4chshaus im Lieferumfang enthalten<\/li>\n<\/ul>\n<p>&nbsp;<\/p>\n<div class=\"et_pb_button_module_wrapper et_pb_button_0_tb_body_wrapper et_pb_module \"><a class=\"et_pb_button et_pb_button_0_tb_body et_pb_bg_layout_light\" href=\"\/manuals\/\" target=\"_blank\" rel=\"noopener\">ANLEITUNG<\/a><\/div>\n","protected":false},"featured_media":235954,"template":"","meta":{"_et_pb_use_builder":"","_et_pb_old_content":"","_et_gb_content_width":""},"product_brand":[],"product_cat":[998,997],"product_tag":[],"class_list":{"0":"post-243060","1":"product","2":"type-product","3":"status-publish","4":"has-post-thumbnail","6":"product_cat-anzuchttische-und-regale-2","7":"product_cat-zubehor","8":"pa_kleur-wit","9":"pa_merk-royal-well","10":"pa_productlijn-universeel","11":"pa_productsoort-klappbare-stutze","13":"first","14":"instock","15":"taxable","16":"shipping-taxable","17":"purchasable","18":"product-type-simple"},"yoast_head":"<!-- This site is optimized with the Yoast SEO plugin v27.4 - https:\/\/yoast.com\/product\/yoast-seo-wordpress\/ -->\n<title>Klappbare Brettst\u00fctze, wei\u00df - Royal Well<\/title>\n<meta name=\"description\" content=\"Kombiniere Holz mit Aluminium in deinem Gew\u00e4chshaus \u2013 mit den klappbaren St\u00fctzen von Royal Well. Gestalte deinen Arbeitsplatz ganz nach deinem Geschmack mit einzelnen Brettern und einer Holzverkleidung.\" \/>\n<meta name=\"robots\" content=\"noindex, follow, max-snippet:-1, max-image-preview:large, max-video-preview:-1\" \/>\n<meta property=\"og:locale\" content=\"de_DE\" \/>\n<meta property=\"og:type\" content=\"article\" \/>\n<meta property=\"og:title\" content=\"Klappbare Brettst\u00fctze, wei\u00df - Royal Well\" \/>\n<meta property=\"og:description\" content=\"Kombiniere Holz mit Aluminium in deinem Gew\u00e4chshaus \u2013 mit den klappbaren St\u00fctzen von Royal Well. Gestalte deinen Arbeitsplatz ganz nach deinem Geschmack mit einzelnen Brettern und einer Holzverkleidung.\" \/>\n<meta property=\"og:url\" content=\"https:\/\/royalwell.demannenachterdeschermen.nl\/de\/produkt\/klappbare-brettstuetze-weiss\/\" \/>\n<meta property=\"og:site_name\" content=\"Royal Well\" \/>\n<meta property=\"og:image\" content=\"https:\/\/royalwell.demannenachterdeschermen.nl\/wp-content\/uploads\/2025\/01\/08718215762836_A1L0-scaled.jpg\" \/>\n\t<meta property=\"og:image:width\" content=\"1707\" \/>\n\t<meta property=\"og:image:height\" content=\"2560\" \/>\n\t<meta property=\"og:image:type\" content=\"image\/jpeg\" \/>\n<meta name=\"twitter:card\" content=\"summary_large_image\" \/>\n<meta name=\"twitter:label1\" content=\"Gesch\u00e4tzte Lesezeit\" \/>\n\t<meta name=\"twitter:data1\" content=\"1\u00a0Minute\" \/>\n<script type=\"application\/ld+json\" class=\"yoast-schema-graph\">{\"@context\":\"https:\\\/\\\/schema.org\",\"@graph\":[{\"@type\":\"WebPage\",\"@id\":\"https:\\\/\\\/royalwell.demannenachterdeschermen.nl\\\/de\\\/produkt\\\/klappbare-brettstuetze-weiss\\\/\",\"url\":\"https:\\\/\\\/royalwell.demannenachterdeschermen.nl\\\/de\\\/produkt\\\/klappbare-brettstuetze-weiss\\\/\",\"name\":\"Klappbare Brettst\u00fctze, wei\u00df - Royal Well\",\"isPartOf\":{\"@id\":\"https:\\\/\\\/royalwell.demannenachterdeschermen.nl\\\/de\\\/#website\"},\"primaryImageOfPage\":{\"@id\":\"https:\\\/\\\/royalwell.demannenachterdeschermen.nl\\\/de\\\/produkt\\\/klappbare-brettstuetze-weiss\\\/#primaryimage\"},\"image\":{\"@id\":\"https:\\\/\\\/royalwell.demannenachterdeschermen.nl\\\/de\\\/produkt\\\/klappbare-brettstuetze-weiss\\\/#primaryimage\"},\"thumbnailUrl\":\"https:\\\/\\\/royalwell.demannenachterdeschermen.nl\\\/wp-content\\\/uploads\\\/2025\\\/01\\\/08718215762836_A1L0-scaled.jpg\",\"datePublished\":\"2026-01-28T16:29:24+00:00\",\"description\":\"Kombiniere Holz mit Aluminium in deinem Gew\u00e4chshaus \u2013 mit den klappbaren St\u00fctzen von Royal Well. Gestalte deinen Arbeitsplatz ganz nach deinem Geschmack mit einzelnen Brettern und einer Holzverkleidung.\",\"breadcrumb\":{\"@id\":\"https:\\\/\\\/royalwell.demannenachterdeschermen.nl\\\/de\\\/produkt\\\/klappbare-brettstuetze-weiss\\\/#breadcrumb\"},\"inLanguage\":\"de\",\"potentialAction\":[{\"@type\":\"ReadAction\",\"target\":[\"https:\\\/\\\/royalwell.demannenachterdeschermen.nl\\\/de\\\/produkt\\\/klappbare-brettstuetze-weiss\\\/\"]}]},{\"@type\":\"ImageObject\",\"inLanguage\":\"de\",\"@id\":\"https:\\\/\\\/royalwell.demannenachterdeschermen.nl\\\/de\\\/produkt\\\/klappbare-brettstuetze-weiss\\\/#primaryimage\",\"url\":\"https:\\\/\\\/royalwell.demannenachterdeschermen.nl\\\/wp-content\\\/uploads\\\/2025\\\/01\\\/08718215762836_A1L0-scaled.jpg\",\"contentUrl\":\"https:\\\/\\\/royalwell.demannenachterdeschermen.nl\\\/wp-content\\\/uploads\\\/2025\\\/01\\\/08718215762836_A1L0-scaled.jpg\",\"width\":1707,\"height\":2560},{\"@type\":\"BreadcrumbList\",\"@id\":\"https:\\\/\\\/royalwell.demannenachterdeschermen.nl\\\/de\\\/produkt\\\/klappbare-brettstuetze-weiss\\\/#breadcrumb\",\"itemListElement\":[{\"@type\":\"ListItem\",\"position\":1,\"name\":\"Home\",\"item\":\"https:\\\/\\\/royalwell.demannenachterdeschermen.nl\\\/de\\\/\"},{\"@type\":\"ListItem\",\"position\":2,\"name\":\"Assortiment\",\"item\":\"https:\\\/\\\/royalwell.demannenachterdeschermen.nl\\\/assortiment\\\/\"},{\"@type\":\"ListItem\",\"position\":3,\"name\":\"Klappbare Brettst\u00fctze, wei\u00df\"}]},{\"@type\":\"WebSite\",\"@id\":\"https:\\\/\\\/royalwell.demannenachterdeschermen.nl\\\/de\\\/#website\",\"url\":\"https:\\\/\\\/royalwell.demannenachterdeschermen.nl\\\/de\\\/\",\"name\":\"Royal Well\",\"description\":\"Tuinkassen, kweekkassen, hobbykassen\",\"potentialAction\":[{\"@type\":\"SearchAction\",\"target\":{\"@type\":\"EntryPoint\",\"urlTemplate\":\"https:\\\/\\\/royalwell.demannenachterdeschermen.nl\\\/de\\\/?s={search_term_string}\"},\"query-input\":{\"@type\":\"PropertyValueSpecification\",\"valueRequired\":true,\"valueName\":\"search_term_string\"}}],\"inLanguage\":\"de\"}]}<\/script>\n<!-- \/ Yoast SEO plugin. -->","yoast_head_json":{"title":"Klappbare Brettst\u00fctze, wei\u00df - Royal Well","description":"Kombiniere Holz mit Aluminium in deinem Gew\u00e4chshaus \u2013 mit den klappbaren St\u00fctzen von Royal Well. Gestalte deinen Arbeitsplatz ganz nach deinem Geschmack mit einzelnen Brettern und einer Holzverkleidung.","robots":{"index":"noindex","follow":"follow","max-snippet":"max-snippet:-1","max-image-preview":"max-image-preview:large","max-video-preview":"max-video-preview:-1"},"og_locale":"de_DE","og_type":"article","og_title":"Klappbare Brettst\u00fctze, wei\u00df - Royal Well","og_description":"Kombiniere Holz mit Aluminium in deinem Gew\u00e4chshaus \u2013 mit den klappbaren St\u00fctzen von Royal Well. Gestalte deinen Arbeitsplatz ganz nach deinem Geschmack mit einzelnen Brettern und einer Holzverkleidung.","og_url":"https:\/\/royalwell.demannenachterdeschermen.nl\/de\/produkt\/klappbare-brettstuetze-weiss\/","og_site_name":"Royal Well","og_image":[{"width":1707,"height":2560,"url":"https:\/\/royalwell.demannenachterdeschermen.nl\/wp-content\/uploads\/2025\/01\/08718215762836_A1L0-scaled.jpg","type":"image\/jpeg"}],"twitter_card":"summary_large_image","twitter_misc":{"Gesch\u00e4tzte Lesezeit":"1\u00a0Minute"},"schema":{"@context":"https:\/\/schema.org","@graph":[{"@type":"WebPage","@id":"https:\/\/royalwell.demannenachterdeschermen.nl\/de\/produkt\/klappbare-brettstuetze-weiss\/","url":"https:\/\/royalwell.demannenachterdeschermen.nl\/de\/produkt\/klappbare-brettstuetze-weiss\/","name":"Klappbare Brettst\u00fctze, wei\u00df - Royal Well","isPartOf":{"@id":"https:\/\/royalwell.demannenachterdeschermen.nl\/de\/#website"},"primaryImageOfPage":{"@id":"https:\/\/royalwell.demannenachterdeschermen.nl\/de\/produkt\/klappbare-brettstuetze-weiss\/#primaryimage"},"image":{"@id":"https:\/\/royalwell.demannenachterdeschermen.nl\/de\/produkt\/klappbare-brettstuetze-weiss\/#primaryimage"},"thumbnailUrl":"https:\/\/royalwell.demannenachterdeschermen.nl\/wp-content\/uploads\/2025\/01\/08718215762836_A1L0-scaled.jpg","datePublished":"2026-01-28T16:29:24+00:00","description":"Kombiniere Holz mit Aluminium in deinem Gew\u00e4chshaus \u2013 mit den klappbaren St\u00fctzen von Royal Well. Gestalte deinen Arbeitsplatz ganz nach deinem Geschmack mit einzelnen Brettern und einer Holzverkleidung.","breadcrumb":{"@id":"https:\/\/royalwell.demannenachterdeschermen.nl\/de\/produkt\/klappbare-brettstuetze-weiss\/#breadcrumb"},"inLanguage":"de","potentialAction":[{"@type":"ReadAction","target":["https:\/\/royalwell.demannenachterdeschermen.nl\/de\/produkt\/klappbare-brettstuetze-weiss\/"]}]},{"@type":"ImageObject","inLanguage":"de","@id":"https:\/\/royalwell.demannenachterdeschermen.nl\/de\/produkt\/klappbare-brettstuetze-weiss\/#primaryimage","url":"https:\/\/royalwell.demannenachterdeschermen.nl\/wp-content\/uploads\/2025\/01\/08718215762836_A1L0-scaled.jpg","contentUrl":"https:\/\/royalwell.demannenachterdeschermen.nl\/wp-content\/uploads\/2025\/01\/08718215762836_A1L0-scaled.jpg","width":1707,"height":2560},{"@type":"BreadcrumbList","@id":"https:\/\/royalwell.demannenachterdeschermen.nl\/de\/produkt\/klappbare-brettstuetze-weiss\/#breadcrumb","itemListElement":[{"@type":"ListItem","position":1,"name":"Home","item":"https:\/\/royalwell.demannenachterdeschermen.nl\/de\/"},{"@type":"ListItem","position":2,"name":"Assortiment","item":"https:\/\/royalwell.demannenachterdeschermen.nl\/assortiment\/"},{"@type":"ListItem","position":3,"name":"Klappbare Brettst\u00fctze, wei\u00df"}]},{"@type":"WebSite","@id":"https:\/\/royalwell.demannenachterdeschermen.nl\/de\/#website","url":"https:\/\/royalwell.demannenachterdeschermen.nl\/de\/","name":"Royal Well","description":"Tuinkassen, kweekkassen, hobbykassen","potentialAction":[{"@type":"SearchAction","target":{"@type":"EntryPoint","urlTemplate":"https:\/\/royalwell.demannenachterdeschermen.nl\/de\/?s={search_term_string}"},"query-input":{"@type":"PropertyValueSpecification","valueRequired":true,"valueName":"search_term_string"}}],"inLanguage":"de"}]}},"_links":{"self":[{"href":"https:\/\/royalwell.demannenachterdeschermen.nl\/de\/wp-json\/wp\/v2\/product\/243060","targetHints":{"allow":["GET"]}}],"collection":[{"href":"https:\/\/royalwell.demannenachterdeschermen.nl\/de\/wp-json\/wp\/v2\/product"}],"about":[{"href":"https:\/\/royalwell.demannenachterdeschermen.nl\/de\/wp-json\/wp\/v2\/types\/product"}],"wp:featuredmedia":[{"embeddable":true,"href":"https:\/\/royalwell.demannenachterdeschermen.nl\/de\/wp-json\/wp\/v2\/media\/235954"}],"wp:attachment":[{"href":"https:\/\/royalwell.demannenachterdeschermen.nl\/de\/wp-json\/wp\/v2\/media?parent=243060"}],"wp:term":[{"taxonomy":"product_brand","embeddable":true,"href":"https:\/\/royalwell.demannenachterdeschermen.nl\/de\/wp-json\/wp\/v2\/product_brand?post=243060"},{"taxonomy":"product_cat","embeddable":true,"href":"https:\/\/royalwell.demannenachterdeschermen.nl\/de\/wp-json\/wp\/v2\/product_cat?post=243060"},{"taxonomy":"product_tag","embeddable":true,"href":"https:\/\/royalwell.demannenachterdeschermen.nl\/de\/wp-json\/wp\/v2\/product_tag?post=243060"}],"curies":[{"name":"wp","href":"https:\/\/api.w.org\/{rel}","templated":true}]}}