{"id":243017,"date":"2026-01-28T17:29:24","date_gmt":"2026-01-28T16:29:24","guid":{"rendered":"https:\/\/royalwell.demannenachterdeschermen.nl\/product\/anzuchttisch-set-fuer-mary-iii-schwarz\/"},"modified":"2026-01-28T17:29:24","modified_gmt":"2026-01-28T16:29:24","slug":"anzuchttisch-set-fuer-mary-iii-schwarz","status":"publish","type":"product","link":"https:\/\/royalwell.demannenachterdeschermen.nl\/de\/produkt\/anzuchttisch-set-fuer-mary-iii-schwarz\/","title":{"rendered":"Anzuchttisch-Set f\u00fcr Mary III, schwarz"},"content":{"rendered":"<p>Nutze den Platz in deinem <a href=\"https:\/\/royalwell.demannenachterdeschermen.nl\/de\/produkt\/gewaechshaus-mary-iii-schwarz\/\">Mary III-Gew\u00e4chshaus<\/a> optimal mit einem integrierten Anzuchttisch von Royal Well. Ein Anzuchttisch bietet in deinem Gew\u00e4chshaus Platz, um deine Pflanzen in der perfekten H\u00f6he auszus\u00e4en, umzutopfen oder zu gie\u00dfen. Du kannst darauf Samen vorziehen oder Jungpflanzen ziehen. Au\u00dferdem schafft dieser Arbeitstisch in deinem Gew\u00e4chshaus Platz f\u00fcr deine Werkzeuge, Anzuchtt\u00f6pfe, Sament\u00fctchen und alle anderen kleineren Anzuchtutensilien.  <\/p>\n<p>Die Konstruktion besteht aus vier Tr\u00e4gern, St\u00fctzen und Streben. Die stabile Befestigung am Gew\u00e4chshausrahmen erfolgt mit (Hammerkopf-)Schrauben und Muttern der Standardgr\u00f6\u00dfe M6. Die H\u00f6he kannst du selbst bestimmen, da der Tisch bei der Montage h\u00f6henverstellbar ist. Der Anzuchttisch ist 42,5 cm tief und passt zu jeder Gew\u00e4chshausgr\u00f6\u00dfe, sodass der Innenraum (die Tiefe) des Gew\u00e4chshauses optimal ausgenutzt wird. Selbstverst\u00e4ndlich ist der Royal Well Anzuchttisch in der Farbe Ihres Gew\u00e4chshauses ausgef\u00fchrt.   <\/p>\n<p>Die Arbeitstische sind in Ausf\u00fchrungen mit 2 bzw. 3 Sektionen erh\u00e4ltlich. Jedes seitliche Fenster z\u00e4hlt als eine Sektion. Beim Gew\u00e4chshaus <a href=\"https:\/\/royalwell.demannenachterdeschermen.nl\/de\/produkt\/gewaechshaus-mary-iii-schwarz\/\">Mary III in Schwarz<\/a> besteht ein Arbeitstisch-Set aus einem 2-Sektionen-Anzuchttisch und einem 3-Sektionen-Anzuchttisch.  <\/p>\n","protected":false},"excerpt":{"rendered":"<p>Ein Anzuchttisch bietet in deinem Gew\u00e4chshaus Platz, um deine Pflanzen in der perfekten H\u00f6he auszus\u00e4en, umzutopfen oder zu gie\u00dfen. Die Anzuchttische von Royal Well sind genau auf dein Gew\u00e4chshaus abgestimmt. <\/p>\n<ul>\n<li>Die Konstruktion besteht aus vier Tr\u00e4gern, St\u00fctzen und Streben.<\/li>\n<li>Eine stabile Verbindung mit dem Gew\u00e4chshausrahmen wird mithilfe von (Hammerkopf-)Schrauben und Muttern der Standardgr\u00f6\u00dfe M6 hergestellt.<\/li>\n<li>In der H\u00f6he nach Wunsch verstellbar<\/li>\n<li>Tiefe 42,5 cm<\/li>\n<li>L\u00e4sst sich perfekt mit passenden Arbeitstischen kombinieren<\/li>\n<\/ul>\n<p>&nbsp;<\/p>\n<div class=\"et_pb_button_module_wrapper et_pb_button_0_tb_body_wrapper et_pb_module \"><a class=\"et_pb_button et_pb_button_0_tb_body et_pb_bg_layout_light\" href=\"\/manuals\/08718215762669_F_S01.pdf\" target=\"_blank\" rel=\"noopener\">ANLEITUNG<\/a><\/div>\n","protected":false},"featured_media":235806,"template":"","meta":{"_et_pb_use_builder":"","_et_pb_old_content":"","_et_gb_content_width":""},"product_brand":[],"product_cat":[998,997],"product_tag":[],"class_list":{"0":"post-243017","1":"product","2":"type-product","3":"status-publish","4":"has-post-thumbnail","6":"product_cat-anzuchttische-und-regale-2","7":"product_cat-zubehor","8":"pa_kleur-schwarz","9":"pa_merk-royal-well","10":"pa_productlijn-mary","11":"pa_productsoort-kweektafel","13":"first","14":"instock","15":"taxable","16":"shipping-taxable","17":"purchasable","18":"product-type-simple"},"yoast_head":"<!-- This site is optimized with the Yoast SEO plugin v27.4 - https:\/\/yoast.com\/product\/yoast-seo-wordpress\/ -->\n<title>Anzuchttisch-Set f\u00fcr Mary III, schwarz - Royal Well<\/title>\n<meta name=\"description\" content=\"Nutzen Sie den Platz in Ihrem Gew\u00e4chshaus optimal mit einem integrierten Anzuchttisch von Royal Well f\u00fcr alle S\u00e4mlinge, Jungpflanzen und Werkzeuge.\" \/>\n<meta name=\"robots\" content=\"noindex, follow, max-snippet:-1, max-image-preview:large, max-video-preview:-1\" \/>\n<meta property=\"og:locale\" content=\"de_DE\" \/>\n<meta property=\"og:type\" content=\"article\" \/>\n<meta property=\"og:title\" content=\"Anzuchttisch-Set f\u00fcr Mary III, schwarz - Royal Well\" \/>\n<meta property=\"og:description\" content=\"Nutzen Sie den Platz in Ihrem Gew\u00e4chshaus optimal mit einem integrierten Anzuchttisch von Royal Well f\u00fcr alle S\u00e4mlinge, Jungpflanzen und Werkzeuge.\" \/>\n<meta property=\"og:url\" content=\"https:\/\/royalwell.demannenachterdeschermen.nl\/de\/produkt\/anzuchttisch-set-fuer-mary-iii-schwarz\/\" \/>\n<meta property=\"og:site_name\" content=\"Royal Well\" \/>\n<meta property=\"og:image\" content=\"https:\/\/royalwell.demannenachterdeschermen.nl\/wp-content\/uploads\/2025\/01\/08718215762669_A1L0-scaled.jpg\" \/>\n\t<meta property=\"og:image:width\" content=\"1707\" \/>\n\t<meta property=\"og:image:height\" content=\"2560\" \/>\n\t<meta property=\"og:image:type\" content=\"image\/jpeg\" \/>\n<meta name=\"twitter:card\" content=\"summary_large_image\" \/>\n<meta name=\"twitter:label1\" content=\"Gesch\u00e4tzte Lesezeit\" \/>\n\t<meta name=\"twitter:data1\" content=\"1\u00a0Minute\" \/>\n<script type=\"application\/ld+json\" class=\"yoast-schema-graph\">{\"@context\":\"https:\\\/\\\/schema.org\",\"@graph\":[{\"@type\":\"WebPage\",\"@id\":\"https:\\\/\\\/royalwell.demannenachterdeschermen.nl\\\/de\\\/produkt\\\/anzuchttisch-set-fuer-mary-iii-schwarz\\\/\",\"url\":\"https:\\\/\\\/royalwell.demannenachterdeschermen.nl\\\/de\\\/produkt\\\/anzuchttisch-set-fuer-mary-iii-schwarz\\\/\",\"name\":\"Anzuchttisch-Set f\u00fcr Mary III, schwarz - Royal Well\",\"isPartOf\":{\"@id\":\"https:\\\/\\\/royalwell.demannenachterdeschermen.nl\\\/de\\\/#website\"},\"primaryImageOfPage\":{\"@id\":\"https:\\\/\\\/royalwell.demannenachterdeschermen.nl\\\/de\\\/produkt\\\/anzuchttisch-set-fuer-mary-iii-schwarz\\\/#primaryimage\"},\"image\":{\"@id\":\"https:\\\/\\\/royalwell.demannenachterdeschermen.nl\\\/de\\\/produkt\\\/anzuchttisch-set-fuer-mary-iii-schwarz\\\/#primaryimage\"},\"thumbnailUrl\":\"https:\\\/\\\/royalwell.demannenachterdeschermen.nl\\\/wp-content\\\/uploads\\\/2025\\\/01\\\/08718215762669_A1L0-scaled.jpg\",\"datePublished\":\"2026-01-28T16:29:24+00:00\",\"description\":\"Nutzen Sie den Platz in Ihrem Gew\u00e4chshaus optimal mit einem integrierten Anzuchttisch von Royal Well f\u00fcr alle S\u00e4mlinge, Jungpflanzen und Werkzeuge.\",\"breadcrumb\":{\"@id\":\"https:\\\/\\\/royalwell.demannenachterdeschermen.nl\\\/de\\\/produkt\\\/anzuchttisch-set-fuer-mary-iii-schwarz\\\/#breadcrumb\"},\"inLanguage\":\"de\",\"potentialAction\":[{\"@type\":\"ReadAction\",\"target\":[\"https:\\\/\\\/royalwell.demannenachterdeschermen.nl\\\/de\\\/produkt\\\/anzuchttisch-set-fuer-mary-iii-schwarz\\\/\"]}]},{\"@type\":\"ImageObject\",\"inLanguage\":\"de\",\"@id\":\"https:\\\/\\\/royalwell.demannenachterdeschermen.nl\\\/de\\\/produkt\\\/anzuchttisch-set-fuer-mary-iii-schwarz\\\/#primaryimage\",\"url\":\"https:\\\/\\\/royalwell.demannenachterdeschermen.nl\\\/wp-content\\\/uploads\\\/2025\\\/01\\\/08718215762669_A1L0-scaled.jpg\",\"contentUrl\":\"https:\\\/\\\/royalwell.demannenachterdeschermen.nl\\\/wp-content\\\/uploads\\\/2025\\\/01\\\/08718215762669_A1L0-scaled.jpg\",\"width\":1707,\"height\":2560},{\"@type\":\"BreadcrumbList\",\"@id\":\"https:\\\/\\\/royalwell.demannenachterdeschermen.nl\\\/de\\\/produkt\\\/anzuchttisch-set-fuer-mary-iii-schwarz\\\/#breadcrumb\",\"itemListElement\":[{\"@type\":\"ListItem\",\"position\":1,\"name\":\"Home\",\"item\":\"https:\\\/\\\/royalwell.demannenachterdeschermen.nl\\\/de\\\/\"},{\"@type\":\"ListItem\",\"position\":2,\"name\":\"Assortiment\",\"item\":\"https:\\\/\\\/royalwell.demannenachterdeschermen.nl\\\/assortiment\\\/\"},{\"@type\":\"ListItem\",\"position\":3,\"name\":\"Anzuchttisch-Set f\u00fcr Mary III, schwarz\"}]},{\"@type\":\"WebSite\",\"@id\":\"https:\\\/\\\/royalwell.demannenachterdeschermen.nl\\\/de\\\/#website\",\"url\":\"https:\\\/\\\/royalwell.demannenachterdeschermen.nl\\\/de\\\/\",\"name\":\"Royal Well\",\"description\":\"Tuinkassen, kweekkassen, hobbykassen\",\"potentialAction\":[{\"@type\":\"SearchAction\",\"target\":{\"@type\":\"EntryPoint\",\"urlTemplate\":\"https:\\\/\\\/royalwell.demannenachterdeschermen.nl\\\/de\\\/?s={search_term_string}\"},\"query-input\":{\"@type\":\"PropertyValueSpecification\",\"valueRequired\":true,\"valueName\":\"search_term_string\"}}],\"inLanguage\":\"de\"}]}<\/script>\n<!-- \/ Yoast SEO plugin. -->","yoast_head_json":{"title":"Anzuchttisch-Set f\u00fcr Mary III, schwarz - Royal Well","description":"Nutzen Sie den Platz in Ihrem Gew\u00e4chshaus optimal mit einem integrierten Anzuchttisch von Royal Well f\u00fcr alle S\u00e4mlinge, Jungpflanzen und Werkzeuge.","robots":{"index":"noindex","follow":"follow","max-snippet":"max-snippet:-1","max-image-preview":"max-image-preview:large","max-video-preview":"max-video-preview:-1"},"og_locale":"de_DE","og_type":"article","og_title":"Anzuchttisch-Set f\u00fcr Mary III, schwarz - Royal Well","og_description":"Nutzen Sie den Platz in Ihrem Gew\u00e4chshaus optimal mit einem integrierten Anzuchttisch von Royal Well f\u00fcr alle S\u00e4mlinge, Jungpflanzen und Werkzeuge.","og_url":"https:\/\/royalwell.demannenachterdeschermen.nl\/de\/produkt\/anzuchttisch-set-fuer-mary-iii-schwarz\/","og_site_name":"Royal Well","og_image":[{"width":1707,"height":2560,"url":"https:\/\/royalwell.demannenachterdeschermen.nl\/wp-content\/uploads\/2025\/01\/08718215762669_A1L0-scaled.jpg","type":"image\/jpeg"}],"twitter_card":"summary_large_image","twitter_misc":{"Gesch\u00e4tzte Lesezeit":"1\u00a0Minute"},"schema":{"@context":"https:\/\/schema.org","@graph":[{"@type":"WebPage","@id":"https:\/\/royalwell.demannenachterdeschermen.nl\/de\/produkt\/anzuchttisch-set-fuer-mary-iii-schwarz\/","url":"https:\/\/royalwell.demannenachterdeschermen.nl\/de\/produkt\/anzuchttisch-set-fuer-mary-iii-schwarz\/","name":"Anzuchttisch-Set f\u00fcr Mary III, schwarz - Royal Well","isPartOf":{"@id":"https:\/\/royalwell.demannenachterdeschermen.nl\/de\/#website"},"primaryImageOfPage":{"@id":"https:\/\/royalwell.demannenachterdeschermen.nl\/de\/produkt\/anzuchttisch-set-fuer-mary-iii-schwarz\/#primaryimage"},"image":{"@id":"https:\/\/royalwell.demannenachterdeschermen.nl\/de\/produkt\/anzuchttisch-set-fuer-mary-iii-schwarz\/#primaryimage"},"thumbnailUrl":"https:\/\/royalwell.demannenachterdeschermen.nl\/wp-content\/uploads\/2025\/01\/08718215762669_A1L0-scaled.jpg","datePublished":"2026-01-28T16:29:24+00:00","description":"Nutzen Sie den Platz in Ihrem Gew\u00e4chshaus optimal mit einem integrierten Anzuchttisch von Royal Well f\u00fcr alle S\u00e4mlinge, Jungpflanzen und Werkzeuge.","breadcrumb":{"@id":"https:\/\/royalwell.demannenachterdeschermen.nl\/de\/produkt\/anzuchttisch-set-fuer-mary-iii-schwarz\/#breadcrumb"},"inLanguage":"de","potentialAction":[{"@type":"ReadAction","target":["https:\/\/royalwell.demannenachterdeschermen.nl\/de\/produkt\/anzuchttisch-set-fuer-mary-iii-schwarz\/"]}]},{"@type":"ImageObject","inLanguage":"de","@id":"https:\/\/royalwell.demannenachterdeschermen.nl\/de\/produkt\/anzuchttisch-set-fuer-mary-iii-schwarz\/#primaryimage","url":"https:\/\/royalwell.demannenachterdeschermen.nl\/wp-content\/uploads\/2025\/01\/08718215762669_A1L0-scaled.jpg","contentUrl":"https:\/\/royalwell.demannenachterdeschermen.nl\/wp-content\/uploads\/2025\/01\/08718215762669_A1L0-scaled.jpg","width":1707,"height":2560},{"@type":"BreadcrumbList","@id":"https:\/\/royalwell.demannenachterdeschermen.nl\/de\/produkt\/anzuchttisch-set-fuer-mary-iii-schwarz\/#breadcrumb","itemListElement":[{"@type":"ListItem","position":1,"name":"Home","item":"https:\/\/royalwell.demannenachterdeschermen.nl\/de\/"},{"@type":"ListItem","position":2,"name":"Assortiment","item":"https:\/\/royalwell.demannenachterdeschermen.nl\/assortiment\/"},{"@type":"ListItem","position":3,"name":"Anzuchttisch-Set f\u00fcr Mary III, schwarz"}]},{"@type":"WebSite","@id":"https:\/\/royalwell.demannenachterdeschermen.nl\/de\/#website","url":"https:\/\/royalwell.demannenachterdeschermen.nl\/de\/","name":"Royal Well","description":"Tuinkassen, kweekkassen, hobbykassen","potentialAction":[{"@type":"SearchAction","target":{"@type":"EntryPoint","urlTemplate":"https:\/\/royalwell.demannenachterdeschermen.nl\/de\/?s={search_term_string}"},"query-input":{"@type":"PropertyValueSpecification","valueRequired":true,"valueName":"search_term_string"}}],"inLanguage":"de"}]}},"_links":{"self":[{"href":"https:\/\/royalwell.demannenachterdeschermen.nl\/de\/wp-json\/wp\/v2\/product\/243017","targetHints":{"allow":["GET"]}}],"collection":[{"href":"https:\/\/royalwell.demannenachterdeschermen.nl\/de\/wp-json\/wp\/v2\/product"}],"about":[{"href":"https:\/\/royalwell.demannenachterdeschermen.nl\/de\/wp-json\/wp\/v2\/types\/product"}],"wp:featuredmedia":[{"embeddable":true,"href":"https:\/\/royalwell.demannenachterdeschermen.nl\/de\/wp-json\/wp\/v2\/media\/235806"}],"wp:attachment":[{"href":"https:\/\/royalwell.demannenachterdeschermen.nl\/de\/wp-json\/wp\/v2\/media?parent=243017"}],"wp:term":[{"taxonomy":"product_brand","embeddable":true,"href":"https:\/\/royalwell.demannenachterdeschermen.nl\/de\/wp-json\/wp\/v2\/product_brand?post=243017"},{"taxonomy":"product_cat","embeddable":true,"href":"https:\/\/royalwell.demannenachterdeschermen.nl\/de\/wp-json\/wp\/v2\/product_cat?post=243017"},{"taxonomy":"product_tag","embeddable":true,"href":"https:\/\/royalwell.demannenachterdeschermen.nl\/de\/wp-json\/wp\/v2\/product_tag?post=243017"}],"curies":[{"name":"wp","href":"https:\/\/api.w.org\/{rel}","templated":true}]}}