{"id":242985,"date":"2026-01-28T17:29:24","date_gmt":"2026-01-28T16:29:24","guid":{"rendered":"https:\/\/royalwell.demannenachterdeschermen.nl\/product\/inox-hammerkopfschraube-mutter\/"},"modified":"2026-01-28T17:29:24","modified_gmt":"2026-01-28T16:29:24","slug":"inox-hammerkopfschraube-mutter","status":"publish","type":"product","link":"https:\/\/royalwell.demannenachterdeschermen.nl\/de\/produkt\/inox-hammerkopfschraube-mutter\/","title":{"rendered":"Inox-Hammerkopfschraube &amp; Mutter"},"content":{"rendered":"<p>Edelstahlschrauben (Inox) und -muttern werden f\u00fcr die Montage eines Gew\u00e4chshauses oder von Gew\u00e4chshauskomponenten verwendet.<\/p>\n<p>Die M6 x 10 mm-Schrauben haben einen Vierkantkopf und passen genau in den \u201eSchraubenschlitz\u201c des Aluminium-Gew\u00e4chshausprofils. Diese Schrauben sind f\u00fcr alle <a href=\"https:\/\/royalwell.demannenachterdeschermen.nl\/de\/produkt\/gewaechshaus-kate-i-schwarz\/\">Kate<\/a>-, <a href=\"https:\/\/royalwell.demannenachterdeschermen.nl\/de\/produkt\/gewaechshaus-anne-i-gruen-grau\/\">Anne<\/a>&#8211; und <a href=\"https:\/\/royalwell.demannenachterdeschermen.nl\/de\/produkt\/gewaechshaus-mary-i-in-gruen-grau\/\">Mary<\/a>-Gew\u00e4chsh\u00e4user geeignet und werden unter anderem bei der Montage der passenden integrierten <a href=\"https:\/\/royalwell.demannenachterdeschermen.nl\/de\/produkt\/kulturregal-fuer-kate-i-schwarz\/\">Arbeitstische<\/a>, Regale und\/oder klappbaren <a href=\"https:\/\/royalwell.demannenachterdeschermen.nl\/produkt\/opklapbare-steun-groengrijs\/\">Regalst\u00fctzen <\/a>verwendet. <\/p>\n<p>Eine Blisterverpackung enth\u00e4lt 10 Edelstahlschrauben M6 x 10 mm und 10 Edelstahlmuttern M6.<\/p>\n","protected":false},"excerpt":{"rendered":"<p>Blisterpackung mit 10 St\u00fcck Edelstahl-Hammerkopfschrauben (Inox) und Muttern M6 f\u00fcr die Montage eines Royal Well-Gew\u00e4chshauses oder von Gew\u00e4chshauskomponenten.<\/p>\n<ul>\n<li>Edelstahlschrauben (Inox) der Gr\u00f6\u00dfe M6 x 10 mm und passende Muttern<\/li>\n<li>Passen genau in den \u201eBolzenschlitz\u201c der Royal Well-Gew\u00e4chsh\u00e4user<\/li>\n<li>Praktische Blisterverpackung<\/li>\n<\/ul>\n<p>&nbsp;<\/p>\n<div class=\"et_pb_button_module_wrapper et_pb_button_0_tb_body_wrapper et_pb_module \"><a class=\"et_pb_button et_pb_button_0_tb_body et_pb_bg_layout_light\" href=\"\/manuals\/\" target=\"_blank\" rel=\"noopener\">ANLEITUNG<\/a><\/div>\n","protected":false},"featured_media":235267,"template":"","meta":{"_et_pb_use_builder":"","_et_pb_old_content":"","_et_gb_content_width":""},"product_brand":[],"product_cat":[1039,997],"product_tag":[],"class_list":{"0":"post-242985","1":"product","2":"type-product","3":"status-publish","4":"has-post-thumbnail","6":"product_cat-montageteile-zuchten","7":"product_cat-zubehor","8":"pa_kleur-blankes-aluminium","9":"pa_merk-royal-well","10":"pa_productlijn-universeel","11":"pa_productsoort-edelstahl-schraube-und-mutter","13":"first","14":"instock","15":"taxable","16":"shipping-taxable","17":"purchasable","18":"product-type-simple"},"yoast_head":"<!-- This site is optimized with the Yoast SEO plugin v27.4 - https:\/\/yoast.com\/product\/yoast-seo-wordpress\/ -->\n<title>Inox-Hammerkopfschraube &amp; Mutter - Royal Well<\/title>\n<meta name=\"description\" content=\"Blisterpackung mit 10 St\u00fcck Edelstahl-Hammerkopfschrauben (Inox) und Muttern M6 f\u00fcr die Montage eines Royal Well-Gew\u00e4chshauses oder von Gew\u00e4chshauskomponenten.\" \/>\n<meta name=\"robots\" content=\"noindex, follow, max-snippet:-1, max-image-preview:large, max-video-preview:-1\" \/>\n<meta property=\"og:locale\" content=\"de_DE\" \/>\n<meta property=\"og:type\" content=\"article\" \/>\n<meta property=\"og:title\" content=\"Inox-Hammerkopfschraube &amp; Mutter - Royal Well\" \/>\n<meta property=\"og:description\" content=\"Blisterpackung mit 10 St\u00fcck Edelstahl-Hammerkopfschrauben (Inox) und Muttern M6 f\u00fcr die Montage eines Royal Well-Gew\u00e4chshauses oder von Gew\u00e4chshauskomponenten.\" \/>\n<meta property=\"og:url\" content=\"https:\/\/royalwell.demannenachterdeschermen.nl\/de\/produkt\/inox-hammerkopfschraube-mutter\/\" \/>\n<meta property=\"og:site_name\" content=\"Royal Well\" \/>\n<meta property=\"og:image\" content=\"https:\/\/royalwell.demannenachterdeschermen.nl\/wp-content\/uploads\/2025\/01\/08718215762003_A1R0-scaled.jpg\" \/>\n\t<meta property=\"og:image:width\" content=\"2560\" \/>\n\t<meta property=\"og:image:height\" content=\"1700\" \/>\n\t<meta property=\"og:image:type\" content=\"image\/jpeg\" \/>\n<meta name=\"twitter:card\" content=\"summary_large_image\" \/>\n<script type=\"application\/ld+json\" class=\"yoast-schema-graph\">{\"@context\":\"https:\\\/\\\/schema.org\",\"@graph\":[{\"@type\":\"WebPage\",\"@id\":\"https:\\\/\\\/royalwell.demannenachterdeschermen.nl\\\/de\\\/produkt\\\/inox-hammerkopfschraube-mutter\\\/\",\"url\":\"https:\\\/\\\/royalwell.demannenachterdeschermen.nl\\\/de\\\/produkt\\\/inox-hammerkopfschraube-mutter\\\/\",\"name\":\"Inox-Hammerkopfschraube &amp; Mutter - Royal Well\",\"isPartOf\":{\"@id\":\"https:\\\/\\\/royalwell.demannenachterdeschermen.nl\\\/de\\\/#website\"},\"primaryImageOfPage\":{\"@id\":\"https:\\\/\\\/royalwell.demannenachterdeschermen.nl\\\/de\\\/produkt\\\/inox-hammerkopfschraube-mutter\\\/#primaryimage\"},\"image\":{\"@id\":\"https:\\\/\\\/royalwell.demannenachterdeschermen.nl\\\/de\\\/produkt\\\/inox-hammerkopfschraube-mutter\\\/#primaryimage\"},\"thumbnailUrl\":\"https:\\\/\\\/royalwell.demannenachterdeschermen.nl\\\/wp-content\\\/uploads\\\/2025\\\/01\\\/08718215762003_A1R0-scaled.jpg\",\"datePublished\":\"2026-01-28T16:29:24+00:00\",\"description\":\"Blisterpackung mit 10 St\u00fcck Edelstahl-Hammerkopfschrauben (Inox) und Muttern M6 f\u00fcr die Montage eines Royal Well-Gew\u00e4chshauses oder von Gew\u00e4chshauskomponenten.\",\"breadcrumb\":{\"@id\":\"https:\\\/\\\/royalwell.demannenachterdeschermen.nl\\\/de\\\/produkt\\\/inox-hammerkopfschraube-mutter\\\/#breadcrumb\"},\"inLanguage\":\"de\",\"potentialAction\":[{\"@type\":\"ReadAction\",\"target\":[\"https:\\\/\\\/royalwell.demannenachterdeschermen.nl\\\/de\\\/produkt\\\/inox-hammerkopfschraube-mutter\\\/\"]}]},{\"@type\":\"ImageObject\",\"inLanguage\":\"de\",\"@id\":\"https:\\\/\\\/royalwell.demannenachterdeschermen.nl\\\/de\\\/produkt\\\/inox-hammerkopfschraube-mutter\\\/#primaryimage\",\"url\":\"https:\\\/\\\/royalwell.demannenachterdeschermen.nl\\\/wp-content\\\/uploads\\\/2025\\\/01\\\/08718215762003_A1R0-scaled.jpg\",\"contentUrl\":\"https:\\\/\\\/royalwell.demannenachterdeschermen.nl\\\/wp-content\\\/uploads\\\/2025\\\/01\\\/08718215762003_A1R0-scaled.jpg\",\"width\":2560,\"height\":1700},{\"@type\":\"BreadcrumbList\",\"@id\":\"https:\\\/\\\/royalwell.demannenachterdeschermen.nl\\\/de\\\/produkt\\\/inox-hammerkopfschraube-mutter\\\/#breadcrumb\",\"itemListElement\":[{\"@type\":\"ListItem\",\"position\":1,\"name\":\"Home\",\"item\":\"https:\\\/\\\/royalwell.demannenachterdeschermen.nl\\\/de\\\/\"},{\"@type\":\"ListItem\",\"position\":2,\"name\":\"Assortiment\",\"item\":\"https:\\\/\\\/royalwell.demannenachterdeschermen.nl\\\/assortiment\\\/\"},{\"@type\":\"ListItem\",\"position\":3,\"name\":\"Inox-Hammerkopfschraube &amp; Mutter\"}]},{\"@type\":\"WebSite\",\"@id\":\"https:\\\/\\\/royalwell.demannenachterdeschermen.nl\\\/de\\\/#website\",\"url\":\"https:\\\/\\\/royalwell.demannenachterdeschermen.nl\\\/de\\\/\",\"name\":\"Royal Well\",\"description\":\"Tuinkassen, kweekkassen, hobbykassen\",\"potentialAction\":[{\"@type\":\"SearchAction\",\"target\":{\"@type\":\"EntryPoint\",\"urlTemplate\":\"https:\\\/\\\/royalwell.demannenachterdeschermen.nl\\\/de\\\/?s={search_term_string}\"},\"query-input\":{\"@type\":\"PropertyValueSpecification\",\"valueRequired\":true,\"valueName\":\"search_term_string\"}}],\"inLanguage\":\"de\"}]}<\/script>\n<!-- \/ Yoast SEO plugin. -->","yoast_head_json":{"title":"Inox-Hammerkopfschraube &amp; Mutter - Royal Well","description":"Blisterpackung mit 10 St\u00fcck Edelstahl-Hammerkopfschrauben (Inox) und Muttern M6 f\u00fcr die Montage eines Royal Well-Gew\u00e4chshauses oder von Gew\u00e4chshauskomponenten.","robots":{"index":"noindex","follow":"follow","max-snippet":"max-snippet:-1","max-image-preview":"max-image-preview:large","max-video-preview":"max-video-preview:-1"},"og_locale":"de_DE","og_type":"article","og_title":"Inox-Hammerkopfschraube &amp; Mutter - Royal Well","og_description":"Blisterpackung mit 10 St\u00fcck Edelstahl-Hammerkopfschrauben (Inox) und Muttern M6 f\u00fcr die Montage eines Royal Well-Gew\u00e4chshauses oder von Gew\u00e4chshauskomponenten.","og_url":"https:\/\/royalwell.demannenachterdeschermen.nl\/de\/produkt\/inox-hammerkopfschraube-mutter\/","og_site_name":"Royal Well","og_image":[{"width":2560,"height":1700,"url":"https:\/\/royalwell.demannenachterdeschermen.nl\/wp-content\/uploads\/2025\/01\/08718215762003_A1R0-scaled.jpg","type":"image\/jpeg"}],"twitter_card":"summary_large_image","schema":{"@context":"https:\/\/schema.org","@graph":[{"@type":"WebPage","@id":"https:\/\/royalwell.demannenachterdeschermen.nl\/de\/produkt\/inox-hammerkopfschraube-mutter\/","url":"https:\/\/royalwell.demannenachterdeschermen.nl\/de\/produkt\/inox-hammerkopfschraube-mutter\/","name":"Inox-Hammerkopfschraube &amp; Mutter - Royal Well","isPartOf":{"@id":"https:\/\/royalwell.demannenachterdeschermen.nl\/de\/#website"},"primaryImageOfPage":{"@id":"https:\/\/royalwell.demannenachterdeschermen.nl\/de\/produkt\/inox-hammerkopfschraube-mutter\/#primaryimage"},"image":{"@id":"https:\/\/royalwell.demannenachterdeschermen.nl\/de\/produkt\/inox-hammerkopfschraube-mutter\/#primaryimage"},"thumbnailUrl":"https:\/\/royalwell.demannenachterdeschermen.nl\/wp-content\/uploads\/2025\/01\/08718215762003_A1R0-scaled.jpg","datePublished":"2026-01-28T16:29:24+00:00","description":"Blisterpackung mit 10 St\u00fcck Edelstahl-Hammerkopfschrauben (Inox) und Muttern M6 f\u00fcr die Montage eines Royal Well-Gew\u00e4chshauses oder von Gew\u00e4chshauskomponenten.","breadcrumb":{"@id":"https:\/\/royalwell.demannenachterdeschermen.nl\/de\/produkt\/inox-hammerkopfschraube-mutter\/#breadcrumb"},"inLanguage":"de","potentialAction":[{"@type":"ReadAction","target":["https:\/\/royalwell.demannenachterdeschermen.nl\/de\/produkt\/inox-hammerkopfschraube-mutter\/"]}]},{"@type":"ImageObject","inLanguage":"de","@id":"https:\/\/royalwell.demannenachterdeschermen.nl\/de\/produkt\/inox-hammerkopfschraube-mutter\/#primaryimage","url":"https:\/\/royalwell.demannenachterdeschermen.nl\/wp-content\/uploads\/2025\/01\/08718215762003_A1R0-scaled.jpg","contentUrl":"https:\/\/royalwell.demannenachterdeschermen.nl\/wp-content\/uploads\/2025\/01\/08718215762003_A1R0-scaled.jpg","width":2560,"height":1700},{"@type":"BreadcrumbList","@id":"https:\/\/royalwell.demannenachterdeschermen.nl\/de\/produkt\/inox-hammerkopfschraube-mutter\/#breadcrumb","itemListElement":[{"@type":"ListItem","position":1,"name":"Home","item":"https:\/\/royalwell.demannenachterdeschermen.nl\/de\/"},{"@type":"ListItem","position":2,"name":"Assortiment","item":"https:\/\/royalwell.demannenachterdeschermen.nl\/assortiment\/"},{"@type":"ListItem","position":3,"name":"Inox-Hammerkopfschraube &amp; Mutter"}]},{"@type":"WebSite","@id":"https:\/\/royalwell.demannenachterdeschermen.nl\/de\/#website","url":"https:\/\/royalwell.demannenachterdeschermen.nl\/de\/","name":"Royal Well","description":"Tuinkassen, kweekkassen, hobbykassen","potentialAction":[{"@type":"SearchAction","target":{"@type":"EntryPoint","urlTemplate":"https:\/\/royalwell.demannenachterdeschermen.nl\/de\/?s={search_term_string}"},"query-input":{"@type":"PropertyValueSpecification","valueRequired":true,"valueName":"search_term_string"}}],"inLanguage":"de"}]}},"_links":{"self":[{"href":"https:\/\/royalwell.demannenachterdeschermen.nl\/de\/wp-json\/wp\/v2\/product\/242985","targetHints":{"allow":["GET"]}}],"collection":[{"href":"https:\/\/royalwell.demannenachterdeschermen.nl\/de\/wp-json\/wp\/v2\/product"}],"about":[{"href":"https:\/\/royalwell.demannenachterdeschermen.nl\/de\/wp-json\/wp\/v2\/types\/product"}],"wp:featuredmedia":[{"embeddable":true,"href":"https:\/\/royalwell.demannenachterdeschermen.nl\/de\/wp-json\/wp\/v2\/media\/235267"}],"wp:attachment":[{"href":"https:\/\/royalwell.demannenachterdeschermen.nl\/de\/wp-json\/wp\/v2\/media?parent=242985"}],"wp:term":[{"taxonomy":"product_brand","embeddable":true,"href":"https:\/\/royalwell.demannenachterdeschermen.nl\/de\/wp-json\/wp\/v2\/product_brand?post=242985"},{"taxonomy":"product_cat","embeddable":true,"href":"https:\/\/royalwell.demannenachterdeschermen.nl\/de\/wp-json\/wp\/v2\/product_cat?post=242985"},{"taxonomy":"product_tag","embeddable":true,"href":"https:\/\/royalwell.demannenachterdeschermen.nl\/de\/wp-json\/wp\/v2\/product_tag?post=242985"}],"curies":[{"name":"wp","href":"https:\/\/api.w.org\/{rel}","templated":true}]}}