{"id":242682,"date":"2026-01-18T17:29:25","date_gmt":"2026-01-18T16:29:25","guid":{"rendered":"https:\/\/royalwell.demannenachterdeschermen.nl\/product\/anzuchttisch-fuer-kate-iv-schwarz\/"},"modified":"2026-01-28T17:29:25","modified_gmt":"2026-01-28T16:29:25","slug":"anzuchttisch-fuer-kate-iv-schwarz","status":"publish","type":"product","link":"https:\/\/royalwell.demannenachterdeschermen.nl\/de\/produkt\/anzuchttisch-fuer-kate-iv-schwarz\/","title":{"rendered":"Anzuchttisch f\u00fcr Kate IV, schwarz"},"content":{"rendered":"<p>Ein Anzuchttisch bietet in deinem Gew\u00e4chshaus Platz in Arbeitsh\u00f6he zum S\u00e4en, Umtopfen oder Gie\u00dfen. Oder stelle dort Dinge ab, die du oft brauchst.  Die Konstruktion besteht aus vier Tr\u00e4gern, St\u00fctzen und Streben. Eine stabile Verbindung mit dem Gew\u00e4chshausrahmen wird mithilfe von (Hammerkopf-)Schrauben und Muttern der Standardgr\u00f6\u00dfe M6 hergestellt. Die H\u00f6he ist f\u00fcr eine optimale Arbeitshaltung verstellbar, sodass du in deiner pers\u00f6nlichen Stehh\u00f6he s\u00e4en und anbauen kannst. Der Anzuchttisch ist 42,5 cm tief und passt zu jeder Gew\u00e4chshausgr\u00f6\u00dfe, sodass der Innenraum (die Tiefe) des Gew\u00e4chshauses optimal ausgenutzt wird. <\/p>\n","protected":false},"excerpt":{"rendered":"<p>Ein Anzuchttisch bietet in deinem Gew\u00e4chshaus Platz in Arbeitsh\u00f6he zum S\u00e4en, Umtopfen oder Gie\u00dfen. Oder stelle dort Dinge ab, die du oft brauchst.  Die Konstruktion besteht aus vier Tr\u00e4gern, St\u00fctzen und Streben. Eine stabile Verbindung mit dem Gew\u00e4chshausrahmen wird mithilfe von (Hammerkopf-)Schrauben und Muttern der Standardgr\u00f6\u00dfe M6 hergestellt. Die H\u00f6he ist f\u00fcr eine optimale Arbeitshaltung verstellbar, sodass du in deiner pers\u00f6nlichen Stehh\u00f6he s\u00e4en und anbauen kannst. Der Anzuchttisch ist 42,5 cm tief und passt zu jeder Gew\u00e4chshausgr\u00f6\u00dfe, sodass der Innenraum (die Tiefe) des Gew\u00e4chshauses optimal ausgenutzt wird. <\/p>\n<div class=\"et_pb_button_module_wrapper et_pb_button_0_tb_body_wrapper et_pb_module \"><a class=\"et_pb_button et_pb_button_0_tb_body et_pb_bg_layout_light\" href=\"\/manuals\/08718215761860_F_S01.pdf\" target=\"_blank\">ANLEITUNG<\/a><\/div>\n","protected":false},"featured_media":242675,"template":"","meta":{"_et_pb_use_builder":"","_et_pb_old_content":"","_et_gb_content_width":""},"product_brand":[],"product_cat":[998,997],"product_tag":[],"class_list":{"0":"post-242682","1":"product","2":"type-product","3":"status-publish","4":"has-post-thumbnail","6":"product_cat-anzuchttische-und-regale-2","7":"product_cat-zubehor","8":"pa_kleur-schwarz","9":"pa_merk-royal-well","10":"pa_productlijn-kate","11":"pa_productsoort-kweektafel","13":"first","14":"instock","15":"taxable","16":"shipping-taxable","17":"purchasable","18":"product-type-simple"},"yoast_head":"<!-- This site is optimized with the Yoast SEO plugin v27.4 - https:\/\/yoast.com\/product\/yoast-seo-wordpress\/ -->\n<title>Anzuchttisch f\u00fcr Kate IV, schwarz - Royal Well<\/title>\n<meta name=\"robots\" content=\"noindex, follow, max-snippet:-1, max-image-preview:large, max-video-preview:-1\" \/>\n<meta property=\"og:locale\" content=\"de_DE\" \/>\n<meta property=\"og:type\" content=\"article\" \/>\n<meta property=\"og:title\" content=\"Anzuchttisch f\u00fcr Kate IV, schwarz - Royal Well\" \/>\n<meta property=\"og:description\" content=\"Ein Anzuchttisch bietet in deinem Gew\u00e4chshaus Platz in Arbeitsh\u00f6he zum S\u00e4en, Umtopfen oder Gie\u00dfen. Oder stelle dort Dinge ab, die du oft brauchst. Die Konstruktion besteht aus vier Tr\u00e4gern, St\u00fctzen und Streben. Eine stabile Verbindung mit dem Gew\u00e4chshausrahmen wird mithilfe von (Hammerkopf-)Schrauben und Muttern der Standardgr\u00f6\u00dfe M6 hergestellt. Die H\u00f6he ist f\u00fcr eine optimale Arbeitshaltung verstellbar, sodass du in deiner pers\u00f6nlichen Stehh\u00f6he s\u00e4en und anbauen kannst. Der Anzuchttisch ist 42,5 cm tief und passt zu jeder Gew\u00e4chshausgr\u00f6\u00dfe, sodass der Innenraum (die Tiefe) des Gew\u00e4chshauses optimal ausgenutzt wird. ANLEITUNG\" \/>\n<meta property=\"og:url\" content=\"https:\/\/royalwell.demannenachterdeschermen.nl\/de\/produkt\/anzuchttisch-fuer-kate-iv-schwarz\/\" \/>\n<meta property=\"og:site_name\" content=\"Royal Well\" \/>\n<meta property=\"article:modified_time\" content=\"2026-01-28T16:29:25+00:00\" \/>\n<meta property=\"og:image\" content=\"https:\/\/royalwell.demannenachterdeschermen.nl\/wp-content\/uploads\/2025\/01\/08718215761860_A1L0-scaled.jpg\" \/>\n\t<meta property=\"og:image:width\" content=\"1707\" \/>\n\t<meta property=\"og:image:height\" content=\"2560\" \/>\n\t<meta property=\"og:image:type\" content=\"image\/jpeg\" \/>\n<meta name=\"twitter:card\" content=\"summary_large_image\" \/>\n<meta name=\"twitter:label1\" content=\"Gesch\u00e4tzte Lesezeit\" \/>\n\t<meta name=\"twitter:data1\" content=\"1\u00a0Minute\" \/>\n<script type=\"application\/ld+json\" class=\"yoast-schema-graph\">{\"@context\":\"https:\\\/\\\/schema.org\",\"@graph\":[{\"@type\":\"WebPage\",\"@id\":\"https:\\\/\\\/royalwell.demannenachterdeschermen.nl\\\/de\\\/produkt\\\/anzuchttisch-fuer-kate-iv-schwarz\\\/\",\"url\":\"https:\\\/\\\/royalwell.demannenachterdeschermen.nl\\\/de\\\/produkt\\\/anzuchttisch-fuer-kate-iv-schwarz\\\/\",\"name\":\"Anzuchttisch f\u00fcr Kate IV, schwarz - Royal Well\",\"isPartOf\":{\"@id\":\"https:\\\/\\\/royalwell.demannenachterdeschermen.nl\\\/de\\\/#website\"},\"primaryImageOfPage\":{\"@id\":\"https:\\\/\\\/royalwell.demannenachterdeschermen.nl\\\/de\\\/produkt\\\/anzuchttisch-fuer-kate-iv-schwarz\\\/#primaryimage\"},\"image\":{\"@id\":\"https:\\\/\\\/royalwell.demannenachterdeschermen.nl\\\/de\\\/produkt\\\/anzuchttisch-fuer-kate-iv-schwarz\\\/#primaryimage\"},\"thumbnailUrl\":\"https:\\\/\\\/royalwell.demannenachterdeschermen.nl\\\/wp-content\\\/uploads\\\/2025\\\/01\\\/08718215761860_A1L0-scaled.jpg\",\"datePublished\":\"2026-01-18T16:29:25+00:00\",\"dateModified\":\"2026-01-28T16:29:25+00:00\",\"breadcrumb\":{\"@id\":\"https:\\\/\\\/royalwell.demannenachterdeschermen.nl\\\/de\\\/produkt\\\/anzuchttisch-fuer-kate-iv-schwarz\\\/#breadcrumb\"},\"inLanguage\":\"de\",\"potentialAction\":[{\"@type\":\"ReadAction\",\"target\":[\"https:\\\/\\\/royalwell.demannenachterdeschermen.nl\\\/de\\\/produkt\\\/anzuchttisch-fuer-kate-iv-schwarz\\\/\"]}]},{\"@type\":\"ImageObject\",\"inLanguage\":\"de\",\"@id\":\"https:\\\/\\\/royalwell.demannenachterdeschermen.nl\\\/de\\\/produkt\\\/anzuchttisch-fuer-kate-iv-schwarz\\\/#primaryimage\",\"url\":\"https:\\\/\\\/royalwell.demannenachterdeschermen.nl\\\/wp-content\\\/uploads\\\/2025\\\/01\\\/08718215761860_A1L0-scaled.jpg\",\"contentUrl\":\"https:\\\/\\\/royalwell.demannenachterdeschermen.nl\\\/wp-content\\\/uploads\\\/2025\\\/01\\\/08718215761860_A1L0-scaled.jpg\",\"width\":1707,\"height\":2560},{\"@type\":\"BreadcrumbList\",\"@id\":\"https:\\\/\\\/royalwell.demannenachterdeschermen.nl\\\/de\\\/produkt\\\/anzuchttisch-fuer-kate-iv-schwarz\\\/#breadcrumb\",\"itemListElement\":[{\"@type\":\"ListItem\",\"position\":1,\"name\":\"Home\",\"item\":\"https:\\\/\\\/royalwell.demannenachterdeschermen.nl\\\/de\\\/\"},{\"@type\":\"ListItem\",\"position\":2,\"name\":\"Assortiment\",\"item\":\"https:\\\/\\\/royalwell.demannenachterdeschermen.nl\\\/assortiment\\\/\"},{\"@type\":\"ListItem\",\"position\":3,\"name\":\"Anzuchttisch f\u00fcr Kate IV, schwarz\"}]},{\"@type\":\"WebSite\",\"@id\":\"https:\\\/\\\/royalwell.demannenachterdeschermen.nl\\\/de\\\/#website\",\"url\":\"https:\\\/\\\/royalwell.demannenachterdeschermen.nl\\\/de\\\/\",\"name\":\"Royal Well\",\"description\":\"Tuinkassen, kweekkassen, hobbykassen\",\"potentialAction\":[{\"@type\":\"SearchAction\",\"target\":{\"@type\":\"EntryPoint\",\"urlTemplate\":\"https:\\\/\\\/royalwell.demannenachterdeschermen.nl\\\/de\\\/?s={search_term_string}\"},\"query-input\":{\"@type\":\"PropertyValueSpecification\",\"valueRequired\":true,\"valueName\":\"search_term_string\"}}],\"inLanguage\":\"de\"}]}<\/script>\n<!-- \/ Yoast SEO plugin. -->","yoast_head_json":{"title":"Anzuchttisch f\u00fcr Kate IV, schwarz - Royal Well","robots":{"index":"noindex","follow":"follow","max-snippet":"max-snippet:-1","max-image-preview":"max-image-preview:large","max-video-preview":"max-video-preview:-1"},"og_locale":"de_DE","og_type":"article","og_title":"Anzuchttisch f\u00fcr Kate IV, schwarz - Royal Well","og_description":"Ein Anzuchttisch bietet in deinem Gew\u00e4chshaus Platz in Arbeitsh\u00f6he zum S\u00e4en, Umtopfen oder Gie\u00dfen. Oder stelle dort Dinge ab, die du oft brauchst. Die Konstruktion besteht aus vier Tr\u00e4gern, St\u00fctzen und Streben. Eine stabile Verbindung mit dem Gew\u00e4chshausrahmen wird mithilfe von (Hammerkopf-)Schrauben und Muttern der Standardgr\u00f6\u00dfe M6 hergestellt. Die H\u00f6he ist f\u00fcr eine optimale Arbeitshaltung verstellbar, sodass du in deiner pers\u00f6nlichen Stehh\u00f6he s\u00e4en und anbauen kannst. Der Anzuchttisch ist 42,5 cm tief und passt zu jeder Gew\u00e4chshausgr\u00f6\u00dfe, sodass der Innenraum (die Tiefe) des Gew\u00e4chshauses optimal ausgenutzt wird. ANLEITUNG","og_url":"https:\/\/royalwell.demannenachterdeschermen.nl\/de\/produkt\/anzuchttisch-fuer-kate-iv-schwarz\/","og_site_name":"Royal Well","article_modified_time":"2026-01-28T16:29:25+00:00","og_image":[{"width":1707,"height":2560,"url":"https:\/\/royalwell.demannenachterdeschermen.nl\/wp-content\/uploads\/2025\/01\/08718215761860_A1L0-scaled.jpg","type":"image\/jpeg"}],"twitter_card":"summary_large_image","twitter_misc":{"Gesch\u00e4tzte Lesezeit":"1\u00a0Minute"},"schema":{"@context":"https:\/\/schema.org","@graph":[{"@type":"WebPage","@id":"https:\/\/royalwell.demannenachterdeschermen.nl\/de\/produkt\/anzuchttisch-fuer-kate-iv-schwarz\/","url":"https:\/\/royalwell.demannenachterdeschermen.nl\/de\/produkt\/anzuchttisch-fuer-kate-iv-schwarz\/","name":"Anzuchttisch f\u00fcr Kate IV, schwarz - Royal Well","isPartOf":{"@id":"https:\/\/royalwell.demannenachterdeschermen.nl\/de\/#website"},"primaryImageOfPage":{"@id":"https:\/\/royalwell.demannenachterdeschermen.nl\/de\/produkt\/anzuchttisch-fuer-kate-iv-schwarz\/#primaryimage"},"image":{"@id":"https:\/\/royalwell.demannenachterdeschermen.nl\/de\/produkt\/anzuchttisch-fuer-kate-iv-schwarz\/#primaryimage"},"thumbnailUrl":"https:\/\/royalwell.demannenachterdeschermen.nl\/wp-content\/uploads\/2025\/01\/08718215761860_A1L0-scaled.jpg","datePublished":"2026-01-18T16:29:25+00:00","dateModified":"2026-01-28T16:29:25+00:00","breadcrumb":{"@id":"https:\/\/royalwell.demannenachterdeschermen.nl\/de\/produkt\/anzuchttisch-fuer-kate-iv-schwarz\/#breadcrumb"},"inLanguage":"de","potentialAction":[{"@type":"ReadAction","target":["https:\/\/royalwell.demannenachterdeschermen.nl\/de\/produkt\/anzuchttisch-fuer-kate-iv-schwarz\/"]}]},{"@type":"ImageObject","inLanguage":"de","@id":"https:\/\/royalwell.demannenachterdeschermen.nl\/de\/produkt\/anzuchttisch-fuer-kate-iv-schwarz\/#primaryimage","url":"https:\/\/royalwell.demannenachterdeschermen.nl\/wp-content\/uploads\/2025\/01\/08718215761860_A1L0-scaled.jpg","contentUrl":"https:\/\/royalwell.demannenachterdeschermen.nl\/wp-content\/uploads\/2025\/01\/08718215761860_A1L0-scaled.jpg","width":1707,"height":2560},{"@type":"BreadcrumbList","@id":"https:\/\/royalwell.demannenachterdeschermen.nl\/de\/produkt\/anzuchttisch-fuer-kate-iv-schwarz\/#breadcrumb","itemListElement":[{"@type":"ListItem","position":1,"name":"Home","item":"https:\/\/royalwell.demannenachterdeschermen.nl\/de\/"},{"@type":"ListItem","position":2,"name":"Assortiment","item":"https:\/\/royalwell.demannenachterdeschermen.nl\/assortiment\/"},{"@type":"ListItem","position":3,"name":"Anzuchttisch f\u00fcr Kate IV, schwarz"}]},{"@type":"WebSite","@id":"https:\/\/royalwell.demannenachterdeschermen.nl\/de\/#website","url":"https:\/\/royalwell.demannenachterdeschermen.nl\/de\/","name":"Royal Well","description":"Tuinkassen, kweekkassen, hobbykassen","potentialAction":[{"@type":"SearchAction","target":{"@type":"EntryPoint","urlTemplate":"https:\/\/royalwell.demannenachterdeschermen.nl\/de\/?s={search_term_string}"},"query-input":{"@type":"PropertyValueSpecification","valueRequired":true,"valueName":"search_term_string"}}],"inLanguage":"de"}]}},"_links":{"self":[{"href":"https:\/\/royalwell.demannenachterdeschermen.nl\/de\/wp-json\/wp\/v2\/product\/242682","targetHints":{"allow":["GET"]}}],"collection":[{"href":"https:\/\/royalwell.demannenachterdeschermen.nl\/de\/wp-json\/wp\/v2\/product"}],"about":[{"href":"https:\/\/royalwell.demannenachterdeschermen.nl\/de\/wp-json\/wp\/v2\/types\/product"}],"wp:featuredmedia":[{"embeddable":true,"href":"https:\/\/royalwell.demannenachterdeschermen.nl\/de\/wp-json\/wp\/v2\/media\/242675"}],"wp:attachment":[{"href":"https:\/\/royalwell.demannenachterdeschermen.nl\/de\/wp-json\/wp\/v2\/media?parent=242682"}],"wp:term":[{"taxonomy":"product_brand","embeddable":true,"href":"https:\/\/royalwell.demannenachterdeschermen.nl\/de\/wp-json\/wp\/v2\/product_brand?post=242682"},{"taxonomy":"product_cat","embeddable":true,"href":"https:\/\/royalwell.demannenachterdeschermen.nl\/de\/wp-json\/wp\/v2\/product_cat?post=242682"},{"taxonomy":"product_tag","embeddable":true,"href":"https:\/\/royalwell.demannenachterdeschermen.nl\/de\/wp-json\/wp\/v2\/product_tag?post=242682"}],"curies":[{"name":"wp","href":"https:\/\/api.w.org\/{rel}","templated":true}]}}