{"id":242432,"date":"2026-01-28T17:29:27","date_gmt":"2026-01-28T16:29:27","guid":{"rendered":"https:\/\/royalwell.demannenachterdeschermen.nl\/product\/kweekschap-voor-kate-iv-wit\/"},"modified":"2026-04-21T13:34:17","modified_gmt":"2026-04-21T11:34:17","slug":"kweekschap-voor-kate-iv-wit","status":"publish","type":"product","link":"https:\/\/royalwell.demannenachterdeschermen.nl\/de\/produkt\/kweekschap-voor-kate-iv-wit\/","title":{"rendered":"Kulturschrank-Set f\u00fcr Kate IV, wei\u00df"},"content":{"rendered":"<p>Nutze den Platz in deinem Gew\u00e4chshaus optimal aus. Ein Kulturregal schafft Platz in deinem Gew\u00e4chshaus f\u00fcr Anzucht-T\u00f6pfe, Gartenscheren, ein St\u00fcck Schnur, Sament\u00fctchen und alle anderen kleineren Anzuchtutensilien. Du kannst darauf Samen vorziehen oder junge Pflanzen wachsen lassen.   Die Konstruktion besteht aus zwei L\u00e4ngstr\u00e4gern, Quertr\u00e4gern und Streben. Eine stabile Verbindung mit dem Gew\u00e4chshausrahmen wird mithilfe von (Hammerkopf-)Schrauben und Muttern der Standardgr\u00f6\u00dfe M6 hergestellt. Die H\u00f6he kannst du selbst bestimmen, da das Regal verstellbar ist. Das Kulturregal ist 22,5 cm tief und passt zu jeder Gew\u00e4chshausgr\u00f6\u00dfe, sodass der Innenraum (die Tiefe) des Gew\u00e4chshauses optimal ausgenutzt wird. <\/p>\n","protected":false},"excerpt":{"rendered":"<p>Nutze den Platz in deinem Gew\u00e4chshaus optimal aus. Ein Kulturregal schafft Platz in deinem Gew\u00e4chshaus f\u00fcr Anzucht-T\u00f6pfe, Gartenscheren, ein St\u00fcck Schnur, Sament\u00fctchen und alle anderen kleineren Anzuchtutensilien. Du kannst darauf Samen vorziehen oder junge Pflanzen wachsen lassen.   Die Konstruktion besteht aus zwei L\u00e4ngstr\u00e4gern, Quertr\u00e4gern und Streben. Eine stabile Verbindung mit dem Gew\u00e4chshausrahmen wird mithilfe von (Hammerkopf-)Schrauben und Muttern der Standardgr\u00f6\u00dfe M6 hergestellt. Die H\u00f6he kannst du selbst bestimmen, da das Regal verstellbar ist. Das Kulturregal ist 22,5 cm tief und passt zu jeder Gew\u00e4chshausgr\u00f6\u00dfe, sodass der Innenraum (die Tiefe) des Gew\u00e4chshauses optimal ausgenutzt wird. <\/p>\n<div class=\"et_pb_button_module_wrapper et_pb_button_0_tb_body_wrapper et_pb_module \"><a class=\"et_pb_button et_pb_button_0_tb_body et_pb_bg_layout_light\" href=\"\/manuals\/08718215761679_F_S01.pdf\" target=\"_blank\" rel=\"noopener\">ANLEITUNG<\/a><\/div>\n","protected":false},"featured_media":242425,"template":"","meta":{"_et_pb_use_builder":"","_et_pb_old_content":"","_et_gb_content_width":""},"product_brand":[],"product_cat":[998,997],"product_tag":[],"class_list":{"0":"post-242432","1":"product","2":"type-product","3":"status-publish","4":"has-post-thumbnail","6":"product_cat-anzuchttische-und-regale-2","7":"product_cat-zubehor","8":"pa_kleur-wit","9":"pa_merk-royal-well","10":"pa_productlijn-kate","11":"pa_productsoort-kulturregal","13":"first","14":"instock","15":"taxable","16":"shipping-taxable","17":"purchasable","18":"product-type-simple"},"yoast_head":"<!-- This site is optimized with the Yoast SEO plugin v27.4 - https:\/\/yoast.com\/product\/yoast-seo-wordpress\/ -->\n<title>Kulturschrank-Set f\u00fcr Kate IV, wei\u00df - Royal Well<\/title>\n<meta name=\"robots\" content=\"noindex, follow, max-snippet:-1, max-image-preview:large, max-video-preview:-1\" \/>\n<meta property=\"og:locale\" content=\"de_DE\" \/>\n<meta property=\"og:type\" content=\"article\" \/>\n<meta property=\"og:title\" content=\"Kulturschrank-Set f\u00fcr Kate IV, wei\u00df - Royal Well\" \/>\n<meta property=\"og:description\" content=\"Nutze den Platz in deinem Gew\u00e4chshaus optimal aus. Ein Kulturregal schafft Platz in deinem Gew\u00e4chshaus f\u00fcr Anzucht-T\u00f6pfe, Gartenscheren, ein St\u00fcck Schnur, Sament\u00fctchen und alle anderen kleineren Anzuchtutensilien. Du kannst darauf Samen vorziehen oder junge Pflanzen wachsen lassen.  Die Konstruktion besteht aus zwei L\u00e4ngstr\u00e4gern, Quertr\u00e4gern und Streben. Eine stabile Verbindung mit dem Gew\u00e4chshausrahmen wird mithilfe von (Hammerkopf-)Schrauben und Muttern der Standardgr\u00f6\u00dfe M6 hergestellt. Die H\u00f6he kannst du selbst bestimmen, da das Regal verstellbar ist. Das Kulturregal ist 22,5 cm tief und passt zu jeder Gew\u00e4chshausgr\u00f6\u00dfe, sodass der Innenraum (die Tiefe) des Gew\u00e4chshauses optimal ausgenutzt wird. ANLEITUNG\" \/>\n<meta property=\"og:url\" content=\"https:\/\/royalwell.demannenachterdeschermen.nl\/de\/produkt\/kweekschap-voor-kate-iv-wit\/\" \/>\n<meta property=\"og:site_name\" content=\"Royal Well\" \/>\n<meta property=\"article:modified_time\" content=\"2026-04-21T11:34:17+00:00\" \/>\n<meta property=\"og:image\" content=\"https:\/\/royalwell.demannenachterdeschermen.nl\/wp-content\/uploads\/2025\/01\/08718215761679_A1L0-scaled.jpg\" \/>\n\t<meta property=\"og:image:width\" content=\"1707\" \/>\n\t<meta property=\"og:image:height\" content=\"2560\" \/>\n\t<meta property=\"og:image:type\" content=\"image\/jpeg\" \/>\n<meta name=\"twitter:card\" content=\"summary_large_image\" \/>\n<meta name=\"twitter:label1\" content=\"Gesch\u00e4tzte Lesezeit\" \/>\n\t<meta name=\"twitter:data1\" content=\"1\u00a0Minute\" \/>\n<script type=\"application\/ld+json\" class=\"yoast-schema-graph\">{\"@context\":\"https:\\\/\\\/schema.org\",\"@graph\":[{\"@type\":\"WebPage\",\"@id\":\"https:\\\/\\\/royalwell.demannenachterdeschermen.nl\\\/de\\\/produkt\\\/kweekschap-voor-kate-iv-wit\\\/\",\"url\":\"https:\\\/\\\/royalwell.demannenachterdeschermen.nl\\\/de\\\/produkt\\\/kweekschap-voor-kate-iv-wit\\\/\",\"name\":\"Kulturschrank-Set f\u00fcr Kate IV, wei\u00df - Royal Well\",\"isPartOf\":{\"@id\":\"https:\\\/\\\/royalwell.demannenachterdeschermen.nl\\\/de\\\/#website\"},\"primaryImageOfPage\":{\"@id\":\"https:\\\/\\\/royalwell.demannenachterdeschermen.nl\\\/de\\\/produkt\\\/kweekschap-voor-kate-iv-wit\\\/#primaryimage\"},\"image\":{\"@id\":\"https:\\\/\\\/royalwell.demannenachterdeschermen.nl\\\/de\\\/produkt\\\/kweekschap-voor-kate-iv-wit\\\/#primaryimage\"},\"thumbnailUrl\":\"https:\\\/\\\/royalwell.demannenachterdeschermen.nl\\\/wp-content\\\/uploads\\\/2025\\\/01\\\/08718215761679_A1L0-scaled.jpg\",\"datePublished\":\"2026-01-28T16:29:27+00:00\",\"dateModified\":\"2026-04-21T11:34:17+00:00\",\"breadcrumb\":{\"@id\":\"https:\\\/\\\/royalwell.demannenachterdeschermen.nl\\\/de\\\/produkt\\\/kweekschap-voor-kate-iv-wit\\\/#breadcrumb\"},\"inLanguage\":\"de\",\"potentialAction\":[{\"@type\":\"ReadAction\",\"target\":[\"https:\\\/\\\/royalwell.demannenachterdeschermen.nl\\\/de\\\/produkt\\\/kweekschap-voor-kate-iv-wit\\\/\"]}]},{\"@type\":\"ImageObject\",\"inLanguage\":\"de\",\"@id\":\"https:\\\/\\\/royalwell.demannenachterdeschermen.nl\\\/de\\\/produkt\\\/kweekschap-voor-kate-iv-wit\\\/#primaryimage\",\"url\":\"https:\\\/\\\/royalwell.demannenachterdeschermen.nl\\\/wp-content\\\/uploads\\\/2025\\\/01\\\/08718215761679_A1L0-scaled.jpg\",\"contentUrl\":\"https:\\\/\\\/royalwell.demannenachterdeschermen.nl\\\/wp-content\\\/uploads\\\/2025\\\/01\\\/08718215761679_A1L0-scaled.jpg\",\"width\":1707,\"height\":2560},{\"@type\":\"BreadcrumbList\",\"@id\":\"https:\\\/\\\/royalwell.demannenachterdeschermen.nl\\\/de\\\/produkt\\\/kweekschap-voor-kate-iv-wit\\\/#breadcrumb\",\"itemListElement\":[{\"@type\":\"ListItem\",\"position\":1,\"name\":\"Home\",\"item\":\"https:\\\/\\\/royalwell.demannenachterdeschermen.nl\\\/de\\\/\"},{\"@type\":\"ListItem\",\"position\":2,\"name\":\"Assortiment\",\"item\":\"https:\\\/\\\/royalwell.demannenachterdeschermen.nl\\\/assortiment\\\/\"},{\"@type\":\"ListItem\",\"position\":3,\"name\":\"Kulturschrank-Set f\u00fcr Kate IV, wei\u00df\"}]},{\"@type\":\"WebSite\",\"@id\":\"https:\\\/\\\/royalwell.demannenachterdeschermen.nl\\\/de\\\/#website\",\"url\":\"https:\\\/\\\/royalwell.demannenachterdeschermen.nl\\\/de\\\/\",\"name\":\"Royal Well\",\"description\":\"Tuinkassen, kweekkassen, hobbykassen\",\"potentialAction\":[{\"@type\":\"SearchAction\",\"target\":{\"@type\":\"EntryPoint\",\"urlTemplate\":\"https:\\\/\\\/royalwell.demannenachterdeschermen.nl\\\/de\\\/?s={search_term_string}\"},\"query-input\":{\"@type\":\"PropertyValueSpecification\",\"valueRequired\":true,\"valueName\":\"search_term_string\"}}],\"inLanguage\":\"de\"}]}<\/script>\n<!-- \/ Yoast SEO plugin. -->","yoast_head_json":{"title":"Kulturschrank-Set f\u00fcr Kate IV, wei\u00df - Royal Well","robots":{"index":"noindex","follow":"follow","max-snippet":"max-snippet:-1","max-image-preview":"max-image-preview:large","max-video-preview":"max-video-preview:-1"},"og_locale":"de_DE","og_type":"article","og_title":"Kulturschrank-Set f\u00fcr Kate IV, wei\u00df - Royal Well","og_description":"Nutze den Platz in deinem Gew\u00e4chshaus optimal aus. Ein Kulturregal schafft Platz in deinem Gew\u00e4chshaus f\u00fcr Anzucht-T\u00f6pfe, Gartenscheren, ein St\u00fcck Schnur, Sament\u00fctchen und alle anderen kleineren Anzuchtutensilien. Du kannst darauf Samen vorziehen oder junge Pflanzen wachsen lassen.  Die Konstruktion besteht aus zwei L\u00e4ngstr\u00e4gern, Quertr\u00e4gern und Streben. Eine stabile Verbindung mit dem Gew\u00e4chshausrahmen wird mithilfe von (Hammerkopf-)Schrauben und Muttern der Standardgr\u00f6\u00dfe M6 hergestellt. Die H\u00f6he kannst du selbst bestimmen, da das Regal verstellbar ist. Das Kulturregal ist 22,5 cm tief und passt zu jeder Gew\u00e4chshausgr\u00f6\u00dfe, sodass der Innenraum (die Tiefe) des Gew\u00e4chshauses optimal ausgenutzt wird. ANLEITUNG","og_url":"https:\/\/royalwell.demannenachterdeschermen.nl\/de\/produkt\/kweekschap-voor-kate-iv-wit\/","og_site_name":"Royal Well","article_modified_time":"2026-04-21T11:34:17+00:00","og_image":[{"width":1707,"height":2560,"url":"https:\/\/royalwell.demannenachterdeschermen.nl\/wp-content\/uploads\/2025\/01\/08718215761679_A1L0-scaled.jpg","type":"image\/jpeg"}],"twitter_card":"summary_large_image","twitter_misc":{"Gesch\u00e4tzte Lesezeit":"1\u00a0Minute"},"schema":{"@context":"https:\/\/schema.org","@graph":[{"@type":"WebPage","@id":"https:\/\/royalwell.demannenachterdeschermen.nl\/de\/produkt\/kweekschap-voor-kate-iv-wit\/","url":"https:\/\/royalwell.demannenachterdeschermen.nl\/de\/produkt\/kweekschap-voor-kate-iv-wit\/","name":"Kulturschrank-Set f\u00fcr Kate IV, wei\u00df - Royal Well","isPartOf":{"@id":"https:\/\/royalwell.demannenachterdeschermen.nl\/de\/#website"},"primaryImageOfPage":{"@id":"https:\/\/royalwell.demannenachterdeschermen.nl\/de\/produkt\/kweekschap-voor-kate-iv-wit\/#primaryimage"},"image":{"@id":"https:\/\/royalwell.demannenachterdeschermen.nl\/de\/produkt\/kweekschap-voor-kate-iv-wit\/#primaryimage"},"thumbnailUrl":"https:\/\/royalwell.demannenachterdeschermen.nl\/wp-content\/uploads\/2025\/01\/08718215761679_A1L0-scaled.jpg","datePublished":"2026-01-28T16:29:27+00:00","dateModified":"2026-04-21T11:34:17+00:00","breadcrumb":{"@id":"https:\/\/royalwell.demannenachterdeschermen.nl\/de\/produkt\/kweekschap-voor-kate-iv-wit\/#breadcrumb"},"inLanguage":"de","potentialAction":[{"@type":"ReadAction","target":["https:\/\/royalwell.demannenachterdeschermen.nl\/de\/produkt\/kweekschap-voor-kate-iv-wit\/"]}]},{"@type":"ImageObject","inLanguage":"de","@id":"https:\/\/royalwell.demannenachterdeschermen.nl\/de\/produkt\/kweekschap-voor-kate-iv-wit\/#primaryimage","url":"https:\/\/royalwell.demannenachterdeschermen.nl\/wp-content\/uploads\/2025\/01\/08718215761679_A1L0-scaled.jpg","contentUrl":"https:\/\/royalwell.demannenachterdeschermen.nl\/wp-content\/uploads\/2025\/01\/08718215761679_A1L0-scaled.jpg","width":1707,"height":2560},{"@type":"BreadcrumbList","@id":"https:\/\/royalwell.demannenachterdeschermen.nl\/de\/produkt\/kweekschap-voor-kate-iv-wit\/#breadcrumb","itemListElement":[{"@type":"ListItem","position":1,"name":"Home","item":"https:\/\/royalwell.demannenachterdeschermen.nl\/de\/"},{"@type":"ListItem","position":2,"name":"Assortiment","item":"https:\/\/royalwell.demannenachterdeschermen.nl\/assortiment\/"},{"@type":"ListItem","position":3,"name":"Kulturschrank-Set f\u00fcr Kate IV, wei\u00df"}]},{"@type":"WebSite","@id":"https:\/\/royalwell.demannenachterdeschermen.nl\/de\/#website","url":"https:\/\/royalwell.demannenachterdeschermen.nl\/de\/","name":"Royal Well","description":"Tuinkassen, kweekkassen, hobbykassen","potentialAction":[{"@type":"SearchAction","target":{"@type":"EntryPoint","urlTemplate":"https:\/\/royalwell.demannenachterdeschermen.nl\/de\/?s={search_term_string}"},"query-input":{"@type":"PropertyValueSpecification","valueRequired":true,"valueName":"search_term_string"}}],"inLanguage":"de"}]}},"_links":{"self":[{"href":"https:\/\/royalwell.demannenachterdeschermen.nl\/de\/wp-json\/wp\/v2\/product\/242432","targetHints":{"allow":["GET"]}}],"collection":[{"href":"https:\/\/royalwell.demannenachterdeschermen.nl\/de\/wp-json\/wp\/v2\/product"}],"about":[{"href":"https:\/\/royalwell.demannenachterdeschermen.nl\/de\/wp-json\/wp\/v2\/types\/product"}],"wp:featuredmedia":[{"embeddable":true,"href":"https:\/\/royalwell.demannenachterdeschermen.nl\/de\/wp-json\/wp\/v2\/media\/242425"}],"wp:attachment":[{"href":"https:\/\/royalwell.demannenachterdeschermen.nl\/de\/wp-json\/wp\/v2\/media?parent=242432"}],"wp:term":[{"taxonomy":"product_brand","embeddable":true,"href":"https:\/\/royalwell.demannenachterdeschermen.nl\/de\/wp-json\/wp\/v2\/product_brand?post=242432"},{"taxonomy":"product_cat","embeddable":true,"href":"https:\/\/royalwell.demannenachterdeschermen.nl\/de\/wp-json\/wp\/v2\/product_cat?post=242432"},{"taxonomy":"product_tag","embeddable":true,"href":"https:\/\/royalwell.demannenachterdeschermen.nl\/de\/wp-json\/wp\/v2\/product_tag?post=242432"}],"curies":[{"name":"wp","href":"https:\/\/api.w.org\/{rel}","templated":true}]}}