{"id":242155,"date":"2026-01-28T17:29:30","date_gmt":"2026-01-28T16:29:30","guid":{"rendered":"https:\/\/royalwell.demannenachterdeschermen.nl\/product\/gewaechshaus-mary-i-in-weiss\/"},"modified":"2026-01-28T17:29:30","modified_gmt":"2026-01-28T16:29:30","slug":"gewaechshaus-mary-i-in-weiss","status":"publish","type":"product","link":"https:\/\/royalwell.demannenachterdeschermen.nl\/de\/produkt\/gewaechshaus-mary-i-in-weiss\/","title":{"rendered":"Gew\u00e4chshaus Mary I in Wei\u00df"},"content":{"rendered":"<p>Das Gew\u00e4chshaus \u201eMary I\u201c in Wei\u00df von Royal Well ist ein elegantes Gew\u00e4chshaus, das nicht nur ausreichend Platz zum G\u00e4rtnern, sondern auch zum Entspannen bietet. Dieses Modell mit Satteldach und Schiebet\u00fcr mit Hakenschloss verbindet Funktionalit\u00e4t mit Stil und ist perfekt f\u00fcr alle, die gerne g\u00e4rtnern.  Dieses Gew\u00e4chshaus ist in Wei\u00df (RAL 9010) gehalten und hat eine Fl\u00e4che von ca. 4,6 m\u00b2. Das 3 mm dicke Sicherheitsglas wird innen mit d\u00e4mpfendem Schaumstoffband und au\u00dfen mit PVC-Verglasungsleisten befestigt, die sich einfach anbringen lassen und farblich nahtlos zu den Profilen passen. Das mitgelieferte, stabile Fundament sorgt f\u00fcr einen festen Stand und eignet sich sowohl f\u00fcr unbefestigte als auch f\u00fcr befestigte Untergr\u00fcnde. Das Gew\u00e4chshaus ist mit Dachrinnen und zwei Fallrohren ausgestattet, mit denen Sie Regenwasser auffangen k\u00f6nnen. Mary I in Wei\u00df verf\u00fcgt \u00fcber 1 Dachfenster f\u00fcr eine hervorragende Bel\u00fcftung und bietet mit einer Firsth\u00f6he von 241 cm ein ger\u00e4umiges und offenes Raumgef\u00fchl, ideal f\u00fcr komfortables G\u00e4rtnern. Das Gew\u00e4chshaus Mary ist in vier verschiedenen Tiefen erh\u00e4ltlich, mit Fl\u00e4chen von 4,6 bis 9 m\u00b2. Dieses Modell ist in drei Farben erh\u00e4ltlich: Graugr\u00fcn, Wei\u00df und Schwarz \u2013 und die Profile haben eine stilvolle, matte Oberfl\u00e4che.       Das Gew\u00e4chshaus \u201eMary\u201c von Royal Well ist die perfekte Wahl f\u00fcr alle, die stilvolles und funktionales G\u00e4rtnern miteinander verbinden m\u00f6chten.<\/p>\n<p>Das Gew\u00e4chshaus \u201eMary I\u201c in Wei\u00df von Royal Well ist ein elegantes Gew\u00e4chshaus, das nicht nur ausreichend Platz zum G\u00e4rtnern, sondern auch zum Entspannen bietet. Dieses Modell mit Satteldach und einer Schiebet\u00fcr mit Hakenschloss verbindet Funktionalit\u00e4t mit Stil und ist perfekt f\u00fcr alle, die gerne g\u00e4rtnern. <\/p>\n<p>Dieses Gew\u00e4chshaus ist in der Farbe Wei\u00df (RAL 9010) ausgef\u00fchrt und hat eine Fl\u00e4che von ca. 4,6 m\u00b2. Das 3 mm dicke Sicherheitsglas wird auf der Innenseite mit d\u00e4mpfendem Schaumstoffband fest befestigt. Auf der Au\u00dfenseite wird das Glas mit PVC-Verglasungsleisten versehen. Diese lassen sich einfach anbringen und sind in der Farbe der Profile ausgef\u00fchrt. Die Profile haben eine elegante, matte Oberfl\u00e4che. Das Gew\u00e4chshaus Mary III ist auch in den Farben <a href=\"https:\/\/royalwell.demannenachterdeschermen.nl\/de\/produkt\/gewaechshaus-mary-i-in-schwarz\/\">Schwarz (RAL 9005)<\/a> und <a href=\"https:\/\/royalwell.demannenachterdeschermen.nl\/produkt\/tuinkas-mary-1-groengrijs-3-mm-veiligheidsglas\/\">Graugr\u00fcn (RAL 7009)<\/a> erh\u00e4ltlich.     <\/p>\n<p>Dieses Gew\u00e4chshaus wird inklusive eines stabilen Fundaments (einschlie\u00dflich Bodenanker) geliefert. Zur Befestigung des Fundaments auf einem stabilen Untergrund (z. B. einem Fliesenboden) sind Befestigungsmaterialien standardm\u00e4\u00dfig im Lieferumfang enthalten. F\u00fcr die Aufstellung des Gew\u00e4chshauses auf unbefestigtem Boden verwenden Sie die mitgelieferten Fundamentanker in der Farbe des Rahmens. Das mitgelieferte Fundament sorgt f\u00fcr eine stabile Basis, die sowohl f\u00fcr unbefestigte als auch f\u00fcr befestigte Untergr\u00fcnde geeignet ist.   <\/p>\n<p>Das Gew\u00e4chshaus ist mit Dachrinnen und zwei Fallrohren ausgestattet, \u00fcber die du Regenwasser beispielsweise in eine Regentonne oder einen Wasserspeicher ableiten kannst. Das Gew\u00e4chshaus Mary hat eine Firsth\u00f6he von 241 cm (einschlie\u00dflich Fundament). Damit bietet dieses luxuri\u00f6se Gew\u00e4chshaus ein ger\u00e4umiges und offenes Raumgef\u00fchl, ideal f\u00fcr komfortables G\u00e4rtnern. Dieses Gew\u00e4chshaus ist in vier verschiedenen Tiefen erh\u00e4ltlich, mit Fl\u00e4chen von 4,6 bis 9 m\u00b2.   <\/p>\n<p>Das Gew\u00e4chshaus Mary I Wei\u00df ist mit 2 Dachfenstern f\u00fcr eine hervorragende Bel\u00fcftung ausgestattet. Diese Fenster sind mit einem Kippbeschlag versehen. Optional ist auch ein <a href=\"https:\/\/royalwell.demannenachterdeschermen.nl\/produkt\/automatic-opener-zwart\/\">automatischer Fenster\u00f6ffner<\/a> erh\u00e4ltlich. Dieser \u00f6ffnet das Fenster automatisch auf Basis des stufenlos einstellbaren Temperaturreglers. So werden Ihre Pflanzen auch bel\u00fcftet, wenn Sie nicht in der N\u00e4he sind. Au\u00dferdem sind praktische Zubeh\u00f6rteile erh\u00e4ltlich, wie <a href=\"https:\/\/royalwell.demannenachterdeschermen.nl\/produkt\/set-plantspiralen-zwart\/\">Pflanzspiralen<\/a>, <a href=\"https:\/\/royalwell.demannenachterdeschermen.nl\/produkt\/set-pothouders-wit-4-stuks\/\">Topfhalter <\/a>und <a href=\"https:\/\/royalwell.demannenachterdeschermen.nl\/produkt\/kweekbak-container-15-l\/\">Anzuchtbeh\u00e4lter<\/a>.     <\/p>\n<p>Das Gew\u00e4chshaus \u201eMary\u201c von Royal Well ist die perfekte Wahl f\u00fcr alle, die stilvolles und funktionales G\u00e4rtnern miteinander verbinden m\u00f6chten.<\/p>\n","protected":false},"excerpt":{"rendered":"<p>Das Gew\u00e4chshaus \u201eMary I Wei\u00df\u201c von Royal Well<\/p>\n<p>ist ein elegantes Gew\u00e4chshaus, das nicht nur ausreichend Platz zum G\u00e4rtnern, sondern auch zum Entspannen bietet. Dieses Modell mit Satteldach und einer Schiebet\u00fcr mit Hakenschloss verbindet Funktionalit\u00e4t mit Stil und ist perfekt f\u00fcr alle, die gerne g\u00e4rtnern. Dieses Gew\u00e4chshaus hat eine Fl\u00e4che von ca. 4,6 m\u00b2.  <\/p>\n<ul>\n<li>Inklusive Fundament und Regenwasserableitung<\/li>\n<li>Besonders hohe Seitenw\u00e4nde (Rinnenh\u00f6he), mehr Bewegungsfreiheit und sorgenfreies G\u00e4rtnern.<\/li>\n<li>Das Gew\u00e4chshaus ist abschlie\u00dfbar, was die Sicherheit erh\u00f6ht<\/li>\n<li>Befestigung des Glases mit passenden Verglasungsleisten<\/li>\n<li>Ein umfangreiches Sortiment an sch\u00f6nen und praktischen Accessoires ist erh\u00e4ltlich<\/li>\n<\/ul>\n<div><\/div>\n<div class=\"et_pb_button_module_wrapper et_pb_button_0_tb_body_wrapper et_pb_module \"><a class=\"et_pb_button et_pb_button_0_tb_body et_pb_bg_layout_light\" href=\"\/manuals\/Handleiding_Mary.pdf\" target=\"_blank\" rel=\"noopener\">ANLEITUNG<\/a><\/div>\n","protected":false},"featured_media":242144,"template":"","meta":{"_et_pb_use_builder":"","_et_pb_old_content":"","_et_gb_content_width":""},"product_brand":[],"product_cat":[962],"product_tag":[],"class_list":{"0":"post-242155","1":"product","2":"type-product","3":"status-publish","4":"has-post-thumbnail","6":"product_cat-gewachshauser","7":"pa_kleur-wit","8":"pa_materiaal-glas-veiligheidsglas","9":"pa_merk-royal-well","10":"pa_productlijn-mary","11":"pa_productsoort-gewachshaus","13":"first","14":"instock","15":"taxable","16":"shipping-taxable","17":"purchasable","18":"product-type-simple"},"yoast_head":"<!-- This site is optimized with the Yoast SEO plugin v27.4 - https:\/\/yoast.com\/product\/yoast-seo-wordpress\/ -->\n<title>Gew\u00e4chshaus Mary I in Wei\u00df - Royal Well<\/title>\n<meta name=\"description\" content=\"Das Gew\u00e4chshaus Mary I in Wei\u00df (RAL 9010) von Royal Well vereint Ger\u00e4umigkeit, Stil und Funktionalit\u00e4t. Ein elegantes Gew\u00e4chshaus, perfekt zum G\u00e4rtnern und Entspannen.\" \/>\n<meta name=\"robots\" content=\"noindex, follow, max-snippet:-1, max-image-preview:large, max-video-preview:-1\" \/>\n<meta property=\"og:locale\" content=\"de_DE\" \/>\n<meta property=\"og:type\" content=\"article\" \/>\n<meta property=\"og:title\" content=\"Gew\u00e4chshaus Mary I in Wei\u00df - Royal Well\" \/>\n<meta property=\"og:description\" content=\"Das Gew\u00e4chshaus Mary I in Wei\u00df (RAL 9010) von Royal Well vereint Ger\u00e4umigkeit, Stil und Funktionalit\u00e4t. Ein elegantes Gew\u00e4chshaus, perfekt zum G\u00e4rtnern und Entspannen.\" \/>\n<meta property=\"og:url\" content=\"https:\/\/royalwell.demannenachterdeschermen.nl\/de\/produkt\/gewaechshaus-mary-i-in-weiss\/\" \/>\n<meta property=\"og:site_name\" content=\"Royal Well\" \/>\n<meta property=\"og:image\" content=\"https:\/\/royalwell.demannenachterdeschermen.nl\/wp-content\/uploads\/2026\/03\/1063745-Mary-I-Wit-Product_image_0-scaled.jpg\" \/>\n\t<meta property=\"og:image:width\" content=\"2560\" \/>\n\t<meta property=\"og:image:height\" content=\"2560\" \/>\n\t<meta property=\"og:image:type\" content=\"image\/jpeg\" \/>\n<meta name=\"twitter:card\" content=\"summary_large_image\" \/>\n<meta name=\"twitter:label1\" content=\"Gesch\u00e4tzte Lesezeit\" \/>\n\t<meta name=\"twitter:data1\" content=\"3\u00a0Minuten\" \/>\n<script type=\"application\/ld+json\" class=\"yoast-schema-graph\">{\"@context\":\"https:\\\/\\\/schema.org\",\"@graph\":[{\"@type\":\"WebPage\",\"@id\":\"https:\\\/\\\/royalwell.demannenachterdeschermen.nl\\\/de\\\/produkt\\\/gewaechshaus-mary-i-in-weiss\\\/\",\"url\":\"https:\\\/\\\/royalwell.demannenachterdeschermen.nl\\\/de\\\/produkt\\\/gewaechshaus-mary-i-in-weiss\\\/\",\"name\":\"Gew\u00e4chshaus Mary I in Wei\u00df - Royal Well\",\"isPartOf\":{\"@id\":\"https:\\\/\\\/royalwell.demannenachterdeschermen.nl\\\/de\\\/#website\"},\"primaryImageOfPage\":{\"@id\":\"https:\\\/\\\/royalwell.demannenachterdeschermen.nl\\\/de\\\/produkt\\\/gewaechshaus-mary-i-in-weiss\\\/#primaryimage\"},\"image\":{\"@id\":\"https:\\\/\\\/royalwell.demannenachterdeschermen.nl\\\/de\\\/produkt\\\/gewaechshaus-mary-i-in-weiss\\\/#primaryimage\"},\"thumbnailUrl\":\"https:\\\/\\\/royalwell.demannenachterdeschermen.nl\\\/wp-content\\\/uploads\\\/2026\\\/03\\\/1063745-Mary-I-Wit-Product_image_0-scaled.jpg\",\"datePublished\":\"2026-01-28T16:29:30+00:00\",\"description\":\"Das Gew\u00e4chshaus Mary I in Wei\u00df (RAL 9010) von Royal Well vereint Ger\u00e4umigkeit, Stil und Funktionalit\u00e4t. Ein elegantes Gew\u00e4chshaus, perfekt zum G\u00e4rtnern und Entspannen.\",\"breadcrumb\":{\"@id\":\"https:\\\/\\\/royalwell.demannenachterdeschermen.nl\\\/de\\\/produkt\\\/gewaechshaus-mary-i-in-weiss\\\/#breadcrumb\"},\"inLanguage\":\"de\",\"potentialAction\":[{\"@type\":\"ReadAction\",\"target\":[\"https:\\\/\\\/royalwell.demannenachterdeschermen.nl\\\/de\\\/produkt\\\/gewaechshaus-mary-i-in-weiss\\\/\"]}]},{\"@type\":\"ImageObject\",\"inLanguage\":\"de\",\"@id\":\"https:\\\/\\\/royalwell.demannenachterdeschermen.nl\\\/de\\\/produkt\\\/gewaechshaus-mary-i-in-weiss\\\/#primaryimage\",\"url\":\"https:\\\/\\\/royalwell.demannenachterdeschermen.nl\\\/wp-content\\\/uploads\\\/2026\\\/03\\\/1063745-Mary-I-Wit-Product_image_0-scaled.jpg\",\"contentUrl\":\"https:\\\/\\\/royalwell.demannenachterdeschermen.nl\\\/wp-content\\\/uploads\\\/2026\\\/03\\\/1063745-Mary-I-Wit-Product_image_0-scaled.jpg\",\"width\":2560,\"height\":2560},{\"@type\":\"BreadcrumbList\",\"@id\":\"https:\\\/\\\/royalwell.demannenachterdeschermen.nl\\\/de\\\/produkt\\\/gewaechshaus-mary-i-in-weiss\\\/#breadcrumb\",\"itemListElement\":[{\"@type\":\"ListItem\",\"position\":1,\"name\":\"Home\",\"item\":\"https:\\\/\\\/royalwell.demannenachterdeschermen.nl\\\/de\\\/\"},{\"@type\":\"ListItem\",\"position\":2,\"name\":\"Assortiment\",\"item\":\"https:\\\/\\\/royalwell.demannenachterdeschermen.nl\\\/assortiment\\\/\"},{\"@type\":\"ListItem\",\"position\":3,\"name\":\"Gew\u00e4chshaus Mary I in Wei\u00df\"}]},{\"@type\":\"WebSite\",\"@id\":\"https:\\\/\\\/royalwell.demannenachterdeschermen.nl\\\/de\\\/#website\",\"url\":\"https:\\\/\\\/royalwell.demannenachterdeschermen.nl\\\/de\\\/\",\"name\":\"Royal Well\",\"description\":\"Tuinkassen, kweekkassen, hobbykassen\",\"potentialAction\":[{\"@type\":\"SearchAction\",\"target\":{\"@type\":\"EntryPoint\",\"urlTemplate\":\"https:\\\/\\\/royalwell.demannenachterdeschermen.nl\\\/de\\\/?s={search_term_string}\"},\"query-input\":{\"@type\":\"PropertyValueSpecification\",\"valueRequired\":true,\"valueName\":\"search_term_string\"}}],\"inLanguage\":\"de\"}]}<\/script>\n<!-- \/ Yoast SEO plugin. -->","yoast_head_json":{"title":"Gew\u00e4chshaus Mary I in Wei\u00df - Royal Well","description":"Das Gew\u00e4chshaus Mary I in Wei\u00df (RAL 9010) von Royal Well vereint Ger\u00e4umigkeit, Stil und Funktionalit\u00e4t. Ein elegantes Gew\u00e4chshaus, perfekt zum G\u00e4rtnern und Entspannen.","robots":{"index":"noindex","follow":"follow","max-snippet":"max-snippet:-1","max-image-preview":"max-image-preview:large","max-video-preview":"max-video-preview:-1"},"og_locale":"de_DE","og_type":"article","og_title":"Gew\u00e4chshaus Mary I in Wei\u00df - Royal Well","og_description":"Das Gew\u00e4chshaus Mary I in Wei\u00df (RAL 9010) von Royal Well vereint Ger\u00e4umigkeit, Stil und Funktionalit\u00e4t. Ein elegantes Gew\u00e4chshaus, perfekt zum G\u00e4rtnern und Entspannen.","og_url":"https:\/\/royalwell.demannenachterdeschermen.nl\/de\/produkt\/gewaechshaus-mary-i-in-weiss\/","og_site_name":"Royal Well","og_image":[{"width":2560,"height":2560,"url":"https:\/\/royalwell.demannenachterdeschermen.nl\/wp-content\/uploads\/2026\/03\/1063745-Mary-I-Wit-Product_image_0-scaled.jpg","type":"image\/jpeg"}],"twitter_card":"summary_large_image","twitter_misc":{"Gesch\u00e4tzte Lesezeit":"3\u00a0Minuten"},"schema":{"@context":"https:\/\/schema.org","@graph":[{"@type":"WebPage","@id":"https:\/\/royalwell.demannenachterdeschermen.nl\/de\/produkt\/gewaechshaus-mary-i-in-weiss\/","url":"https:\/\/royalwell.demannenachterdeschermen.nl\/de\/produkt\/gewaechshaus-mary-i-in-weiss\/","name":"Gew\u00e4chshaus Mary I in Wei\u00df - Royal Well","isPartOf":{"@id":"https:\/\/royalwell.demannenachterdeschermen.nl\/de\/#website"},"primaryImageOfPage":{"@id":"https:\/\/royalwell.demannenachterdeschermen.nl\/de\/produkt\/gewaechshaus-mary-i-in-weiss\/#primaryimage"},"image":{"@id":"https:\/\/royalwell.demannenachterdeschermen.nl\/de\/produkt\/gewaechshaus-mary-i-in-weiss\/#primaryimage"},"thumbnailUrl":"https:\/\/royalwell.demannenachterdeschermen.nl\/wp-content\/uploads\/2026\/03\/1063745-Mary-I-Wit-Product_image_0-scaled.jpg","datePublished":"2026-01-28T16:29:30+00:00","description":"Das Gew\u00e4chshaus Mary I in Wei\u00df (RAL 9010) von Royal Well vereint Ger\u00e4umigkeit, Stil und Funktionalit\u00e4t. Ein elegantes Gew\u00e4chshaus, perfekt zum G\u00e4rtnern und Entspannen.","breadcrumb":{"@id":"https:\/\/royalwell.demannenachterdeschermen.nl\/de\/produkt\/gewaechshaus-mary-i-in-weiss\/#breadcrumb"},"inLanguage":"de","potentialAction":[{"@type":"ReadAction","target":["https:\/\/royalwell.demannenachterdeschermen.nl\/de\/produkt\/gewaechshaus-mary-i-in-weiss\/"]}]},{"@type":"ImageObject","inLanguage":"de","@id":"https:\/\/royalwell.demannenachterdeschermen.nl\/de\/produkt\/gewaechshaus-mary-i-in-weiss\/#primaryimage","url":"https:\/\/royalwell.demannenachterdeschermen.nl\/wp-content\/uploads\/2026\/03\/1063745-Mary-I-Wit-Product_image_0-scaled.jpg","contentUrl":"https:\/\/royalwell.demannenachterdeschermen.nl\/wp-content\/uploads\/2026\/03\/1063745-Mary-I-Wit-Product_image_0-scaled.jpg","width":2560,"height":2560},{"@type":"BreadcrumbList","@id":"https:\/\/royalwell.demannenachterdeschermen.nl\/de\/produkt\/gewaechshaus-mary-i-in-weiss\/#breadcrumb","itemListElement":[{"@type":"ListItem","position":1,"name":"Home","item":"https:\/\/royalwell.demannenachterdeschermen.nl\/de\/"},{"@type":"ListItem","position":2,"name":"Assortiment","item":"https:\/\/royalwell.demannenachterdeschermen.nl\/assortiment\/"},{"@type":"ListItem","position":3,"name":"Gew\u00e4chshaus Mary I in Wei\u00df"}]},{"@type":"WebSite","@id":"https:\/\/royalwell.demannenachterdeschermen.nl\/de\/#website","url":"https:\/\/royalwell.demannenachterdeschermen.nl\/de\/","name":"Royal Well","description":"Tuinkassen, kweekkassen, hobbykassen","potentialAction":[{"@type":"SearchAction","target":{"@type":"EntryPoint","urlTemplate":"https:\/\/royalwell.demannenachterdeschermen.nl\/de\/?s={search_term_string}"},"query-input":{"@type":"PropertyValueSpecification","valueRequired":true,"valueName":"search_term_string"}}],"inLanguage":"de"}]}},"_links":{"self":[{"href":"https:\/\/royalwell.demannenachterdeschermen.nl\/de\/wp-json\/wp\/v2\/product\/242155","targetHints":{"allow":["GET"]}}],"collection":[{"href":"https:\/\/royalwell.demannenachterdeschermen.nl\/de\/wp-json\/wp\/v2\/product"}],"about":[{"href":"https:\/\/royalwell.demannenachterdeschermen.nl\/de\/wp-json\/wp\/v2\/types\/product"}],"wp:featuredmedia":[{"embeddable":true,"href":"https:\/\/royalwell.demannenachterdeschermen.nl\/de\/wp-json\/wp\/v2\/media\/242144"}],"wp:attachment":[{"href":"https:\/\/royalwell.demannenachterdeschermen.nl\/de\/wp-json\/wp\/v2\/media?parent=242155"}],"wp:term":[{"taxonomy":"product_brand","embeddable":true,"href":"https:\/\/royalwell.demannenachterdeschermen.nl\/de\/wp-json\/wp\/v2\/product_brand?post=242155"},{"taxonomy":"product_cat","embeddable":true,"href":"https:\/\/royalwell.demannenachterdeschermen.nl\/de\/wp-json\/wp\/v2\/product_cat?post=242155"},{"taxonomy":"product_tag","embeddable":true,"href":"https:\/\/royalwell.demannenachterdeschermen.nl\/de\/wp-json\/wp\/v2\/product_tag?post=242155"}],"curies":[{"name":"wp","href":"https:\/\/api.w.org\/{rel}","templated":true}]}}