{"id":241911,"date":"2026-01-28T17:29:32","date_gmt":"2026-01-28T16:29:32","guid":{"rendered":"https:\/\/royalwell.demannenachterdeschermen.nl\/product\/treibhaus-parsley-planter-small-in-gruen-grau\/"},"modified":"2026-04-15T13:11:23","modified_gmt":"2026-04-15T11:11:23","slug":"treibhaus-parsley-planter-small-in-gruen-grau","status":"publish","type":"product","link":"https:\/\/royalwell.demannenachterdeschermen.nl\/de\/produkt\/treibhaus-parsley-planter-small-in-gruen-grau\/","title":{"rendered":"Treibhaus Parsley Planter Small in gr\u00fcn-grau"},"content":{"rendered":"<p>F\u00fcr ein optimales Anbauergebnis ist es wichtig, fr\u00fch im Fr\u00fchjahr zu beginnen, und das geschieht nat\u00fcrlich in einem Gew\u00e4chshaus. Mit dem Parsley Planter Small in der Farbe Graugr\u00fcn von Royal Well, ein Treibhaus, beh\u00e4ltst du deine wachsenden Pflanzen hervorragend im Blick und sch\u00fctzt sie gleichzeitig vor Frost, Regen, Wind sowie vor Fra\u00df durch Insekten und Kaninchen. Egal, ob Sie Pflanzen, Gem\u00fcse oder Kr\u00e4uter anbauen m\u00f6chten \u2013 mit dem Parsley Planter Small haben Sie alles, was Sie f\u00fcr eine gro\u00dfartige Ernte brauchen.  <\/p>\n<p>Der Parsley Planter Small in Gr\u00fcn-Grau (RAL7009) hat die Ma\u00dfe 60 x 80 x 46 cm (BxTxH). Dieses Gew\u00e4chshaus verf\u00fcgt \u00fcber ein innovatives Design und ist mit 4 mm dickem Sicherheitsglas f\u00fcr zus\u00e4tzliche Stabilit\u00e4t und Sicherheit ausgestattet. Das Gew\u00e4chshaus ist mit h\u00f6henverstellbaren Klappfenstern ausgestattet, sodass Sie das Anbauklima ganz einfach anpassen k\u00f6nnen, um optimale Wachstumsbedingungen zu schaffen. Die Klappfenster sind mit Fl\u00fcgelverschl\u00fcssen versehen, mit denen Sie sie sichern k\u00f6nnen, um zu verhindern, dass sie sich bei starkem Wind \u00f6ffnen.  <\/p>\n<p>Dieses Gew\u00e4chshaus wird als Bausatz geliefert und l\u00e4sst sich mithilfe der beiliegenden, verst\u00e4ndlichen Anleitung ganz einfach zusammenbauen. F\u00fcr einen besonders stabilen Aufbau kannst du den Parsley Planter auf einen selbstgebauten erh\u00f6hten (Holz-)Rahmen stellen, was zudem f\u00fcr mehr H\u00f6he und eine solide Verankerung im Untergrund sorgt. Hierf\u00fcr werden standardm\u00e4\u00dfig Montagehalterungen mitgeliefert. Oder stelle den Parsley Planter auf einen der <a href=\"https:\/\/royalwell.demannenachterdeschermen.nl\/produkt\/kweekbak-grow-box-small-parsley-planter-douglas-onbehandeld\/\">Holz-Anzuchtk\u00e4sten von Royal Wel<\/a>l.   <\/p>\n<p>Mit dem Parsley Planter Large Schwarz von Royal Well holst du das Beste aus deiner Anbausaison heraus. Auch in <a href=\"https:\/\/royalwell.demannenachterdeschermen.nl\/produkt\/broeikas-parsley-planter-small-wit-4-mm-veiligheidsglas\/\">Wei\u00df (RAL9010)<\/a> erh\u00e4ltlich. <\/p>\n","protected":false},"excerpt":{"rendered":"<p>Der Parsley Planter Small eignet sich perfekt f\u00fcr den Einsatz im fr\u00fchen Fr\u00fchling und wandelt die ersten Sonnenstrahlen in Energie f\u00fcr die jungen Pflanzen um. Dank seiner zwei Klappfenster ist dieses Gew\u00e4chshaus gut zug\u00e4nglich. Au\u00dferdem lassen sich diese Fenster in jeder gew\u00fcnschten Position \u00f6ffnen, sodass du selbst entscheiden kannst, wie viel frische Luft die Pflanzen ben\u00f6tigen. Kombiniere dieses Gew\u00e4chshaus mit der Parsley Growbox Large von Royal Well, dann kannst du wunderbar in der H\u00f6he anbauen.   <\/p>\n<ul>\n<li>Langlebiger, pulverbeschichteter Aluminiumrahmen<\/li>\n<li>Robustes 4 mm Sicherheitsglas<\/li>\n<li>Ausgestattet mit 2 Klappfenstern, h\u00f6henverstellbar<\/li>\n<li>Inklusive Befestigungsmaterial und Anleitung<\/li>\n<li>Kombinierbar mit dem Growbox-Anzuchttisch<\/li>\n<\/ul>\n<div class=\"et_pb_button_module_wrapper et_pb_button_0_tb_body_wrapper et_pb_module \"><a class=\"et_pb_button et_pb_button_0_tb_body et_pb_bg_layout_light\" href=\"\/manuals\/Handleiding_Parsley_Planter_S.pdf\" target=\"_blank\" rel=\"noopener\">ANLEITUNG<\/a><\/div>\n","protected":false},"featured_media":241905,"template":"","meta":{"_et_pb_use_builder":"","_et_pb_old_content":"","_et_gb_content_width":""},"product_brand":[],"product_cat":[943,928],"product_tag":[],"class_list":{"0":"post-241911","1":"product","2":"type-product","3":"status-publish","4":"has-post-thumbnail","6":"product_cat-broeikassen","7":"product_cat-kleine-aufzucht","8":"pa_kleur-groengrijs","9":"pa_materiaal-glas-veiligheidsglas","10":"pa_merk-royal-well","11":"pa_productlijn-parsley-planter","12":"pa_productsoort-broeikas","14":"first","15":"instock","16":"taxable","17":"shipping-taxable","18":"purchasable","19":"product-type-simple"},"yoast_head":"<!-- This site is optimized with the Yoast SEO plugin v27.4 - https:\/\/yoast.com\/product\/yoast-seo-wordpress\/ -->\n<title>Treibhaus Parsley Planter Small in gr\u00fcn-grau - Royal Well<\/title>\n<meta name=\"description\" content=\"Das Parsley Planter-Gew\u00e4chshaus bietet einen hervorragenden Blick auf deine wachsenden Pflanzen und sch\u00fctzt sie gleichzeitig vor Witterungseinfl\u00fcssen und Fra\u00df.\" \/>\n<meta name=\"robots\" content=\"noindex, follow, max-snippet:-1, max-image-preview:large, max-video-preview:-1\" \/>\n<meta property=\"og:locale\" content=\"de_DE\" \/>\n<meta property=\"og:type\" content=\"article\" \/>\n<meta property=\"og:title\" content=\"Treibhaus Parsley Planter Small in gr\u00fcn-grau - Royal Well\" \/>\n<meta property=\"og:description\" content=\"Das Parsley Planter-Gew\u00e4chshaus bietet einen hervorragenden Blick auf deine wachsenden Pflanzen und sch\u00fctzt sie gleichzeitig vor Witterungseinfl\u00fcssen und Fra\u00df.\" \/>\n<meta property=\"og:url\" content=\"https:\/\/royalwell.demannenachterdeschermen.nl\/de\/produkt\/treibhaus-parsley-planter-small-in-gruen-grau\/\" \/>\n<meta property=\"og:site_name\" content=\"Royal Well\" \/>\n<meta property=\"article:modified_time\" content=\"2026-04-15T11:11:23+00:00\" \/>\n<meta property=\"og:image\" content=\"https:\/\/royalwell.demannenachterdeschermen.nl\/wp-content\/uploads\/2025\/01\/08718215761433_A1L0-scaled.jpg\" \/>\n\t<meta property=\"og:image:width\" content=\"2560\" \/>\n\t<meta property=\"og:image:height\" content=\"2258\" \/>\n\t<meta property=\"og:image:type\" content=\"image\/jpeg\" \/>\n<meta name=\"twitter:card\" content=\"summary_large_image\" \/>\n<meta name=\"twitter:label1\" content=\"Gesch\u00e4tzte Lesezeit\" \/>\n\t<meta name=\"twitter:data1\" content=\"1\u00a0Minute\" \/>\n<script type=\"application\/ld+json\" class=\"yoast-schema-graph\">{\"@context\":\"https:\\\/\\\/schema.org\",\"@graph\":[{\"@type\":\"WebPage\",\"@id\":\"https:\\\/\\\/royalwell.demannenachterdeschermen.nl\\\/de\\\/produkt\\\/treibhaus-parsley-planter-small-in-gruen-grau\\\/\",\"url\":\"https:\\\/\\\/royalwell.demannenachterdeschermen.nl\\\/de\\\/produkt\\\/treibhaus-parsley-planter-small-in-gruen-grau\\\/\",\"name\":\"Treibhaus Parsley Planter Small in gr\u00fcn-grau - Royal Well\",\"isPartOf\":{\"@id\":\"https:\\\/\\\/royalwell.demannenachterdeschermen.nl\\\/de\\\/#website\"},\"primaryImageOfPage\":{\"@id\":\"https:\\\/\\\/royalwell.demannenachterdeschermen.nl\\\/de\\\/produkt\\\/treibhaus-parsley-planter-small-in-gruen-grau\\\/#primaryimage\"},\"image\":{\"@id\":\"https:\\\/\\\/royalwell.demannenachterdeschermen.nl\\\/de\\\/produkt\\\/treibhaus-parsley-planter-small-in-gruen-grau\\\/#primaryimage\"},\"thumbnailUrl\":\"https:\\\/\\\/royalwell.demannenachterdeschermen.nl\\\/wp-content\\\/uploads\\\/2025\\\/01\\\/08718215761433_A1L0-scaled.jpg\",\"datePublished\":\"2026-01-28T16:29:32+00:00\",\"dateModified\":\"2026-04-15T11:11:23+00:00\",\"description\":\"Das Parsley Planter-Gew\u00e4chshaus bietet einen hervorragenden Blick auf deine wachsenden Pflanzen und sch\u00fctzt sie gleichzeitig vor Witterungseinfl\u00fcssen und Fra\u00df.\",\"breadcrumb\":{\"@id\":\"https:\\\/\\\/royalwell.demannenachterdeschermen.nl\\\/de\\\/produkt\\\/treibhaus-parsley-planter-small-in-gruen-grau\\\/#breadcrumb\"},\"inLanguage\":\"de\",\"potentialAction\":[{\"@type\":\"ReadAction\",\"target\":[\"https:\\\/\\\/royalwell.demannenachterdeschermen.nl\\\/de\\\/produkt\\\/treibhaus-parsley-planter-small-in-gruen-grau\\\/\"]}]},{\"@type\":\"ImageObject\",\"inLanguage\":\"de\",\"@id\":\"https:\\\/\\\/royalwell.demannenachterdeschermen.nl\\\/de\\\/produkt\\\/treibhaus-parsley-planter-small-in-gruen-grau\\\/#primaryimage\",\"url\":\"https:\\\/\\\/royalwell.demannenachterdeschermen.nl\\\/wp-content\\\/uploads\\\/2025\\\/01\\\/08718215761433_A1L0-scaled.jpg\",\"contentUrl\":\"https:\\\/\\\/royalwell.demannenachterdeschermen.nl\\\/wp-content\\\/uploads\\\/2025\\\/01\\\/08718215761433_A1L0-scaled.jpg\",\"width\":2560,\"height\":2258},{\"@type\":\"BreadcrumbList\",\"@id\":\"https:\\\/\\\/royalwell.demannenachterdeschermen.nl\\\/de\\\/produkt\\\/treibhaus-parsley-planter-small-in-gruen-grau\\\/#breadcrumb\",\"itemListElement\":[{\"@type\":\"ListItem\",\"position\":1,\"name\":\"Home\",\"item\":\"https:\\\/\\\/royalwell.demannenachterdeschermen.nl\\\/de\\\/\"},{\"@type\":\"ListItem\",\"position\":2,\"name\":\"Assortiment\",\"item\":\"https:\\\/\\\/royalwell.demannenachterdeschermen.nl\\\/assortiment\\\/\"},{\"@type\":\"ListItem\",\"position\":3,\"name\":\"Treibhaus Parsley Planter Small in gr\u00fcn-grau\"}]},{\"@type\":\"WebSite\",\"@id\":\"https:\\\/\\\/royalwell.demannenachterdeschermen.nl\\\/de\\\/#website\",\"url\":\"https:\\\/\\\/royalwell.demannenachterdeschermen.nl\\\/de\\\/\",\"name\":\"Royal Well\",\"description\":\"Tuinkassen, kweekkassen, hobbykassen\",\"potentialAction\":[{\"@type\":\"SearchAction\",\"target\":{\"@type\":\"EntryPoint\",\"urlTemplate\":\"https:\\\/\\\/royalwell.demannenachterdeschermen.nl\\\/de\\\/?s={search_term_string}\"},\"query-input\":{\"@type\":\"PropertyValueSpecification\",\"valueRequired\":true,\"valueName\":\"search_term_string\"}}],\"inLanguage\":\"de\"}]}<\/script>\n<!-- \/ Yoast SEO plugin. -->","yoast_head_json":{"title":"Treibhaus Parsley Planter Small in gr\u00fcn-grau - Royal Well","description":"Das Parsley Planter-Gew\u00e4chshaus bietet einen hervorragenden Blick auf deine wachsenden Pflanzen und sch\u00fctzt sie gleichzeitig vor Witterungseinfl\u00fcssen und Fra\u00df.","robots":{"index":"noindex","follow":"follow","max-snippet":"max-snippet:-1","max-image-preview":"max-image-preview:large","max-video-preview":"max-video-preview:-1"},"og_locale":"de_DE","og_type":"article","og_title":"Treibhaus Parsley Planter Small in gr\u00fcn-grau - Royal Well","og_description":"Das Parsley Planter-Gew\u00e4chshaus bietet einen hervorragenden Blick auf deine wachsenden Pflanzen und sch\u00fctzt sie gleichzeitig vor Witterungseinfl\u00fcssen und Fra\u00df.","og_url":"https:\/\/royalwell.demannenachterdeschermen.nl\/de\/produkt\/treibhaus-parsley-planter-small-in-gruen-grau\/","og_site_name":"Royal Well","article_modified_time":"2026-04-15T11:11:23+00:00","og_image":[{"width":2560,"height":2258,"url":"https:\/\/royalwell.demannenachterdeschermen.nl\/wp-content\/uploads\/2025\/01\/08718215761433_A1L0-scaled.jpg","type":"image\/jpeg"}],"twitter_card":"summary_large_image","twitter_misc":{"Gesch\u00e4tzte Lesezeit":"1\u00a0Minute"},"schema":{"@context":"https:\/\/schema.org","@graph":[{"@type":"WebPage","@id":"https:\/\/royalwell.demannenachterdeschermen.nl\/de\/produkt\/treibhaus-parsley-planter-small-in-gruen-grau\/","url":"https:\/\/royalwell.demannenachterdeschermen.nl\/de\/produkt\/treibhaus-parsley-planter-small-in-gruen-grau\/","name":"Treibhaus Parsley Planter Small in gr\u00fcn-grau - Royal Well","isPartOf":{"@id":"https:\/\/royalwell.demannenachterdeschermen.nl\/de\/#website"},"primaryImageOfPage":{"@id":"https:\/\/royalwell.demannenachterdeschermen.nl\/de\/produkt\/treibhaus-parsley-planter-small-in-gruen-grau\/#primaryimage"},"image":{"@id":"https:\/\/royalwell.demannenachterdeschermen.nl\/de\/produkt\/treibhaus-parsley-planter-small-in-gruen-grau\/#primaryimage"},"thumbnailUrl":"https:\/\/royalwell.demannenachterdeschermen.nl\/wp-content\/uploads\/2025\/01\/08718215761433_A1L0-scaled.jpg","datePublished":"2026-01-28T16:29:32+00:00","dateModified":"2026-04-15T11:11:23+00:00","description":"Das Parsley Planter-Gew\u00e4chshaus bietet einen hervorragenden Blick auf deine wachsenden Pflanzen und sch\u00fctzt sie gleichzeitig vor Witterungseinfl\u00fcssen und Fra\u00df.","breadcrumb":{"@id":"https:\/\/royalwell.demannenachterdeschermen.nl\/de\/produkt\/treibhaus-parsley-planter-small-in-gruen-grau\/#breadcrumb"},"inLanguage":"de","potentialAction":[{"@type":"ReadAction","target":["https:\/\/royalwell.demannenachterdeschermen.nl\/de\/produkt\/treibhaus-parsley-planter-small-in-gruen-grau\/"]}]},{"@type":"ImageObject","inLanguage":"de","@id":"https:\/\/royalwell.demannenachterdeschermen.nl\/de\/produkt\/treibhaus-parsley-planter-small-in-gruen-grau\/#primaryimage","url":"https:\/\/royalwell.demannenachterdeschermen.nl\/wp-content\/uploads\/2025\/01\/08718215761433_A1L0-scaled.jpg","contentUrl":"https:\/\/royalwell.demannenachterdeschermen.nl\/wp-content\/uploads\/2025\/01\/08718215761433_A1L0-scaled.jpg","width":2560,"height":2258},{"@type":"BreadcrumbList","@id":"https:\/\/royalwell.demannenachterdeschermen.nl\/de\/produkt\/treibhaus-parsley-planter-small-in-gruen-grau\/#breadcrumb","itemListElement":[{"@type":"ListItem","position":1,"name":"Home","item":"https:\/\/royalwell.demannenachterdeschermen.nl\/de\/"},{"@type":"ListItem","position":2,"name":"Assortiment","item":"https:\/\/royalwell.demannenachterdeschermen.nl\/assortiment\/"},{"@type":"ListItem","position":3,"name":"Treibhaus Parsley Planter Small in gr\u00fcn-grau"}]},{"@type":"WebSite","@id":"https:\/\/royalwell.demannenachterdeschermen.nl\/de\/#website","url":"https:\/\/royalwell.demannenachterdeschermen.nl\/de\/","name":"Royal Well","description":"Tuinkassen, kweekkassen, hobbykassen","potentialAction":[{"@type":"SearchAction","target":{"@type":"EntryPoint","urlTemplate":"https:\/\/royalwell.demannenachterdeschermen.nl\/de\/?s={search_term_string}"},"query-input":{"@type":"PropertyValueSpecification","valueRequired":true,"valueName":"search_term_string"}}],"inLanguage":"de"}]}},"_links":{"self":[{"href":"https:\/\/royalwell.demannenachterdeschermen.nl\/de\/wp-json\/wp\/v2\/product\/241911","targetHints":{"allow":["GET"]}}],"collection":[{"href":"https:\/\/royalwell.demannenachterdeschermen.nl\/de\/wp-json\/wp\/v2\/product"}],"about":[{"href":"https:\/\/royalwell.demannenachterdeschermen.nl\/de\/wp-json\/wp\/v2\/types\/product"}],"wp:featuredmedia":[{"embeddable":true,"href":"https:\/\/royalwell.demannenachterdeschermen.nl\/de\/wp-json\/wp\/v2\/media\/241905"}],"wp:attachment":[{"href":"https:\/\/royalwell.demannenachterdeschermen.nl\/de\/wp-json\/wp\/v2\/media?parent=241911"}],"wp:term":[{"taxonomy":"product_brand","embeddable":true,"href":"https:\/\/royalwell.demannenachterdeschermen.nl\/de\/wp-json\/wp\/v2\/product_brand?post=241911"},{"taxonomy":"product_cat","embeddable":true,"href":"https:\/\/royalwell.demannenachterdeschermen.nl\/de\/wp-json\/wp\/v2\/product_cat?post=241911"},{"taxonomy":"product_tag","embeddable":true,"href":"https:\/\/royalwell.demannenachterdeschermen.nl\/de\/wp-json\/wp\/v2\/product_tag?post=241911"}],"curies":[{"name":"wp","href":"https:\/\/api.w.org\/{rel}","templated":true}]}}