{"id":241741,"date":"2026-03-05T17:35:37","date_gmt":"2026-03-05T16:35:37","guid":{"rendered":"https:\/\/royalwell.demannenachterdeschermen.nl\/product\/gewaechshaus-anne-iii-gruen-grau\/"},"modified":"2026-03-05T17:35:37","modified_gmt":"2026-03-05T16:35:37","slug":"gewaechshaus-anne-iii-gruen-grau","status":"publish","type":"product","link":"https:\/\/royalwell.demannenachterdeschermen.nl\/de\/produkt\/gewaechshaus-anne-iii-gruen-grau\/","title":{"rendered":"Gew\u00e4chshaus Anne III, gr\u00fcn-grau"},"content":{"rendered":"<p>Das Royal Well Gew\u00e4chshaus Anne III in Gr\u00fcn-Grau ist die clevere und preiswerte Wahl f\u00fcr jeden G\u00e4rtner. Dieses komplett ausgestattete Hobbygew\u00e4chshaus mit Satteldach und doppelten Schiebet\u00fcren bietet alles, was du f\u00fcr eine erfolgreiche Pflanzenzucht ben\u00f6tigst. Dank seiner kompakten Bauweise ist das Gew\u00e4chshaus \u201eAnne\u201c ein praktisches, vielseitiges Gew\u00e4chshaus, das in fast jeden Garten passt. Auch wenn du einen kleinen oder eher kleinen Garten oder einen Stadtgarten hast, kannst du mit diesem kompakten Gew\u00e4chshaus das ganze Jahr \u00fcber deine selbst angebauten Produkte genie\u00dfen.<\/p>\n<p>Das Aluminiumgew\u00e4chshaus verf\u00fcgt \u00fcber eine doppelte Schiebet\u00fcr und hat eine Fl\u00e4che von ca. 4,3 m\u00b2. Mit einer Firsth\u00f6he von gut 2,11 Metern bietet dieses Gew\u00e4chshaus eine komfortable Arbeitsh\u00f6he, sodass Sie mit Freude g\u00e4rtnern k\u00f6nnen.<br \/>\nDas Gew\u00e4chshaus Anne III in Gr\u00fcn-Grau ist in der Farbe Gr\u00fcn-Grau (RAL 7009) ausgef\u00fchrt und wird komplett inklusive 3 mm Sicherheitsglas und Fundament geliefert. Die Profile haben eine elegante, matte Oberfl\u00e4che.   Das Gew\u00e4chshaus Anne III ist auch in der Farbe S<a href=\"https:\/\/royalwell.demannenachterdeschermen.nl\/de\/produkt\/gewaechshaus-anne-iii-schwarz\/\">chwarz (RAL 9005)<\/a> erh\u00e4ltlich.<\/p>\n<p>Das 3 mm dicke Sicherheitsglas wird auf der Innenseite mit d\u00e4mpfendem Schaumstoffband und auf der Au\u00dfenseite mit PVC-Verglasungsleisten fest befestigt. Diese Glasleisten lassen sich leicht anbringen und sind in der Farbe der Profile gehalten, um deinem Gew\u00e4chshaus einen stilvollen Abschluss zu verleihen. <\/p>\n<p>Das Gew\u00e4chshaus Anne III in Gr\u00fcn-Grau ist serienm\u00e4\u00dfig mit 2 Dachrinnen, passenden Fallrohren und einem flexiblen Auslauf ausgestattet. Damit kannst du Regenwasser ganz einfach in einem Beh\u00e4lter deiner Wahl auffangen. Und das aufgefangene Wasser kannst du wiederum f\u00fcr die Pflanzen in deinem Garten oder Gew\u00e4chshaus verwenden.  <\/p>\n<p>Das niedrige, integrierte Fundament des Gew\u00e4chshauses \u201eAnne\u201c sorgt f\u00fcr einen bequemen Einstieg. Zur Befestigung des Fundaments auf einem stabilen Untergrund (z. B. einem Fliesenboden) sind Befestigungsmaterialien standardm\u00e4\u00dfig im Lieferumfang enthalten. F\u00fcr die Aufstellung des Gew\u00e4chshauses auf unbefestigtem Boden verwendest du die mitgelieferten Fundamentanker in der Farbe des Rahmens.  <\/p>\n<p>Das Gew\u00e4chshaus Anne III in Gr\u00fcn-Grau ist mit 2 Dachfenstern ausgestattet, die \u00fcber Ausstellhebel verf\u00fcgen. Optional ist auch ein <a href=\"https:\/\/royalwell.demannenachterdeschermen.nl\/produkt\/automatic-opener-zwart\/\">automatischer Fenster\u00f6ffner<\/a> erh\u00e4ltlich. Dieser \u00f6ffnet das Fenster automatisch auf Basis des stufenlos einstellbaren Temperaturreglers. So werden deine Pflanzen auch bel\u00fcftet, wenn du nicht in der N\u00e4he bist. Mit einer Firsth\u00f6he von 211 cm bietet dieses Gew\u00e4chshaus eine komfortable Arbeitsh\u00f6he, sodass du bequem g\u00e4rtnern kannst. Au\u00dferdem ist praktisches Zubeh\u00f6r erh\u00e4ltlich, wie <a href=\"https:\/\/royalwell.demannenachterdeschermen.nl\/produkt\/set-plantspiralen-zwart\/\">Pflanzspiralen<\/a>, <a href=\"https:\/\/royalwell.demannenachterdeschermen.nl\/produkt\/pothouders-groengrijs-set-4\/\">Topfhalter <\/a>und <a href=\"https:\/\/royalwell.demannenachterdeschermen.nl\/produkt\/kweekbak-container-15-l\/\">Anzuchtk\u00e4sten<\/a>.     <\/p>\n<p>Egal, ob du kompakt g\u00e4rtnern m\u00f6chtest, mit Urban Gardening beginnen willst oder irgendetwas dazwischen: Das Gew\u00e4chshaus Anne III in Gr\u00fcn-Grau bietet den idealen Raum, damit deine Pflanzen optimal wachsen k\u00f6nnen.<\/p>\n","protected":false},"excerpt":{"rendered":"<p>Das Royal Well Gew\u00e4chshaus Anne III in Gr\u00fcn-Grau ist die clevere und preiswerte Wahl f\u00fcr jeden G\u00e4rtner. Dieses komplett ausgestattete Hobbygew\u00e4chshaus mit Satteldach und doppelten Schiebet\u00fcren bietet alles, was du f\u00fcr eine erfolgreiche Pflanzenzucht ben\u00f6tigst. Dank seiner kompakten Bauweise ist das Gew\u00e4chshaus \u201eAnne\u201c ein praktisches, vielseitiges Gew\u00e4chshaus, das in fast jeden Garten passt.<\/p>\n<ul>\n<li>Gro\u00dfz\u00fcgiger Zugang durch eine doppelte, breite Schiebet\u00fcr<\/li>\n<li>Komplett in Farbe ausgef\u00fchrt, mit 3 mm Sicherheitsglas und Dachrinnen<\/li>\n<li>Bel\u00fcftung \u00fcber das Dachfenster f\u00fcr ideale Temperatur und Luftzirkulation<\/li>\n<li>Fundament inklusive, vollst\u00e4ndig integriert mit niedrigem Einstieg<\/li>\n<li>Ein umfangreiches Sortiment an sch\u00f6nen und praktischen Accessoires ist erh\u00e4ltlich<\/li>\n<\/ul>\n<div class=\"et_pb_button_module_wrapper et_pb_button_0_tb_body_wrapper et_pb_module \"><a class=\"et_pb_button et_pb_button_0_tb_body et_pb_bg_layout_light\" href=\"\/manuals\/260213%20-%20Handleiding_Anne_v2.pdf\" target=\"_blank\" rel=\"noopener\">ANLEITUNG<\/a><\/div>\n","protected":false},"featured_media":241733,"template":"","meta":{"_et_pb_use_builder":"","_et_pb_old_content":"","_et_gb_content_width":""},"product_brand":[],"product_cat":[962],"product_tag":[],"class_list":{"0":"post-241741","1":"product","2":"type-product","3":"status-publish","4":"has-post-thumbnail","6":"product_cat-gewachshauser","7":"pa_kleur-groengrijs","8":"pa_materiaal-glas-veiligheidsglas","9":"pa_merk-royal-well","10":"pa_productlijn-anne","11":"pa_productsoort-gewachshaus","13":"first","14":"instock","15":"purchasable","16":"product-type-simple"},"yoast_head":"<!-- This site is optimized with the Yoast SEO plugin v27.4 - https:\/\/yoast.com\/product\/yoast-seo-wordpress\/ -->\n<title>Gew\u00e4chshaus Anne III, gr\u00fcn-grau - Royal Well<\/title>\n<meta name=\"description\" content=\"Komplett ausgestattetes Gew\u00e4chshaus Anne III in Gr\u00fcn-Grau mit Sicherheitsglas und Fundament. Bietet alles, was Sie f\u00fcr eine optimale Pflanzenzucht in jedem Garten ben\u00f6tigen.\" \/>\n<meta name=\"robots\" content=\"noindex, follow, max-snippet:-1, max-image-preview:large, max-video-preview:-1\" \/>\n<meta property=\"og:locale\" content=\"de_DE\" \/>\n<meta property=\"og:type\" content=\"article\" \/>\n<meta property=\"og:title\" content=\"Gew\u00e4chshaus Anne III, gr\u00fcn-grau - Royal Well\" \/>\n<meta property=\"og:description\" content=\"Komplett ausgestattetes Gew\u00e4chshaus Anne III in Gr\u00fcn-Grau mit Sicherheitsglas und Fundament. Bietet alles, was Sie f\u00fcr eine optimale Pflanzenzucht in jedem Garten ben\u00f6tigen.\" \/>\n<meta property=\"og:url\" content=\"https:\/\/royalwell.demannenachterdeschermen.nl\/de\/produkt\/gewaechshaus-anne-iii-gruen-grau\/\" \/>\n<meta property=\"og:site_name\" content=\"Royal Well\" \/>\n<meta property=\"og:image\" content=\"https:\/\/royalwell.demannenachterdeschermen.nl\/wp-content\/uploads\/2026\/03\/1072119-Anne-III-Groengrijs-Product_image_0-scaled.jpg\" \/>\n\t<meta property=\"og:image:width\" content=\"2560\" \/>\n\t<meta property=\"og:image:height\" content=\"2560\" \/>\n\t<meta property=\"og:image:type\" content=\"image\/jpeg\" \/>\n<meta name=\"twitter:card\" content=\"summary_large_image\" \/>\n<meta name=\"twitter:label1\" content=\"Gesch\u00e4tzte Lesezeit\" \/>\n\t<meta name=\"twitter:data1\" content=\"2\u00a0Minuten\" \/>\n<script type=\"application\/ld+json\" class=\"yoast-schema-graph\">{\"@context\":\"https:\\\/\\\/schema.org\",\"@graph\":[{\"@type\":\"WebPage\",\"@id\":\"https:\\\/\\\/royalwell.demannenachterdeschermen.nl\\\/de\\\/produkt\\\/gewaechshaus-anne-iii-gruen-grau\\\/\",\"url\":\"https:\\\/\\\/royalwell.demannenachterdeschermen.nl\\\/de\\\/produkt\\\/gewaechshaus-anne-iii-gruen-grau\\\/\",\"name\":\"Gew\u00e4chshaus Anne III, gr\u00fcn-grau - Royal Well\",\"isPartOf\":{\"@id\":\"https:\\\/\\\/royalwell.demannenachterdeschermen.nl\\\/de\\\/#website\"},\"primaryImageOfPage\":{\"@id\":\"https:\\\/\\\/royalwell.demannenachterdeschermen.nl\\\/de\\\/produkt\\\/gewaechshaus-anne-iii-gruen-grau\\\/#primaryimage\"},\"image\":{\"@id\":\"https:\\\/\\\/royalwell.demannenachterdeschermen.nl\\\/de\\\/produkt\\\/gewaechshaus-anne-iii-gruen-grau\\\/#primaryimage\"},\"thumbnailUrl\":\"https:\\\/\\\/royalwell.demannenachterdeschermen.nl\\\/wp-content\\\/uploads\\\/2026\\\/03\\\/1072119-Anne-III-Groengrijs-Product_image_0-scaled.jpg\",\"datePublished\":\"2026-03-05T16:35:37+00:00\",\"description\":\"Komplett ausgestattetes Gew\u00e4chshaus Anne III in Gr\u00fcn-Grau mit Sicherheitsglas und Fundament. Bietet alles, was Sie f\u00fcr eine optimale Pflanzenzucht in jedem Garten ben\u00f6tigen.\",\"breadcrumb\":{\"@id\":\"https:\\\/\\\/royalwell.demannenachterdeschermen.nl\\\/de\\\/produkt\\\/gewaechshaus-anne-iii-gruen-grau\\\/#breadcrumb\"},\"inLanguage\":\"de\",\"potentialAction\":[{\"@type\":\"ReadAction\",\"target\":[\"https:\\\/\\\/royalwell.demannenachterdeschermen.nl\\\/de\\\/produkt\\\/gewaechshaus-anne-iii-gruen-grau\\\/\"]}]},{\"@type\":\"ImageObject\",\"inLanguage\":\"de\",\"@id\":\"https:\\\/\\\/royalwell.demannenachterdeschermen.nl\\\/de\\\/produkt\\\/gewaechshaus-anne-iii-gruen-grau\\\/#primaryimage\",\"url\":\"https:\\\/\\\/royalwell.demannenachterdeschermen.nl\\\/wp-content\\\/uploads\\\/2026\\\/03\\\/1072119-Anne-III-Groengrijs-Product_image_0-scaled.jpg\",\"contentUrl\":\"https:\\\/\\\/royalwell.demannenachterdeschermen.nl\\\/wp-content\\\/uploads\\\/2026\\\/03\\\/1072119-Anne-III-Groengrijs-Product_image_0-scaled.jpg\",\"width\":2560,\"height\":2560},{\"@type\":\"BreadcrumbList\",\"@id\":\"https:\\\/\\\/royalwell.demannenachterdeschermen.nl\\\/de\\\/produkt\\\/gewaechshaus-anne-iii-gruen-grau\\\/#breadcrumb\",\"itemListElement\":[{\"@type\":\"ListItem\",\"position\":1,\"name\":\"Home\",\"item\":\"https:\\\/\\\/royalwell.demannenachterdeschermen.nl\\\/de\\\/\"},{\"@type\":\"ListItem\",\"position\":2,\"name\":\"Assortiment\",\"item\":\"https:\\\/\\\/royalwell.demannenachterdeschermen.nl\\\/assortiment\\\/\"},{\"@type\":\"ListItem\",\"position\":3,\"name\":\"Gew\u00e4chshaus Anne III, gr\u00fcn-grau\"}]},{\"@type\":\"WebSite\",\"@id\":\"https:\\\/\\\/royalwell.demannenachterdeschermen.nl\\\/de\\\/#website\",\"url\":\"https:\\\/\\\/royalwell.demannenachterdeschermen.nl\\\/de\\\/\",\"name\":\"Royal Well\",\"description\":\"Tuinkassen, kweekkassen, hobbykassen\",\"potentialAction\":[{\"@type\":\"SearchAction\",\"target\":{\"@type\":\"EntryPoint\",\"urlTemplate\":\"https:\\\/\\\/royalwell.demannenachterdeschermen.nl\\\/de\\\/?s={search_term_string}\"},\"query-input\":{\"@type\":\"PropertyValueSpecification\",\"valueRequired\":true,\"valueName\":\"search_term_string\"}}],\"inLanguage\":\"de\"}]}<\/script>\n<!-- \/ Yoast SEO plugin. -->","yoast_head_json":{"title":"Gew\u00e4chshaus Anne III, gr\u00fcn-grau - Royal Well","description":"Komplett ausgestattetes Gew\u00e4chshaus Anne III in Gr\u00fcn-Grau mit Sicherheitsglas und Fundament. Bietet alles, was Sie f\u00fcr eine optimale Pflanzenzucht in jedem Garten ben\u00f6tigen.","robots":{"index":"noindex","follow":"follow","max-snippet":"max-snippet:-1","max-image-preview":"max-image-preview:large","max-video-preview":"max-video-preview:-1"},"og_locale":"de_DE","og_type":"article","og_title":"Gew\u00e4chshaus Anne III, gr\u00fcn-grau - Royal Well","og_description":"Komplett ausgestattetes Gew\u00e4chshaus Anne III in Gr\u00fcn-Grau mit Sicherheitsglas und Fundament. Bietet alles, was Sie f\u00fcr eine optimale Pflanzenzucht in jedem Garten ben\u00f6tigen.","og_url":"https:\/\/royalwell.demannenachterdeschermen.nl\/de\/produkt\/gewaechshaus-anne-iii-gruen-grau\/","og_site_name":"Royal Well","og_image":[{"width":2560,"height":2560,"url":"https:\/\/royalwell.demannenachterdeschermen.nl\/wp-content\/uploads\/2026\/03\/1072119-Anne-III-Groengrijs-Product_image_0-scaled.jpg","type":"image\/jpeg"}],"twitter_card":"summary_large_image","twitter_misc":{"Gesch\u00e4tzte Lesezeit":"2\u00a0Minuten"},"schema":{"@context":"https:\/\/schema.org","@graph":[{"@type":"WebPage","@id":"https:\/\/royalwell.demannenachterdeschermen.nl\/de\/produkt\/gewaechshaus-anne-iii-gruen-grau\/","url":"https:\/\/royalwell.demannenachterdeschermen.nl\/de\/produkt\/gewaechshaus-anne-iii-gruen-grau\/","name":"Gew\u00e4chshaus Anne III, gr\u00fcn-grau - Royal Well","isPartOf":{"@id":"https:\/\/royalwell.demannenachterdeschermen.nl\/de\/#website"},"primaryImageOfPage":{"@id":"https:\/\/royalwell.demannenachterdeschermen.nl\/de\/produkt\/gewaechshaus-anne-iii-gruen-grau\/#primaryimage"},"image":{"@id":"https:\/\/royalwell.demannenachterdeschermen.nl\/de\/produkt\/gewaechshaus-anne-iii-gruen-grau\/#primaryimage"},"thumbnailUrl":"https:\/\/royalwell.demannenachterdeschermen.nl\/wp-content\/uploads\/2026\/03\/1072119-Anne-III-Groengrijs-Product_image_0-scaled.jpg","datePublished":"2026-03-05T16:35:37+00:00","description":"Komplett ausgestattetes Gew\u00e4chshaus Anne III in Gr\u00fcn-Grau mit Sicherheitsglas und Fundament. Bietet alles, was Sie f\u00fcr eine optimale Pflanzenzucht in jedem Garten ben\u00f6tigen.","breadcrumb":{"@id":"https:\/\/royalwell.demannenachterdeschermen.nl\/de\/produkt\/gewaechshaus-anne-iii-gruen-grau\/#breadcrumb"},"inLanguage":"de","potentialAction":[{"@type":"ReadAction","target":["https:\/\/royalwell.demannenachterdeschermen.nl\/de\/produkt\/gewaechshaus-anne-iii-gruen-grau\/"]}]},{"@type":"ImageObject","inLanguage":"de","@id":"https:\/\/royalwell.demannenachterdeschermen.nl\/de\/produkt\/gewaechshaus-anne-iii-gruen-grau\/#primaryimage","url":"https:\/\/royalwell.demannenachterdeschermen.nl\/wp-content\/uploads\/2026\/03\/1072119-Anne-III-Groengrijs-Product_image_0-scaled.jpg","contentUrl":"https:\/\/royalwell.demannenachterdeschermen.nl\/wp-content\/uploads\/2026\/03\/1072119-Anne-III-Groengrijs-Product_image_0-scaled.jpg","width":2560,"height":2560},{"@type":"BreadcrumbList","@id":"https:\/\/royalwell.demannenachterdeschermen.nl\/de\/produkt\/gewaechshaus-anne-iii-gruen-grau\/#breadcrumb","itemListElement":[{"@type":"ListItem","position":1,"name":"Home","item":"https:\/\/royalwell.demannenachterdeschermen.nl\/de\/"},{"@type":"ListItem","position":2,"name":"Assortiment","item":"https:\/\/royalwell.demannenachterdeschermen.nl\/assortiment\/"},{"@type":"ListItem","position":3,"name":"Gew\u00e4chshaus Anne III, gr\u00fcn-grau"}]},{"@type":"WebSite","@id":"https:\/\/royalwell.demannenachterdeschermen.nl\/de\/#website","url":"https:\/\/royalwell.demannenachterdeschermen.nl\/de\/","name":"Royal Well","description":"Tuinkassen, kweekkassen, hobbykassen","potentialAction":[{"@type":"SearchAction","target":{"@type":"EntryPoint","urlTemplate":"https:\/\/royalwell.demannenachterdeschermen.nl\/de\/?s={search_term_string}"},"query-input":{"@type":"PropertyValueSpecification","valueRequired":true,"valueName":"search_term_string"}}],"inLanguage":"de"}]}},"_links":{"self":[{"href":"https:\/\/royalwell.demannenachterdeschermen.nl\/de\/wp-json\/wp\/v2\/product\/241741","targetHints":{"allow":["GET"]}}],"collection":[{"href":"https:\/\/royalwell.demannenachterdeschermen.nl\/de\/wp-json\/wp\/v2\/product"}],"about":[{"href":"https:\/\/royalwell.demannenachterdeschermen.nl\/de\/wp-json\/wp\/v2\/types\/product"}],"wp:featuredmedia":[{"embeddable":true,"href":"https:\/\/royalwell.demannenachterdeschermen.nl\/de\/wp-json\/wp\/v2\/media\/241733"}],"wp:attachment":[{"href":"https:\/\/royalwell.demannenachterdeschermen.nl\/de\/wp-json\/wp\/v2\/media?parent=241741"}],"wp:term":[{"taxonomy":"product_brand","embeddable":true,"href":"https:\/\/royalwell.demannenachterdeschermen.nl\/de\/wp-json\/wp\/v2\/product_brand?post=241741"},{"taxonomy":"product_cat","embeddable":true,"href":"https:\/\/royalwell.demannenachterdeschermen.nl\/de\/wp-json\/wp\/v2\/product_cat?post=241741"},{"taxonomy":"product_tag","embeddable":true,"href":"https:\/\/royalwell.demannenachterdeschermen.nl\/de\/wp-json\/wp\/v2\/product_tag?post=241741"}],"curies":[{"name":"wp","href":"https:\/\/api.w.org\/{rel}","templated":true}]}}