{"id":241668,"date":"2026-03-26T12:06:39","date_gmt":"2026-03-26T11:06:39","guid":{"rendered":"https:\/\/royalwell.demannenachterdeschermen.nl\/product\/blumenkasten-mit-spalier-dominic\/"},"modified":"2026-03-26T12:06:39","modified_gmt":"2026-03-26T11:06:39","slug":"blumenkasten-mit-spalier-dominic","status":"publish","type":"product","link":"https:\/\/royalwell.demannenachterdeschermen.nl\/de\/produkt\/blumenkasten-mit-spalier-dominic\/","title":{"rendered":"Blumenkasten mit Spalier \u201eDominic\u201c"},"content":{"rendered":"<p>Der Blumenkasten \u201eDominic\u201c aus Fichtenholz von Royal Well ist ein robuster und auff\u00e4lliger Blumenkasten mit passendem Spalier. Die Kombination aus dem farblos lackierten Fichtenholzrahmen und der F\u00fcllung aus unbehandeltem Haselnussholz verleiht diesem auff\u00e4lligen Modell ein sch\u00f6nes, modernes und nat\u00fcrliches Aussehen. Der robuste Holzrahmen und das passende Spalier sorgen f\u00fcr jahrelange Freude.  <\/p>\n<p>Im Lieferumfang ist ein Kunststoffgewebe enthalten, das an der Innenseite des Blumenkastens festgetackert werden kann. So entsteht ein ger\u00e4umiger, wasserspeichernder Blumenkasten. Blumenkasten und Spalier werden in zwei Teilen geliefert. Das Spalier l\u00e4sst sich mit den mitgelieferten Schrauben einfach montieren.   <\/p>\n<p>Der Rahmen und das Gitter bestehen zu 70 % aus PEFC-zertifiziertem europ\u00e4ischem Fichtenholz und sind mit einem farblosen Lack versehen. Die F\u00fcllung besteht aus unbehandeltem Haselnussholz. Dominic hat die Ma\u00dfe 80 x 43 x 160 cm (BxTxH).  <\/p>\n","protected":false},"excerpt":{"rendered":"<p>\u201eDominic\u201c ist ein robuster und auff\u00e4lliger Blumenkasten mit passendem Spalier. Die Kombination aus dem farblos lackierten Fichtenholzrahmen und der F\u00fcllung aus unbehandeltem Haselnussholz verleiht diesem auff\u00e4lligen Modell ein sch\u00f6nes, modernes und nat\u00fcrliches Aussehen. Der robuste Holzrahmen und das passende Spalier sorgen f\u00fcr jahrelange Freude.  <\/p>\n<ul>\n<li>Wird teilweise vormontiert geliefert<\/li>\n<li>Lackierter Fichtenrahmen mit Haselnussholzf\u00fcllung.<\/li>\n<li>Sofort einsatzbereit<\/li>\n<li>Nat\u00fcrliches Aussehen<\/li>\n<li>Geeignet f\u00fcr Kletterpflanzen<\/li>\n<\/ul>\n<div class=\"et_pb_button_module_wrapper et_pb_button_0_tb_body_wrapper et_pb_module \"><a class=\"et_pb_button et_pb_button_0_tb_body et_pb_bg_layout_light\" href=\"\/manuals\/\" target=\"_blank\" rel=\"noopener\">ANLEITUNG<\/a><\/div>\n","protected":false},"featured_media":241662,"template":"","meta":{"_et_pb_use_builder":"","_et_pb_old_content":"","_et_gb_content_width":""},"product_brand":[],"product_cat":[951,928],"product_tag":[],"class_list":{"0":"post-241668","1":"product","2":"type-product","3":"status-publish","4":"has-post-thumbnail","6":"product_cat-blumen-und-anzuchtkasten","7":"product_cat-kleine-aufzucht","8":"pa_kleur-gelb","9":"pa_merk-royal-well","10":"pa_productlijn-dominic","11":"pa_productsoort-bloembak","13":"first","14":"instock","15":"purchasable","16":"product-type-simple"},"yoast_head":"<!-- This site is optimized with the Yoast SEO plugin v27.4 - https:\/\/yoast.com\/product\/yoast-seo-wordpress\/ -->\n<title>Blumenkasten mit Spalier \u201eDominic\u201c - Royal Well<\/title>\n<meta name=\"robots\" content=\"noindex, follow, max-snippet:-1, max-image-preview:large, max-video-preview:-1\" \/>\n<meta property=\"og:locale\" content=\"de_DE\" \/>\n<meta property=\"og:type\" content=\"article\" \/>\n<meta property=\"og:title\" content=\"Blumenkasten mit Spalier \u201eDominic\u201c - Royal Well\" \/>\n<meta property=\"og:description\" content=\"\u201eDominic\u201c ist ein robuster und auff\u00e4lliger Blumenkasten mit passendem Spalier. Die Kombination aus dem farblos lackierten Fichtenholzrahmen und der F\u00fcllung aus unbehandeltem Haselnussholz verleiht diesem auff\u00e4lligen Modell ein sch\u00f6nes, modernes und nat\u00fcrliches Aussehen. Der robuste Holzrahmen und das passende Spalier sorgen f\u00fcr jahrelange Freude.   Wird teilweise vormontiert geliefert  Lackierter Fichtenrahmen mit Haselnussholzf\u00fcllung.  Sofort einsatzbereit  Nat\u00fcrliches Aussehen  Geeignet f\u00fcr Kletterpflanzen ANLEITUNG\" \/>\n<meta property=\"og:url\" content=\"https:\/\/royalwell.demannenachterdeschermen.nl\/de\/produkt\/blumenkasten-mit-spalier-dominic\/\" \/>\n<meta property=\"og:site_name\" content=\"Royal Well\" \/>\n<meta property=\"og:image\" content=\"https:\/\/royalwell.demannenachterdeschermen.nl\/wp-content\/uploads\/2026\/03\/1071638-Bloembak-met-trellis-Dominic-Product_image_0.jpg\" \/>\n\t<meta property=\"og:image:width\" content=\"2500\" \/>\n\t<meta property=\"og:image:height\" content=\"2500\" \/>\n\t<meta property=\"og:image:type\" content=\"image\/jpeg\" \/>\n<meta name=\"twitter:card\" content=\"summary_large_image\" \/>\n<meta name=\"twitter:label1\" content=\"Gesch\u00e4tzte Lesezeit\" \/>\n\t<meta name=\"twitter:data1\" content=\"1\u00a0Minute\" \/>\n<script type=\"application\/ld+json\" class=\"yoast-schema-graph\">{\"@context\":\"https:\\\/\\\/schema.org\",\"@graph\":[{\"@type\":\"WebPage\",\"@id\":\"https:\\\/\\\/royalwell.demannenachterdeschermen.nl\\\/de\\\/produkt\\\/blumenkasten-mit-spalier-dominic\\\/\",\"url\":\"https:\\\/\\\/royalwell.demannenachterdeschermen.nl\\\/de\\\/produkt\\\/blumenkasten-mit-spalier-dominic\\\/\",\"name\":\"Blumenkasten mit Spalier \u201eDominic\u201c - Royal Well\",\"isPartOf\":{\"@id\":\"https:\\\/\\\/royalwell.demannenachterdeschermen.nl\\\/de\\\/#website\"},\"primaryImageOfPage\":{\"@id\":\"https:\\\/\\\/royalwell.demannenachterdeschermen.nl\\\/de\\\/produkt\\\/blumenkasten-mit-spalier-dominic\\\/#primaryimage\"},\"image\":{\"@id\":\"https:\\\/\\\/royalwell.demannenachterdeschermen.nl\\\/de\\\/produkt\\\/blumenkasten-mit-spalier-dominic\\\/#primaryimage\"},\"thumbnailUrl\":\"https:\\\/\\\/royalwell.demannenachterdeschermen.nl\\\/wp-content\\\/uploads\\\/2026\\\/03\\\/1071638-Bloembak-met-trellis-Dominic-Product_image_0.jpg\",\"datePublished\":\"2026-03-26T11:06:39+00:00\",\"breadcrumb\":{\"@id\":\"https:\\\/\\\/royalwell.demannenachterdeschermen.nl\\\/de\\\/produkt\\\/blumenkasten-mit-spalier-dominic\\\/#breadcrumb\"},\"inLanguage\":\"de\",\"potentialAction\":[{\"@type\":\"ReadAction\",\"target\":[\"https:\\\/\\\/royalwell.demannenachterdeschermen.nl\\\/de\\\/produkt\\\/blumenkasten-mit-spalier-dominic\\\/\"]}]},{\"@type\":\"ImageObject\",\"inLanguage\":\"de\",\"@id\":\"https:\\\/\\\/royalwell.demannenachterdeschermen.nl\\\/de\\\/produkt\\\/blumenkasten-mit-spalier-dominic\\\/#primaryimage\",\"url\":\"https:\\\/\\\/royalwell.demannenachterdeschermen.nl\\\/wp-content\\\/uploads\\\/2026\\\/03\\\/1071638-Bloembak-met-trellis-Dominic-Product_image_0.jpg\",\"contentUrl\":\"https:\\\/\\\/royalwell.demannenachterdeschermen.nl\\\/wp-content\\\/uploads\\\/2026\\\/03\\\/1071638-Bloembak-met-trellis-Dominic-Product_image_0.jpg\",\"width\":2500,\"height\":2500},{\"@type\":\"BreadcrumbList\",\"@id\":\"https:\\\/\\\/royalwell.demannenachterdeschermen.nl\\\/de\\\/produkt\\\/blumenkasten-mit-spalier-dominic\\\/#breadcrumb\",\"itemListElement\":[{\"@type\":\"ListItem\",\"position\":1,\"name\":\"Home\",\"item\":\"https:\\\/\\\/royalwell.demannenachterdeschermen.nl\\\/de\\\/\"},{\"@type\":\"ListItem\",\"position\":2,\"name\":\"Assortiment\",\"item\":\"https:\\\/\\\/royalwell.demannenachterdeschermen.nl\\\/assortiment\\\/\"},{\"@type\":\"ListItem\",\"position\":3,\"name\":\"Blumenkasten mit Spalier \u201eDominic\u201c\"}]},{\"@type\":\"WebSite\",\"@id\":\"https:\\\/\\\/royalwell.demannenachterdeschermen.nl\\\/de\\\/#website\",\"url\":\"https:\\\/\\\/royalwell.demannenachterdeschermen.nl\\\/de\\\/\",\"name\":\"Royal Well\",\"description\":\"Tuinkassen, kweekkassen, hobbykassen\",\"potentialAction\":[{\"@type\":\"SearchAction\",\"target\":{\"@type\":\"EntryPoint\",\"urlTemplate\":\"https:\\\/\\\/royalwell.demannenachterdeschermen.nl\\\/de\\\/?s={search_term_string}\"},\"query-input\":{\"@type\":\"PropertyValueSpecification\",\"valueRequired\":true,\"valueName\":\"search_term_string\"}}],\"inLanguage\":\"de\"}]}<\/script>\n<!-- \/ Yoast SEO plugin. -->","yoast_head_json":{"title":"Blumenkasten mit Spalier \u201eDominic\u201c - Royal Well","robots":{"index":"noindex","follow":"follow","max-snippet":"max-snippet:-1","max-image-preview":"max-image-preview:large","max-video-preview":"max-video-preview:-1"},"og_locale":"de_DE","og_type":"article","og_title":"Blumenkasten mit Spalier \u201eDominic\u201c - Royal Well","og_description":"\u201eDominic\u201c ist ein robuster und auff\u00e4lliger Blumenkasten mit passendem Spalier. Die Kombination aus dem farblos lackierten Fichtenholzrahmen und der F\u00fcllung aus unbehandeltem Haselnussholz verleiht diesem auff\u00e4lligen Modell ein sch\u00f6nes, modernes und nat\u00fcrliches Aussehen. Der robuste Holzrahmen und das passende Spalier sorgen f\u00fcr jahrelange Freude.   Wird teilweise vormontiert geliefert  Lackierter Fichtenrahmen mit Haselnussholzf\u00fcllung.  Sofort einsatzbereit  Nat\u00fcrliches Aussehen  Geeignet f\u00fcr Kletterpflanzen ANLEITUNG","og_url":"https:\/\/royalwell.demannenachterdeschermen.nl\/de\/produkt\/blumenkasten-mit-spalier-dominic\/","og_site_name":"Royal Well","og_image":[{"width":2500,"height":2500,"url":"https:\/\/royalwell.demannenachterdeschermen.nl\/wp-content\/uploads\/2026\/03\/1071638-Bloembak-met-trellis-Dominic-Product_image_0.jpg","type":"image\/jpeg"}],"twitter_card":"summary_large_image","twitter_misc":{"Gesch\u00e4tzte Lesezeit":"1\u00a0Minute"},"schema":{"@context":"https:\/\/schema.org","@graph":[{"@type":"WebPage","@id":"https:\/\/royalwell.demannenachterdeschermen.nl\/de\/produkt\/blumenkasten-mit-spalier-dominic\/","url":"https:\/\/royalwell.demannenachterdeschermen.nl\/de\/produkt\/blumenkasten-mit-spalier-dominic\/","name":"Blumenkasten mit Spalier \u201eDominic\u201c - Royal Well","isPartOf":{"@id":"https:\/\/royalwell.demannenachterdeschermen.nl\/de\/#website"},"primaryImageOfPage":{"@id":"https:\/\/royalwell.demannenachterdeschermen.nl\/de\/produkt\/blumenkasten-mit-spalier-dominic\/#primaryimage"},"image":{"@id":"https:\/\/royalwell.demannenachterdeschermen.nl\/de\/produkt\/blumenkasten-mit-spalier-dominic\/#primaryimage"},"thumbnailUrl":"https:\/\/royalwell.demannenachterdeschermen.nl\/wp-content\/uploads\/2026\/03\/1071638-Bloembak-met-trellis-Dominic-Product_image_0.jpg","datePublished":"2026-03-26T11:06:39+00:00","breadcrumb":{"@id":"https:\/\/royalwell.demannenachterdeschermen.nl\/de\/produkt\/blumenkasten-mit-spalier-dominic\/#breadcrumb"},"inLanguage":"de","potentialAction":[{"@type":"ReadAction","target":["https:\/\/royalwell.demannenachterdeschermen.nl\/de\/produkt\/blumenkasten-mit-spalier-dominic\/"]}]},{"@type":"ImageObject","inLanguage":"de","@id":"https:\/\/royalwell.demannenachterdeschermen.nl\/de\/produkt\/blumenkasten-mit-spalier-dominic\/#primaryimage","url":"https:\/\/royalwell.demannenachterdeschermen.nl\/wp-content\/uploads\/2026\/03\/1071638-Bloembak-met-trellis-Dominic-Product_image_0.jpg","contentUrl":"https:\/\/royalwell.demannenachterdeschermen.nl\/wp-content\/uploads\/2026\/03\/1071638-Bloembak-met-trellis-Dominic-Product_image_0.jpg","width":2500,"height":2500},{"@type":"BreadcrumbList","@id":"https:\/\/royalwell.demannenachterdeschermen.nl\/de\/produkt\/blumenkasten-mit-spalier-dominic\/#breadcrumb","itemListElement":[{"@type":"ListItem","position":1,"name":"Home","item":"https:\/\/royalwell.demannenachterdeschermen.nl\/de\/"},{"@type":"ListItem","position":2,"name":"Assortiment","item":"https:\/\/royalwell.demannenachterdeschermen.nl\/assortiment\/"},{"@type":"ListItem","position":3,"name":"Blumenkasten mit Spalier \u201eDominic\u201c"}]},{"@type":"WebSite","@id":"https:\/\/royalwell.demannenachterdeschermen.nl\/de\/#website","url":"https:\/\/royalwell.demannenachterdeschermen.nl\/de\/","name":"Royal Well","description":"Tuinkassen, kweekkassen, hobbykassen","potentialAction":[{"@type":"SearchAction","target":{"@type":"EntryPoint","urlTemplate":"https:\/\/royalwell.demannenachterdeschermen.nl\/de\/?s={search_term_string}"},"query-input":{"@type":"PropertyValueSpecification","valueRequired":true,"valueName":"search_term_string"}}],"inLanguage":"de"}]}},"_links":{"self":[{"href":"https:\/\/royalwell.demannenachterdeschermen.nl\/de\/wp-json\/wp\/v2\/product\/241668","targetHints":{"allow":["GET"]}}],"collection":[{"href":"https:\/\/royalwell.demannenachterdeschermen.nl\/de\/wp-json\/wp\/v2\/product"}],"about":[{"href":"https:\/\/royalwell.demannenachterdeschermen.nl\/de\/wp-json\/wp\/v2\/types\/product"}],"wp:featuredmedia":[{"embeddable":true,"href":"https:\/\/royalwell.demannenachterdeschermen.nl\/de\/wp-json\/wp\/v2\/media\/241662"}],"wp:attachment":[{"href":"https:\/\/royalwell.demannenachterdeschermen.nl\/de\/wp-json\/wp\/v2\/media?parent=241668"}],"wp:term":[{"taxonomy":"product_brand","embeddable":true,"href":"https:\/\/royalwell.demannenachterdeschermen.nl\/de\/wp-json\/wp\/v2\/product_brand?post=241668"},{"taxonomy":"product_cat","embeddable":true,"href":"https:\/\/royalwell.demannenachterdeschermen.nl\/de\/wp-json\/wp\/v2\/product_cat?post=241668"},{"taxonomy":"product_tag","embeddable":true,"href":"https:\/\/royalwell.demannenachterdeschermen.nl\/de\/wp-json\/wp\/v2\/product_tag?post=241668"}],"curies":[{"name":"wp","href":"https:\/\/api.w.org\/{rel}","templated":true}]}}