{"id":241660,"date":"2026-03-26T12:06:42","date_gmt":"2026-03-26T11:06:42","guid":{"rendered":"https:\/\/royalwell.demannenachterdeschermen.nl\/product\/treibhaus-basilikum-auf-dem-anzuchtbeet\/"},"modified":"2026-04-21T13:15:56","modified_gmt":"2026-04-21T11:15:56","slug":"treibhaus-basilikum-auf-dem-anzuchtbeet","status":"publish","type":"product","link":"https:\/\/royalwell.demannenachterdeschermen.nl\/de\/produkt\/treibhaus-basilikum-auf-dem-anzuchtbeet\/","title":{"rendered":"Treibhaus \u201eBasilikum\u201c auf dem Anzuchtbeet"},"content":{"rendered":"<p>Das Royal Well-Gew\u00e4chshaus aus Fichtenholz \u201eBasilicum\u201c auf einem Anzuchtstisch ist das perfekte Gew\u00e4chshaus, um schon im fr\u00fchen Fr\u00fchling mit der Anzucht zu beginnen.<\/p>\n<p>Dieses \u201eColdframe\u201c-Gew\u00e4chshaus kannst du sowohl direkt im Freiland als auch in Kombination mit dem mitgelieferten Anzuchtkasten verwenden. Beide Produkte lassen sich also auch hervorragend separat voneinander nutzen. Das Gew\u00e4chshaus ist mit einem Deckel aus halbtransparentem Polycarbonat ausgestattet. Damit sch\u00fctzt du deine Pflanzen vor K\u00e4lte, Witterungseinfl\u00fcssen, Insekten und so weiter. Der Deckel ist verschlie\u00dfbar und verf\u00fcgt \u00fcber eine Kette, sodass du das Gew\u00e4chshaus zur Bel\u00fcftung auch \u00f6ffnen kannst. Der passende Anzuchtkasten ist mit einem Bodenvlies ausgestattet. Au\u00dferdem verf\u00fcgt das Modell \u201eBasilicum\u201c \u00fcber ein zus\u00e4tzliches Ablagefach unter dem Kasten. Hier kannst du deine Werkzeuge, Blumenerde oder andere Produkte ordentlich verstauen.       <\/p>\n<p>Das Modell \u201eBasilicum\u201c hat die Ma\u00dfe 100 x 50 x 108 cm (BxTxH). Der Rahmen aus Fichtenholz besteht zu 70 % aus PEFC-zertifiziertem europ\u00e4ischem Holz. <\/p>\n<p>Im Gew\u00e4chshaus \u201eBasilicum\u201c kannst du nat\u00fcrlich die Royal Well-<a href=\"https:\/\/royalwell.demannenachterdeschermen.nl\/produkt\/seed-tray-375-x-23-x-6-cm-set-a-12\/\">Saatschalen<\/a> oder die <a href=\"https:\/\/royalwell.demannenachterdeschermen.nl\/produkt\/kweekbak-container-15-l\/\">kleine Anzuchtwanne<\/a> verwenden.<\/p>\n","protected":false},"excerpt":{"rendered":"<p>Das Royal Well-Gew\u00e4chshaus aus Fichtenholz \u201eBasilicum\u201c auf einem Anzuchttisch ist das perfekte Gew\u00e4chshaus, um schon im fr\u00fchen Fr\u00fchling mit der Anzucht zu beginnen. Dieses \u201eColdframe\u201c-Gew\u00e4chshaus kannst du sowohl direkt im Freiland als auch in Kombination mit dem mitgelieferten Anzuchtkasten verwenden. Beide Produkte lassen sich also auch hervorragend separat voneinander nutzen! Das Gew\u00e4chshaus ist mit einer Abdeckung aus halbtransparentem Polycarbonat ausgestattet. Damit sch\u00fctzt du deine Pflanzen vor K\u00e4lte, Witterungseinfl\u00fcssen, Insekten usw.    <\/p>\n<ul>\n<li>Gew\u00e4chshaus und Anzuchttisch in einem<\/li>\n<li>Gebeiztes Fichtenholz. Sofort einsatzbereit <\/li>\n<li>Das Gew\u00e4chshaus und der Anzuchttisch k\u00f6nnen sowohl zusammen als auch getrennt voneinander genutzt werden<\/li>\n<li>Polycarbonatglas sorgt f\u00fcr eine gleichm\u00e4\u00dfigere Lichtverteilung<\/li>\n<li>Abschlie\u00dfbar und mit Bel\u00fcftungsm\u00f6glichkeiten<\/li>\n<\/ul>\n<p>&nbsp;<\/p>\n<div class=\"et_pb_button_module_wrapper et_pb_button_0_tb_body_wrapper et_pb_module \"><a class=\"et_pb_button et_pb_button_0_tb_body et_pb_bg_layout_light\" href=\"\/manuals\/\" target=\"_blank\" rel=\"noopener\">ANLEITUNG<\/a><\/div>\n","protected":false},"featured_media":241655,"template":"","meta":{"_et_pb_use_builder":"","_et_pb_old_content":"","_et_gb_content_width":""},"product_brand":[],"product_cat":[943,928],"product_tag":[],"class_list":{"0":"post-241660","1":"product","2":"type-product","3":"status-publish","4":"has-post-thumbnail","6":"product_cat-broeikassen","7":"product_cat-kleine-aufzucht","8":"pa_kleur-braun","9":"pa_merk-royal-well","10":"pa_productlijn-basilikum","11":"pa_productsoort-broeikas","13":"first","14":"instock","15":"purchasable","16":"product-type-simple"},"yoast_head":"<!-- This site is optimized with the Yoast SEO plugin v27.4 - https:\/\/yoast.com\/product\/yoast-seo-wordpress\/ -->\n<title>Treibhaus \u201eBasilikum\u201c auf dem Anzuchtbeet - Royal Well<\/title>\n<meta name=\"description\" content=\"Das Gew\u00e4chshaus \u201eBasilicum\u201c aus Fichtenholz ist ideal f\u00fcr den Einstieg in die Pflanzenzucht. Es kann direkt im Freiland aufgestellt oder mit dem mitgelieferten Anzuchtkasten kombiniert werden.\" \/>\n<meta name=\"robots\" content=\"noindex, follow, max-snippet:-1, max-image-preview:large, max-video-preview:-1\" \/>\n<meta property=\"og:locale\" content=\"de_DE\" \/>\n<meta property=\"og:type\" content=\"article\" \/>\n<meta property=\"og:title\" content=\"Treibhaus \u201eBasilikum\u201c auf dem Anzuchtbeet - Royal Well\" \/>\n<meta property=\"og:description\" content=\"Das Gew\u00e4chshaus \u201eBasilicum\u201c aus Fichtenholz ist ideal f\u00fcr den Einstieg in die Pflanzenzucht. Es kann direkt im Freiland aufgestellt oder mit dem mitgelieferten Anzuchtkasten kombiniert werden.\" \/>\n<meta property=\"og:url\" content=\"https:\/\/royalwell.demannenachterdeschermen.nl\/de\/produkt\/treibhaus-basilikum-auf-dem-anzuchtbeet\/\" \/>\n<meta property=\"og:site_name\" content=\"Royal Well\" \/>\n<meta property=\"article:modified_time\" content=\"2026-04-21T11:15:56+00:00\" \/>\n<meta property=\"og:image\" content=\"https:\/\/royalwell.demannenachterdeschermen.nl\/wp-content\/uploads\/2026\/03\/1071631-Broeikas-Basilicum-Product_image_0.jpg\" \/>\n\t<meta property=\"og:image:width\" content=\"2500\" \/>\n\t<meta property=\"og:image:height\" content=\"2500\" \/>\n\t<meta property=\"og:image:type\" content=\"image\/jpeg\" \/>\n<meta name=\"twitter:card\" content=\"summary_large_image\" \/>\n<meta name=\"twitter:label1\" content=\"Gesch\u00e4tzte Lesezeit\" \/>\n\t<meta name=\"twitter:data1\" content=\"1\u00a0Minute\" \/>\n<script type=\"application\/ld+json\" class=\"yoast-schema-graph\">{\"@context\":\"https:\\\/\\\/schema.org\",\"@graph\":[{\"@type\":\"WebPage\",\"@id\":\"https:\\\/\\\/royalwell.demannenachterdeschermen.nl\\\/de\\\/produkt\\\/treibhaus-basilikum-auf-dem-anzuchtbeet\\\/\",\"url\":\"https:\\\/\\\/royalwell.demannenachterdeschermen.nl\\\/de\\\/produkt\\\/treibhaus-basilikum-auf-dem-anzuchtbeet\\\/\",\"name\":\"Treibhaus \u201eBasilikum\u201c auf dem Anzuchtbeet - Royal Well\",\"isPartOf\":{\"@id\":\"https:\\\/\\\/royalwell.demannenachterdeschermen.nl\\\/de\\\/#website\"},\"primaryImageOfPage\":{\"@id\":\"https:\\\/\\\/royalwell.demannenachterdeschermen.nl\\\/de\\\/produkt\\\/treibhaus-basilikum-auf-dem-anzuchtbeet\\\/#primaryimage\"},\"image\":{\"@id\":\"https:\\\/\\\/royalwell.demannenachterdeschermen.nl\\\/de\\\/produkt\\\/treibhaus-basilikum-auf-dem-anzuchtbeet\\\/#primaryimage\"},\"thumbnailUrl\":\"https:\\\/\\\/royalwell.demannenachterdeschermen.nl\\\/wp-content\\\/uploads\\\/2026\\\/03\\\/1071631-Broeikas-Basilicum-Product_image_0.jpg\",\"datePublished\":\"2026-03-26T11:06:42+00:00\",\"dateModified\":\"2026-04-21T11:15:56+00:00\",\"description\":\"Das Gew\u00e4chshaus \u201eBasilicum\u201c aus Fichtenholz ist ideal f\u00fcr den Einstieg in die Pflanzenzucht. Es kann direkt im Freiland aufgestellt oder mit dem mitgelieferten Anzuchtkasten kombiniert werden.\",\"breadcrumb\":{\"@id\":\"https:\\\/\\\/royalwell.demannenachterdeschermen.nl\\\/de\\\/produkt\\\/treibhaus-basilikum-auf-dem-anzuchtbeet\\\/#breadcrumb\"},\"inLanguage\":\"de\",\"potentialAction\":[{\"@type\":\"ReadAction\",\"target\":[\"https:\\\/\\\/royalwell.demannenachterdeschermen.nl\\\/de\\\/produkt\\\/treibhaus-basilikum-auf-dem-anzuchtbeet\\\/\"]}]},{\"@type\":\"ImageObject\",\"inLanguage\":\"de\",\"@id\":\"https:\\\/\\\/royalwell.demannenachterdeschermen.nl\\\/de\\\/produkt\\\/treibhaus-basilikum-auf-dem-anzuchtbeet\\\/#primaryimage\",\"url\":\"https:\\\/\\\/royalwell.demannenachterdeschermen.nl\\\/wp-content\\\/uploads\\\/2026\\\/03\\\/1071631-Broeikas-Basilicum-Product_image_0.jpg\",\"contentUrl\":\"https:\\\/\\\/royalwell.demannenachterdeschermen.nl\\\/wp-content\\\/uploads\\\/2026\\\/03\\\/1071631-Broeikas-Basilicum-Product_image_0.jpg\",\"width\":2500,\"height\":2500},{\"@type\":\"BreadcrumbList\",\"@id\":\"https:\\\/\\\/royalwell.demannenachterdeschermen.nl\\\/de\\\/produkt\\\/treibhaus-basilikum-auf-dem-anzuchtbeet\\\/#breadcrumb\",\"itemListElement\":[{\"@type\":\"ListItem\",\"position\":1,\"name\":\"Home\",\"item\":\"https:\\\/\\\/royalwell.demannenachterdeschermen.nl\\\/de\\\/\"},{\"@type\":\"ListItem\",\"position\":2,\"name\":\"Assortiment\",\"item\":\"https:\\\/\\\/royalwell.demannenachterdeschermen.nl\\\/assortiment\\\/\"},{\"@type\":\"ListItem\",\"position\":3,\"name\":\"Treibhaus \u201eBasilikum\u201c auf dem Anzuchtbeet\"}]},{\"@type\":\"WebSite\",\"@id\":\"https:\\\/\\\/royalwell.demannenachterdeschermen.nl\\\/de\\\/#website\",\"url\":\"https:\\\/\\\/royalwell.demannenachterdeschermen.nl\\\/de\\\/\",\"name\":\"Royal Well\",\"description\":\"Tuinkassen, kweekkassen, hobbykassen\",\"potentialAction\":[{\"@type\":\"SearchAction\",\"target\":{\"@type\":\"EntryPoint\",\"urlTemplate\":\"https:\\\/\\\/royalwell.demannenachterdeschermen.nl\\\/de\\\/?s={search_term_string}\"},\"query-input\":{\"@type\":\"PropertyValueSpecification\",\"valueRequired\":true,\"valueName\":\"search_term_string\"}}],\"inLanguage\":\"de\"}]}<\/script>\n<!-- \/ Yoast SEO plugin. -->","yoast_head_json":{"title":"Treibhaus \u201eBasilikum\u201c auf dem Anzuchtbeet - Royal Well","description":"Das Gew\u00e4chshaus \u201eBasilicum\u201c aus Fichtenholz ist ideal f\u00fcr den Einstieg in die Pflanzenzucht. Es kann direkt im Freiland aufgestellt oder mit dem mitgelieferten Anzuchtkasten kombiniert werden.","robots":{"index":"noindex","follow":"follow","max-snippet":"max-snippet:-1","max-image-preview":"max-image-preview:large","max-video-preview":"max-video-preview:-1"},"og_locale":"de_DE","og_type":"article","og_title":"Treibhaus \u201eBasilikum\u201c auf dem Anzuchtbeet - Royal Well","og_description":"Das Gew\u00e4chshaus \u201eBasilicum\u201c aus Fichtenholz ist ideal f\u00fcr den Einstieg in die Pflanzenzucht. Es kann direkt im Freiland aufgestellt oder mit dem mitgelieferten Anzuchtkasten kombiniert werden.","og_url":"https:\/\/royalwell.demannenachterdeschermen.nl\/de\/produkt\/treibhaus-basilikum-auf-dem-anzuchtbeet\/","og_site_name":"Royal Well","article_modified_time":"2026-04-21T11:15:56+00:00","og_image":[{"width":2500,"height":2500,"url":"https:\/\/royalwell.demannenachterdeschermen.nl\/wp-content\/uploads\/2026\/03\/1071631-Broeikas-Basilicum-Product_image_0.jpg","type":"image\/jpeg"}],"twitter_card":"summary_large_image","twitter_misc":{"Gesch\u00e4tzte Lesezeit":"1\u00a0Minute"},"schema":{"@context":"https:\/\/schema.org","@graph":[{"@type":"WebPage","@id":"https:\/\/royalwell.demannenachterdeschermen.nl\/de\/produkt\/treibhaus-basilikum-auf-dem-anzuchtbeet\/","url":"https:\/\/royalwell.demannenachterdeschermen.nl\/de\/produkt\/treibhaus-basilikum-auf-dem-anzuchtbeet\/","name":"Treibhaus \u201eBasilikum\u201c auf dem Anzuchtbeet - Royal Well","isPartOf":{"@id":"https:\/\/royalwell.demannenachterdeschermen.nl\/de\/#website"},"primaryImageOfPage":{"@id":"https:\/\/royalwell.demannenachterdeschermen.nl\/de\/produkt\/treibhaus-basilikum-auf-dem-anzuchtbeet\/#primaryimage"},"image":{"@id":"https:\/\/royalwell.demannenachterdeschermen.nl\/de\/produkt\/treibhaus-basilikum-auf-dem-anzuchtbeet\/#primaryimage"},"thumbnailUrl":"https:\/\/royalwell.demannenachterdeschermen.nl\/wp-content\/uploads\/2026\/03\/1071631-Broeikas-Basilicum-Product_image_0.jpg","datePublished":"2026-03-26T11:06:42+00:00","dateModified":"2026-04-21T11:15:56+00:00","description":"Das Gew\u00e4chshaus \u201eBasilicum\u201c aus Fichtenholz ist ideal f\u00fcr den Einstieg in die Pflanzenzucht. Es kann direkt im Freiland aufgestellt oder mit dem mitgelieferten Anzuchtkasten kombiniert werden.","breadcrumb":{"@id":"https:\/\/royalwell.demannenachterdeschermen.nl\/de\/produkt\/treibhaus-basilikum-auf-dem-anzuchtbeet\/#breadcrumb"},"inLanguage":"de","potentialAction":[{"@type":"ReadAction","target":["https:\/\/royalwell.demannenachterdeschermen.nl\/de\/produkt\/treibhaus-basilikum-auf-dem-anzuchtbeet\/"]}]},{"@type":"ImageObject","inLanguage":"de","@id":"https:\/\/royalwell.demannenachterdeschermen.nl\/de\/produkt\/treibhaus-basilikum-auf-dem-anzuchtbeet\/#primaryimage","url":"https:\/\/royalwell.demannenachterdeschermen.nl\/wp-content\/uploads\/2026\/03\/1071631-Broeikas-Basilicum-Product_image_0.jpg","contentUrl":"https:\/\/royalwell.demannenachterdeschermen.nl\/wp-content\/uploads\/2026\/03\/1071631-Broeikas-Basilicum-Product_image_0.jpg","width":2500,"height":2500},{"@type":"BreadcrumbList","@id":"https:\/\/royalwell.demannenachterdeschermen.nl\/de\/produkt\/treibhaus-basilikum-auf-dem-anzuchtbeet\/#breadcrumb","itemListElement":[{"@type":"ListItem","position":1,"name":"Home","item":"https:\/\/royalwell.demannenachterdeschermen.nl\/de\/"},{"@type":"ListItem","position":2,"name":"Assortiment","item":"https:\/\/royalwell.demannenachterdeschermen.nl\/assortiment\/"},{"@type":"ListItem","position":3,"name":"Treibhaus \u201eBasilikum\u201c auf dem Anzuchtbeet"}]},{"@type":"WebSite","@id":"https:\/\/royalwell.demannenachterdeschermen.nl\/de\/#website","url":"https:\/\/royalwell.demannenachterdeschermen.nl\/de\/","name":"Royal Well","description":"Tuinkassen, kweekkassen, hobbykassen","potentialAction":[{"@type":"SearchAction","target":{"@type":"EntryPoint","urlTemplate":"https:\/\/royalwell.demannenachterdeschermen.nl\/de\/?s={search_term_string}"},"query-input":{"@type":"PropertyValueSpecification","valueRequired":true,"valueName":"search_term_string"}}],"inLanguage":"de"}]}},"_links":{"self":[{"href":"https:\/\/royalwell.demannenachterdeschermen.nl\/de\/wp-json\/wp\/v2\/product\/241660","targetHints":{"allow":["GET"]}}],"collection":[{"href":"https:\/\/royalwell.demannenachterdeschermen.nl\/de\/wp-json\/wp\/v2\/product"}],"about":[{"href":"https:\/\/royalwell.demannenachterdeschermen.nl\/de\/wp-json\/wp\/v2\/types\/product"}],"wp:featuredmedia":[{"embeddable":true,"href":"https:\/\/royalwell.demannenachterdeschermen.nl\/de\/wp-json\/wp\/v2\/media\/241655"}],"wp:attachment":[{"href":"https:\/\/royalwell.demannenachterdeschermen.nl\/de\/wp-json\/wp\/v2\/media?parent=241660"}],"wp:term":[{"taxonomy":"product_brand","embeddable":true,"href":"https:\/\/royalwell.demannenachterdeschermen.nl\/de\/wp-json\/wp\/v2\/product_brand?post=241660"},{"taxonomy":"product_cat","embeddable":true,"href":"https:\/\/royalwell.demannenachterdeschermen.nl\/de\/wp-json\/wp\/v2\/product_cat?post=241660"},{"taxonomy":"product_tag","embeddable":true,"href":"https:\/\/royalwell.demannenachterdeschermen.nl\/de\/wp-json\/wp\/v2\/product_tag?post=241660"}],"curies":[{"name":"wp","href":"https:\/\/api.w.org\/{rel}","templated":true}]}}