{"id":241633,"date":"2026-03-26T12:06:45","date_gmt":"2026-03-26T11:06:45","guid":{"rendered":"https:\/\/royalwell.demannenachterdeschermen.nl\/product\/anzuchttisch-daisy\/"},"modified":"2026-04-16T09:42:13","modified_gmt":"2026-04-16T07:42:13","slug":"anzuchttisch-daisy","status":"publish","type":"product","link":"https:\/\/royalwell.demannenachterdeschermen.nl\/de\/produkt\/anzuchttisch-daisy\/","title":{"rendered":"Anzuchttisch \u201eDaisy\u201c"},"content":{"rendered":"<p>Der Royal Well-Anzuchttisch aus Fichtenholz auf Beinen \u201eDaisy\u201c ist ein besonders sch\u00f6nes Exemplar. Mit seinem robusten, lackierten Fichtenholzrahmen und den unbehandelten Weidenzweigen als F\u00fcllung verleiht \u201eDaisy\u201c deinem Garten oder Balkon eine nat\u00fcrliche Ausstrahlung, w\u00e4hrend du darin gleichzeitig dein Gem\u00fcse, deine Kr\u00e4uter oder Pflanzen anbauen kannst. Dieser Anzuchttisch auf Beinen kann nat\u00fcrlich auch als Blumenkasten verwendet werden.  <\/p>\n<p>\u201eDaisy\u201c hat die Ma\u00dfe 100 x 40 x 80 cm (BxTxH) und ein Fassungsverm\u00f6gen von ca. 73 Litern. An der Innenseite des Beh\u00e4lters ist ein Bodenvlies befestigt, sodass der Anzuchttisch nach einfacher Montage sofort in Betrieb genommen werden kann! Der Rahmen besteht zu 70 % aus PEFC-zertifiziertem Holz.  <\/p>\n<p>Das Produkt ist praktisch in einem Karton verpackt. Es l\u00e4sst sich mit den mitgelieferten Schrauben leicht zusammenbauen.  A lovely addition to your patio, balcony or when paired with a greenhouse, such as <a href=\"https:\/\/royalwell.demannenachterdeschermen.nl\/de\/produkt\/gewaechshaus-kate-iii-schwarz\/\">Kate II,<\/a> <a href=\"https:\/\/royalwell.demannenachterdeschermen.nl\/de\/produkt\/gewaechshaus-anne-iii-gruen-grau\/\">Anne III<\/a> or <a href=\"https:\/\/royalwell.demannenachterdeschermen.nl\/product\/tuinkas-mary-i-wit-3-mm-veiligheidsglas\/\">Mary I<\/a>.<\/p>\n","protected":false},"excerpt":{"rendered":"<p>Der Pflanztisch auf Beinen \u201eDaisy\u201c ist ein besonders sch\u00f6nes Exemplar. Mit seinem robusten, lackierten Fichtenholzrahmen und den unbehandelten Weidenzweigen als F\u00fcllung verleiht \u201eDaisy\u201c deinem Garten oder Balkon eine nat\u00fcrliche Ausstrahlung, w\u00e4hrend du darin gleichzeitig dein Gem\u00fcse, deine Kr\u00e4uter oder Pflanzen anbauen kannst. <\/p>\n<ul>\n<li>Nat\u00fcrliche Ausstrahlung durch Weidenzweige<\/li>\n<li>Lackierter Fichtenholzrahmen<\/li>\n<li>Einfach zu montieren<\/li>\n<li>Unkrautvlies bereits vormontiert<\/li>\n<li>Sofort einsatzbereit<\/li>\n<\/ul>\n<div class=\"et_pb_button_module_wrapper et_pb_button_0_tb_body_wrapper et_pb_module \"><a class=\"et_pb_button et_pb_button_0_tb_body et_pb_bg_layout_light\" href=\"\/manuals\/\" target=\"_blank\" rel=\"noopener\">ANLEITUNG<\/a><\/div>\n","protected":false},"featured_media":241628,"template":"","meta":{"_et_pb_use_builder":"","_et_pb_old_content":"","_et_gb_content_width":""},"product_brand":[],"product_cat":[929,928],"product_tag":[],"class_list":{"0":"post-241633","1":"product","2":"type-product","3":"status-publish","4":"has-post-thumbnail","6":"product_cat-anzuchttische-und-regale","7":"product_cat-kleine-aufzucht","8":"pa_kleur-braun","9":"pa_merk-royal-well","10":"pa_productlijn-daisy","11":"pa_productsoort-kweektafel","13":"first","14":"instock","15":"purchasable","16":"product-type-simple"},"yoast_head":"<!-- This site is optimized with the Yoast SEO plugin v27.4 - https:\/\/yoast.com\/product\/yoast-seo-wordpress\/ -->\n<title>Anzuchttisch \u201eDaisy\u201c - Royal Well<\/title>\n<meta name=\"description\" content=\"\u201eDaisy\u201c ist ein sch\u00f6ner Ort, um Gem\u00fcse, Kr\u00e4uter oder Pflanzen anzubauen. Mit ihrer F\u00fcllung aus Weidenzweigen verleiht sie dem Garten oder Balkon eine nat\u00fcrliche Ausstrahlung.\" \/>\n<meta name=\"robots\" content=\"noindex, follow, max-snippet:-1, max-image-preview:large, max-video-preview:-1\" \/>\n<meta property=\"og:locale\" content=\"de_DE\" \/>\n<meta property=\"og:type\" content=\"article\" \/>\n<meta property=\"og:title\" content=\"Anzuchttisch \u201eDaisy\u201c - Royal Well\" \/>\n<meta property=\"og:description\" content=\"\u201eDaisy\u201c ist ein sch\u00f6ner Ort, um Gem\u00fcse, Kr\u00e4uter oder Pflanzen anzubauen. Mit ihrer F\u00fcllung aus Weidenzweigen verleiht sie dem Garten oder Balkon eine nat\u00fcrliche Ausstrahlung.\" \/>\n<meta property=\"og:url\" content=\"https:\/\/royalwell.demannenachterdeschermen.nl\/de\/produkt\/anzuchttisch-daisy\/\" \/>\n<meta property=\"og:site_name\" content=\"Royal Well\" \/>\n<meta property=\"article:modified_time\" content=\"2026-04-16T07:42:13+00:00\" \/>\n<meta property=\"og:image\" content=\"https:\/\/royalwell.demannenachterdeschermen.nl\/wp-content\/uploads\/2026\/03\/1071637-Kweektafel-Daisy-Product_image_0.jpg\" \/>\n\t<meta property=\"og:image:width\" content=\"2500\" \/>\n\t<meta property=\"og:image:height\" content=\"2500\" \/>\n\t<meta property=\"og:image:type\" content=\"image\/jpeg\" \/>\n<meta name=\"twitter:card\" content=\"summary_large_image\" \/>\n<meta name=\"twitter:label1\" content=\"Gesch\u00e4tzte Lesezeit\" \/>\n\t<meta name=\"twitter:data1\" content=\"1\u00a0Minute\" \/>\n<script type=\"application\/ld+json\" class=\"yoast-schema-graph\">{\"@context\":\"https:\\\/\\\/schema.org\",\"@graph\":[{\"@type\":\"WebPage\",\"@id\":\"https:\\\/\\\/royalwell.demannenachterdeschermen.nl\\\/de\\\/produkt\\\/anzuchttisch-daisy\\\/\",\"url\":\"https:\\\/\\\/royalwell.demannenachterdeschermen.nl\\\/de\\\/produkt\\\/anzuchttisch-daisy\\\/\",\"name\":\"Anzuchttisch \u201eDaisy\u201c - Royal Well\",\"isPartOf\":{\"@id\":\"https:\\\/\\\/royalwell.demannenachterdeschermen.nl\\\/de\\\/#website\"},\"primaryImageOfPage\":{\"@id\":\"https:\\\/\\\/royalwell.demannenachterdeschermen.nl\\\/de\\\/produkt\\\/anzuchttisch-daisy\\\/#primaryimage\"},\"image\":{\"@id\":\"https:\\\/\\\/royalwell.demannenachterdeschermen.nl\\\/de\\\/produkt\\\/anzuchttisch-daisy\\\/#primaryimage\"},\"thumbnailUrl\":\"https:\\\/\\\/royalwell.demannenachterdeschermen.nl\\\/wp-content\\\/uploads\\\/2026\\\/03\\\/1071637-Kweektafel-Daisy-Product_image_0.jpg\",\"datePublished\":\"2026-03-26T11:06:45+00:00\",\"dateModified\":\"2026-04-16T07:42:13+00:00\",\"description\":\"\u201eDaisy\u201c ist ein sch\u00f6ner Ort, um Gem\u00fcse, Kr\u00e4uter oder Pflanzen anzubauen. Mit ihrer F\u00fcllung aus Weidenzweigen verleiht sie dem Garten oder Balkon eine nat\u00fcrliche Ausstrahlung.\",\"breadcrumb\":{\"@id\":\"https:\\\/\\\/royalwell.demannenachterdeschermen.nl\\\/de\\\/produkt\\\/anzuchttisch-daisy\\\/#breadcrumb\"},\"inLanguage\":\"de\",\"potentialAction\":[{\"@type\":\"ReadAction\",\"target\":[\"https:\\\/\\\/royalwell.demannenachterdeschermen.nl\\\/de\\\/produkt\\\/anzuchttisch-daisy\\\/\"]}]},{\"@type\":\"ImageObject\",\"inLanguage\":\"de\",\"@id\":\"https:\\\/\\\/royalwell.demannenachterdeschermen.nl\\\/de\\\/produkt\\\/anzuchttisch-daisy\\\/#primaryimage\",\"url\":\"https:\\\/\\\/royalwell.demannenachterdeschermen.nl\\\/wp-content\\\/uploads\\\/2026\\\/03\\\/1071637-Kweektafel-Daisy-Product_image_0.jpg\",\"contentUrl\":\"https:\\\/\\\/royalwell.demannenachterdeschermen.nl\\\/wp-content\\\/uploads\\\/2026\\\/03\\\/1071637-Kweektafel-Daisy-Product_image_0.jpg\",\"width\":2500,\"height\":2500},{\"@type\":\"BreadcrumbList\",\"@id\":\"https:\\\/\\\/royalwell.demannenachterdeschermen.nl\\\/de\\\/produkt\\\/anzuchttisch-daisy\\\/#breadcrumb\",\"itemListElement\":[{\"@type\":\"ListItem\",\"position\":1,\"name\":\"Home\",\"item\":\"https:\\\/\\\/royalwell.demannenachterdeschermen.nl\\\/de\\\/\"},{\"@type\":\"ListItem\",\"position\":2,\"name\":\"Assortiment\",\"item\":\"https:\\\/\\\/royalwell.demannenachterdeschermen.nl\\\/assortiment\\\/\"},{\"@type\":\"ListItem\",\"position\":3,\"name\":\"Anzuchttisch \u201eDaisy\u201c\"}]},{\"@type\":\"WebSite\",\"@id\":\"https:\\\/\\\/royalwell.demannenachterdeschermen.nl\\\/de\\\/#website\",\"url\":\"https:\\\/\\\/royalwell.demannenachterdeschermen.nl\\\/de\\\/\",\"name\":\"Royal Well\",\"description\":\"Tuinkassen, kweekkassen, hobbykassen\",\"potentialAction\":[{\"@type\":\"SearchAction\",\"target\":{\"@type\":\"EntryPoint\",\"urlTemplate\":\"https:\\\/\\\/royalwell.demannenachterdeschermen.nl\\\/de\\\/?s={search_term_string}\"},\"query-input\":{\"@type\":\"PropertyValueSpecification\",\"valueRequired\":true,\"valueName\":\"search_term_string\"}}],\"inLanguage\":\"de\"}]}<\/script>\n<!-- \/ Yoast SEO plugin. -->","yoast_head_json":{"title":"Anzuchttisch \u201eDaisy\u201c - Royal Well","description":"\u201eDaisy\u201c ist ein sch\u00f6ner Ort, um Gem\u00fcse, Kr\u00e4uter oder Pflanzen anzubauen. Mit ihrer F\u00fcllung aus Weidenzweigen verleiht sie dem Garten oder Balkon eine nat\u00fcrliche Ausstrahlung.","robots":{"index":"noindex","follow":"follow","max-snippet":"max-snippet:-1","max-image-preview":"max-image-preview:large","max-video-preview":"max-video-preview:-1"},"og_locale":"de_DE","og_type":"article","og_title":"Anzuchttisch \u201eDaisy\u201c - Royal Well","og_description":"\u201eDaisy\u201c ist ein sch\u00f6ner Ort, um Gem\u00fcse, Kr\u00e4uter oder Pflanzen anzubauen. Mit ihrer F\u00fcllung aus Weidenzweigen verleiht sie dem Garten oder Balkon eine nat\u00fcrliche Ausstrahlung.","og_url":"https:\/\/royalwell.demannenachterdeschermen.nl\/de\/produkt\/anzuchttisch-daisy\/","og_site_name":"Royal Well","article_modified_time":"2026-04-16T07:42:13+00:00","og_image":[{"width":2500,"height":2500,"url":"https:\/\/royalwell.demannenachterdeschermen.nl\/wp-content\/uploads\/2026\/03\/1071637-Kweektafel-Daisy-Product_image_0.jpg","type":"image\/jpeg"}],"twitter_card":"summary_large_image","twitter_misc":{"Gesch\u00e4tzte Lesezeit":"1\u00a0Minute"},"schema":{"@context":"https:\/\/schema.org","@graph":[{"@type":"WebPage","@id":"https:\/\/royalwell.demannenachterdeschermen.nl\/de\/produkt\/anzuchttisch-daisy\/","url":"https:\/\/royalwell.demannenachterdeschermen.nl\/de\/produkt\/anzuchttisch-daisy\/","name":"Anzuchttisch \u201eDaisy\u201c - Royal Well","isPartOf":{"@id":"https:\/\/royalwell.demannenachterdeschermen.nl\/de\/#website"},"primaryImageOfPage":{"@id":"https:\/\/royalwell.demannenachterdeschermen.nl\/de\/produkt\/anzuchttisch-daisy\/#primaryimage"},"image":{"@id":"https:\/\/royalwell.demannenachterdeschermen.nl\/de\/produkt\/anzuchttisch-daisy\/#primaryimage"},"thumbnailUrl":"https:\/\/royalwell.demannenachterdeschermen.nl\/wp-content\/uploads\/2026\/03\/1071637-Kweektafel-Daisy-Product_image_0.jpg","datePublished":"2026-03-26T11:06:45+00:00","dateModified":"2026-04-16T07:42:13+00:00","description":"\u201eDaisy\u201c ist ein sch\u00f6ner Ort, um Gem\u00fcse, Kr\u00e4uter oder Pflanzen anzubauen. Mit ihrer F\u00fcllung aus Weidenzweigen verleiht sie dem Garten oder Balkon eine nat\u00fcrliche Ausstrahlung.","breadcrumb":{"@id":"https:\/\/royalwell.demannenachterdeschermen.nl\/de\/produkt\/anzuchttisch-daisy\/#breadcrumb"},"inLanguage":"de","potentialAction":[{"@type":"ReadAction","target":["https:\/\/royalwell.demannenachterdeschermen.nl\/de\/produkt\/anzuchttisch-daisy\/"]}]},{"@type":"ImageObject","inLanguage":"de","@id":"https:\/\/royalwell.demannenachterdeschermen.nl\/de\/produkt\/anzuchttisch-daisy\/#primaryimage","url":"https:\/\/royalwell.demannenachterdeschermen.nl\/wp-content\/uploads\/2026\/03\/1071637-Kweektafel-Daisy-Product_image_0.jpg","contentUrl":"https:\/\/royalwell.demannenachterdeschermen.nl\/wp-content\/uploads\/2026\/03\/1071637-Kweektafel-Daisy-Product_image_0.jpg","width":2500,"height":2500},{"@type":"BreadcrumbList","@id":"https:\/\/royalwell.demannenachterdeschermen.nl\/de\/produkt\/anzuchttisch-daisy\/#breadcrumb","itemListElement":[{"@type":"ListItem","position":1,"name":"Home","item":"https:\/\/royalwell.demannenachterdeschermen.nl\/de\/"},{"@type":"ListItem","position":2,"name":"Assortiment","item":"https:\/\/royalwell.demannenachterdeschermen.nl\/assortiment\/"},{"@type":"ListItem","position":3,"name":"Anzuchttisch \u201eDaisy\u201c"}]},{"@type":"WebSite","@id":"https:\/\/royalwell.demannenachterdeschermen.nl\/de\/#website","url":"https:\/\/royalwell.demannenachterdeschermen.nl\/de\/","name":"Royal Well","description":"Tuinkassen, kweekkassen, hobbykassen","potentialAction":[{"@type":"SearchAction","target":{"@type":"EntryPoint","urlTemplate":"https:\/\/royalwell.demannenachterdeschermen.nl\/de\/?s={search_term_string}"},"query-input":{"@type":"PropertyValueSpecification","valueRequired":true,"valueName":"search_term_string"}}],"inLanguage":"de"}]}},"_links":{"self":[{"href":"https:\/\/royalwell.demannenachterdeschermen.nl\/de\/wp-json\/wp\/v2\/product\/241633","targetHints":{"allow":["GET"]}}],"collection":[{"href":"https:\/\/royalwell.demannenachterdeschermen.nl\/de\/wp-json\/wp\/v2\/product"}],"about":[{"href":"https:\/\/royalwell.demannenachterdeschermen.nl\/de\/wp-json\/wp\/v2\/types\/product"}],"wp:featuredmedia":[{"embeddable":true,"href":"https:\/\/royalwell.demannenachterdeschermen.nl\/de\/wp-json\/wp\/v2\/media\/241628"}],"wp:attachment":[{"href":"https:\/\/royalwell.demannenachterdeschermen.nl\/de\/wp-json\/wp\/v2\/media?parent=241633"}],"wp:term":[{"taxonomy":"product_brand","embeddable":true,"href":"https:\/\/royalwell.demannenachterdeschermen.nl\/de\/wp-json\/wp\/v2\/product_brand?post=241633"},{"taxonomy":"product_cat","embeddable":true,"href":"https:\/\/royalwell.demannenachterdeschermen.nl\/de\/wp-json\/wp\/v2\/product_cat?post=241633"},{"taxonomy":"product_tag","embeddable":true,"href":"https:\/\/royalwell.demannenachterdeschermen.nl\/de\/wp-json\/wp\/v2\/product_tag?post=241633"}],"curies":[{"name":"wp","href":"https:\/\/api.w.org\/{rel}","templated":true}]}}